{"id":1001,"date":"2018-08-26T09:42:40","date_gmt":"2018-08-26T09:42:40","guid":{"rendered":"http:\/\/sg-gueterfelde.de\/?page_id=1001"},"modified":"2024-07-01T11:48:27","modified_gmt":"2024-07-01T09:48:27","slug":"archiv-2014","status":"publish","type":"page","link":"https:\/\/sg-gueterfelde.de\/?page_id=1001","title":{"rendered":"Archiv 2014"},"content":{"rendered":"<ul>\n<li><a title=\"Weihnachtsfeier passive\" href=\"https:\/\/sg-gueterfelde.de\/?page_id=134\">Einladung zur Weihnachtsfeier f\u00fcr unsere passiven Mitglieder<\/a><\/li>\n<li><a title=\"Handball\" href=\"https:\/\/sg-gueterfelde.de\/?page_id=44\">Hier gibt eine neue Zusammenfassung<\/a> der Ereignisse aus dem Jahr 2014 unserer Handballer.<\/li>\n<li>Eine kleiner Jahresbericht 2014 unserer <a title=\"Aerobic\" href=\"https:\/\/sg-gueterfelde.de\/?page_id=110\">Fitness und Arobic Gruppe<\/a><\/li>\n<li><a title=\"Langj\u00e4hrige Mitgliedschaften\" href=\"https:\/\/sg-gueterfelde.de\/?page_id=251\">Zahlreiche Mitglieder<\/a> sind jetzt 10, 25, 40, 50, 60 und 65 Jahre in der Sportgemeinschaft<\/li>\n<li><a href=\"https:\/\/sg-gueterfelde.de\/?p=1415\">Jahresbericht der Gymnastikgruppe \u201eFrauenpower\u201c f\u00fcr 2014<\/a><\/li>\n<\/ul>\n<p align=\"CENTER\">\n<figure class=\"wp-block-image aligncenter\"><a href=\"https:\/\/sg-gueterfelde.de\/wp-content\/uploads\/2014\/11\/bild_vorstand_gruppe.jpg\"><img loading=\"lazy\" decoding=\"async\" width=\"600\" height=\"451\" class=\"wp-image-145\" src=\"https:\/\/sg-gueterfelde.de\/wp-content\/uploads\/2014\/11\/bild_vorstand_gruppe.jpg\" alt=\"Gruppenbild Vorstand\" srcset=\"https:\/\/sg-gueterfelde.de\/wp-content\/uploads\/2014\/11\/bild_vorstand_gruppe.jpg 600w, https:\/\/sg-gueterfelde.de\/wp-content\/uploads\/2014\/11\/bild_vorstand_gruppe-300x225.jpg 300w\" sizes=\"auto, (max-width: 600px) 100vw, 600px\" \/><\/a><\/figure>\n<p align=\"CENTER\">\n<\/p>\n\n\n\n\n<div class=\"wp-block-query is-layout-flow wp-block-query-is-layout-flow\"><ul class=\"wp-block-post-template is-layout-flow wp-block-post-template-is-layout-flow\"><li class=\"wp-block-post post-1451 post type-post status-publish format-standard hentry category-einladung tag-29 tag-weihnachtsfeier\">\n<h2 class=\"wp-block-post-title\">Weihnachtsfeier Passive 2016<\/h2>\n\n<div class=\"wp-block-post-date\"><time datetime=\"2016-11-08T12:37:00+01:00\">November 8, 2016<\/time><\/div>\n\n<div class=\"wp-block-post-excerpt\"><p class=\"wp-block-post-excerpt__excerpt\">Sportgemeinschaft G\u00fcterfelde 1910 e.V. G\u00fcterfelde, den 08.11.2016 Ist einer heiter, so ist es einerlei, ob er jung oder alt sei, er ist gl\u00fccklich. \u00a0E i n l a d u n g Liebe Sportfreundinnen und Sportfreunde, es ist schon eine gute Tradition, dass wir uns in der vorweihnachtlichen Zeit zu einem geselligen Zusammensein mit gutem&hellip; <\/p><\/div>\n<\/li><li class=\"wp-block-post post-1456 post type-post status-publish format-standard hentry category-einladung tag-30 tag-weihnachtsfeier\">\n<h2 class=\"wp-block-post-title\">Weihnachtsfeier Passive 2015<\/h2>\n\n<div class=\"wp-block-post-date\"><time datetime=\"2015-11-09T12:43:00+01:00\">November 9, 2015<\/time><\/div>\n\n<div class=\"wp-block-post-excerpt\"><p class=\"wp-block-post-excerpt__excerpt\">Sportgemeinschaft G\u00fcterfelde 1910 e.V. G\u00fcterfelde, den 09.11.2015 &nbsp; Ein Rauch verweht, ein Wasser verrinnt, eine Zeit vergeht, eine neue beginnt. &nbsp; E i n l a d u n g Liebe Sportfreundinnen und Sportfreunde, wieder ist es soweit, die Adventszeit beginnt, Weihnachten und das neue Jahr stehen vor der T\u00fcr\u2026 Wie es schon gute Tradition&hellip; <\/p><\/div>\n<\/li><li class=\"wp-block-post post-1460 post type-post status-publish format-standard hentry category-einladung tag-30 tag-weihnachtsfeier\">\n<h2 class=\"wp-block-post-title\">Weihnachtsfeier Passive 2015<\/h2>\n\n<div class=\"wp-block-post-date\"><time datetime=\"2015-10-21T12:45:00+02:00\">Oktober 21, 2015<\/time><\/div>\n\n<div class=\"wp-block-post-excerpt\"><p class=\"wp-block-post-excerpt__excerpt\">Sportgemeinschaft G\u00fcterfelde 1910 e.V. G\u00fcterfelde, den 21.10.2015 Ein Rauch verweht, ein Wasser verrinnt, eine Zeit vergeht, eine neue beginnt. E i n l a d u n g Liebe Sportfreundinnen und Sportfreunde, wieder ist es soweit, die Adventszeit beginnt, Weihnachten und das neue Jahr stehen vor der T\u00fcr\u2026 Wie es schon gute Tradition geworden ist,&hellip; <\/p><\/div>\n<\/li><\/ul>\n\n<nav class=\"wp-block-query-pagination is-layout-flex wp-block-query-pagination-is-layout-flex\" aria-label=\"Seitennummerierung\">\n\n\n<div class=\"wp-block-query-pagination-numbers\"><span aria-current=\"page\" class=\"page-numbers current\">1<\/span>\n<a class=\"page-numbers\" href=\"?query-0-page=2&#038;rest_route=%2Fwp%2Fv2%2Fpages%2F1001\">2<\/a><\/div>\n\n<a href=\"\/index.php?rest_route=%2Fwp%2Fv2%2Fpages%2F1001&#038;query-0-page=2\" class=\"wp-block-query-pagination-next\">N\u00e4chste Seite<\/a>\n<\/nav>\n\n<\/div>\n<div class=\"pvc_clear\"><\/div><p id=\"pvc_stats_1001\" class=\"pvc_stats all  \" data-element-id=\"1001\" style=\"\"><i class=\"pvc-stats-icon small\" aria-hidden=\"true\"><svg aria-hidden=\"true\" focusable=\"false\" data-prefix=\"far\" data-icon=\"chart-bar\" role=\"img\" xmlns=\"http:\/\/www.w3.org\/2000\/svg\" viewBox=\"0 0 512 512\" class=\"svg-inline--fa fa-chart-bar fa-w-16 fa-2x\"><path fill=\"currentColor\" d=\"M396.8 352h22.4c6.4 0 12.8-6.4 12.8-12.8V108.8c0-6.4-6.4-12.8-12.8-12.8h-22.4c-6.4 0-12.8 6.4-12.8 12.8v230.4c0 6.4 6.4 12.8 12.8 12.8zm-192 0h22.4c6.4 0 12.8-6.4 12.8-12.8V140.8c0-6.4-6.4-12.8-12.8-12.8h-22.4c-6.4 0-12.8 6.4-12.8 12.8v198.4c0 6.4 6.4 12.8 12.8 12.8zm96 0h22.4c6.4 0 12.8-6.4 12.8-12.8V204.8c0-6.4-6.4-12.8-12.8-12.8h-22.4c-6.4 0-12.8 6.4-12.8 12.8v134.4c0 6.4 6.4 12.8 12.8 12.8zM496 400H48V80c0-8.84-7.16-16-16-16H16C7.16 64 0 71.16 0 80v336c0 17.67 14.33 32 32 32h464c8.84 0 16-7.16 16-16v-16c0-8.84-7.16-16-16-16zm-387.2-48h22.4c6.4 0 12.8-6.4 12.8-12.8v-70.4c0-6.4-6.4-12.8-12.8-12.8h-22.4c-6.4 0-12.8 6.4-12.8 12.8v70.4c0 6.4 6.4 12.8 12.8 12.8z\" class=\"\"><\/path><\/svg><\/i> <img loading=\"lazy\" decoding=\"async\" width=\"16\" height=\"16\" alt=\"Loading\" src=\"https:\/\/sg-gueterfelde.de\/wp-content\/plugins\/page-views-count\/ajax-loader-2x.gif\" border=0 \/><\/p><div class=\"pvc_clear\"><\/div>","protected":false},"excerpt":{"rendered":"<p>Einladung zur Weihnachtsfeier f\u00fcr unsere passiven Mitglieder Hier gibt eine neue Zusammenfassung der Ereignisse aus dem Jahr 2014 unserer Handballer. Eine kleiner Jahresbericht 2014 unserer Fitness und Arobic Gruppe Zahlreiche Mitglieder sind jetzt 10, 25, 40, 50, 60 und 65 Jahre in der Sportgemeinschaft Jahresbericht der Gymnastikgruppe \u201eFrauenpower\u201c f\u00fcr 2014<\/p>\n<div class=\"pvc_clear\"><\/div>\n<p id=\"pvc_stats_1001\" class=\"pvc_stats all  \" data-element-id=\"1001\" style=\"\"><i class=\"pvc-stats-icon small\" aria-hidden=\"true\"><svg aria-hidden=\"true\" focusable=\"false\" data-prefix=\"far\" data-icon=\"chart-bar\" role=\"img\" xmlns=\"http:\/\/www.w3.org\/2000\/svg\" viewBox=\"0 0 512 512\" class=\"svg-inline--fa fa-chart-bar fa-w-16 fa-2x\"><path fill=\"currentColor\" d=\"M396.8 352h22.4c6.4 0 12.8-6.4 12.8-12.8V108.8c0-6.4-6.4-12.8-12.8-12.8h-22.4c-6.4 0-12.8 6.4-12.8 12.8v230.4c0 6.4 6.4 12.8 12.8 12.8zm-192 0h22.4c6.4 0 12.8-6.4 12.8-12.8V140.8c0-6.4-6.4-12.8-12.8-12.8h-22.4c-6.4 0-12.8 6.4-12.8 12.8v198.4c0 6.4 6.4 12.8 12.8 12.8zm96 0h22.4c6.4 0 12.8-6.4 12.8-12.8V204.8c0-6.4-6.4-12.8-12.8-12.8h-22.4c-6.4 0-12.8 6.4-12.8 12.8v134.4c0 6.4 6.4 12.8 12.8 12.8zM496 400H48V80c0-8.84-7.16-16-16-16H16C7.16 64 0 71.16 0 80v336c0 17.67 14.33 32 32 32h464c8.84 0 16-7.16 16-16v-16c0-8.84-7.16-16-16-16zm-387.2-48h22.4c6.4 0 12.8-6.4 12.8-12.8v-70.4c0-6.4-6.4-12.8-12.8-12.8h-22.4c-6.4 0-12.8 6.4-12.8 12.8v70.4c0 6.4 6.4 12.8 12.8 12.8z\" class=\"\"><\/path><\/svg><\/i> <img loading=\"lazy\" decoding=\"async\" width=\"16\" height=\"16\" alt=\"Loading\" src=\"https:\/\/sg-gueterfelde.de\/wp-content\/plugins\/page-views-count\/ajax-loader-2x.gif\" border=0 \/><\/p>\n<div class=\"pvc_clear\"><\/div>\n","protected":false},"author":1,"featured_media":0,"parent":173,"menu_order":4,"comment_status":"closed","ping_status":"closed","template":"","meta":{"ngg_post_thumbnail":0,"footnotes":"","_links_to":"","_links_to_target":""},"class_list":["post-1001","page","type-page","status-publish","hentry"],"_links":{"self":[{"href":"https:\/\/sg-gueterfelde.de\/index.php?rest_route=\/wp\/v2\/pages\/1001","targetHints":{"allow":["GET"]}}],"collection":[{"href":"https:\/\/sg-gueterfelde.de\/index.php?rest_route=\/wp\/v2\/pages"}],"about":[{"href":"https:\/\/sg-gueterfelde.de\/index.php?rest_route=\/wp\/v2\/types\/page"}],"author":[{"embeddable":true,"href":"https:\/\/sg-gueterfelde.de\/index.php?rest_route=\/wp\/v2\/users\/1"}],"replies":[{"embeddable":true,"href":"https:\/\/sg-gueterfelde.de\/index.php?rest_route=%2Fwp%2Fv2%2Fcomments&post=1001"}],"version-history":[{"count":4,"href":"https:\/\/sg-gueterfelde.de\/index.php?rest_route=\/wp\/v2\/pages\/1001\/revisions"}],"predecessor-version":[{"id":1433,"href":"https:\/\/sg-gueterfelde.de\/index.php?rest_route=\/wp\/v2\/pages\/1001\/revisions\/1433"}],"up":[{"embeddable":true,"href":"https:\/\/sg-gueterfelde.de\/index.php?rest_route=\/wp\/v2\/pages\/173"}],"wp:attachment":[{"href":"https:\/\/sg-gueterfelde.de\/index.php?rest_route=%2Fwp%2Fv2%2Fmedia&parent=1001"}],"curies":[{"name":"wp","href":"https:\/\/api.w.org\/{rel}","templated":true}]}}