{"id":1070,"date":"2019-09-26T08:48:35","date_gmt":"2019-09-26T08:48:35","guid":{"rendered":"http:\/\/sg-gueterfelde.de\/?page_id=1070"},"modified":"2019-09-26T08:48:35","modified_gmt":"2019-09-26T08:48:35","slug":"bericht-pfingstturnier-2019","status":"publish","type":"page","link":"https:\/\/sg-gueterfelde.de\/?page_id=1070","title":{"rendered":"Bericht Pfingstturnier 2019"},"content":{"rendered":"<p><span style=\"font-size: 12px; font-family: verdana, geneva, sans-serif;\">Am Pfingstsamstag fanden bei gutem Wetter wieder auf dem G\u00fcterfelder Sportplatz die sehenswerten Turnierspiele der Handballer und Fu\u00dfballer der SG G\u00fcterfelde 1910 e.V. und der Gastmannschaften statt. Den Fu\u00dfballer war es gelungen, sieben Mannschaften zu mobilisieren und sogar Jugendliche der Freiwilligen Feuerwehr f\u00fcr das Turnierspiel zu aktivieren. Gern w\u00fcrden wir interessierte junge Sportler-innen gewinnen, um auch in Zukunft vielf\u00e4ltige Abteilungen und Angebote zu haben.<br \/>\nDie umfangreichen Vorbereitungsarbeiten auf dem Platz und bei der Organisation des Sportfestes liefen wieder gut abgestimmt in Verantwortung der Ballspieler. So konnte auch dieses Mal wieder ein Kuchenbuffet, Gegrilltes, Musik und Tanz in den Abend angeboten werden. Die Kinder konnten sich auf der H\u00fcpfburg und beim Torwandschie\u00dfen bewegen.<\/span><br \/>\n<span style=\"font-size: 12px; font-family: verdana, geneva, sans-serif;\"> Den Sportfreundinnen und Sportfreunden. Die sich dabei immer wieder so engagieren und sich ehrenamtlich und gemeinn\u00fctzig einbringen gilt unser aller Dank.<\/span><\/p>\n<p><a href=\"https:\/\/sg-gueterfelde.de\/wp-content\/uploads\/2019\/09\/pfingsten_turnier.jpg\"><img loading=\"lazy\" decoding=\"async\" class=\"aligncenter size-full wp-image-1071\" src=\"https:\/\/sg-gueterfelde.de\/wp-content\/uploads\/2019\/09\/pfingsten_turnier.jpg\" alt=\"\" width=\"750\" height=\"422\" srcset=\"https:\/\/sg-gueterfelde.de\/wp-content\/uploads\/2019\/09\/pfingsten_turnier.jpg 750w, https:\/\/sg-gueterfelde.de\/wp-content\/uploads\/2019\/09\/pfingsten_turnier-300x169.jpg 300w\" sizes=\"auto, (max-width: 750px) 100vw, 750px\" \/><\/a><\/p>\n<p><a href=\"https:\/\/sg-gueterfelde.de\/wp-content\/uploads\/2019\/09\/pfingsten_turnier1.jpg\"><img loading=\"lazy\" decoding=\"async\" class=\"aligncenter size-large wp-image-1072\" src=\"https:\/\/sg-gueterfelde.de\/wp-content\/uploads\/2019\/09\/pfingsten_turnier1.jpg\" alt=\"\" width=\"422\" height=\"750\" srcset=\"https:\/\/sg-gueterfelde.de\/wp-content\/uploads\/2019\/09\/pfingsten_turnier1.jpg 422w, https:\/\/sg-gueterfelde.de\/wp-content\/uploads\/2019\/09\/pfingsten_turnier1-169x300.jpg 169w\" sizes=\"auto, (max-width: 422px) 100vw, 422px\" \/><\/a><\/p>\n<p><a href=\"https:\/\/sg-gueterfelde.de\/wp-content\/uploads\/2019\/09\/pfingsten_turnier2.jpg\"><img loading=\"lazy\" decoding=\"async\" class=\"aligncenter size-full wp-image-1073\" src=\"https:\/\/sg-gueterfelde.de\/wp-content\/uploads\/2019\/09\/pfingsten_turnier2.jpg\" alt=\"\" width=\"422\" height=\"750\" srcset=\"https:\/\/sg-gueterfelde.de\/wp-content\/uploads\/2019\/09\/pfingsten_turnier2.jpg 422w, https:\/\/sg-gueterfelde.de\/wp-content\/uploads\/2019\/09\/pfingsten_turnier2-169x300.jpg 169w\" sizes=\"auto, (max-width: 422px) 100vw, 422px\" \/><\/a><\/p>\n<div class=\"pvc_clear\"><\/div>\n<p id=\"pvc_stats_1070\" class=\"pvc_stats all  \" data-element-id=\"1070\" style=\"\"><i class=\"pvc-stats-icon small\" aria-hidden=\"true\"><svg aria-hidden=\"true\" focusable=\"false\" data-prefix=\"far\" data-icon=\"chart-bar\" role=\"img\" xmlns=\"http:\/\/www.w3.org\/2000\/svg\" viewBox=\"0 0 512 512\" class=\"svg-inline--fa fa-chart-bar fa-w-16 fa-2x\"><path fill=\"currentColor\" d=\"M396.8 352h22.4c6.4 0 12.8-6.4 12.8-12.8V108.8c0-6.4-6.4-12.8-12.8-12.8h-22.4c-6.4 0-12.8 6.4-12.8 12.8v230.4c0 6.4 6.4 12.8 12.8 12.8zm-192 0h22.4c6.4 0 12.8-6.4 12.8-12.8V140.8c0-6.4-6.4-12.8-12.8-12.8h-22.4c-6.4 0-12.8 6.4-12.8 12.8v198.4c0 6.4 6.4 12.8 12.8 12.8zm96 0h22.4c6.4 0 12.8-6.4 12.8-12.8V204.8c0-6.4-6.4-12.8-12.8-12.8h-22.4c-6.4 0-12.8 6.4-12.8 12.8v134.4c0 6.4 6.4 12.8 12.8 12.8zM496 400H48V80c0-8.84-7.16-16-16-16H16C7.16 64 0 71.16 0 80v336c0 17.67 14.33 32 32 32h464c8.84 0 16-7.16 16-16v-16c0-8.84-7.16-16-16-16zm-387.2-48h22.4c6.4 0 12.8-6.4 12.8-12.8v-70.4c0-6.4-6.4-12.8-12.8-12.8h-22.4c-6.4 0-12.8 6.4-12.8 12.8v70.4c0 6.4 6.4 12.8 12.8 12.8z\" class=\"\"><\/path><\/svg><\/i> <img loading=\"lazy\" decoding=\"async\" width=\"16\" height=\"16\" alt=\"Loading\" src=\"https:\/\/sg-gueterfelde.de\/wp-content\/plugins\/page-views-count\/ajax-loader-2x.gif\" border=0 \/><\/p>\n<div class=\"pvc_clear\"><\/div>\n","protected":false},"excerpt":{"rendered":"<p>Am Pfingstsamstag fanden bei gutem Wetter wieder auf dem G\u00fcterfelder Sportplatz die sehenswerten Turnierspiele der Handballer und Fu\u00dfballer der SG G\u00fcterfelde 1910 e.V. und der Gastmannschaften statt. Den Fu\u00dfballer war es gelungen, sieben Mannschaften zu mobilisieren und sogar Jugendliche der Freiwilligen Feuerwehr f\u00fcr das Turnierspiel zu aktivieren. Gern w\u00fcrden wir interessierte junge Sportler-innen gewinnen, um <span class=\"ellipsis\">&hellip;<\/span> <span class=\"more-link-wrap\"><a href=\"https:\/\/sg-gueterfelde.de\/?page_id=1070\" class=\"more-link\"><span>Read More &rarr;<\/span><\/a><\/span><\/p>\n<div class=\"pvc_clear\"><\/div>\n<p id=\"pvc_stats_1070\" class=\"pvc_stats all  \" data-element-id=\"1070\" style=\"\"><i class=\"pvc-stats-icon small\" aria-hidden=\"true\"><svg aria-hidden=\"true\" focusable=\"false\" data-prefix=\"far\" data-icon=\"chart-bar\" role=\"img\" xmlns=\"http:\/\/www.w3.org\/2000\/svg\" viewBox=\"0 0 512 512\" class=\"svg-inline--fa fa-chart-bar fa-w-16 fa-2x\"><path fill=\"currentColor\" d=\"M396.8 352h22.4c6.4 0 12.8-6.4 12.8-12.8V108.8c0-6.4-6.4-12.8-12.8-12.8h-22.4c-6.4 0-12.8 6.4-12.8 12.8v230.4c0 6.4 6.4 12.8 12.8 12.8zm-192 0h22.4c6.4 0 12.8-6.4 12.8-12.8V140.8c0-6.4-6.4-12.8-12.8-12.8h-22.4c-6.4 0-12.8 6.4-12.8 12.8v198.4c0 6.4 6.4 12.8 12.8 12.8zm96 0h22.4c6.4 0 12.8-6.4 12.8-12.8V204.8c0-6.4-6.4-12.8-12.8-12.8h-22.4c-6.4 0-12.8 6.4-12.8 12.8v134.4c0 6.4 6.4 12.8 12.8 12.8zM496 400H48V80c0-8.84-7.16-16-16-16H16C7.16 64 0 71.16 0 80v336c0 17.67 14.33 32 32 32h464c8.84 0 16-7.16 16-16v-16c0-8.84-7.16-16-16-16zm-387.2-48h22.4c6.4 0 12.8-6.4 12.8-12.8v-70.4c0-6.4-6.4-12.8-12.8-12.8h-22.4c-6.4 0-12.8 6.4-12.8 12.8v70.4c0 6.4 6.4 12.8 12.8 12.8z\" class=\"\"><\/path><\/svg><\/i> <img loading=\"lazy\" decoding=\"async\" width=\"16\" height=\"16\" alt=\"Loading\" src=\"https:\/\/sg-gueterfelde.de\/wp-content\/plugins\/page-views-count\/ajax-loader-2x.gif\" border=0 \/><\/p>\n<div class=\"pvc_clear\"><\/div>\n","protected":false},"author":1,"featured_media":0,"parent":0,"menu_order":0,"comment_status":"closed","ping_status":"closed","template":"","meta":{"ngg_post_thumbnail":0,"footnotes":"","_links_to":"","_links_to_target":""},"class_list":["post-1070","page","type-page","status-publish","hentry"],"_links":{"self":[{"href":"https:\/\/sg-gueterfelde.de\/index.php?rest_route=\/wp\/v2\/pages\/1070","targetHints":{"allow":["GET"]}}],"collection":[{"href":"https:\/\/sg-gueterfelde.de\/index.php?rest_route=\/wp\/v2\/pages"}],"about":[{"href":"https:\/\/sg-gueterfelde.de\/index.php?rest_route=\/wp\/v2\/types\/page"}],"author":[{"embeddable":true,"href":"https:\/\/sg-gueterfelde.de\/index.php?rest_route=\/wp\/v2\/users\/1"}],"replies":[{"embeddable":true,"href":"https:\/\/sg-gueterfelde.de\/index.php?rest_route=%2Fwp%2Fv2%2Fcomments&post=1070"}],"version-history":[{"count":1,"href":"https:\/\/sg-gueterfelde.de\/index.php?rest_route=\/wp\/v2\/pages\/1070\/revisions"}],"predecessor-version":[{"id":1074,"href":"https:\/\/sg-gueterfelde.de\/index.php?rest_route=\/wp\/v2\/pages\/1070\/revisions\/1074"}],"wp:attachment":[{"href":"https:\/\/sg-gueterfelde.de\/index.php?rest_route=%2Fwp%2Fv2%2Fmedia&parent=1070"}],"curies":[{"name":"wp","href":"https:\/\/api.w.org\/{rel}","templated":true}]}}