{"id":1088,"date":"2020-01-16T08:50:05","date_gmt":"2020-01-16T08:50:05","guid":{"rendered":"http:\/\/sg-gueterfelde.de\/?page_id=1088"},"modified":"2020-01-16T08:50:05","modified_gmt":"2020-01-16T08:50:05","slug":"weihnachtsfeier-2019-der-power-frauen-gruppe","status":"publish","type":"page","link":"https:\/\/sg-gueterfelde.de\/?page_id=1088","title":{"rendered":"Weihnachtsfeier 2019 der Power-Frauen-Gruppe"},"content":{"rendered":"<p align=\"JUSTIFY\"><span style=\"font-family: verdana, geneva, sans-serif; font-size: 12px;\">In vielen Gruppen und Abteilungen der Sportgemeinschaft G\u00fcterfelde 1910 gibt es traditionell das gem\u00fctliche Beisammensein bei den selbstorganisierten Weihnachtsfeiern. Das war auch in diesem Jahr so z.B. bei Gymnastik-gruppen wie: Seniorinnen, Frauenpower, Fitness aber auch bei den Hand-ballern, den Passiven und auch dem Vorstand. <\/span><\/p>\n<p align=\"JUSTIFY\"><span style=\"font-family: verdana, geneva, sans-serif; font-size: 12px;\">Die Gymnastikgruppe Frauenpower mit ihren \u00dcbungsleiterinnen Elvira Waldmann und Gisela Frankenh\u00e4user planten, am 16. Dezember ab 19.00 Uhr gemeinsam in der Turnhalle zusammen zu kommen. Es wurde ein geselliger fr\u00f6hlicher Abend mit Singen, Vortragen von Texten, miteinander ins Gespr\u00e4ch kommen und einer anregenden Reihum- Fragerunde zum noch besseren Kennenlernen.<\/span><\/p>\n<p align=\"JUSTIFY\"><span style=\"font-family: verdana, geneva, sans-serif; font-size: 12px;\">Da jede etwas Leckeres mitgebracht hatte, entstand ein buntes B\u00fcfett, das f\u00fcr jeden Geschmack etwas bot. <\/span><\/p>\n<p align=\"JUSTIFY\"><span style=\"font-family: verdana, geneva, sans-serif; font-size: 12px;\">Es waren einundzwanzig Sportfreundinnen gekommen, denen dieses zwanglose, nette Treffen gut gefallen hat.<\/span><\/p>\n<p align=\"JUSTIFY\"><span style=\"font-family: verdana, geneva, sans-serif; font-size: 12px;\">Die Gruppe bedankte sich sehr aufmerksam bei den \u00dcbungsleiterinnen, die sich \u00fcber diese Aufmerksamkeit freuten. <\/span><\/p>\n<p align=\"JUSTIFY\"><span style=\"font-family: Arial, sans-serif; font-size: 12px;\"><span style=\"font-family: verdana, geneva, sans-serif;\">Der Gruppe wurde f\u00fcr ihren Zusammenhalt, ihre Hilfsbereitschaft und ihr vielseitiges Engagement in der Gruppe, aber auch f\u00fcr die gesamte Sportgemeinschaft, durch die Vorsitzende E. Waldmann gedankt. Stellvertretend f\u00fcr viele der engagierten Sportfreundinnen der Gruppe wurden insbesondere Gisela Frankenh\u00e4user, Gerlind Schult und Ursel Th\u00fcrmann gew\u00fcrdigt.<\/span> <\/span><\/p>\n<p align=\"JUSTIFY\"><a href=\"https:\/\/sg-gueterfelde.de\/wp-content\/uploads\/2020\/01\/frauenpower_1.jpg\"><img loading=\"lazy\" decoding=\"async\" class=\"aligncenter size-full wp-image-1092\" src=\"https:\/\/sg-gueterfelde.de\/wp-content\/uploads\/2020\/01\/frauenpower_1.jpg\" alt=\"\" width=\"563\" height=\"750\" srcset=\"https:\/\/sg-gueterfelde.de\/wp-content\/uploads\/2020\/01\/frauenpower_1.jpg 563w, https:\/\/sg-gueterfelde.de\/wp-content\/uploads\/2020\/01\/frauenpower_1-225x300.jpg 225w\" sizes=\"auto, (max-width: 563px) 100vw, 563px\" \/><\/a><\/p>\n<p align=\"JUSTIFY\"><a href=\"https:\/\/sg-gueterfelde.de\/wp-content\/uploads\/2020\/01\/frauenpower_2.jpg\"><img loading=\"lazy\" decoding=\"async\" class=\"aligncenter size-full wp-image-1090\" src=\"https:\/\/sg-gueterfelde.de\/wp-content\/uploads\/2020\/01\/frauenpower_2.jpg\" alt=\"\" width=\"563\" height=\"750\" srcset=\"https:\/\/sg-gueterfelde.de\/wp-content\/uploads\/2020\/01\/frauenpower_2.jpg 563w, https:\/\/sg-gueterfelde.de\/wp-content\/uploads\/2020\/01\/frauenpower_2-225x300.jpg 225w\" sizes=\"auto, (max-width: 563px) 100vw, 563px\" \/><\/a><\/p>\n<p align=\"JUSTIFY\"><span style=\"font-family: verdana, geneva, sans-serif; font-size: 12px;\">Im R\u00fcckblick auf das Sportjahr freuten wir uns besonders, dass einige neue Mitglieder gewonnen werden konnten. Es wurde deutlich, dass die regel-m\u00e4\u00dfige sportliche Bet\u00e4tigung, Bewegung, Kr\u00e4ftigung und das soziale Miteinander allen, die dabei sind, sehr wichtig ist. Vielen Dank euch allen, dass ihr gern zum \u201eSporteln\u201c, Feiern und Helfen kommt.<\/span><\/p>\n<p align=\"JUSTIFY\"><a href=\"https:\/\/sg-gueterfelde.de\/wp-content\/uploads\/2020\/01\/frauenpower_3.jpg\"><img loading=\"lazy\" decoding=\"async\" class=\"aligncenter size-full wp-image-1093\" src=\"https:\/\/sg-gueterfelde.de\/wp-content\/uploads\/2020\/01\/frauenpower_3.jpg\" alt=\"\" width=\"563\" height=\"750\" srcset=\"https:\/\/sg-gueterfelde.de\/wp-content\/uploads\/2020\/01\/frauenpower_3.jpg 563w, https:\/\/sg-gueterfelde.de\/wp-content\/uploads\/2020\/01\/frauenpower_3-225x300.jpg 225w\" sizes=\"auto, (max-width: 563px) 100vw, 563px\" \/><\/a><\/p>\n<div class=\"pvc_clear\"><\/div>\n<p id=\"pvc_stats_1088\" class=\"pvc_stats all  \" data-element-id=\"1088\" style=\"\"><i class=\"pvc-stats-icon small\" aria-hidden=\"true\"><svg aria-hidden=\"true\" focusable=\"false\" data-prefix=\"far\" data-icon=\"chart-bar\" role=\"img\" xmlns=\"http:\/\/www.w3.org\/2000\/svg\" viewBox=\"0 0 512 512\" class=\"svg-inline--fa fa-chart-bar fa-w-16 fa-2x\"><path fill=\"currentColor\" d=\"M396.8 352h22.4c6.4 0 12.8-6.4 12.8-12.8V108.8c0-6.4-6.4-12.8-12.8-12.8h-22.4c-6.4 0-12.8 6.4-12.8 12.8v230.4c0 6.4 6.4 12.8 12.8 12.8zm-192 0h22.4c6.4 0 12.8-6.4 12.8-12.8V140.8c0-6.4-6.4-12.8-12.8-12.8h-22.4c-6.4 0-12.8 6.4-12.8 12.8v198.4c0 6.4 6.4 12.8 12.8 12.8zm96 0h22.4c6.4 0 12.8-6.4 12.8-12.8V204.8c0-6.4-6.4-12.8-12.8-12.8h-22.4c-6.4 0-12.8 6.4-12.8 12.8v134.4c0 6.4 6.4 12.8 12.8 12.8zM496 400H48V80c0-8.84-7.16-16-16-16H16C7.16 64 0 71.16 0 80v336c0 17.67 14.33 32 32 32h464c8.84 0 16-7.16 16-16v-16c0-8.84-7.16-16-16-16zm-387.2-48h22.4c6.4 0 12.8-6.4 12.8-12.8v-70.4c0-6.4-6.4-12.8-12.8-12.8h-22.4c-6.4 0-12.8 6.4-12.8 12.8v70.4c0 6.4 6.4 12.8 12.8 12.8z\" class=\"\"><\/path><\/svg><\/i> <img loading=\"lazy\" decoding=\"async\" width=\"16\" height=\"16\" alt=\"Loading\" src=\"https:\/\/sg-gueterfelde.de\/wp-content\/plugins\/page-views-count\/ajax-loader-2x.gif\" border=0 \/><\/p>\n<div class=\"pvc_clear\"><\/div>\n","protected":false},"excerpt":{"rendered":"<p>In vielen Gruppen und Abteilungen der Sportgemeinschaft G\u00fcterfelde 1910 gibt es traditionell das gem\u00fctliche Beisammensein bei den selbstorganisierten Weihnachtsfeiern. Das war auch in diesem Jahr so z.B. bei Gymnastik-gruppen wie: Seniorinnen, Frauenpower, Fitness aber auch bei den Hand-ballern, den Passiven und auch dem Vorstand. Die Gymnastikgruppe Frauenpower mit ihren \u00dcbungsleiterinnen Elvira Waldmann und Gisela Frankenh\u00e4user <span class=\"ellipsis\">&hellip;<\/span> <span class=\"more-link-wrap\"><a href=\"https:\/\/sg-gueterfelde.de\/?page_id=1088\" class=\"more-link\"><span>Read More &rarr;<\/span><\/a><\/span><\/p>\n<div class=\"pvc_clear\"><\/div>\n<p id=\"pvc_stats_1088\" class=\"pvc_stats all  \" data-element-id=\"1088\" style=\"\"><i class=\"pvc-stats-icon small\" aria-hidden=\"true\"><svg aria-hidden=\"true\" focusable=\"false\" data-prefix=\"far\" data-icon=\"chart-bar\" role=\"img\" xmlns=\"http:\/\/www.w3.org\/2000\/svg\" viewBox=\"0 0 512 512\" class=\"svg-inline--fa fa-chart-bar fa-w-16 fa-2x\"><path fill=\"currentColor\" d=\"M396.8 352h22.4c6.4 0 12.8-6.4 12.8-12.8V108.8c0-6.4-6.4-12.8-12.8-12.8h-22.4c-6.4 0-12.8 6.4-12.8 12.8v230.4c0 6.4 6.4 12.8 12.8 12.8zm-192 0h22.4c6.4 0 12.8-6.4 12.8-12.8V140.8c0-6.4-6.4-12.8-12.8-12.8h-22.4c-6.4 0-12.8 6.4-12.8 12.8v198.4c0 6.4 6.4 12.8 12.8 12.8zm96 0h22.4c6.4 0 12.8-6.4 12.8-12.8V204.8c0-6.4-6.4-12.8-12.8-12.8h-22.4c-6.4 0-12.8 6.4-12.8 12.8v134.4c0 6.4 6.4 12.8 12.8 12.8zM496 400H48V80c0-8.84-7.16-16-16-16H16C7.16 64 0 71.16 0 80v336c0 17.67 14.33 32 32 32h464c8.84 0 16-7.16 16-16v-16c0-8.84-7.16-16-16-16zm-387.2-48h22.4c6.4 0 12.8-6.4 12.8-12.8v-70.4c0-6.4-6.4-12.8-12.8-12.8h-22.4c-6.4 0-12.8 6.4-12.8 12.8v70.4c0 6.4 6.4 12.8 12.8 12.8z\" class=\"\"><\/path><\/svg><\/i> <img loading=\"lazy\" decoding=\"async\" width=\"16\" height=\"16\" alt=\"Loading\" src=\"https:\/\/sg-gueterfelde.de\/wp-content\/plugins\/page-views-count\/ajax-loader-2x.gif\" border=0 \/><\/p>\n<div class=\"pvc_clear\"><\/div>\n","protected":false},"author":1,"featured_media":0,"parent":0,"menu_order":0,"comment_status":"closed","ping_status":"closed","template":"","meta":{"ngg_post_thumbnail":0,"footnotes":"","_links_to":"","_links_to_target":""},"class_list":["post-1088","page","type-page","status-publish","hentry"],"_links":{"self":[{"href":"https:\/\/sg-gueterfelde.de\/index.php?rest_route=\/wp\/v2\/pages\/1088","targetHints":{"allow":["GET"]}}],"collection":[{"href":"https:\/\/sg-gueterfelde.de\/index.php?rest_route=\/wp\/v2\/pages"}],"about":[{"href":"https:\/\/sg-gueterfelde.de\/index.php?rest_route=\/wp\/v2\/types\/page"}],"author":[{"embeddable":true,"href":"https:\/\/sg-gueterfelde.de\/index.php?rest_route=\/wp\/v2\/users\/1"}],"replies":[{"embeddable":true,"href":"https:\/\/sg-gueterfelde.de\/index.php?rest_route=%2Fwp%2Fv2%2Fcomments&post=1088"}],"version-history":[{"count":1,"href":"https:\/\/sg-gueterfelde.de\/index.php?rest_route=\/wp\/v2\/pages\/1088\/revisions"}],"predecessor-version":[{"id":1094,"href":"https:\/\/sg-gueterfelde.de\/index.php?rest_route=\/wp\/v2\/pages\/1088\/revisions\/1094"}],"wp:attachment":[{"href":"https:\/\/sg-gueterfelde.de\/index.php?rest_route=%2Fwp%2Fv2%2Fmedia&parent=1088"}],"curies":[{"name":"wp","href":"https:\/\/api.w.org\/{rel}","templated":true}]}}