{"id":11,"date":"2014-11-17T18:39:49","date_gmt":"2014-11-17T17:39:49","guid":{"rendered":"http:\/\/sg-gueterfelde.de\/?page_id=11"},"modified":"2025-01-29T22:39:07","modified_gmt":"2025-01-29T21:39:07","slug":"wir-ueber-uns","status":"publish","type":"page","link":"https:\/\/sg-gueterfelde.de\/","title":{"rendered":"Wir \u00fcber uns"},"content":{"rendered":"\n<h2>Unsere Angebote<\/h2>\n\n\n\n<p><a href=\"https:\/\/sg-gueterfelde.de\/wp-content\/uploads\/2023\/08\/Werbung-M%C3%A4rz23.pdf\"><span style=\"font-family: verdana, geneva, sans-serif; font-size: 12px;\">Flyer Sportgemeinschaft<\/span><\/a><\/p>\n\n\n\n<p><strong>Kennenlernen &#8211; Dabeisein &#8211; Mitmachen <\/strong><\/p>\n\n\n\n<ul class=\"wp-block-list\">\n<li>Sport treiben in unserer nahen Sporthalle oder auf dem Sportplatz<\/li>\n\n\n\n<li>geringer Mitgliedsbeitrag<\/li>\n\n\n\n<li>vielf\u00e4ltige Angebote f\u00fcr Jung bis Alt<\/li>\n<\/ul>\n\n\n\n<p><strong>&nbsp;<\/strong><strong>Frauengymnastik<\/strong><\/p>\n\n\n\n<ul class=\"wp-block-list\">\n<li><a href=\"https:\/\/sg-gueterfelde.de\/?page_id=74\">Seniorinnengruppe<\/a> (Elvira M\u00fcller, Verena Schnell) Mi&nbsp;&nbsp; 14:00 &#8211; 15:30<\/li>\n\n\n\n<li><a href=\"https:\/\/sg-gueterfelde.de\/?page_id=94\">Frauenpower<\/a> (Elvira Waldmann, Gisela Frankenh\u00e4user) Mo&nbsp;&nbsp; 19:15 &#8211; 20:45<\/li>\n\n\n\n<li><a href=\"https:\/\/sg-gueterfelde.de\/?page_id=765\">Fitness<\/a> (Heidrun M\u00fcller) Di&nbsp;&nbsp; 19:45 &#8211; 21:15<\/li>\n\n\n\n<li><a href=\"https:\/\/sg-gueterfelde.de\/?page_id=110\">Aerobic<\/a> (Eila Wehle \/ 2 Gruppen) Di 18:45 &#8211; 19:45 + Do 18:45 &#8211; 21:00<\/li>\n<\/ul>\n\n\n\n<p><strong>&nbsp;<\/strong><strong>M\u00e4nnergymnastik<\/strong><\/p>\n\n\n\n<ul class=\"wp-block-list\">\n<li>Aktiv sein (Harald Krehl, Peter Klemp: Gymn.\/Badminton) Fr&nbsp;&nbsp; 16:00 &#8211; 18:00<\/li>\n<\/ul>\n\n\n\n<p><strong>&nbsp;<\/strong><strong>Kindersport<\/strong><\/p>\n\n\n\n<ul class=\"wp-block-list\">\n<li><a href=\"https:\/\/sg-gueterfelde.de\/?page_id=732\">Tanz-Sport-Gruppe<\/a> (Maria Alp in Koop. Kita und SG) Do&nbsp;&nbsp; 14:30 &#8211; 16:00<\/li>\n\n\n\n<li>Kinderturnen (Jork Leiterer) Mo\u00a0\u00a0 14:45 &#8211; 15:45<\/li>\n<\/ul>\n\n\n\n<p><strong>&nbsp;<\/strong><strong>Mannschaftssport<\/strong><\/p>\n\n\n\n<ul class=\"wp-block-list\">\n<li><a href=\"https:\/\/sg-gueterfelde.de\/?page_id=71\">Fu\u00dfball<\/a> (Thomas Rubin \u2013 Sportplatz) Fr\u00a0 \u00a0ab 17:00<\/li>\n\n\n\n<li><a href=\"https:\/\/sg-gueterfelde.de\/?page_id=44\">Handball<\/a> (z.Z. ohne feste Mannschaft)<\/li>\n<\/ul>\n\n\n\n<p>Zurzeit haben wir etwa 200 Mitglieder. Wir w\u00fcnschen uns sehr weitere interessierte, aktive Mitglieder f\u00fcr eine sichere Zukunft der Sportgemeinschaft 1910 e.V.<\/p>\n<div class=\"pvc_clear\"><\/div><p id=\"pvc_stats_11\" class=\"pvc_stats all  \" data-element-id=\"11\" style=\"\"><i class=\"pvc-stats-icon small\" aria-hidden=\"true\"><svg aria-hidden=\"true\" focusable=\"false\" data-prefix=\"far\" data-icon=\"chart-bar\" role=\"img\" xmlns=\"http:\/\/www.w3.org\/2000\/svg\" viewBox=\"0 0 512 512\" class=\"svg-inline--fa fa-chart-bar fa-w-16 fa-2x\"><path fill=\"currentColor\" d=\"M396.8 352h22.4c6.4 0 12.8-6.4 12.8-12.8V108.8c0-6.4-6.4-12.8-12.8-12.8h-22.4c-6.4 0-12.8 6.4-12.8 12.8v230.4c0 6.4 6.4 12.8 12.8 12.8zm-192 0h22.4c6.4 0 12.8-6.4 12.8-12.8V140.8c0-6.4-6.4-12.8-12.8-12.8h-22.4c-6.4 0-12.8 6.4-12.8 12.8v198.4c0 6.4 6.4 12.8 12.8 12.8zm96 0h22.4c6.4 0 12.8-6.4 12.8-12.8V204.8c0-6.4-6.4-12.8-12.8-12.8h-22.4c-6.4 0-12.8 6.4-12.8 12.8v134.4c0 6.4 6.4 12.8 12.8 12.8zM496 400H48V80c0-8.84-7.16-16-16-16H16C7.16 64 0 71.16 0 80v336c0 17.67 14.33 32 32 32h464c8.84 0 16-7.16 16-16v-16c0-8.84-7.16-16-16-16zm-387.2-48h22.4c6.4 0 12.8-6.4 12.8-12.8v-70.4c0-6.4-6.4-12.8-12.8-12.8h-22.4c-6.4 0-12.8 6.4-12.8 12.8v70.4c0 6.4 6.4 12.8 12.8 12.8z\" class=\"\"><\/path><\/svg><\/i> <img loading=\"lazy\" decoding=\"async\" width=\"16\" height=\"16\" alt=\"Loading\" src=\"https:\/\/sg-gueterfelde.de\/wp-content\/plugins\/page-views-count\/ajax-loader-2x.gif\" border=0 \/><\/p><div class=\"pvc_clear\"><\/div>","protected":false},"excerpt":{"rendered":"<p>Unsere Angebote Flyer Sportgemeinschaft Kennenlernen &#8211; Dabeisein &#8211; Mitmachen &nbsp;Frauengymnastik &nbsp;M\u00e4nnergymnastik &nbsp;Kindersport &nbsp;Mannschaftssport Zurzeit haben wir etwa 200 Mitglieder. Wir w\u00fcnschen uns sehr weitere interessierte, aktive Mitglieder f\u00fcr eine sichere Zukunft der Sportgemeinschaft 1910 e.V.<\/p>\n<div class=\"pvc_clear\"><\/div>\n<p id=\"pvc_stats_11\" class=\"pvc_stats all  \" data-element-id=\"11\" style=\"\"><i class=\"pvc-stats-icon small\" aria-hidden=\"true\"><svg aria-hidden=\"true\" focusable=\"false\" data-prefix=\"far\" data-icon=\"chart-bar\" role=\"img\" xmlns=\"http:\/\/www.w3.org\/2000\/svg\" viewBox=\"0 0 512 512\" class=\"svg-inline--fa fa-chart-bar fa-w-16 fa-2x\"><path fill=\"currentColor\" d=\"M396.8 352h22.4c6.4 0 12.8-6.4 12.8-12.8V108.8c0-6.4-6.4-12.8-12.8-12.8h-22.4c-6.4 0-12.8 6.4-12.8 12.8v230.4c0 6.4 6.4 12.8 12.8 12.8zm-192 0h22.4c6.4 0 12.8-6.4 12.8-12.8V140.8c0-6.4-6.4-12.8-12.8-12.8h-22.4c-6.4 0-12.8 6.4-12.8 12.8v198.4c0 6.4 6.4 12.8 12.8 12.8zm96 0h22.4c6.4 0 12.8-6.4 12.8-12.8V204.8c0-6.4-6.4-12.8-12.8-12.8h-22.4c-6.4 0-12.8 6.4-12.8 12.8v134.4c0 6.4 6.4 12.8 12.8 12.8zM496 400H48V80c0-8.84-7.16-16-16-16H16C7.16 64 0 71.16 0 80v336c0 17.67 14.33 32 32 32h464c8.84 0 16-7.16 16-16v-16c0-8.84-7.16-16-16-16zm-387.2-48h22.4c6.4 0 12.8-6.4 12.8-12.8v-70.4c0-6.4-6.4-12.8-12.8-12.8h-22.4c-6.4 0-12.8 6.4-12.8 12.8v70.4c0 6.4 6.4 12.8 12.8 12.8z\" class=\"\"><\/path><\/svg><\/i> <img loading=\"lazy\" decoding=\"async\" width=\"16\" height=\"16\" alt=\"Loading\" src=\"https:\/\/sg-gueterfelde.de\/wp-content\/plugins\/page-views-count\/ajax-loader-2x.gif\" border=0 \/><\/p>\n<div class=\"pvc_clear\"><\/div>\n","protected":false},"author":1,"featured_media":0,"parent":0,"menu_order":0,"comment_status":"open","ping_status":"closed","template":"","meta":{"ngg_post_thumbnail":0,"footnotes":"","_links_to":"","_links_to_target":""},"class_list":["post-11","page","type-page","status-publish","hentry"],"_links":{"self":[{"href":"https:\/\/sg-gueterfelde.de\/index.php?rest_route=\/wp\/v2\/pages\/11","targetHints":{"allow":["GET"]}}],"collection":[{"href":"https:\/\/sg-gueterfelde.de\/index.php?rest_route=\/wp\/v2\/pages"}],"about":[{"href":"https:\/\/sg-gueterfelde.de\/index.php?rest_route=\/wp\/v2\/types\/page"}],"author":[{"embeddable":true,"href":"https:\/\/sg-gueterfelde.de\/index.php?rest_route=\/wp\/v2\/users\/1"}],"replies":[{"embeddable":true,"href":"https:\/\/sg-gueterfelde.de\/index.php?rest_route=%2Fwp%2Fv2%2Fcomments&post=11"}],"version-history":[{"count":180,"href":"https:\/\/sg-gueterfelde.de\/index.php?rest_route=\/wp\/v2\/pages\/11\/revisions"}],"predecessor-version":[{"id":1486,"href":"https:\/\/sg-gueterfelde.de\/index.php?rest_route=\/wp\/v2\/pages\/11\/revisions\/1486"}],"wp:attachment":[{"href":"https:\/\/sg-gueterfelde.de\/index.php?rest_route=%2Fwp%2Fv2%2Fmedia&parent=11"}],"curies":[{"name":"wp","href":"https:\/\/api.w.org\/{rel}","templated":true}]}}