{"id":1129,"date":"2023-02-19T14:43:41","date_gmt":"2023-02-19T14:43:41","guid":{"rendered":"http:\/\/sg-gueterfelde.de\/?page_id=1129"},"modified":"2023-08-23T22:08:29","modified_gmt":"2023-08-23T22:08:29","slug":"mitglied-werden","status":"publish","type":"page","link":"https:\/\/sg-gueterfelde.de\/?page_id=1129","title":{"rendered":"Mitglied werden"},"content":{"rendered":"\n<p><\/p>\n<ul>\n<li><a href=\"https:\/\/sg-gueterfelde.de\/wp-content\/uploads\/2015\/06\/sgg_aufnahmeantrag.pdf\">Aufnahmeantrag der SG G\u00fcterfelde<\/a><\/li>\n<li><a href=\"https:\/\/sg-gueterfelde.de\/wp-content\/uploads\/2014\/11\/sgg_beitragsordnung.pdf\">Beitragsordnung<\/a><\/li>\n<li><a href=\"https:\/\/sg-gueterfelde.de\/wp-content\/uploads\/2014\/11\/sgg_satzung.pdf\">Satzung Sportgemeinschaft G\u00fcterfelde<\/a><\/li>\n<\/ul>\n<p><\/p>\n\n\n\n<h2 class=\"wp-block-heading\">Mitgliedsbeitr\u00e4ge<\/h2>\n\n\n\n<figure class=\"wp-block-table\"><table><tbody><tr><td>Rentnerinnen und Rentner:<\/td><td>30,00 \u20ac<\/td><\/tr><tr><td>Passive:<\/td><td>42,00 \u20ac<\/td><\/tr><tr><td>Frauengymnastik:<\/td><td>48,00 \u20ac<\/td><\/tr><tr><td>Aerobic:<\/td><td>48,00 \u20ac + 24,00 \u20ac (Zulage) 72,00 \u20ac<\/td><\/tr><tr><td>Fu\u00dfball, Handball:<\/td><td>42,00 \u20ac<\/td><\/tr><tr><td>Kinder, Jugendliche:<\/td><td>21,00 \u20ac<\/td><\/tr><\/tbody><\/table><\/figure>\n\n\n\n<p><\/p>\n<div class=\"pvc_clear\"><\/div><p id=\"pvc_stats_1129\" class=\"pvc_stats all  \" data-element-id=\"1129\" style=\"\"><i class=\"pvc-stats-icon small\" aria-hidden=\"true\"><svg aria-hidden=\"true\" focusable=\"false\" data-prefix=\"far\" data-icon=\"chart-bar\" role=\"img\" xmlns=\"http:\/\/www.w3.org\/2000\/svg\" viewBox=\"0 0 512 512\" class=\"svg-inline--fa fa-chart-bar fa-w-16 fa-2x\"><path fill=\"currentColor\" d=\"M396.8 352h22.4c6.4 0 12.8-6.4 12.8-12.8V108.8c0-6.4-6.4-12.8-12.8-12.8h-22.4c-6.4 0-12.8 6.4-12.8 12.8v230.4c0 6.4 6.4 12.8 12.8 12.8zm-192 0h22.4c6.4 0 12.8-6.4 12.8-12.8V140.8c0-6.4-6.4-12.8-12.8-12.8h-22.4c-6.4 0-12.8 6.4-12.8 12.8v198.4c0 6.4 6.4 12.8 12.8 12.8zm96 0h22.4c6.4 0 12.8-6.4 12.8-12.8V204.8c0-6.4-6.4-12.8-12.8-12.8h-22.4c-6.4 0-12.8 6.4-12.8 12.8v134.4c0 6.4 6.4 12.8 12.8 12.8zM496 400H48V80c0-8.84-7.16-16-16-16H16C7.16 64 0 71.16 0 80v336c0 17.67 14.33 32 32 32h464c8.84 0 16-7.16 16-16v-16c0-8.84-7.16-16-16-16zm-387.2-48h22.4c6.4 0 12.8-6.4 12.8-12.8v-70.4c0-6.4-6.4-12.8-12.8-12.8h-22.4c-6.4 0-12.8 6.4-12.8 12.8v70.4c0 6.4 6.4 12.8 12.8 12.8z\" class=\"\"><\/path><\/svg><\/i> <img loading=\"lazy\" decoding=\"async\" width=\"16\" height=\"16\" alt=\"Loading\" src=\"https:\/\/sg-gueterfelde.de\/wp-content\/plugins\/page-views-count\/ajax-loader-2x.gif\" border=0 \/><\/p><div class=\"pvc_clear\"><\/div>","protected":false},"excerpt":{"rendered":"<p>Aufnahmeantrag der SG G\u00fcterfelde Beitragsordnung Satzung Sportgemeinschaft G\u00fcterfelde Mitgliedsbeitr\u00e4ge Rentnerinnen und Rentner: 30,00 \u20ac Passive: 42,00 \u20ac Frauengymnastik: 48,00 \u20ac Aerobic: 48,00 \u20ac + 24,00 \u20ac (Zulage) 72,00 \u20ac Fu\u00dfball, Handball: 42,00 \u20ac Kinder, Jugendliche: 21,00 \u20ac<\/p>\n<div class=\"pvc_clear\"><\/div>\n<p id=\"pvc_stats_1129\" class=\"pvc_stats all  \" data-element-id=\"1129\" style=\"\"><i class=\"pvc-stats-icon small\" aria-hidden=\"true\"><svg aria-hidden=\"true\" focusable=\"false\" data-prefix=\"far\" data-icon=\"chart-bar\" role=\"img\" xmlns=\"http:\/\/www.w3.org\/2000\/svg\" viewBox=\"0 0 512 512\" class=\"svg-inline--fa fa-chart-bar fa-w-16 fa-2x\"><path fill=\"currentColor\" d=\"M396.8 352h22.4c6.4 0 12.8-6.4 12.8-12.8V108.8c0-6.4-6.4-12.8-12.8-12.8h-22.4c-6.4 0-12.8 6.4-12.8 12.8v230.4c0 6.4 6.4 12.8 12.8 12.8zm-192 0h22.4c6.4 0 12.8-6.4 12.8-12.8V140.8c0-6.4-6.4-12.8-12.8-12.8h-22.4c-6.4 0-12.8 6.4-12.8 12.8v198.4c0 6.4 6.4 12.8 12.8 12.8zm96 0h22.4c6.4 0 12.8-6.4 12.8-12.8V204.8c0-6.4-6.4-12.8-12.8-12.8h-22.4c-6.4 0-12.8 6.4-12.8 12.8v134.4c0 6.4 6.4 12.8 12.8 12.8zM496 400H48V80c0-8.84-7.16-16-16-16H16C7.16 64 0 71.16 0 80v336c0 17.67 14.33 32 32 32h464c8.84 0 16-7.16 16-16v-16c0-8.84-7.16-16-16-16zm-387.2-48h22.4c6.4 0 12.8-6.4 12.8-12.8v-70.4c0-6.4-6.4-12.8-12.8-12.8h-22.4c-6.4 0-12.8 6.4-12.8 12.8v70.4c0 6.4 6.4 12.8 12.8 12.8z\" class=\"\"><\/path><\/svg><\/i> <img loading=\"lazy\" decoding=\"async\" width=\"16\" height=\"16\" alt=\"Loading\" src=\"https:\/\/sg-gueterfelde.de\/wp-content\/plugins\/page-views-count\/ajax-loader-2x.gif\" border=0 \/><\/p>\n<div class=\"pvc_clear\"><\/div>\n","protected":false},"author":1,"featured_media":0,"parent":0,"menu_order":0,"comment_status":"closed","ping_status":"closed","template":"","meta":{"ngg_post_thumbnail":0,"footnotes":"","_links_to":"","_links_to_target":""},"class_list":["post-1129","page","type-page","status-publish","hentry"],"_links":{"self":[{"href":"https:\/\/sg-gueterfelde.de\/index.php?rest_route=\/wp\/v2\/pages\/1129","targetHints":{"allow":["GET"]}}],"collection":[{"href":"https:\/\/sg-gueterfelde.de\/index.php?rest_route=\/wp\/v2\/pages"}],"about":[{"href":"https:\/\/sg-gueterfelde.de\/index.php?rest_route=\/wp\/v2\/types\/page"}],"author":[{"embeddable":true,"href":"https:\/\/sg-gueterfelde.de\/index.php?rest_route=\/wp\/v2\/users\/1"}],"replies":[{"embeddable":true,"href":"https:\/\/sg-gueterfelde.de\/index.php?rest_route=%2Fwp%2Fv2%2Fcomments&post=1129"}],"version-history":[{"count":7,"href":"https:\/\/sg-gueterfelde.de\/index.php?rest_route=\/wp\/v2\/pages\/1129\/revisions"}],"predecessor-version":[{"id":1212,"href":"https:\/\/sg-gueterfelde.de\/index.php?rest_route=\/wp\/v2\/pages\/1129\/revisions\/1212"}],"wp:attachment":[{"href":"https:\/\/sg-gueterfelde.de\/index.php?rest_route=%2Fwp%2Fv2%2Fmedia&parent=1129"}],"curies":[{"name":"wp","href":"https:\/\/api.w.org\/{rel}","templated":true}]}}