{"id":134,"date":"2014-11-17T19:16:23","date_gmt":"2014-11-17T19:16:23","guid":{"rendered":"http:\/\/sg-gueterfelde.de\/?page_id=134"},"modified":"2024-07-01T13:00:52","modified_gmt":"2024-07-01T11:00:52","slug":"weihnachtsfeier-passive","status":"publish","type":"page","link":"https:\/\/sg-gueterfelde.de\/?page_id=134","title":{"rendered":"Weihnachtsfeier Passive"},"content":{"rendered":"\n<p>Wir wollen traditionell jedes Jahr die vorweihnachtliche Zeit f\u00fcr das Zusammenkommen, f\u00fcr anregende Gespr\u00e4che, Begegnungen und gutes Essen nutzen. Dazu z\u00e4hlt die Zusammenkunft unserer passiven Mitglieder und G\u00e4ste.<\/p>\n\n\n\n<div class=\"wp-block-query is-layout-flow wp-block-query-is-layout-flow\"><ul style=\"font-style:normal;font-weight:300;\" class=\"wp-block-post-template has-small-font-size is-layout-flow wp-block-post-template-is-layout-flow\"><li class=\"wp-block-post post-1024 post type-post status-publish format-standard hentry category-einladung tag-26 tag-weihnachtsfeier\">\n<h2 class=\"wp-block-post-title\"><a href=\"https:\/\/sg-gueterfelde.de\/?p=1024\" target=\"_self\" >Einladung Weihnachtsfeier Passive 2018<\/a><\/h2>\n<\/li><li class=\"wp-block-post post-904 post type-post status-publish format-standard hentry category-einladung tag-24 tag-weihnachtsfeier\">\n<h2 class=\"wp-block-post-title\"><a href=\"https:\/\/sg-gueterfelde.de\/?p=904\" target=\"_self\" >Einladung Weihnachtsfeier passive Mitglieder 2017<\/a><\/h2>\n<\/li><li class=\"wp-block-post post-1451 post type-post status-publish format-standard hentry category-einladung tag-29 tag-weihnachtsfeier\">\n<h2 class=\"wp-block-post-title\"><a href=\"https:\/\/sg-gueterfelde.de\/?p=1451\" target=\"_self\" >Weihnachtsfeier Passive 2016<\/a><\/h2>\n<\/li><\/ul>\n\n<nav class=\"wp-block-query-pagination is-horizontal is-layout-flex wp-block-query-pagination-is-layout-flex\" aria-label=\"Seitennummerierung\">\n\n\n<div class=\"wp-block-query-pagination-numbers\"><span aria-current=\"page\" class=\"page-numbers current\">1<\/span>\n<a class=\"page-numbers\" href=\"?query-0-page=2&#038;rest_route=%2Fwp%2Fv2%2Fpages%2F134\">2<\/a>\n<a class=\"page-numbers\" href=\"?query-0-page=3&#038;rest_route=%2Fwp%2Fv2%2Fpages%2F134\">3<\/a><\/div>\n\n<a href=\"\/index.php?rest_route=%2Fwp%2Fv2%2Fpages%2F134&#038;query-0-page=2\" class=\"wp-block-query-pagination-next\">N\u00e4chste Seite<span class='wp-block-query-pagination-next-arrow is-arrow-chevron' aria-hidden='true'>\u00bb<\/span><\/a>\n<\/nav>\n\n<\/div>\n<div class=\"pvc_clear\"><\/div><p id=\"pvc_stats_134\" class=\"pvc_stats all  \" data-element-id=\"134\" style=\"\"><i class=\"pvc-stats-icon small\" aria-hidden=\"true\"><svg aria-hidden=\"true\" focusable=\"false\" data-prefix=\"far\" data-icon=\"chart-bar\" role=\"img\" xmlns=\"http:\/\/www.w3.org\/2000\/svg\" viewBox=\"0 0 512 512\" class=\"svg-inline--fa fa-chart-bar fa-w-16 fa-2x\"><path fill=\"currentColor\" d=\"M396.8 352h22.4c6.4 0 12.8-6.4 12.8-12.8V108.8c0-6.4-6.4-12.8-12.8-12.8h-22.4c-6.4 0-12.8 6.4-12.8 12.8v230.4c0 6.4 6.4 12.8 12.8 12.8zm-192 0h22.4c6.4 0 12.8-6.4 12.8-12.8V140.8c0-6.4-6.4-12.8-12.8-12.8h-22.4c-6.4 0-12.8 6.4-12.8 12.8v198.4c0 6.4 6.4 12.8 12.8 12.8zm96 0h22.4c6.4 0 12.8-6.4 12.8-12.8V204.8c0-6.4-6.4-12.8-12.8-12.8h-22.4c-6.4 0-12.8 6.4-12.8 12.8v134.4c0 6.4 6.4 12.8 12.8 12.8zM496 400H48V80c0-8.84-7.16-16-16-16H16C7.16 64 0 71.16 0 80v336c0 17.67 14.33 32 32 32h464c8.84 0 16-7.16 16-16v-16c0-8.84-7.16-16-16-16zm-387.2-48h22.4c6.4 0 12.8-6.4 12.8-12.8v-70.4c0-6.4-6.4-12.8-12.8-12.8h-22.4c-6.4 0-12.8 6.4-12.8 12.8v70.4c0 6.4 6.4 12.8 12.8 12.8z\" class=\"\"><\/path><\/svg><\/i> <img loading=\"lazy\" decoding=\"async\" width=\"16\" height=\"16\" alt=\"Loading\" src=\"https:\/\/sg-gueterfelde.de\/wp-content\/plugins\/page-views-count\/ajax-loader-2x.gif\" border=0 \/><\/p><div class=\"pvc_clear\"><\/div>","protected":false},"excerpt":{"rendered":"<p>Wir wollen traditionell jedes Jahr die vorweihnachtliche Zeit f\u00fcr das Zusammenkommen, f\u00fcr anregende Gespr\u00e4che, Begegnungen und gutes Essen nutzen. Dazu z\u00e4hlt die Zusammenkunft unserer passiven Mitglieder und G\u00e4ste.<\/p>\n<div class=\"pvc_clear\"><\/div>\n<p id=\"pvc_stats_134\" class=\"pvc_stats all  \" data-element-id=\"134\" style=\"\"><i class=\"pvc-stats-icon small\" aria-hidden=\"true\"><svg aria-hidden=\"true\" focusable=\"false\" data-prefix=\"far\" data-icon=\"chart-bar\" role=\"img\" xmlns=\"http:\/\/www.w3.org\/2000\/svg\" viewBox=\"0 0 512 512\" class=\"svg-inline--fa fa-chart-bar fa-w-16 fa-2x\"><path fill=\"currentColor\" d=\"M396.8 352h22.4c6.4 0 12.8-6.4 12.8-12.8V108.8c0-6.4-6.4-12.8-12.8-12.8h-22.4c-6.4 0-12.8 6.4-12.8 12.8v230.4c0 6.4 6.4 12.8 12.8 12.8zm-192 0h22.4c6.4 0 12.8-6.4 12.8-12.8V140.8c0-6.4-6.4-12.8-12.8-12.8h-22.4c-6.4 0-12.8 6.4-12.8 12.8v198.4c0 6.4 6.4 12.8 12.8 12.8zm96 0h22.4c6.4 0 12.8-6.4 12.8-12.8V204.8c0-6.4-6.4-12.8-12.8-12.8h-22.4c-6.4 0-12.8 6.4-12.8 12.8v134.4c0 6.4 6.4 12.8 12.8 12.8zM496 400H48V80c0-8.84-7.16-16-16-16H16C7.16 64 0 71.16 0 80v336c0 17.67 14.33 32 32 32h464c8.84 0 16-7.16 16-16v-16c0-8.84-7.16-16-16-16zm-387.2-48h22.4c6.4 0 12.8-6.4 12.8-12.8v-70.4c0-6.4-6.4-12.8-12.8-12.8h-22.4c-6.4 0-12.8 6.4-12.8 12.8v70.4c0 6.4 6.4 12.8 12.8 12.8z\" class=\"\"><\/path><\/svg><\/i> <img loading=\"lazy\" decoding=\"async\" width=\"16\" height=\"16\" alt=\"Loading\" src=\"https:\/\/sg-gueterfelde.de\/wp-content\/plugins\/page-views-count\/ajax-loader-2x.gif\" border=0 \/><\/p>\n<div class=\"pvc_clear\"><\/div>\n","protected":false},"author":1,"featured_media":0,"parent":0,"menu_order":0,"comment_status":"open","ping_status":"open","template":"","meta":{"ngg_post_thumbnail":0,"footnotes":"","_links_to":"","_links_to_target":""},"class_list":["post-134","page","type-page","status-publish","hentry"],"_links":{"self":[{"href":"https:\/\/sg-gueterfelde.de\/index.php?rest_route=\/wp\/v2\/pages\/134","targetHints":{"allow":["GET"]}}],"collection":[{"href":"https:\/\/sg-gueterfelde.de\/index.php?rest_route=\/wp\/v2\/pages"}],"about":[{"href":"https:\/\/sg-gueterfelde.de\/index.php?rest_route=\/wp\/v2\/types\/page"}],"author":[{"embeddable":true,"href":"https:\/\/sg-gueterfelde.de\/index.php?rest_route=\/wp\/v2\/users\/1"}],"replies":[{"embeddable":true,"href":"https:\/\/sg-gueterfelde.de\/index.php?rest_route=%2Fwp%2Fv2%2Fcomments&post=134"}],"version-history":[{"count":13,"href":"https:\/\/sg-gueterfelde.de\/index.php?rest_route=\/wp\/v2\/pages\/134\/revisions"}],"predecessor-version":[{"id":1472,"href":"https:\/\/sg-gueterfelde.de\/index.php?rest_route=\/wp\/v2\/pages\/134\/revisions\/1472"}],"wp:attachment":[{"href":"https:\/\/sg-gueterfelde.de\/index.php?rest_route=%2Fwp%2Fv2%2Fmedia&parent=134"}],"curies":[{"name":"wp","href":"https:\/\/api.w.org\/{rel}","templated":true}]}}