{"id":154,"date":"2014-11-17T19:30:43","date_gmt":"2014-11-17T19:30:43","guid":{"rendered":"http:\/\/sg-gueterfelde.de\/?page_id=154"},"modified":"2024-03-27T11:11:59","modified_gmt":"2024-03-27T10:11:59","slug":"vereinsgeschichte","status":"publish","type":"page","link":"https:\/\/sg-gueterfelde.de\/?page_id=154","title":{"rendered":"Vereinsgeschichte"},"content":{"rendered":"<p align=\"justify\">Die Sportgemeinschaft G\u00fcterfelde 1910 e.V.&nbsp; kann heute auf eine \u00fcber 100 j\u00e4hrige Tradition zur\u00fcck blicken. Sie wurde als G\u00fctergotzer Turnverein 1910 durch den Lehrer Paul Schulz ins Leben gerufen und z\u00e4hlte in den Anfangsjahren \u00fcber 20 Mitglieder. Die Vereinsgastst\u00e4tte war die damalige Gastst\u00e4tte &#8222;Zur Post&#8220; mit dem Inhaber Heinrich Huckshold an der Potsdamer Stra\u00dfe. In den 20ziger Jahren gr\u00fcndete sich au\u00dferdem ein Arbeitersportverein, der sich in der Gastst\u00e4tte &#8222;Deutsches Haus&#8220; an der Berliner Stra\u00dfe traf. Nach dem 2. Weltkrieg wurden einige ehemalige Sportfreunde aus den beiden fr\u00fcheren Vereinen Mitglieder der heutigen Sportgemeinschaft G\u00fcterfelde.<\/p>\n<p>Heute z\u00e4hlt der G\u00fcterfelder Sportverein \u00fcber 200 Mitglieder. In den Sportgruppen <a title=\"Handball\" href=\"https:\/\/sg-gueterfelde.de\/?page_id=44\">Handball<\/a> , <a title=\"Fussball\" href=\"https:\/\/sg-gueterfelde.de\/?page_id=71\">Fu\u00dfball<\/a>, <a title=\"Gymnastik Seniorinnen\" href=\"https:\/\/sg-gueterfelde.de\/?page_id=74\">Gymnastik<\/a>, <a title=\"Frauenpower\" href=\"https:\/\/sg-gueterfelde.de\/?page_id=94\">Frauenpower<\/a>, <a title=\"Aerobic\" href=\"https:\/\/sg-gueterfelde.de\/?page_id=110\">Aerobic<\/a> und <a title=\"Kegeln\" href=\"https:\/\/sg-gueterfelde.de\/?page_id=122\">Kegeln<\/a> wird Freizeitsport auf dem Sportplatz und in der Turnhalle an der Lindenstra\u00dfe sowie auf Kegelbahnen au\u00dferhalb des Ortes getrieben. Sportinteressierte Einwohner sowie Kinder, Jugendliche und deren Eltern, die auch bereit w\u00e4ren eine Betreuungs- bzw. Trainingst\u00e4tigkeit zu \u00fcbernehmen sind gern gesehen. Auch einer Erweiterung mit anderen Sportaktivit\u00e4ten steht der Vorstand aufgeschlossen gegen\u00fcber.<\/p>\n<p><a title=\"Die Chornik des SG G\u00fcterfelde zum Nachlesen\" href=\"http:\/\/www.sg-gueterfelde.de\/wp-content\/uploads\/2014\/11\/sgg_chonik.pdf\">Die Chronik zum Nachlesen als Pdf<\/a><\/p>\n<p><!-- index.php -->\n<div\n\tclass=\"ngg-galleryoverview\n\t ngg-ajax-pagination-none\t\"\n\tid=\"ngg-gallery-14a38b498051ae9efd29eeebf5a77097-1\">\n\n\t\t\t<!-- Thumbnails -->\n\t\t\t\t<div id=\"ngg-image-0\" class=\"ngg-gallery-thumbnail-box\"\n\t\t\t\t\t\t\t\t\t\t\t>\n\t\t\t\t\t\t<div class=\"ngg-gallery-thumbnail\">\n\t\t\t<a href=\"https:\/\/sg-gueterfelde.de\/wp-content\/gallery\/img_chronik\/anno_1910_schulz.jpg\"\n\t\t\t\ttitle=\"\"\n\t\t\t\tdata-src=\"https:\/\/sg-gueterfelde.de\/wp-content\/gallery\/img_chronik\/anno_1910_schulz.jpg\"\n\t\t\t\tdata-thumbnail=\"https:\/\/sg-gueterfelde.de\/wp-content\/gallery\/img_chronik\/thumbs\/thumbs_anno_1910_schulz.jpg\"\n\t\t\t\tdata-image-id=\"25\"\n\t\t\t\tdata-title=\"anno_1910_schulz\"\n\t\t\t\tdata-description=\"\"\n\t\t\t\tdata-image-slug=\"anno_1910_schulz\"\n\t\t\t\tclass=\"ngg-fancybox\" rel=\"14a38b498051ae9efd29eeebf5a77097\">\n\t\t\t\t<img\n\t\t\t\t\ttitle=\"anno_1910_schulz\"\n\t\t\t\t\talt=\"anno_1910_schulz\"\n\t\t\t\t\tsrc=\"https:\/\/sg-gueterfelde.de\/wp-content\/gallery\/img_chronik\/thumbs\/thumbs_anno_1910_schulz.jpg\"\n\t\t\t\t\twidth=\"120\"\n\t\t\t\t\theight=\"90\"\n\t\t\t\t\tstyle=\"max-width:100%;\"\n\t\t\t\t\/>\n\t\t\t<\/a>\n\t\t<\/div>\n\t\t\t\t\t\t\t<\/div>\n\t\t\t\n\t\t\t\t\t\t\t\n\t\t\t\t<div id=\"ngg-image-1\" class=\"ngg-gallery-thumbnail-box\"\n\t\t\t\t\t\t\t\t\t\t\t>\n\t\t\t\t\t\t<div class=\"ngg-gallery-thumbnail\">\n\t\t\t<a href=\"https:\/\/sg-gueterfelde.de\/wp-content\/gallery\/img_chronik\/fahnenweihe_1923.jpg\"\n\t\t\t\ttitle=\" \"\n\t\t\t\tdata-src=\"https:\/\/sg-gueterfelde.de\/wp-content\/gallery\/img_chronik\/fahnenweihe_1923.jpg\"\n\t\t\t\tdata-thumbnail=\"https:\/\/sg-gueterfelde.de\/wp-content\/gallery\/img_chronik\/thumbs\/thumbs_fahnenweihe_1923.jpg\"\n\t\t\t\tdata-image-id=\"26\"\n\t\t\t\tdata-title=\"fahnenweihe_1923\"\n\t\t\t\tdata-description=\" \"\n\t\t\t\tdata-image-slug=\"fahnenweihe_1923\"\n\t\t\t\tclass=\"ngg-fancybox\" rel=\"14a38b498051ae9efd29eeebf5a77097\">\n\t\t\t\t<img\n\t\t\t\t\ttitle=\"fahnenweihe_1923\"\n\t\t\t\t\talt=\"fahnenweihe_1923\"\n\t\t\t\t\tsrc=\"https:\/\/sg-gueterfelde.de\/wp-content\/gallery\/img_chronik\/thumbs\/thumbs_fahnenweihe_1923.jpg\"\n\t\t\t\t\twidth=\"120\"\n\t\t\t\t\theight=\"90\"\n\t\t\t\t\tstyle=\"max-width:100%;\"\n\t\t\t\t\/>\n\t\t\t<\/a>\n\t\t<\/div>\n\t\t\t\t\t\t\t<\/div>\n\t\t\t\n\t\t\t\t\t\t\t\t\t<br style=\"clear: both\" \/>\n\t\t\t\t\t\n\t\t\t\t<div id=\"ngg-image-2\" class=\"ngg-gallery-thumbnail-box\"\n\t\t\t\t\t\t\t\t\t\t\t>\n\t\t\t\t\t\t<div class=\"ngg-gallery-thumbnail\">\n\t\t\t<a href=\"https:\/\/sg-gueterfelde.de\/wp-content\/gallery\/img_chronik\/handball_1931.jpg\"\n\t\t\t\ttitle=\" \"\n\t\t\t\tdata-src=\"https:\/\/sg-gueterfelde.de\/wp-content\/gallery\/img_chronik\/handball_1931.jpg\"\n\t\t\t\tdata-thumbnail=\"https:\/\/sg-gueterfelde.de\/wp-content\/gallery\/img_chronik\/thumbs\/thumbs_handball_1931.jpg\"\n\t\t\t\tdata-image-id=\"27\"\n\t\t\t\tdata-title=\"handball_1931\"\n\t\t\t\tdata-description=\" \"\n\t\t\t\tdata-image-slug=\"handball_1931\"\n\t\t\t\tclass=\"ngg-fancybox\" rel=\"14a38b498051ae9efd29eeebf5a77097\">\n\t\t\t\t<img\n\t\t\t\t\ttitle=\"handball_1931\"\n\t\t\t\t\talt=\"handball_1931\"\n\t\t\t\t\tsrc=\"https:\/\/sg-gueterfelde.de\/wp-content\/gallery\/img_chronik\/thumbs\/thumbs_handball_1931.jpg\"\n\t\t\t\t\twidth=\"120\"\n\t\t\t\t\theight=\"90\"\n\t\t\t\t\tstyle=\"max-width:100%;\"\n\t\t\t\t\/>\n\t\t\t<\/a>\n\t\t<\/div>\n\t\t\t\t\t\t\t<\/div>\n\t\t\t\n\t\t\t\t\t\t\t\n\t\t\t\t<div id=\"ngg-image-3\" class=\"ngg-gallery-thumbnail-box\"\n\t\t\t\t\t\t\t\t\t\t\t>\n\t\t\t\t\t\t<div class=\"ngg-gallery-thumbnail\">\n\t\t\t<a href=\"https:\/\/sg-gueterfelde.de\/wp-content\/gallery\/img_chronik\/turnfest_in_brandenburg.jpg\"\n\t\t\t\ttitle=\" \"\n\t\t\t\tdata-src=\"https:\/\/sg-gueterfelde.de\/wp-content\/gallery\/img_chronik\/turnfest_in_brandenburg.jpg\"\n\t\t\t\tdata-thumbnail=\"https:\/\/sg-gueterfelde.de\/wp-content\/gallery\/img_chronik\/thumbs\/thumbs_turnfest_in_brandenburg.jpg\"\n\t\t\t\tdata-image-id=\"28\"\n\t\t\t\tdata-title=\"turnfest_in_brandenburg\"\n\t\t\t\tdata-description=\" \"\n\t\t\t\tdata-image-slug=\"turnfest_in_brandenburg\"\n\t\t\t\tclass=\"ngg-fancybox\" rel=\"14a38b498051ae9efd29eeebf5a77097\">\n\t\t\t\t<img\n\t\t\t\t\ttitle=\"turnfest_in_brandenburg\"\n\t\t\t\t\talt=\"turnfest_in_brandenburg\"\n\t\t\t\t\tsrc=\"https:\/\/sg-gueterfelde.de\/wp-content\/gallery\/img_chronik\/thumbs\/thumbs_turnfest_in_brandenburg.jpg\"\n\t\t\t\t\twidth=\"120\"\n\t\t\t\t\theight=\"90\"\n\t\t\t\t\tstyle=\"max-width:100%;\"\n\t\t\t\t\/>\n\t\t\t<\/a>\n\t\t<\/div>\n\t\t\t\t\t\t\t<\/div>\n\t\t\t\n\t\t\t\t\t\t\t\t\t<br style=\"clear: both\" \/>\n\t\t\t\t\t\n\t\t\t\t<div id=\"ngg-image-4\" class=\"ngg-gallery-thumbnail-box\"\n\t\t\t\t\t\t\t\t\t\t\t>\n\t\t\t\t\t\t<div class=\"ngg-gallery-thumbnail\">\n\t\t\t<a href=\"https:\/\/sg-gueterfelde.de\/wp-content\/gallery\/img_chronik\/willi_butz.jpg\"\n\t\t\t\ttitle=\" \"\n\t\t\t\tdata-src=\"https:\/\/sg-gueterfelde.de\/wp-content\/gallery\/img_chronik\/willi_butz.jpg\"\n\t\t\t\tdata-thumbnail=\"https:\/\/sg-gueterfelde.de\/wp-content\/gallery\/img_chronik\/thumbs\/thumbs_willi_butz.jpg\"\n\t\t\t\tdata-image-id=\"29\"\n\t\t\t\tdata-title=\"willi_butz\"\n\t\t\t\tdata-description=\" \"\n\t\t\t\tdata-image-slug=\"willi_butz\"\n\t\t\t\tclass=\"ngg-fancybox\" rel=\"14a38b498051ae9efd29eeebf5a77097\">\n\t\t\t\t<img\n\t\t\t\t\ttitle=\"willi_butz\"\n\t\t\t\t\talt=\"willi_butz\"\n\t\t\t\t\tsrc=\"https:\/\/sg-gueterfelde.de\/wp-content\/gallery\/img_chronik\/thumbs\/thumbs_willi_butz.jpg\"\n\t\t\t\t\twidth=\"120\"\n\t\t\t\t\theight=\"90\"\n\t\t\t\t\tstyle=\"max-width:100%;\"\n\t\t\t\t\/>\n\t\t\t<\/a>\n\t\t<\/div>\n\t\t\t\t\t\t\t<\/div>\n\t\t\t\n\t\t\t\t\t\t\t\n\t\t\t\t<div id=\"ngg-image-5\" class=\"ngg-gallery-thumbnail-box\"\n\t\t\t\t\t\t\t\t\t\t\t>\n\t\t\t\t\t\t<div class=\"ngg-gallery-thumbnail\">\n\t\t\t<a href=\"https:\/\/sg-gueterfelde.de\/wp-content\/gallery\/img_chronik\/willi_unger.jpg\"\n\t\t\t\ttitle=\" \"\n\t\t\t\tdata-src=\"https:\/\/sg-gueterfelde.de\/wp-content\/gallery\/img_chronik\/willi_unger.jpg\"\n\t\t\t\tdata-thumbnail=\"https:\/\/sg-gueterfelde.de\/wp-content\/gallery\/img_chronik\/thumbs\/thumbs_willi_unger.jpg\"\n\t\t\t\tdata-image-id=\"30\"\n\t\t\t\tdata-title=\"willi_unger\"\n\t\t\t\tdata-description=\" \"\n\t\t\t\tdata-image-slug=\"willi_unger\"\n\t\t\t\tclass=\"ngg-fancybox\" rel=\"14a38b498051ae9efd29eeebf5a77097\">\n\t\t\t\t<img\n\t\t\t\t\ttitle=\"willi_unger\"\n\t\t\t\t\talt=\"willi_unger\"\n\t\t\t\t\tsrc=\"https:\/\/sg-gueterfelde.de\/wp-content\/gallery\/img_chronik\/thumbs\/thumbs_willi_unger.jpg\"\n\t\t\t\t\twidth=\"120\"\n\t\t\t\t\theight=\"90\"\n\t\t\t\t\tstyle=\"max-width:100%;\"\n\t\t\t\t\/>\n\t\t\t<\/a>\n\t\t<\/div>\n\t\t\t\t\t\t\t<\/div>\n\t\t\t\n\t\t\t\t\t\t\t\t\t<br style=\"clear: both\" \/>\n\t\t\t\t\t\n\t\t\n\t\t<!-- Pagination -->\n\t\t<div class='ngg-clear'><\/div>\t<\/div>\n<\/p>\n<div class=\"pvc_clear\"><\/div>\n<p id=\"pvc_stats_154\" class=\"pvc_stats all  \" data-element-id=\"154\" style=\"\"><i class=\"pvc-stats-icon small\" aria-hidden=\"true\"><svg aria-hidden=\"true\" focusable=\"false\" data-prefix=\"far\" data-icon=\"chart-bar\" role=\"img\" xmlns=\"http:\/\/www.w3.org\/2000\/svg\" viewBox=\"0 0 512 512\" class=\"svg-inline--fa fa-chart-bar fa-w-16 fa-2x\"><path fill=\"currentColor\" d=\"M396.8 352h22.4c6.4 0 12.8-6.4 12.8-12.8V108.8c0-6.4-6.4-12.8-12.8-12.8h-22.4c-6.4 0-12.8 6.4-12.8 12.8v230.4c0 6.4 6.4 12.8 12.8 12.8zm-192 0h22.4c6.4 0 12.8-6.4 12.8-12.8V140.8c0-6.4-6.4-12.8-12.8-12.8h-22.4c-6.4 0-12.8 6.4-12.8 12.8v198.4c0 6.4 6.4 12.8 12.8 12.8zm96 0h22.4c6.4 0 12.8-6.4 12.8-12.8V204.8c0-6.4-6.4-12.8-12.8-12.8h-22.4c-6.4 0-12.8 6.4-12.8 12.8v134.4c0 6.4 6.4 12.8 12.8 12.8zM496 400H48V80c0-8.84-7.16-16-16-16H16C7.16 64 0 71.16 0 80v336c0 17.67 14.33 32 32 32h464c8.84 0 16-7.16 16-16v-16c0-8.84-7.16-16-16-16zm-387.2-48h22.4c6.4 0 12.8-6.4 12.8-12.8v-70.4c0-6.4-6.4-12.8-12.8-12.8h-22.4c-6.4 0-12.8 6.4-12.8 12.8v70.4c0 6.4 6.4 12.8 12.8 12.8z\" class=\"\"><\/path><\/svg><\/i> <img loading=\"lazy\" decoding=\"async\" width=\"16\" height=\"16\" alt=\"Loading\" src=\"https:\/\/sg-gueterfelde.de\/wp-content\/plugins\/page-views-count\/ajax-loader-2x.gif\" border=0 \/><\/p>\n<div class=\"pvc_clear\"><\/div>\n","protected":false},"excerpt":{"rendered":"<p>Die Sportgemeinschaft G\u00fcterfelde 1910 e.V.&nbsp; kann heute auf eine \u00fcber 100 j\u00e4hrige Tradition zur\u00fcck blicken. Sie wurde als G\u00fctergotzer Turnverein 1910 durch den Lehrer Paul Schulz ins Leben gerufen und z\u00e4hlte in den Anfangsjahren \u00fcber 20 Mitglieder. Die Vereinsgastst\u00e4tte war die damalige Gastst\u00e4tte &#8222;Zur Post&#8220; mit dem Inhaber Heinrich Huckshold an der Potsdamer Stra\u00dfe. In <span class=\"ellipsis\">&hellip;<\/span> <span class=\"more-link-wrap\"><a href=\"https:\/\/sg-gueterfelde.de\/?page_id=154\" class=\"more-link\"><span>Read More &rarr;<\/span><\/a><\/span><\/p>\n<div class=\"pvc_clear\"><\/div>\n<p id=\"pvc_stats_154\" class=\"pvc_stats all  \" data-element-id=\"154\" style=\"\"><i class=\"pvc-stats-icon small\" aria-hidden=\"true\"><svg aria-hidden=\"true\" focusable=\"false\" data-prefix=\"far\" data-icon=\"chart-bar\" role=\"img\" xmlns=\"http:\/\/www.w3.org\/2000\/svg\" viewBox=\"0 0 512 512\" class=\"svg-inline--fa fa-chart-bar fa-w-16 fa-2x\"><path fill=\"currentColor\" d=\"M396.8 352h22.4c6.4 0 12.8-6.4 12.8-12.8V108.8c0-6.4-6.4-12.8-12.8-12.8h-22.4c-6.4 0-12.8 6.4-12.8 12.8v230.4c0 6.4 6.4 12.8 12.8 12.8zm-192 0h22.4c6.4 0 12.8-6.4 12.8-12.8V140.8c0-6.4-6.4-12.8-12.8-12.8h-22.4c-6.4 0-12.8 6.4-12.8 12.8v198.4c0 6.4 6.4 12.8 12.8 12.8zm96 0h22.4c6.4 0 12.8-6.4 12.8-12.8V204.8c0-6.4-6.4-12.8-12.8-12.8h-22.4c-6.4 0-12.8 6.4-12.8 12.8v134.4c0 6.4 6.4 12.8 12.8 12.8zM496 400H48V80c0-8.84-7.16-16-16-16H16C7.16 64 0 71.16 0 80v336c0 17.67 14.33 32 32 32h464c8.84 0 16-7.16 16-16v-16c0-8.84-7.16-16-16-16zm-387.2-48h22.4c6.4 0 12.8-6.4 12.8-12.8v-70.4c0-6.4-6.4-12.8-12.8-12.8h-22.4c-6.4 0-12.8 6.4-12.8 12.8v70.4c0 6.4 6.4 12.8 12.8 12.8z\" class=\"\"><\/path><\/svg><\/i> <img loading=\"lazy\" decoding=\"async\" width=\"16\" height=\"16\" alt=\"Loading\" src=\"https:\/\/sg-gueterfelde.de\/wp-content\/plugins\/page-views-count\/ajax-loader-2x.gif\" border=0 \/><\/p>\n<div class=\"pvc_clear\"><\/div>\n","protected":false},"author":1,"featured_media":0,"parent":0,"menu_order":0,"comment_status":"open","ping_status":"open","template":"","meta":{"ngg_post_thumbnail":0,"footnotes":"","_links_to":"","_links_to_target":""},"class_list":["post-154","page","type-page","status-publish","hentry"],"_links":{"self":[{"href":"https:\/\/sg-gueterfelde.de\/index.php?rest_route=\/wp\/v2\/pages\/154","targetHints":{"allow":["GET"]}}],"collection":[{"href":"https:\/\/sg-gueterfelde.de\/index.php?rest_route=\/wp\/v2\/pages"}],"about":[{"href":"https:\/\/sg-gueterfelde.de\/index.php?rest_route=\/wp\/v2\/types\/page"}],"author":[{"embeddable":true,"href":"https:\/\/sg-gueterfelde.de\/index.php?rest_route=\/wp\/v2\/users\/1"}],"replies":[{"embeddable":true,"href":"https:\/\/sg-gueterfelde.de\/index.php?rest_route=%2Fwp%2Fv2%2Fcomments&post=154"}],"version-history":[{"count":4,"href":"https:\/\/sg-gueterfelde.de\/index.php?rest_route=\/wp\/v2\/pages\/154\/revisions"}],"predecessor-version":[{"id":1290,"href":"https:\/\/sg-gueterfelde.de\/index.php?rest_route=\/wp\/v2\/pages\/154\/revisions\/1290"}],"wp:attachment":[{"href":"https:\/\/sg-gueterfelde.de\/index.php?rest_route=%2Fwp%2Fv2%2Fmedia&parent=154"}],"curies":[{"name":"wp","href":"https:\/\/api.w.org\/{rel}","templated":true}]}}