{"id":251,"date":"2015-02-14T10:16:19","date_gmt":"2015-02-14T10:16:19","guid":{"rendered":"http:\/\/sg-gueterfelde.de\/?page_id=251"},"modified":"2015-02-14T10:22:40","modified_gmt":"2015-02-14T10:22:40","slug":"langjaehrige-mitgliedschaften","status":"publish","type":"page","link":"https:\/\/sg-gueterfelde.de\/?page_id=251","title":{"rendered":"Langj\u00e4hrige Mitgliedschaften"},"content":{"rendered":"<h2><span style=\"font-size: 14pt;\">von 10, 25, 40, 50, 60, 65 Jahren im Jahr 2015<\/span><\/h2>\n<p>Zahlreiche Sportfreundinnen und Sportfreunde sind seit vielen Jahren Mitglieder der Sportgemeinschaft G\u00fcterfelde 1910 e.V.<\/p>\n<p>Wir freuen uns sehr dar\u00fcber und bedanken uns f\u00fcr diese Treue. Zur Jahreshauptversammlung, wo wir alle zusammenkommen, wollen wir ihnen unsere Anerkennung aussprechen.<\/p>\n<p>Hier schon einmal ein kurzer \u00dcberblick:<\/p>\n<h3>Mitgliedschaft seit 10 Jahren:<\/h3>\n<p>Karin Doring, Ingrid Gondkowski, Gerda Krause, Edith Marticke, Ingeborg M\u00fcller, Gertrud Rehfeld, Angelika Riemann, Charlotte Schulze, Luise Schwanke, Sieglinde Sprzagala, Rosemarie St\u00fcrmer, Lieselotte Wernitz, Christa Zinnow, Beate Herzog<\/p>\n<h3>Mitgliedschaft seit 25 Jahren:<\/h3>\n<p>Inge Rahmel<\/p>\n<h3>Mitgliedschaft seit 40 Jahren:<\/h3>\n<p>Marlies Huckshold<\/p>\n<h3>Mitgliedschaft seit 50 Jahren:<\/h3>\n<p>Veronika Lange<\/p>\n<h3>Mitgliedschaft seit 60 Jahren:<\/h3>\n<p>J\u00fcrgen Hitschke, Gerhard Bongers<\/p>\n<h3>Mitgliedschaft seit 65 Jahren:<\/h3>\n<p>Gerhard M\u00fcller, G\u00fcnther M\u00fcller, Wolfgang Ihlefeldt<\/p>\n<p>Wir, der Vorstand der SG, gratulieren herzlich zu diesem Ereignis.<\/p>\n<div class=\"pvc_clear\"><\/div>\n<p id=\"pvc_stats_251\" class=\"pvc_stats all  \" data-element-id=\"251\" style=\"\"><i class=\"pvc-stats-icon small\" aria-hidden=\"true\"><svg aria-hidden=\"true\" focusable=\"false\" data-prefix=\"far\" data-icon=\"chart-bar\" role=\"img\" xmlns=\"http:\/\/www.w3.org\/2000\/svg\" viewBox=\"0 0 512 512\" class=\"svg-inline--fa fa-chart-bar fa-w-16 fa-2x\"><path fill=\"currentColor\" d=\"M396.8 352h22.4c6.4 0 12.8-6.4 12.8-12.8V108.8c0-6.4-6.4-12.8-12.8-12.8h-22.4c-6.4 0-12.8 6.4-12.8 12.8v230.4c0 6.4 6.4 12.8 12.8 12.8zm-192 0h22.4c6.4 0 12.8-6.4 12.8-12.8V140.8c0-6.4-6.4-12.8-12.8-12.8h-22.4c-6.4 0-12.8 6.4-12.8 12.8v198.4c0 6.4 6.4 12.8 12.8 12.8zm96 0h22.4c6.4 0 12.8-6.4 12.8-12.8V204.8c0-6.4-6.4-12.8-12.8-12.8h-22.4c-6.4 0-12.8 6.4-12.8 12.8v134.4c0 6.4 6.4 12.8 12.8 12.8zM496 400H48V80c0-8.84-7.16-16-16-16H16C7.16 64 0 71.16 0 80v336c0 17.67 14.33 32 32 32h464c8.84 0 16-7.16 16-16v-16c0-8.84-7.16-16-16-16zm-387.2-48h22.4c6.4 0 12.8-6.4 12.8-12.8v-70.4c0-6.4-6.4-12.8-12.8-12.8h-22.4c-6.4 0-12.8 6.4-12.8 12.8v70.4c0 6.4 6.4 12.8 12.8 12.8z\" class=\"\"><\/path><\/svg><\/i> <img loading=\"lazy\" decoding=\"async\" width=\"16\" height=\"16\" alt=\"Loading\" src=\"https:\/\/sg-gueterfelde.de\/wp-content\/plugins\/page-views-count\/ajax-loader-2x.gif\" border=0 \/><\/p>\n<div class=\"pvc_clear\"><\/div>\n","protected":false},"excerpt":{"rendered":"<p>von 10, 25, 40, 50, 60, 65 Jahren im Jahr 2015 Zahlreiche Sportfreundinnen und Sportfreunde sind seit vielen Jahren Mitglieder der Sportgemeinschaft G\u00fcterfelde 1910 e.V. Wir freuen uns sehr dar\u00fcber und bedanken uns f\u00fcr diese Treue. Zur Jahreshauptversammlung, wo wir alle zusammenkommen, wollen wir ihnen unsere Anerkennung aussprechen. Hier schon einmal ein kurzer \u00dcberblick: Mitgliedschaft <span class=\"ellipsis\">&hellip;<\/span> <span class=\"more-link-wrap\"><a href=\"https:\/\/sg-gueterfelde.de\/?page_id=251\" class=\"more-link\"><span>Read More &rarr;<\/span><\/a><\/span><\/p>\n<div class=\"pvc_clear\"><\/div>\n<p id=\"pvc_stats_251\" class=\"pvc_stats all  \" data-element-id=\"251\" style=\"\"><i class=\"pvc-stats-icon small\" aria-hidden=\"true\"><svg aria-hidden=\"true\" focusable=\"false\" data-prefix=\"far\" data-icon=\"chart-bar\" role=\"img\" xmlns=\"http:\/\/www.w3.org\/2000\/svg\" viewBox=\"0 0 512 512\" class=\"svg-inline--fa fa-chart-bar fa-w-16 fa-2x\"><path fill=\"currentColor\" d=\"M396.8 352h22.4c6.4 0 12.8-6.4 12.8-12.8V108.8c0-6.4-6.4-12.8-12.8-12.8h-22.4c-6.4 0-12.8 6.4-12.8 12.8v230.4c0 6.4 6.4 12.8 12.8 12.8zm-192 0h22.4c6.4 0 12.8-6.4 12.8-12.8V140.8c0-6.4-6.4-12.8-12.8-12.8h-22.4c-6.4 0-12.8 6.4-12.8 12.8v198.4c0 6.4 6.4 12.8 12.8 12.8zm96 0h22.4c6.4 0 12.8-6.4 12.8-12.8V204.8c0-6.4-6.4-12.8-12.8-12.8h-22.4c-6.4 0-12.8 6.4-12.8 12.8v134.4c0 6.4 6.4 12.8 12.8 12.8zM496 400H48V80c0-8.84-7.16-16-16-16H16C7.16 64 0 71.16 0 80v336c0 17.67 14.33 32 32 32h464c8.84 0 16-7.16 16-16v-16c0-8.84-7.16-16-16-16zm-387.2-48h22.4c6.4 0 12.8-6.4 12.8-12.8v-70.4c0-6.4-6.4-12.8-12.8-12.8h-22.4c-6.4 0-12.8 6.4-12.8 12.8v70.4c0 6.4 6.4 12.8 12.8 12.8z\" class=\"\"><\/path><\/svg><\/i> <img loading=\"lazy\" decoding=\"async\" width=\"16\" height=\"16\" alt=\"Loading\" src=\"https:\/\/sg-gueterfelde.de\/wp-content\/plugins\/page-views-count\/ajax-loader-2x.gif\" border=0 \/><\/p>\n<div class=\"pvc_clear\"><\/div>\n","protected":false},"author":1,"featured_media":0,"parent":0,"menu_order":0,"comment_status":"open","ping_status":"open","template":"","meta":{"ngg_post_thumbnail":0,"footnotes":"","_links_to":"","_links_to_target":""},"class_list":["post-251","page","type-page","status-publish","hentry"],"_links":{"self":[{"href":"https:\/\/sg-gueterfelde.de\/index.php?rest_route=\/wp\/v2\/pages\/251","targetHints":{"allow":["GET"]}}],"collection":[{"href":"https:\/\/sg-gueterfelde.de\/index.php?rest_route=\/wp\/v2\/pages"}],"about":[{"href":"https:\/\/sg-gueterfelde.de\/index.php?rest_route=\/wp\/v2\/types\/page"}],"author":[{"embeddable":true,"href":"https:\/\/sg-gueterfelde.de\/index.php?rest_route=\/wp\/v2\/users\/1"}],"replies":[{"embeddable":true,"href":"https:\/\/sg-gueterfelde.de\/index.php?rest_route=%2Fwp%2Fv2%2Fcomments&post=251"}],"version-history":[{"count":7,"href":"https:\/\/sg-gueterfelde.de\/index.php?rest_route=\/wp\/v2\/pages\/251\/revisions"}],"predecessor-version":[{"id":258,"href":"https:\/\/sg-gueterfelde.de\/index.php?rest_route=\/wp\/v2\/pages\/251\/revisions\/258"}],"wp:attachment":[{"href":"https:\/\/sg-gueterfelde.de\/index.php?rest_route=%2Fwp%2Fv2%2Fmedia&parent=251"}],"curies":[{"name":"wp","href":"https:\/\/api.w.org\/{rel}","templated":true}]}}