{"id":344,"date":"2015-04-23T11:07:55","date_gmt":"2015-04-23T11:07:55","guid":{"rendered":"http:\/\/sg-gueterfelde.de\/?page_id=344"},"modified":"2015-04-23T11:31:27","modified_gmt":"2015-04-23T11:31:27","slug":"jhv-2015-zusammenfassender-bericht","status":"publish","type":"page","link":"https:\/\/sg-gueterfelde.de\/?page_id=344","title":{"rendered":"JHV 2015 Zusammenfassender Bericht"},"content":{"rendered":"<p align=\"JUSTIFY\"><a href=\"https:\/\/sg-gueterfelde.de\/wp-content\/uploads\/2015\/04\/jhv_2015.jpg\"><img loading=\"lazy\" decoding=\"async\" class=\"aligncenter size-full wp-image-345\" src=\"https:\/\/sg-gueterfelde.de\/wp-content\/uploads\/2015\/04\/jhv_2015.jpg\" alt=\"jhv_2015\" width=\"500\" height=\"354\" srcset=\"https:\/\/sg-gueterfelde.de\/wp-content\/uploads\/2015\/04\/jhv_2015.jpg 500w, https:\/\/sg-gueterfelde.de\/wp-content\/uploads\/2015\/04\/jhv_2015-300x212.jpg 300w\" sizes=\"auto, (max-width: 500px) 100vw, 500px\" \/><\/a><\/p>\n<p align=\"JUSTIFY\"><span style=\"font-family: Arial,serif;\"><span style=\"font-size: medium;\">Zur j\u00e4hrlichen Mitgliederversammlung am 21. M\u00e4rz waren alle aktiven und passiven Mitglieder der Sportgemeinschaft eingeladen, um sich \u00fcber die geleistete Arbeit des letzten Jahres, \u00fcber die erreichten Ergebnisse, \u00fcber die H\u00f6hepunkte und Veranstaltungen und die k\u00fcnftigen Vorhaben nochmals im \u00dcberblick zu informieren. <\/span><\/span><\/p>\n<p align=\"JUSTIFY\"><span style=\"font-family: Arial,serif;\"><span style=\"font-size: medium;\">Der Rechenschaftsbericht der Vorsitzenden und die Berichte der \u00dcbungs- und Abteilungsleiter-\/innen erm\u00f6glichten den 51 Teilnehmenden einen differenzierten Einblick in das vielf\u00e4ltige Leben der Sportgemeinschaft. Diese liegen auch ausf\u00fchrlich als Dokumentation und zum Nachlesen auf der Webseite vor. <\/span><\/span><\/p>\n<p align=\"JUSTIFY\"><span style=\"font-family: Arial,serif;\"><span style=\"font-size: medium;\">Dar\u00fcber hinaus weckte die kleine Brosch\u00fcre \u201eFotoimpressionen aus dem Leben unserer Sportgemeinschaft im Jahr 2014\u201c, die auf den Tischen ausgelegt war, lebhafte und freudige Erinnerungen an sportliche und gemeinschaftliche Erlebnisse und H\u00f6hepunkte, zu denen man sich nochmals miteinander austauschen konnte.<\/span><\/span><\/p>\n<p align=\"JUSTIFY\"><span style=\"font-family: Arial,serif;\"><span style=\"font-size: medium;\">Die Aufgaben, die sich der Vorstand f\u00fcr das Jahr gestellt hatte, wurden erfolgreich und zielorientiert umgesetzt.<\/span><\/span><\/p>\n<p align=\"JUSTIFY\"><span style=\"font-family: Arial,serif;\"><span style=\"font-size: medium;\">Dazu geh\u00f6ren z.B. folgende Ma\u00dfnahmen, \u00fcber die berichtet wurde:<\/span><\/span><\/p>\n<ul>\n<li>\n<p align=\"JUSTIFY\"><span style=\"font-family: Arial,serif;\"><span style=\"font-size: medium;\">Die Sportgemeinschaft hat eine erneuerte Satzung und Beitragsordnung. Eine Webseite\/Homepage wurde neu eingerichtet. Diese wird zunehmend genutzt und hatte in den ersten M\u00e4rzwochen bereits 89 Besucher. <\/span><\/span><\/p>\n<\/li>\n<li>\n<p align=\"JUSTIFY\"><span style=\"font-family: Arial,serif;\"><span style=\"font-size: medium;\">Die \u00dcbungsleiter-\/innen haben mit Beginn des neuen Jahres Vertr\u00e4ge und erhalten eine \u00dcbungsleiterpauschale.<\/span><\/span><\/p>\n<\/li>\n<li>\n<p align=\"JUSTIFY\"><span style=\"font-family: Arial,serif;\"><span style=\"font-size: medium;\">Sportliche Veranstaltungen, insbesondere das Pfingstturnier auf dem Sportplatz G\u00fcterfelde mit den Handballern und Fu\u00dfballern, wurde sehr gut durch die Mannschaften organisiert und von G\u00e4sten gut besucht. Der Turniersieg ging an die G\u00fcterfelder Handballer.<\/span><\/span><\/p>\n<\/li>\n<li>\n<p align=\"JUSTIFY\"><span style=\"font-family: Arial,serif;\"><span style=\"font-size: medium;\">Auch die kulturellen und geselligen Veranstaltungen, wie das Pfingstkonzert, das Sommerfest, die Weihnachtsfeier f\u00fcr die Passiven waren gut gelungen und fanden positive Resonanz. <\/span><\/span><\/p>\n<\/li>\n<\/ul>\n<p align=\"JUSTIFY\"><span style=\"font-family: Arial,serif;\"><span style=\"font-size: medium;\">In der Mitgliederversammlung konnten 22 Sportfreundinnen und &#8211; freunde f\u00fcr ihre langj\u00e4hrigen Mitgliedschaften geehrt werden. Weitere neun erhielten Anerkennun-gen f\u00fcr ihre engagierte Unterst\u00fctzung der SG.<\/span><\/span><\/p>\n<p align=\"JUSTIFY\"><span style=\"font-family: Arial,serif;\"><span style=\"font-size: medium;\">Zur insgesamt angenehmen Atmosph\u00e4re der Veranstaltung in dem gut vorbereiteten Sitzungssaal der Gemeindeverwaltung Stahnsdorf trug auch bei, dass es neben Getr\u00e4nken auch von Mitgliedern vorbereiteten Kaffee, Kuchen und Br\u00f6tchen gab und Zeit f\u00fcr Gespr\u00e4che miteinander im Rahmen der dreist\u00fcndigen Veranstaltung gegeben war. <\/span><\/span><\/p>\n<p align=\"JUSTIFY\"><span style=\"font-family: Arial,serif;\"><i>Elvira Waldmann, Vorsitzende der SG<\/i><\/span><\/p>\n<p align=\"JUSTIFY\"><a href=\"https:\/\/sg-gueterfelde.de\/wp-content\/uploads\/2015\/04\/jhv_2015_1.jpg\"><img loading=\"lazy\" decoding=\"async\" class=\"aligncenter size-full wp-image-346\" src=\"https:\/\/sg-gueterfelde.de\/wp-content\/uploads\/2015\/04\/jhv_2015_1.jpg\" alt=\"jhv_2015_1\" width=\"500\" height=\"354\" srcset=\"https:\/\/sg-gueterfelde.de\/wp-content\/uploads\/2015\/04\/jhv_2015_1.jpg 500w, https:\/\/sg-gueterfelde.de\/wp-content\/uploads\/2015\/04\/jhv_2015_1-300x212.jpg 300w\" sizes=\"auto, (max-width: 500px) 100vw, 500px\" \/><\/a><\/p>\n<p align=\"JUSTIFY\"><a href=\"https:\/\/sg-gueterfelde.de\/wp-content\/uploads\/2015\/04\/sgg_jhv_zusammenfassung.pdf\">Zusammenfassender Bericht der Jahreshauptversammlung 2015 als Pdf<\/a><\/p>\n<div class=\"pvc_clear\"><\/div>\n<p id=\"pvc_stats_344\" class=\"pvc_stats all  \" data-element-id=\"344\" style=\"\"><i class=\"pvc-stats-icon small\" aria-hidden=\"true\"><svg aria-hidden=\"true\" focusable=\"false\" data-prefix=\"far\" data-icon=\"chart-bar\" role=\"img\" xmlns=\"http:\/\/www.w3.org\/2000\/svg\" viewBox=\"0 0 512 512\" class=\"svg-inline--fa fa-chart-bar fa-w-16 fa-2x\"><path fill=\"currentColor\" d=\"M396.8 352h22.4c6.4 0 12.8-6.4 12.8-12.8V108.8c0-6.4-6.4-12.8-12.8-12.8h-22.4c-6.4 0-12.8 6.4-12.8 12.8v230.4c0 6.4 6.4 12.8 12.8 12.8zm-192 0h22.4c6.4 0 12.8-6.4 12.8-12.8V140.8c0-6.4-6.4-12.8-12.8-12.8h-22.4c-6.4 0-12.8 6.4-12.8 12.8v198.4c0 6.4 6.4 12.8 12.8 12.8zm96 0h22.4c6.4 0 12.8-6.4 12.8-12.8V204.8c0-6.4-6.4-12.8-12.8-12.8h-22.4c-6.4 0-12.8 6.4-12.8 12.8v134.4c0 6.4 6.4 12.8 12.8 12.8zM496 400H48V80c0-8.84-7.16-16-16-16H16C7.16 64 0 71.16 0 80v336c0 17.67 14.33 32 32 32h464c8.84 0 16-7.16 16-16v-16c0-8.84-7.16-16-16-16zm-387.2-48h22.4c6.4 0 12.8-6.4 12.8-12.8v-70.4c0-6.4-6.4-12.8-12.8-12.8h-22.4c-6.4 0-12.8 6.4-12.8 12.8v70.4c0 6.4 6.4 12.8 12.8 12.8z\" class=\"\"><\/path><\/svg><\/i> <img loading=\"lazy\" decoding=\"async\" width=\"16\" height=\"16\" alt=\"Loading\" src=\"https:\/\/sg-gueterfelde.de\/wp-content\/plugins\/page-views-count\/ajax-loader-2x.gif\" border=0 \/><\/p>\n<div class=\"pvc_clear\"><\/div>\n","protected":false},"excerpt":{"rendered":"<p>Zur j\u00e4hrlichen Mitgliederversammlung am 21. M\u00e4rz waren alle aktiven und passiven Mitglieder der Sportgemeinschaft eingeladen, um sich \u00fcber die geleistete Arbeit des letzten Jahres, \u00fcber die erreichten Ergebnisse, \u00fcber die H\u00f6hepunkte und Veranstaltungen und die k\u00fcnftigen Vorhaben nochmals im \u00dcberblick zu informieren. Der Rechenschaftsbericht der Vorsitzenden und die Berichte der \u00dcbungs- und Abteilungsleiter-\/innen erm\u00f6glichten den <span class=\"ellipsis\">&hellip;<\/span> <span class=\"more-link-wrap\"><a href=\"https:\/\/sg-gueterfelde.de\/?page_id=344\" class=\"more-link\"><span>Read More &rarr;<\/span><\/a><\/span><\/p>\n<div class=\"pvc_clear\"><\/div>\n<p id=\"pvc_stats_344\" class=\"pvc_stats all  \" data-element-id=\"344\" style=\"\"><i class=\"pvc-stats-icon small\" aria-hidden=\"true\"><svg aria-hidden=\"true\" focusable=\"false\" data-prefix=\"far\" data-icon=\"chart-bar\" role=\"img\" xmlns=\"http:\/\/www.w3.org\/2000\/svg\" viewBox=\"0 0 512 512\" class=\"svg-inline--fa fa-chart-bar fa-w-16 fa-2x\"><path fill=\"currentColor\" d=\"M396.8 352h22.4c6.4 0 12.8-6.4 12.8-12.8V108.8c0-6.4-6.4-12.8-12.8-12.8h-22.4c-6.4 0-12.8 6.4-12.8 12.8v230.4c0 6.4 6.4 12.8 12.8 12.8zm-192 0h22.4c6.4 0 12.8-6.4 12.8-12.8V140.8c0-6.4-6.4-12.8-12.8-12.8h-22.4c-6.4 0-12.8 6.4-12.8 12.8v198.4c0 6.4 6.4 12.8 12.8 12.8zm96 0h22.4c6.4 0 12.8-6.4 12.8-12.8V204.8c0-6.4-6.4-12.8-12.8-12.8h-22.4c-6.4 0-12.8 6.4-12.8 12.8v134.4c0 6.4 6.4 12.8 12.8 12.8zM496 400H48V80c0-8.84-7.16-16-16-16H16C7.16 64 0 71.16 0 80v336c0 17.67 14.33 32 32 32h464c8.84 0 16-7.16 16-16v-16c0-8.84-7.16-16-16-16zm-387.2-48h22.4c6.4 0 12.8-6.4 12.8-12.8v-70.4c0-6.4-6.4-12.8-12.8-12.8h-22.4c-6.4 0-12.8 6.4-12.8 12.8v70.4c0 6.4 6.4 12.8 12.8 12.8z\" class=\"\"><\/path><\/svg><\/i> <img loading=\"lazy\" decoding=\"async\" width=\"16\" height=\"16\" alt=\"Loading\" src=\"https:\/\/sg-gueterfelde.de\/wp-content\/plugins\/page-views-count\/ajax-loader-2x.gif\" border=0 \/><\/p>\n<div class=\"pvc_clear\"><\/div>\n","protected":false},"author":1,"featured_media":0,"parent":0,"menu_order":0,"comment_status":"closed","ping_status":"open","template":"","meta":{"ngg_post_thumbnail":0,"footnotes":"","_links_to":"","_links_to_target":""},"class_list":["post-344","page","type-page","status-publish","hentry"],"_links":{"self":[{"href":"https:\/\/sg-gueterfelde.de\/index.php?rest_route=\/wp\/v2\/pages\/344","targetHints":{"allow":["GET"]}}],"collection":[{"href":"https:\/\/sg-gueterfelde.de\/index.php?rest_route=\/wp\/v2\/pages"}],"about":[{"href":"https:\/\/sg-gueterfelde.de\/index.php?rest_route=\/wp\/v2\/types\/page"}],"author":[{"embeddable":true,"href":"https:\/\/sg-gueterfelde.de\/index.php?rest_route=\/wp\/v2\/users\/1"}],"replies":[{"embeddable":true,"href":"https:\/\/sg-gueterfelde.de\/index.php?rest_route=%2Fwp%2Fv2%2Fcomments&post=344"}],"version-history":[{"count":3,"href":"https:\/\/sg-gueterfelde.de\/index.php?rest_route=\/wp\/v2\/pages\/344\/revisions"}],"predecessor-version":[{"id":352,"href":"https:\/\/sg-gueterfelde.de\/index.php?rest_route=\/wp\/v2\/pages\/344\/revisions\/352"}],"wp:attachment":[{"href":"https:\/\/sg-gueterfelde.de\/index.php?rest_route=%2Fwp%2Fv2%2Fmedia&parent=344"}],"curies":[{"name":"wp","href":"https:\/\/api.w.org\/{rel}","templated":true}]}}