{"id":39,"date":"2014-11-17T17:53:56","date_gmt":"2014-11-17T17:53:56","guid":{"rendered":"http:\/\/sg-gueterfelde.de\/?page_id=39"},"modified":"2026-02-27T12:17:04","modified_gmt":"2026-02-27T11:17:04","slug":"wirueberuns","status":"publish","type":"page","link":"https:\/\/sg-gueterfelde.de\/?page_id=39","title":{"rendered":"Aktivit\u00e4ten\/Termine"},"content":{"rendered":"<ul class=\"wp-block-latest-posts__list has-dates wp-block-latest-posts\"><li><a class=\"wp-block-latest-posts__post-title\" href=\"https:\/\/sg-gueterfelde.de\/?p=1514\">Jahreshauptversammlung 2026<\/a><time datetime=\"2026-02-27T11:59:18+01:00\" class=\"wp-block-latest-posts__post-date\">Februar 27, 2026<\/time><div class=\"wp-block-latest-posts__post-excerpt\">Alle Mitglieder (und ggf. deren gesetzliche Vertreter) sind herzlich zur Jahreshauptversammlung der Sportgemeinschaft am 21.03.2026 ab 14:30 Uhr in die Turnhalle G\u00fcterfelde eingeladen. Es ist auch eine gute Gelegenheit Verein und Mitglieder besser kennenzulernen. Im Anhang die Einladung des Vorstandes. Einladung_JHV_21 M\u00e4rz 2026<\/div><\/li>\n<li><a class=\"wp-block-latest-posts__post-title\" href=\"https:\/\/sg-gueterfelde.de\/?p=1502\">Teilnahme Weihnachtsmarkt am B\u00fcrgerhaus am 29.11.2025<\/a><time datetime=\"2025-11-17T22:37:03+01:00\" class=\"wp-block-latest-posts__post-date\">November 17, 2025<\/time><div class=\"wp-block-latest-posts__post-excerpt\">Zum Beginn der Weihnachtszeit beteiligen wir uns am Wochenende des ersten Advents am Weihnachtsmarkt. Im Garten am B\u00fcrgerhaus werden Adventsgestecke verkauft, G\u00fcterfelder Vereine beisammen sich pr\u00e4sentieren, f\u00fcr Speis und Trank sorgen.\u00a0 Samstag 29.11.2025 Es gibt gem\u00fctliche Lagerfeuer, Unterhaltung f\u00fcr Gro\u00df und Klein. Der Eintritt ist frei.<\/div><\/li>\n<li><a class=\"wp-block-latest-posts__post-title\" href=\"https:\/\/sg-gueterfelde.de\/?p=1491\">Einladung Pfingstkonzert am 9. Juni 2025<\/a><time datetime=\"2025-05-12T21:35:57+02:00\" class=\"wp-block-latest-posts__post-date\">Mai 12, 2025<\/time><div class=\"wp-block-latest-posts__post-excerpt\">Auch dieses Jahr planen wir ein Konzert zu Pfingsten. Wir freuen uns auch dieses Jahr wieder im bekannten Format durchf\u00fchren zu k\u00f6nnen. F\u00fcr Speis und Getr\u00e4nk wird gesorgt.<\/div><\/li>\n<li><a class=\"wp-block-latest-posts__post-title\" href=\"https:\/\/sg-gueterfelde.de\/?p=1487\">Einladung zur Jahreshauptversammlung 2025<\/a><time datetime=\"2025-03-06T13:23:26+01:00\" class=\"wp-block-latest-posts__post-date\">M\u00e4rz 6, 2025<\/time><div class=\"wp-block-latest-posts__post-excerpt\">Alle Mitglieder (und ggf. deren gesetzliche Vertreter) sind herzlich zur Jahreshauptversammlung der Sportgemeinschaft eingeladen. Es ist auch eine gute Gelegenheit Verein und Mitglieder besser kennenzulernen. Im Anhang die Einladung des Vorstandes.<\/div><\/li>\n<li><a class=\"wp-block-latest-posts__post-title\" href=\"https:\/\/sg-gueterfelde.de\/?p=1483\">Teilnahme Weihnachtsmarkt am B\u00fcrgerhaus<\/a><time datetime=\"2024-11-22T13:56:12+01:00\" class=\"wp-block-latest-posts__post-date\">November 22, 2024<\/time><div class=\"wp-block-latest-posts__post-excerpt\">Zum Beginn der Weihnachtszeit beteiligen wir uns am Wochenende des ersten Advents am Weihnachtsmarkt. Im Garten am B\u00fcrgerhaus werden G\u00fcterfelder Vereine beisammen sich pr\u00e4sentieren, f\u00fcr Speis und Trank sorgen. Samstag 30.11.2024 Es gibt gem\u00fctliche Lagerfeuer, Unterhaltung f\u00fcr Gro\u00df und Klein. Der Eintritt ist frei.<\/div><\/li>\n<\/ul>\n\n\n<h1>Termine<\/h1>\n<p>Traditionell haben wir\u00a0<\/p>\n<ul>\n<li>Osterfeuer<\/li>\n<li>Pfingstkonzert<\/li>\n<li><a href=\"https:\/\/sg-gueterfelde.de\/?page_id=1406\">Sommerfest<\/a><\/li>\n<li>Weihnachtsmarkt<\/li>\n<\/ul>\n<p><strong><span style=\"font-size: 12px; font-family: verdana, geneva, sans-serif;\"><a href=\"https:\/\/sg-gueterfelde.de\/?page_id=225\">\u00dcbersicht Termine<\/a><\/span><\/strong><\/p>\n<h1><span style=\"color: revert; font-size: revert; font-weight: revert;\">Aktuelle Vorhaben\/Planung<\/span><\/h1>\n<ul>\n<li>Arbeitseinsatz auf unserem Sportplatz am 28.02.2026<\/li>\n<li>Osterfeuer 4.4.2026<\/li>\n<li>Pfingstkonzert 25.05.2026<\/li>\n<li>Sommerfest 11.07.2026<\/li>\n<li>November Weihnachtsfeier-Passive Mitglieder<\/li>\n<li>Weihnachtsmarkt am B\u00fcrgerhaus 28.11.2026<\/li>\n<\/ul>\n<hr \/>\n<h1 class=\"wp-block-heading\">Mitteilung\/Berichte<\/h1>\n\n\n<h2>Das Jahr 2025<\/h2>\n<ul>\n<li>Weihnachtsfeier der (passiven) Mitglieder<\/li>\n<li><a class=\"wp-block-latest-posts__post-title\" href=\"https:\/\/sg-gueterfelde.de\/?p=1502\">Weihnachtsmarkt am B\u00fcrgerhaus am 29.11.2025<\/a>Zum Beginn der Weihnachtszeit beteiligten wir uns am Wochenende des ersten Advents am Weihnachtsmarkt. Im Garten am B\u00fcrgerhaus wurden Adventsgestecke verkauft, G\u00fcterfelder Vereine pr\u00e4sentierten sich beisammen und sorgten f\u00fcr Speis und Trank.\u00a0 Es gab gem\u00fctliche Lagerfeuer, Unterhaltung f\u00fcr Gro\u00df und Klein.\u00a0<\/li>\n<li><a href=\"https:\/\/sg-gueterfelde.de\/?p=1369\">Sommerfest der SG am 20.06.2025<\/a> im B\u00fcrgerhaus-Garten<\/li>\n<li><a class=\"wp-block-latest-posts__post-title\" href=\"https:\/\/sg-gueterfelde.de\/?p=1491\">Pfingstkonzert am 9. Juni 2025<\/a>Auch dieses Jahr gab es das traditionelle Konzert zu Pfingsten, das gut besucht wurde. Wir sorgten f\u00fcr Speisen und Getr\u00e4nke.<\/li>\n<li><a class=\"wp-block-latest-posts__post-title\" href=\"https:\/\/sg-gueterfelde.de\/?p=1487\">Jahreshauptversammlung 2025<\/a><\/li>\n<li>Fest am B\u00fcrgerhaus zum Osterfeuer<\/li>\n<li>Arbeitseinsatz auf dem Sportplatz<\/li>\n<\/ul>\n<h2>Das Jahr 2024<\/h2>\n<ul>\n<li>23. M\u00e4rz Jahreshauptversammlung der SG mit Wahl des Vorstandes (<a href=\"https:\/\/sg-gueterfelde.de\/?p=1260\">Einladung)<\/a><\/li>\n<li>20. Mai <a href=\"https:\/\/sg-gueterfelde.de\/?p=1347\">Pfingstkonzert<\/a> (<a href=\"https:\/\/sg-gueterfelde.de\/?p=1326\">Einladung<\/a>)<\/li>\n<\/ul>\n<h2>Das Jahr 2023<\/h2>\n<ul>\n<li>Fest am B\u00fcrgerhaus zum Osterfeuer<\/li>\n<li>Pfingstkonzert bei gutem Wetter (Einladung)<\/li>\n<li><a href=\"https:\/\/sg-gueterfelde.de\/?p=1376\">Sommerfest der Sportgemeinschaft<\/a><\/li>\n<li>Weihnachtsfeier der (passiven) Mitglieder<\/li>\n<li>Weihnachtsmarkt<\/li>\n<li>Lichterfest auf dem Sportplatz<\/li>\n<li>Baumschm\u00fccken in G\u00fcterfelde<\/li>\n<\/ul>\n<h2>Das Jahr 2022<\/h2>\n<ul>\n<li><a href=\"https:\/\/sg-gueterfelde.de\/?page_id=1108\">Osterfeuer 2022<\/a><\/li>\n<li><a href=\"https:\/\/sg-gueterfelde.de\/?page_id=688\">Sommerfest 2022<\/a><\/li>\n<\/ul>\n<h2>Das Jahr 2019<\/h2>\n<ul>\n<li><a href=\"https:\/\/sg-gueterfelde.de\/?page_id=1088\">Bericht Weihnachtsfeier Frauenpower 2019<\/a><\/li>\n<li><a href=\"https:\/\/sg-gueterfelde.de\/?page_id=1070\">Bericht zum lebendigen Adventskalender 2019<\/a><\/li>\n<li><a href=\"https:\/\/sg-gueterfelde.de\/?page_id=1070\">Bericht zum Pfingstturnier 2019<\/a><\/li>\n<li><a href=\"https:\/\/sg-gueterfelde.de\/?page_id=1062\">Bericht \u00fcber das Pfingstkonzert 2019<\/a><\/li>\n<li><a href=\"https:\/\/sg-gueterfelde.de\/?page_id=688\">Einladung zum Sommerfest 2019<\/a><\/li>\n<li><a href=\"https:\/\/sg-gueterfelde.de\/?page_id=681\">Einladung zu den Pfingstveranstaltungen<\/a><\/li>\n<\/ul>\n<p><span style=\"font-family: verdana,geneva; font-size: 12px;\"><span style=\"font-family: verdana, geneva, sans-serif;\">F\u00fcr die Bew\u00e4sserung des Sportplatzes hat der Vorstand der SG einen Brunnen beantragt. Das Anliegen wurde in der Verwaltung im Gespr\u00e4ch mit dem B\u00fcrgermeister und Mitarbeitern vorgetragen. Es fand Verst\u00e4ndnis und wird unterst\u00fctzt werden.<\/span><\/span><\/p>\n<p><a href=\"https:\/\/sg-gueterfelde.de\/wp-content\/uploads\/2014\/11\/sgg_brunnen.jpg\"><img loading=\"lazy\" decoding=\"async\" class=\"aligncenter size-full wp-image-1010\" src=\"https:\/\/sg-gueterfelde.de\/wp-content\/uploads\/2014\/11\/sgg_brunnen.jpg\" alt=\"\" width=\"750\" height=\"422\" srcset=\"https:\/\/sg-gueterfelde.de\/wp-content\/uploads\/2014\/11\/sgg_brunnen.jpg 750w, https:\/\/sg-gueterfelde.de\/wp-content\/uploads\/2014\/11\/sgg_brunnen-300x169.jpg 300w\" sizes=\"auto, (max-width: 750px) 100vw, 750px\" \/><\/a> <a href=\"https:\/\/sg-gueterfelde.de\/wp-content\/uploads\/2014\/11\/sgg_brunnen_2.jpg\"><img loading=\"lazy\" decoding=\"async\" class=\"aligncenter size-full wp-image-1009\" src=\"https:\/\/sg-gueterfelde.de\/wp-content\/uploads\/2014\/11\/sgg_brunnen_2.jpg\" alt=\"\" width=\"422\" height=\"750\" srcset=\"https:\/\/sg-gueterfelde.de\/wp-content\/uploads\/2014\/11\/sgg_brunnen_2.jpg 422w, https:\/\/sg-gueterfelde.de\/wp-content\/uploads\/2014\/11\/sgg_brunnen_2-169x300.jpg 169w\" sizes=\"auto, (max-width: 422px) 100vw, 422px\" \/><\/a><\/p>\n<h2>Das Jahr 2018<\/h2>\n<hr \/>\n<ul>\n<li>\n<p><a href=\"https:\/\/sg-gueterfelde.de\/?page_id=1024\">Einladung zur Weihnachstfeier passiver Mitglieder<\/a><\/p>\n<\/li>\n<li>\n<p><a href=\"https:\/\/sg-gueterfelde.de\/?page_id=1015\">Bericht zum Sommerfest 2018<\/a><\/p>\n<\/li>\n<li>\n<p>Seit diesem Sommer gibt es, eine neue Basketballanlage, die von Interessierten genutzt werden kann<\/p>\n<\/li>\n<li>\n<p><a href=\"https:\/\/sg-gueterfelde.de\/?page_id=94\">Bericht \u00fcber das Sommerfest der Powerfrauen<\/a><\/p>\n<\/li>\n<li>\n<p><a href=\"https:\/\/sg-gueterfelde.de\/?page_id=978\">Bericht zum Pfingstkonzert und Pfingstturnier 2018<\/a><\/p>\n<\/li>\n<li>\n<p><a href=\"https:\/\/sg-gueterfelde.de\/?page_id=962\">Bericht zur Jahreshauptversammlung 2018<\/a><\/p>\n<\/li>\n<li>\n<p><a href=\"https:\/\/sg-gueterfelde.de\/?page_id=958\">Protokoll der Jahreshauptversammlung 2018<\/a><\/p>\n<\/li>\n<li>\n<p><a href=\"https:\/\/sg-gueterfelde.de\/?page_id=953\">Einladung zur Jahreshauptversammlung<\/a><\/p>\n<\/li>\n<\/ul>\n<h2>Das Jahr 2017<\/h2>\n<hr \/>\n<ul>\n<li lang=\"de-DE\" style=\"text-align: left;\">\n<p><a href=\"https:\/\/sg-gueterfelde.de\/?page_id=919\">Wieder gelungen \u2013\u00a0 \u201eLebendiger Weihnachtskalender\u201c 2017<\/a><\/p>\n<\/li>\n<li lang=\"de-DE\" style=\"text-align: left;\">\n<p><a href=\"https:\/\/sg-gueterfelde.de\/?page_id=932\">Weihnachtsfeier der Senioren- Sportgruppe am 6.12.2017<\/a><\/p>\n<\/li>\n<li lang=\"de-DE\" style=\"text-align: left;\">\n<p><a href=\"https:\/\/sg-gueterfelde.de\/?page_id=938\">Weihnachtsfeier der Power-Frauen-Gymnastikgruppe<\/a><\/p>\n<\/li>\n<li lang=\"de-DE\" style=\"text-align: left;\">\n<p><a href=\"https:\/\/sg-gueterfelde.de\/?page_id=944\">Herbstputz und Weihnachtsfeier der Sektion Handball<\/a><\/p>\n<\/li>\n<\/ul><div class=\"pvc_clear\"><\/div><p id=\"pvc_stats_39\" class=\"pvc_stats all  \" data-element-id=\"39\" style=\"\"><i class=\"pvc-stats-icon small\" aria-hidden=\"true\"><svg aria-hidden=\"true\" focusable=\"false\" data-prefix=\"far\" data-icon=\"chart-bar\" role=\"img\" xmlns=\"http:\/\/www.w3.org\/2000\/svg\" viewBox=\"0 0 512 512\" class=\"svg-inline--fa fa-chart-bar fa-w-16 fa-2x\"><path fill=\"currentColor\" d=\"M396.8 352h22.4c6.4 0 12.8-6.4 12.8-12.8V108.8c0-6.4-6.4-12.8-12.8-12.8h-22.4c-6.4 0-12.8 6.4-12.8 12.8v230.4c0 6.4 6.4 12.8 12.8 12.8zm-192 0h22.4c6.4 0 12.8-6.4 12.8-12.8V140.8c0-6.4-6.4-12.8-12.8-12.8h-22.4c-6.4 0-12.8 6.4-12.8 12.8v198.4c0 6.4 6.4 12.8 12.8 12.8zm96 0h22.4c6.4 0 12.8-6.4 12.8-12.8V204.8c0-6.4-6.4-12.8-12.8-12.8h-22.4c-6.4 0-12.8 6.4-12.8 12.8v134.4c0 6.4 6.4 12.8 12.8 12.8zM496 400H48V80c0-8.84-7.16-16-16-16H16C7.16 64 0 71.16 0 80v336c0 17.67 14.33 32 32 32h464c8.84 0 16-7.16 16-16v-16c0-8.84-7.16-16-16-16zm-387.2-48h22.4c6.4 0 12.8-6.4 12.8-12.8v-70.4c0-6.4-6.4-12.8-12.8-12.8h-22.4c-6.4 0-12.8 6.4-12.8 12.8v70.4c0 6.4 6.4 12.8 12.8 12.8z\" class=\"\"><\/path><\/svg><\/i> <img loading=\"lazy\" decoding=\"async\" width=\"16\" height=\"16\" alt=\"Loading\" src=\"https:\/\/sg-gueterfelde.de\/wp-content\/plugins\/page-views-count\/ajax-loader-2x.gif\" border=0 \/><\/p><div class=\"pvc_clear\"><\/div>","protected":false},"excerpt":{"rendered":"<p>Termine Traditionell haben wir\u00a0 Osterfeuer Pfingstkonzert Sommerfest Weihnachtsmarkt \u00dcbersicht Termine Aktuelle Vorhaben\/Planung Arbeitseinsatz auf unserem Sportplatz am 28.02.2026 Osterfeuer 4.4.2026 Pfingstkonzert 25.05.2026 Sommerfest 11.07.2026 November Weihnachtsfeier-Passive Mitglieder Weihnachtsmarkt am B\u00fcrgerhaus 28.11.2026 Mitteilung\/Berichte Das Jahr 2025 Weihnachtsfeier der (passiven) Mitglieder Weihnachtsmarkt am B\u00fcrgerhaus am 29.11.2025Zum Beginn der Weihnachtszeit beteiligten wir uns am Wochenende des ersten Advents <span class=\"ellipsis\">&hellip;<\/span> <span class=\"more-link-wrap\"><a href=\"https:\/\/sg-gueterfelde.de\/?page_id=39\" class=\"more-link\"><span>Read More &rarr;<\/span><\/a><\/span><\/p>\n<div class=\"pvc_clear\"><\/div>\n<p id=\"pvc_stats_39\" class=\"pvc_stats all  \" data-element-id=\"39\" style=\"\"><i class=\"pvc-stats-icon small\" aria-hidden=\"true\"><svg aria-hidden=\"true\" focusable=\"false\" data-prefix=\"far\" data-icon=\"chart-bar\" role=\"img\" xmlns=\"http:\/\/www.w3.org\/2000\/svg\" viewBox=\"0 0 512 512\" class=\"svg-inline--fa fa-chart-bar fa-w-16 fa-2x\"><path fill=\"currentColor\" d=\"M396.8 352h22.4c6.4 0 12.8-6.4 12.8-12.8V108.8c0-6.4-6.4-12.8-12.8-12.8h-22.4c-6.4 0-12.8 6.4-12.8 12.8v230.4c0 6.4 6.4 12.8 12.8 12.8zm-192 0h22.4c6.4 0 12.8-6.4 12.8-12.8V140.8c0-6.4-6.4-12.8-12.8-12.8h-22.4c-6.4 0-12.8 6.4-12.8 12.8v198.4c0 6.4 6.4 12.8 12.8 12.8zm96 0h22.4c6.4 0 12.8-6.4 12.8-12.8V204.8c0-6.4-6.4-12.8-12.8-12.8h-22.4c-6.4 0-12.8 6.4-12.8 12.8v134.4c0 6.4 6.4 12.8 12.8 12.8zM496 400H48V80c0-8.84-7.16-16-16-16H16C7.16 64 0 71.16 0 80v336c0 17.67 14.33 32 32 32h464c8.84 0 16-7.16 16-16v-16c0-8.84-7.16-16-16-16zm-387.2-48h22.4c6.4 0 12.8-6.4 12.8-12.8v-70.4c0-6.4-6.4-12.8-12.8-12.8h-22.4c-6.4 0-12.8 6.4-12.8 12.8v70.4c0 6.4 6.4 12.8 12.8 12.8z\" class=\"\"><\/path><\/svg><\/i> <img loading=\"lazy\" decoding=\"async\" width=\"16\" height=\"16\" alt=\"Loading\" src=\"https:\/\/sg-gueterfelde.de\/wp-content\/plugins\/page-views-count\/ajax-loader-2x.gif\" border=0 \/><\/p>\n<div class=\"pvc_clear\"><\/div>\n","protected":false},"author":1,"featured_media":0,"parent":0,"menu_order":0,"comment_status":"open","ping_status":"closed","template":"","meta":{"ngg_post_thumbnail":0,"footnotes":"","_links_to":"","_links_to_target":""},"class_list":["post-39","page","type-page","status-publish","hentry"],"_links":{"self":[{"href":"https:\/\/sg-gueterfelde.de\/index.php?rest_route=\/wp\/v2\/pages\/39","targetHints":{"allow":["GET"]}}],"collection":[{"href":"https:\/\/sg-gueterfelde.de\/index.php?rest_route=\/wp\/v2\/pages"}],"about":[{"href":"https:\/\/sg-gueterfelde.de\/index.php?rest_route=\/wp\/v2\/types\/page"}],"author":[{"embeddable":true,"href":"https:\/\/sg-gueterfelde.de\/index.php?rest_route=\/wp\/v2\/users\/1"}],"replies":[{"embeddable":true,"href":"https:\/\/sg-gueterfelde.de\/index.php?rest_route=%2Fwp%2Fv2%2Fcomments&post=39"}],"version-history":[{"count":32,"href":"https:\/\/sg-gueterfelde.de\/index.php?rest_route=\/wp\/v2\/pages\/39\/revisions"}],"predecessor-version":[{"id":1524,"href":"https:\/\/sg-gueterfelde.de\/index.php?rest_route=\/wp\/v2\/pages\/39\/revisions\/1524"}],"wp:attachment":[{"href":"https:\/\/sg-gueterfelde.de\/index.php?rest_route=%2Fwp%2Fv2%2Fmedia&parent=39"}],"curies":[{"name":"wp","href":"https:\/\/api.w.org\/{rel}","templated":true}]}}