{"id":468,"date":"2015-06-08T13:20:35","date_gmt":"2015-06-08T13:20:35","guid":{"rendered":"http:\/\/sg-gueterfelde.de\/?page_id=468"},"modified":"2015-06-08T13:20:35","modified_gmt":"2015-06-08T13:20:35","slug":"pfingstkonzert-in-gueterfelde-am-25-mai-2015","status":"publish","type":"page","link":"https:\/\/sg-gueterfelde.de\/?page_id=468","title":{"rendered":"Pfingstkonzert in G\u00fcterfelde am 25. Mai 2015"},"content":{"rendered":"<p align=\"JUSTIFY\"><span style=\"font-family: verdana,geneva; font-size: 12px;\">Das traditionelle Pfingstkonzert wurde bei herrlichem Sonnenschein im B\u00fcrgergarten von G\u00fcterfelde durch das \u201eKetziner Blasorchester\u201c mit einem Reigen der sch\u00f6nen deutschen Fr\u00fchlingslieder er\u00f6ffnet.<\/span><\/p>\n<p align=\"JUSTIFY\"><a href=\"https:\/\/sg-gueterfelde.de\/wp-content\/uploads\/2015\/06\/pfingstkonzert_1.jpg\"><img loading=\"lazy\" decoding=\"async\" class=\"aligncenter size-full wp-image-469\" src=\"https:\/\/sg-gueterfelde.de\/wp-content\/uploads\/2015\/06\/pfingstkonzert_1.jpg\" alt=\"pfingstkonzert_1\" width=\"601\" height=\"338\" srcset=\"https:\/\/sg-gueterfelde.de\/wp-content\/uploads\/2015\/06\/pfingstkonzert_1.jpg 601w, https:\/\/sg-gueterfelde.de\/wp-content\/uploads\/2015\/06\/pfingstkonzert_1-300x169.jpg 300w\" sizes=\"auto, (max-width: 601px) 100vw, 601px\" \/><\/a><\/p>\n<p align=\"JUSTIFY\"><span style=\"font-family: verdana,geneva; font-size: 12px;\">Danach wurden die zahlreich erschienenen Sportfreunde und weitere G\u00e4ste durch die Vorsitzende der SG G\u00fcterfelde, Elvira Waldmann, sowie durch den Stahnsdorfer B\u00fcrgermeister Bernd Albers und den Ortsvorsteher Dietrich Huckshold begr\u00fc\u00dft.<\/span><\/p>\n<p align=\"JUSTIFY\"><a href=\"https:\/\/sg-gueterfelde.de\/wp-content\/uploads\/2015\/06\/pfingstkonzert_2.jpg\"><img loading=\"lazy\" decoding=\"async\" class=\"aligncenter size-full wp-image-470\" src=\"https:\/\/sg-gueterfelde.de\/wp-content\/uploads\/2015\/06\/pfingstkonzert_2.jpg\" alt=\"pfingstkonzert Begr\u00fcssung der G\u00e4ste\" width=\"601\" height=\"338\" srcset=\"https:\/\/sg-gueterfelde.de\/wp-content\/uploads\/2015\/06\/pfingstkonzert_2.jpg 601w, https:\/\/sg-gueterfelde.de\/wp-content\/uploads\/2015\/06\/pfingstkonzert_2-300x169.jpg 300w\" sizes=\"auto, (max-width: 601px) 100vw, 601px\" \/><\/a><\/p>\n<p align=\"JUSTIFY\"><span style=\"font-family: verdana,geneva; font-size: 12px;\">In abwechslungsreicher Folge spielten die \u201eKetziner\u201c mit Unterst\u00fctzung einer S\u00e4ngerin sowie die Jazzband \u201eAlte Wache\u201c aus Potsdam in dem sich rasch f\u00fcllenden B\u00fcrgergarten auf.<\/span><\/p>\n<p align=\"JUSTIFY\"><a href=\"https:\/\/sg-gueterfelde.de\/wp-content\/uploads\/2015\/06\/pfingstkonzert_3.jpg\"><img loading=\"lazy\" decoding=\"async\" class=\"aligncenter size-full wp-image-471\" src=\"https:\/\/sg-gueterfelde.de\/wp-content\/uploads\/2015\/06\/pfingstkonzert_3.jpg\" alt=\"pfingstkonzert S\u00e4ngerin aus Ketzin\" width=\"601\" height=\"338\" srcset=\"https:\/\/sg-gueterfelde.de\/wp-content\/uploads\/2015\/06\/pfingstkonzert_3.jpg 601w, https:\/\/sg-gueterfelde.de\/wp-content\/uploads\/2015\/06\/pfingstkonzert_3-300x169.jpg 300w\" sizes=\"auto, (max-width: 601px) 100vw, 601px\" \/><\/a><\/p>\n<p align=\"JUSTIFY\"><a href=\"https:\/\/sg-gueterfelde.de\/wp-content\/uploads\/2015\/06\/pfingstkonzert_4.jpg\"><img loading=\"lazy\" decoding=\"async\" class=\"aligncenter size-full wp-image-472\" src=\"https:\/\/sg-gueterfelde.de\/wp-content\/uploads\/2015\/06\/pfingstkonzert_4.jpg\" alt=\"pfingstkonzert Zuh\u00f6her\" width=\"601\" height=\"338\" srcset=\"https:\/\/sg-gueterfelde.de\/wp-content\/uploads\/2015\/06\/pfingstkonzert_4.jpg 601w, https:\/\/sg-gueterfelde.de\/wp-content\/uploads\/2015\/06\/pfingstkonzert_4-300x169.jpg 300w\" sizes=\"auto, (max-width: 601px) 100vw, 601px\" \/><\/a><\/p>\n<p align=\"JUSTIFY\"><span style=\"font-family: verdana,geneva; font-size: 12px;\">F\u00fcr das leibliche Wohl sorgten die Firma Kruschke sowie ein Grillstand mit Gulaschkanone. <\/span><\/p>\n<p align=\"JUSTIFY\"><span style=\"font-family: verdana,geneva;\"><span style=\"font-size: medium;\"><span style=\"font-size: 12px;\">Auch die Kinder f\u00fchlten sich auf der H\u00fcpfburg wohl.<\/span> <\/span><\/span><\/p>\n<p align=\"JUSTIFY\"><a href=\"https:\/\/sg-gueterfelde.de\/wp-content\/uploads\/2015\/06\/pfingstkonzert_5.jpg\"><img loading=\"lazy\" decoding=\"async\" class=\"aligncenter size-full wp-image-473\" src=\"https:\/\/sg-gueterfelde.de\/wp-content\/uploads\/2015\/06\/pfingstkonzert_5.jpg\" alt=\"pfingstkonzert Kinder H\u00fcpfburg\" width=\"601\" height=\"338\" srcset=\"https:\/\/sg-gueterfelde.de\/wp-content\/uploads\/2015\/06\/pfingstkonzert_5.jpg 601w, https:\/\/sg-gueterfelde.de\/wp-content\/uploads\/2015\/06\/pfingstkonzert_5-300x169.jpg 300w\" sizes=\"auto, (max-width: 601px) 100vw, 601px\" \/><\/a><\/p>\n<p align=\"JUSTIFY\"><span style=\"font-family: verdana,geneva; font-size: 12px;\">Gegen 14.00 Uhr verabschiedete sich die \u201eAlte Wache\u201c mit dem beliebten St\u00fcck \u201eIcecream\u201c. Die Stimmung war auf dem H\u00f6hepunkt, und es h\u00e4tte noch stundenlang so weitergehen k\u00f6nnen.<\/span><\/p>\n<p align=\"JUSTIFY\"><span style=\"font-family: verdana,geneva; font-size: 12px;\">Abschlie\u00dfend bedankte sich die SG-Vorsitzende bei den Musikern und den G\u00fcterfeldern und ihren G\u00e4sten f\u00fcr ihr Erscheinen.<\/span><\/p>\n<p align=\"JUSTIFY\"><a href=\"https:\/\/sg-gueterfelde.de\/wp-content\/uploads\/2015\/06\/pfingstkonzert_6.jpg\"><img loading=\"lazy\" decoding=\"async\" class=\"aligncenter size-full wp-image-474\" src=\"https:\/\/sg-gueterfelde.de\/wp-content\/uploads\/2015\/06\/pfingstkonzert_6.jpg\" alt=\"pfingstkonzert Abschluss\" width=\"601\" height=\"338\" srcset=\"https:\/\/sg-gueterfelde.de\/wp-content\/uploads\/2015\/06\/pfingstkonzert_6.jpg 601w, https:\/\/sg-gueterfelde.de\/wp-content\/uploads\/2015\/06\/pfingstkonzert_6-300x169.jpg 300w\" sizes=\"auto, (max-width: 601px) 100vw, 601px\" \/><\/a><\/p>\n<p align=\"JUSTIFY\"><span style=\"font-family: verdana,geneva; font-size: 12px;\">Alles in Allem war es eine gut vorbereitete und durchgef\u00fchrte Veranstaltung unserer Sportgemeinschaft G\u00fcterfelde 1910 e.V., die nur durch ein hohes Engagement einer Vielzahl von Sportfreundinnen und -freunden so gelingen konnte.<\/span><\/p>\n<p align=\"JUSTIFY\"><span style=\"font-family: verdana,geneva;\"><span style=\"font-size: medium;\"><span style=\"font-size: 12px;\">Allen Sportfreunden und Sportfreundinnen aus den verschiedenen Gruppen der SG, die so t\u00fcchtig mitgeholfen haben, ein gro\u00dfes Dankesch\u00f6n.<\/span> <\/span><\/span><\/p>\n<p align=\"JUSTIFY\"><span style=\"font-size: 12px; font-family: verdana,geneva;\"><a href=\"https:\/\/sg-gueterfelde.de\/wp-content\/uploads\/2015\/06\/sgg_pfingstkonzert_2015.pdf\">Gerne auch nochmal als Pdf zum nachlesen<\/a><\/span><\/p>\n<p align=\"JUSTIFY\">\n<p align=\"JUSTIFY\">\n<div class=\"pvc_clear\"><\/div>\n<p id=\"pvc_stats_468\" class=\"pvc_stats all  \" data-element-id=\"468\" style=\"\"><i class=\"pvc-stats-icon small\" aria-hidden=\"true\"><svg aria-hidden=\"true\" focusable=\"false\" data-prefix=\"far\" data-icon=\"chart-bar\" role=\"img\" xmlns=\"http:\/\/www.w3.org\/2000\/svg\" viewBox=\"0 0 512 512\" class=\"svg-inline--fa fa-chart-bar fa-w-16 fa-2x\"><path fill=\"currentColor\" d=\"M396.8 352h22.4c6.4 0 12.8-6.4 12.8-12.8V108.8c0-6.4-6.4-12.8-12.8-12.8h-22.4c-6.4 0-12.8 6.4-12.8 12.8v230.4c0 6.4 6.4 12.8 12.8 12.8zm-192 0h22.4c6.4 0 12.8-6.4 12.8-12.8V140.8c0-6.4-6.4-12.8-12.8-12.8h-22.4c-6.4 0-12.8 6.4-12.8 12.8v198.4c0 6.4 6.4 12.8 12.8 12.8zm96 0h22.4c6.4 0 12.8-6.4 12.8-12.8V204.8c0-6.4-6.4-12.8-12.8-12.8h-22.4c-6.4 0-12.8 6.4-12.8 12.8v134.4c0 6.4 6.4 12.8 12.8 12.8zM496 400H48V80c0-8.84-7.16-16-16-16H16C7.16 64 0 71.16 0 80v336c0 17.67 14.33 32 32 32h464c8.84 0 16-7.16 16-16v-16c0-8.84-7.16-16-16-16zm-387.2-48h22.4c6.4 0 12.8-6.4 12.8-12.8v-70.4c0-6.4-6.4-12.8-12.8-12.8h-22.4c-6.4 0-12.8 6.4-12.8 12.8v70.4c0 6.4 6.4 12.8 12.8 12.8z\" class=\"\"><\/path><\/svg><\/i> <img loading=\"lazy\" decoding=\"async\" width=\"16\" height=\"16\" alt=\"Loading\" src=\"https:\/\/sg-gueterfelde.de\/wp-content\/plugins\/page-views-count\/ajax-loader-2x.gif\" border=0 \/><\/p>\n<div class=\"pvc_clear\"><\/div>\n","protected":false},"excerpt":{"rendered":"<p>Das traditionelle Pfingstkonzert wurde bei herrlichem Sonnenschein im B\u00fcrgergarten von G\u00fcterfelde durch das \u201eKetziner Blasorchester\u201c mit einem Reigen der sch\u00f6nen deutschen Fr\u00fchlingslieder er\u00f6ffnet. Danach wurden die zahlreich erschienenen Sportfreunde und weitere G\u00e4ste durch die Vorsitzende der SG G\u00fcterfelde, Elvira Waldmann, sowie durch den Stahnsdorfer B\u00fcrgermeister Bernd Albers und den Ortsvorsteher Dietrich Huckshold begr\u00fc\u00dft. In abwechslungsreicher <span class=\"ellipsis\">&hellip;<\/span> <span class=\"more-link-wrap\"><a href=\"https:\/\/sg-gueterfelde.de\/?page_id=468\" class=\"more-link\"><span>Read More &rarr;<\/span><\/a><\/span><\/p>\n<div class=\"pvc_clear\"><\/div>\n<p id=\"pvc_stats_468\" class=\"pvc_stats all  \" data-element-id=\"468\" style=\"\"><i class=\"pvc-stats-icon small\" aria-hidden=\"true\"><svg aria-hidden=\"true\" focusable=\"false\" data-prefix=\"far\" data-icon=\"chart-bar\" role=\"img\" xmlns=\"http:\/\/www.w3.org\/2000\/svg\" viewBox=\"0 0 512 512\" class=\"svg-inline--fa fa-chart-bar fa-w-16 fa-2x\"><path fill=\"currentColor\" d=\"M396.8 352h22.4c6.4 0 12.8-6.4 12.8-12.8V108.8c0-6.4-6.4-12.8-12.8-12.8h-22.4c-6.4 0-12.8 6.4-12.8 12.8v230.4c0 6.4 6.4 12.8 12.8 12.8zm-192 0h22.4c6.4 0 12.8-6.4 12.8-12.8V140.8c0-6.4-6.4-12.8-12.8-12.8h-22.4c-6.4 0-12.8 6.4-12.8 12.8v198.4c0 6.4 6.4 12.8 12.8 12.8zm96 0h22.4c6.4 0 12.8-6.4 12.8-12.8V204.8c0-6.4-6.4-12.8-12.8-12.8h-22.4c-6.4 0-12.8 6.4-12.8 12.8v134.4c0 6.4 6.4 12.8 12.8 12.8zM496 400H48V80c0-8.84-7.16-16-16-16H16C7.16 64 0 71.16 0 80v336c0 17.67 14.33 32 32 32h464c8.84 0 16-7.16 16-16v-16c0-8.84-7.16-16-16-16zm-387.2-48h22.4c6.4 0 12.8-6.4 12.8-12.8v-70.4c0-6.4-6.4-12.8-12.8-12.8h-22.4c-6.4 0-12.8 6.4-12.8 12.8v70.4c0 6.4 6.4 12.8 12.8 12.8z\" class=\"\"><\/path><\/svg><\/i> <img loading=\"lazy\" decoding=\"async\" width=\"16\" height=\"16\" alt=\"Loading\" src=\"https:\/\/sg-gueterfelde.de\/wp-content\/plugins\/page-views-count\/ajax-loader-2x.gif\" border=0 \/><\/p>\n<div class=\"pvc_clear\"><\/div>\n","protected":false},"author":1,"featured_media":0,"parent":0,"menu_order":0,"comment_status":"closed","ping_status":"open","template":"","meta":{"ngg_post_thumbnail":0,"footnotes":"","_links_to":"","_links_to_target":""},"class_list":["post-468","page","type-page","status-publish","hentry"],"_links":{"self":[{"href":"https:\/\/sg-gueterfelde.de\/index.php?rest_route=\/wp\/v2\/pages\/468","targetHints":{"allow":["GET"]}}],"collection":[{"href":"https:\/\/sg-gueterfelde.de\/index.php?rest_route=\/wp\/v2\/pages"}],"about":[{"href":"https:\/\/sg-gueterfelde.de\/index.php?rest_route=\/wp\/v2\/types\/page"}],"author":[{"embeddable":true,"href":"https:\/\/sg-gueterfelde.de\/index.php?rest_route=\/wp\/v2\/users\/1"}],"replies":[{"embeddable":true,"href":"https:\/\/sg-gueterfelde.de\/index.php?rest_route=%2Fwp%2Fv2%2Fcomments&post=468"}],"version-history":[{"count":1,"href":"https:\/\/sg-gueterfelde.de\/index.php?rest_route=\/wp\/v2\/pages\/468\/revisions"}],"predecessor-version":[{"id":476,"href":"https:\/\/sg-gueterfelde.de\/index.php?rest_route=\/wp\/v2\/pages\/468\/revisions\/476"}],"wp:attachment":[{"href":"https:\/\/sg-gueterfelde.de\/index.php?rest_route=%2Fwp%2Fv2%2Fmedia&parent=468"}],"curies":[{"name":"wp","href":"https:\/\/api.w.org\/{rel}","templated":true}]}}