{"id":612,"date":"2016-01-25T13:12:06","date_gmt":"2016-01-25T13:12:06","guid":{"rendered":"http:\/\/sg-gueterfelde.de\/?page_id=612"},"modified":"2016-01-25T13:12:06","modified_gmt":"2016-01-25T13:12:06","slug":"der-lebendige-adventskalender-in-der-sg-gueterfelde-e-v","status":"publish","type":"page","link":"https:\/\/sg-gueterfelde.de\/?page_id=612","title":{"rendered":"Der \u201eLebendige Adventskalender\u201c in der  SG G\u00fcterfelde e.V."},"content":{"rendered":"<p align=\"JUSTIFY\"><span style=\"font-size: 12px; font-family: verdana,geneva;\">Erstmals beteiligte sich auch die Sportgemeinschaft an der regionalen Aktion. Zum Thema \u201e Weihnachtliche Gymnastik mit \u00dcberraschungen\u201c \u00f6ffnete sich das <i>T\u00fcrchen <\/i>(die gro\u00dfe T\u00fcr) der Turnhalle in G\u00fcterfelde am Mittwoch, dem 16. Dezember, von 14.00 bis 17.00 Uhr, f\u00fcr alle Interessierten. <\/span><\/p>\n<p align=\"JUSTIFY\"><span style=\"font-family: verdana,geneva; font-size: 12px;\">Neben den Sportfreundinnen der Seniorinnengruppe, die ganz aktiv bei der Sache waren, nahmen auch die Tanzgruppe sowie eine Kinder-gruppe das Angebot mit Freude an. Weitere G\u00e4ste aus der Gemeinde konnten wir bei dem diesj\u00e4hrigen Auftakt noch nicht begr\u00fc\u00dfen. Vielleicht spricht es sich aber herum, wie anregend das Mitmachen oder Zuschauen war.<\/span><\/p>\n<p align=\"JUSTIFY\"><span style=\"font-size: 12px; font-family: verdana,geneva;\">Die SG-Vorsitzende, <i>Elvira Waldmann<\/i>, begr\u00fc\u00dfte alle herzlich, bevor die gemeinsamen \u00dcbungen begannen, bei denen neben den \u00fcblichen Muskelgruppen aber auch noch die Lachmuskeln gest\u00e4rkt wurden.<\/span><\/p>\n<p align=\"JUSTIFY\"><span style=\"font-size: 12px; font-family: verdana,geneva;\">Die \u00dcbungsleiterinnen <i>Verena Schnell<\/i> und <i>Elvira M\u00fcller<\/i> hatten sich dazu n\u00e4mlich tolle \u00dcbungen in der dekorierten Halle ausgedacht.<\/span><\/p>\n<p align=\"JUSTIFY\"><span style=\"font-size: 12px; font-family: verdana,geneva;\">Vorher, nachher und zwischendurch konnte man sich am B\u00fcfett an Getr\u00e4nken, Gl\u00fchwein, Pl\u00e4tzchen und Schmalzbroten laben. Bestens daf\u00fcr gesorgt haben die Sportfreundinnen <i>Gerlind Schult<\/i> und <i>Gisela Frankenh\u00e4user<\/i>. Allen, die dabei waren, hat der Nachmittag gut gefallen.<\/span><\/p>\n<p align=\"CENTER\"><span style=\"font-family: verdana,geneva; font-size: 12px;\">Einen gro\u00dfen Dank an alle Akteure.<\/span><\/p>\n<p align=\"JUSTIFY\"><span style=\"font-family: verdana,geneva; font-size: 12px;\">Bericht und Fotos: Elvira Waldmann<\/span><\/p>\n<p align=\"JUSTIFY\"><a href=\"https:\/\/sg-gueterfelde.de\/wp-content\/uploads\/2016\/01\/lebendiger_advent_2015_2.jpg\"><img loading=\"lazy\" decoding=\"async\" class=\"aligncenter size-full wp-image-615\" src=\"https:\/\/sg-gueterfelde.de\/wp-content\/uploads\/2016\/01\/lebendiger_advent_2015_1.jpg\" alt=\"lebendiger Adventskalender 2015\" width=\"500\" height=\"375\" srcset=\"https:\/\/sg-gueterfelde.de\/wp-content\/uploads\/2016\/01\/lebendiger_advent_2015_1.jpg 500w, https:\/\/sg-gueterfelde.de\/wp-content\/uploads\/2016\/01\/lebendiger_advent_2015_1-300x225.jpg 300w\" sizes=\"auto, (max-width: 500px) 100vw, 500px\" \/><\/a><\/p>\n<p align=\"JUSTIFY\"><a href=\"https:\/\/sg-gueterfelde.de\/wp-content\/uploads\/2016\/01\/lebendiger_advent_2015_2.jpg\"><img loading=\"lazy\" decoding=\"async\" class=\"aligncenter size-full wp-image-616\" src=\"https:\/\/sg-gueterfelde.de\/wp-content\/uploads\/2016\/01\/lebendiger_advent_2015_2.jpg\" alt=\"lebendiger Adventskalender 2015\" width=\"500\" height=\"375\" srcset=\"https:\/\/sg-gueterfelde.de\/wp-content\/uploads\/2016\/01\/lebendiger_advent_2015_2.jpg 500w, https:\/\/sg-gueterfelde.de\/wp-content\/uploads\/2016\/01\/lebendiger_advent_2015_2-300x225.jpg 300w\" sizes=\"auto, (max-width: 500px) 100vw, 500px\" \/><\/a><\/p>\n<p align=\"JUSTIFY\"><a href=\"https:\/\/sg-gueterfelde.de\/wp-content\/uploads\/2016\/01\/lebendiger_advent_2015_3.jpg\"><img loading=\"lazy\" decoding=\"async\" class=\"aligncenter size-full wp-image-613\" src=\"https:\/\/sg-gueterfelde.de\/wp-content\/uploads\/2016\/01\/lebendiger_advent_2015_3.jpg\" alt=\"lebendiger Adventskalender 2015\" width=\"500\" height=\"375\" srcset=\"https:\/\/sg-gueterfelde.de\/wp-content\/uploads\/2016\/01\/lebendiger_advent_2015_3.jpg 500w, https:\/\/sg-gueterfelde.de\/wp-content\/uploads\/2016\/01\/lebendiger_advent_2015_3-300x225.jpg 300w\" sizes=\"auto, (max-width: 500px) 100vw, 500px\" \/><\/a><\/p>\n<p align=\"JUSTIFY\"><a href=\"https:\/\/sg-gueterfelde.de\/wp-content\/uploads\/2016\/01\/lebendiger_advent_2015_4.jpg\"><img loading=\"lazy\" decoding=\"async\" class=\"aligncenter size-full wp-image-614\" src=\"https:\/\/sg-gueterfelde.de\/wp-content\/uploads\/2016\/01\/lebendiger_advent_2015_4.jpg\" alt=\"lebendiger Adventskalender 2015\" width=\"500\" height=\"375\" srcset=\"https:\/\/sg-gueterfelde.de\/wp-content\/uploads\/2016\/01\/lebendiger_advent_2015_4.jpg 500w, https:\/\/sg-gueterfelde.de\/wp-content\/uploads\/2016\/01\/lebendiger_advent_2015_4-300x225.jpg 300w\" sizes=\"auto, (max-width: 500px) 100vw, 500px\" \/><\/a><\/p>\n<p align=\"JUSTIFY\"><span style=\"font-size: 12px; font-family: verdana,geneva;\"><a href=\"https:\/\/sg-gueterfelde.de\/wp-content\/uploads\/2016\/01\/sgg_lebendiger_adventsk_2015.pdf\">Hier zum nachlesen als Pdf.<\/a><\/span><\/p>\n<div class=\"pvc_clear\"><\/div>\n<p id=\"pvc_stats_612\" class=\"pvc_stats all  \" data-element-id=\"612\" style=\"\"><i class=\"pvc-stats-icon small\" aria-hidden=\"true\"><svg aria-hidden=\"true\" focusable=\"false\" data-prefix=\"far\" data-icon=\"chart-bar\" role=\"img\" xmlns=\"http:\/\/www.w3.org\/2000\/svg\" viewBox=\"0 0 512 512\" class=\"svg-inline--fa fa-chart-bar fa-w-16 fa-2x\"><path fill=\"currentColor\" d=\"M396.8 352h22.4c6.4 0 12.8-6.4 12.8-12.8V108.8c0-6.4-6.4-12.8-12.8-12.8h-22.4c-6.4 0-12.8 6.4-12.8 12.8v230.4c0 6.4 6.4 12.8 12.8 12.8zm-192 0h22.4c6.4 0 12.8-6.4 12.8-12.8V140.8c0-6.4-6.4-12.8-12.8-12.8h-22.4c-6.4 0-12.8 6.4-12.8 12.8v198.4c0 6.4 6.4 12.8 12.8 12.8zm96 0h22.4c6.4 0 12.8-6.4 12.8-12.8V204.8c0-6.4-6.4-12.8-12.8-12.8h-22.4c-6.4 0-12.8 6.4-12.8 12.8v134.4c0 6.4 6.4 12.8 12.8 12.8zM496 400H48V80c0-8.84-7.16-16-16-16H16C7.16 64 0 71.16 0 80v336c0 17.67 14.33 32 32 32h464c8.84 0 16-7.16 16-16v-16c0-8.84-7.16-16-16-16zm-387.2-48h22.4c6.4 0 12.8-6.4 12.8-12.8v-70.4c0-6.4-6.4-12.8-12.8-12.8h-22.4c-6.4 0-12.8 6.4-12.8 12.8v70.4c0 6.4 6.4 12.8 12.8 12.8z\" class=\"\"><\/path><\/svg><\/i> <img loading=\"lazy\" decoding=\"async\" width=\"16\" height=\"16\" alt=\"Loading\" src=\"https:\/\/sg-gueterfelde.de\/wp-content\/plugins\/page-views-count\/ajax-loader-2x.gif\" border=0 \/><\/p>\n<div class=\"pvc_clear\"><\/div>\n","protected":false},"excerpt":{"rendered":"<p>Erstmals beteiligte sich auch die Sportgemeinschaft an der regionalen Aktion. Zum Thema \u201e Weihnachtliche Gymnastik mit \u00dcberraschungen\u201c \u00f6ffnete sich das T\u00fcrchen (die gro\u00dfe T\u00fcr) der Turnhalle in G\u00fcterfelde am Mittwoch, dem 16. Dezember, von 14.00 bis 17.00 Uhr, f\u00fcr alle Interessierten. Neben den Sportfreundinnen der Seniorinnengruppe, die ganz aktiv bei der Sache waren, nahmen auch <span class=\"ellipsis\">&hellip;<\/span> <span class=\"more-link-wrap\"><a href=\"https:\/\/sg-gueterfelde.de\/?page_id=612\" class=\"more-link\"><span>Read More &rarr;<\/span><\/a><\/span><\/p>\n<div class=\"pvc_clear\"><\/div>\n<p id=\"pvc_stats_612\" class=\"pvc_stats all  \" data-element-id=\"612\" style=\"\"><i class=\"pvc-stats-icon small\" aria-hidden=\"true\"><svg aria-hidden=\"true\" focusable=\"false\" data-prefix=\"far\" data-icon=\"chart-bar\" role=\"img\" xmlns=\"http:\/\/www.w3.org\/2000\/svg\" viewBox=\"0 0 512 512\" class=\"svg-inline--fa fa-chart-bar fa-w-16 fa-2x\"><path fill=\"currentColor\" d=\"M396.8 352h22.4c6.4 0 12.8-6.4 12.8-12.8V108.8c0-6.4-6.4-12.8-12.8-12.8h-22.4c-6.4 0-12.8 6.4-12.8 12.8v230.4c0 6.4 6.4 12.8 12.8 12.8zm-192 0h22.4c6.4 0 12.8-6.4 12.8-12.8V140.8c0-6.4-6.4-12.8-12.8-12.8h-22.4c-6.4 0-12.8 6.4-12.8 12.8v198.4c0 6.4 6.4 12.8 12.8 12.8zm96 0h22.4c6.4 0 12.8-6.4 12.8-12.8V204.8c0-6.4-6.4-12.8-12.8-12.8h-22.4c-6.4 0-12.8 6.4-12.8 12.8v134.4c0 6.4 6.4 12.8 12.8 12.8zM496 400H48V80c0-8.84-7.16-16-16-16H16C7.16 64 0 71.16 0 80v336c0 17.67 14.33 32 32 32h464c8.84 0 16-7.16 16-16v-16c0-8.84-7.16-16-16-16zm-387.2-48h22.4c6.4 0 12.8-6.4 12.8-12.8v-70.4c0-6.4-6.4-12.8-12.8-12.8h-22.4c-6.4 0-12.8 6.4-12.8 12.8v70.4c0 6.4 6.4 12.8 12.8 12.8z\" class=\"\"><\/path><\/svg><\/i> <img loading=\"lazy\" decoding=\"async\" width=\"16\" height=\"16\" alt=\"Loading\" src=\"https:\/\/sg-gueterfelde.de\/wp-content\/plugins\/page-views-count\/ajax-loader-2x.gif\" border=0 \/><\/p>\n<div class=\"pvc_clear\"><\/div>\n","protected":false},"author":1,"featured_media":0,"parent":0,"menu_order":0,"comment_status":"closed","ping_status":"open","template":"","meta":{"ngg_post_thumbnail":0,"footnotes":"","_links_to":"","_links_to_target":""},"class_list":["post-612","page","type-page","status-publish","hentry"],"_links":{"self":[{"href":"https:\/\/sg-gueterfelde.de\/index.php?rest_route=\/wp\/v2\/pages\/612","targetHints":{"allow":["GET"]}}],"collection":[{"href":"https:\/\/sg-gueterfelde.de\/index.php?rest_route=\/wp\/v2\/pages"}],"about":[{"href":"https:\/\/sg-gueterfelde.de\/index.php?rest_route=\/wp\/v2\/types\/page"}],"author":[{"embeddable":true,"href":"https:\/\/sg-gueterfelde.de\/index.php?rest_route=\/wp\/v2\/users\/1"}],"replies":[{"embeddable":true,"href":"https:\/\/sg-gueterfelde.de\/index.php?rest_route=%2Fwp%2Fv2%2Fcomments&post=612"}],"version-history":[{"count":1,"href":"https:\/\/sg-gueterfelde.de\/index.php?rest_route=\/wp\/v2\/pages\/612\/revisions"}],"predecessor-version":[{"id":618,"href":"https:\/\/sg-gueterfelde.de\/index.php?rest_route=\/wp\/v2\/pages\/612\/revisions\/618"}],"wp:attachment":[{"href":"https:\/\/sg-gueterfelde.de\/index.php?rest_route=%2Fwp%2Fv2%2Fmedia&parent=612"}],"curies":[{"name":"wp","href":"https:\/\/api.w.org\/{rel}","templated":true}]}}