{"id":635,"date":"2016-03-07T10:27:44","date_gmt":"2016-03-07T10:27:44","guid":{"rendered":"http:\/\/sg-gueterfelde.de\/?page_id=635"},"modified":"2016-03-07T10:33:22","modified_gmt":"2016-03-07T10:33:22","slug":"informationen-zur-sportarbeit-in-der-region-zur-jhv-2016","status":"publish","type":"page","link":"https:\/\/sg-gueterfelde.de\/?page_id=635","title":{"rendered":"Informationen zur Sportarbeit in der Region zur JHV 2016"},"content":{"rendered":"<p><span style=\"font-family: verdana,geneva; font-size: 12px;\">Die SG G\u00fcterfelde 1910 e.V., vertreten durch die Vereinsvorsitzende Elvira Waldmann, wurde zu Beginn des neuen Jahres zu zwei \u00fcbergreifenden Veranstaltungen eingeladen, die mit dem Sport und der T\u00e4tigkeit in den SV zu tun hatten.<\/span><\/p>\n<p><span style=\"font-family: verdana,geneva; font-size: 12px;\">Zusammenfassung in Stichpunkten:<\/span><\/p>\n<ol>\n<li><span style=\"font-size: 12px; font-family: verdana,geneva;\"><a name=\"_GoBack\"><\/a>Am 7. Januar gab es ein <b>Neujahrstreffen der Region KTS,<\/b> das von der SPD organisiert war und zu dem auch Vertreter von Vereinen sowie Ehrenamtliche verschiedener Institutionen eingeladen waren. Bei diesem Treffen sprach der Ministerpr\u00e4sident, Dietmar Woitke, auch \u00fcber die Bedeutung der Sportvereine der Region. Er bezeichnete den Vereinssport als Kitt f\u00fcr den gesellschaftlichen Zusammenhalt. In diesem Jahr wird es eine erh\u00f6hte finanzielle Zuwendung f\u00fcr die Region geben. Die Bedeutung der ehrenamtlichen Arbeit wurde wertsch\u00e4tzend hervorgehoben.<\/span><\/li>\n<\/ol>\n<ul>\n<li><span style=\"font-size: 12px; font-family: verdana,geneva;\">Im 10. Februar gab es eine dreist\u00fcndige Veranstaltung zur <b>Sportentwicklungsplanung der Region KTS i<\/b>m B\u00fcrgersaal Kleinmachnow. Dort wurden Ergebnisse aus Befragungen vom Bereich Sportentwicklungsplanung der Fachhochschule f\u00fcr Sport und Management vorgestellt. Quintessenz: Die Region ist insgesamt gut aufgestellt.<\/span><\/li>\n<\/ul>\n<p><span style=\"font-family: verdana,geneva; font-size: 12px;\">Es fand u.a. eine Befragung von \u00fcber 4 Tsd. B\u00fcrgern zu ihren Sport- und Bewegungsbed\u00fcrfnissen und eine Erhebung der Situation zu Sportst\u00e4tten statt. Im Ergebnis wird ein Sportst\u00e4ttenatlas entstehen.<\/span><\/p>\n<p><span style=\"font-size: 12px; font-family: verdana,geneva;\"><i><b>Kernergebnisse:<\/b><\/i> Sport ist gut aufgestellt in der Region, 20 % der Sportaktiven sind in Vereinen organisiert , noch (zu) m\u00e4nnerorientiert , Wunsch nach Sporttreiben und Erholung gro\u00df, zunehmend gesundheitlicher und Naturbezug, Wunsch nach Radwegen, Spazierengehen nimmt \u00fcber alle Altersgruppen zu, Laufen abnehmend<\/span><\/p>\n<p><span style=\"font-family: verdana,geneva; font-size: 12px;\">Wettkampfmotive stehen nicht im Vordergrund, sondern vielf\u00e4ltige Motive; in folgender Reihenfolge: Spa\u00df, Fitness, Wohlf\u00fchlen, Gesundheit, Kondition, Figur<\/span><\/p>\n<p><span style=\"font-family: verdana,geneva; font-size: 12px;\">Von den Aktiven erreichen 67 % eine gesundheitsrelevante Sportzeit von 150 Minuten: 3\/4 \u00fcber SV, M\u00e4nner nehmen sich mehr Zeit, SV org. mehr Angebote f\u00fcr M\u00e4nner (soz. Problem)<\/span><\/p>\n<p><span style=\"font-family: verdana,geneva; font-size: 12px;\">Frauen orientieren sich st\u00e4rker an Angeboten kommerzieller Anbieter ( Ausnahme ist Stahnsdorf mit ausgewogener Bilanz)<\/span><\/p>\n<p><span style=\"font-family: verdana,geneva; font-size: 12px;\">Aktive \u00fcberzeugt davon, dass Gesundheit durch selbstbestimmt aktive Bewegung beeinflusst wird.<\/span><\/p>\n<p><span style=\"font-family: verdana,geneva; font-size: 12px;\">Bewegungsr\u00e4ume f\u00fcr Nicht \u2013 Vereinsmitglieder sind Wege, Stra\u00dfen, Wald, Park- daraus ergibt sich die Aufgabe, diese auszubauen und zu sichern f\u00fcr diese 80% der Bev\u00f6lkerung.<\/span><\/p>\n<h3><em><strong><span style=\"font-family: verdana,geneva; font-size: 12px;\">Ergebnisse zu Sportst\u00e4tten<\/span><\/strong><\/em><\/h3>\n<p><span style=\"font-family: verdana,geneva; font-size: 12px;\">5 von 10 Vereinen w\u00fcnschen sich Sportanlagen\/ Kunstrasenfl\u00e4chen evt. mit Heizung<\/span><\/p>\n<p><span style=\"font-family: verdana,geneva; font-size: 12px;\">4Tsd Quadratmeter fehlen\/Defizit, entspricht 4 wettkampfgeeignete Hallen (je 900 m\u00b0)<\/span><\/p>\n<p><span style=\"font-family: verdana,geneva; font-size: 12px;\">47 % der Vereine wollen Zusammenarbeit vertiefen<\/span><\/p>\n<h3><em><strong><span style=\"font-family: verdana,geneva; font-size: 12px;\">Zielgruppenorientierung<\/span><\/strong><\/em><\/h3>\n<p><span style=\"font-size: 12px; font-family: verdana,geneva;\">\u201eSport pro Gesundheit\u201c machen nur wenige Vereine, insgesamt sind 42% der Vereine f\u00fcr den Ausbau von Gesundheitsangeboten <\/span><\/p>\n<p><span style=\"font-family: verdana,geneva; font-size: 12px;\">Zielgruppen sind noch vor allem Kinder und Jugendliche <\/span><\/p>\n<p><span style=\"font-family: verdana,geneva; font-size: 12px;\">\u00dcber 60 % der SV wollen Seniorensport ausweiten<\/span><\/p>\n<p><span style=\"font-family: verdana,geneva; font-size: 12px;\">Fast 40% erm\u00f6glichen Kurzmitgliedschaften<\/span><\/p>\n<p><span style=\"font-family: verdana,geneva; font-size: 12px;\">28 % \u00f6ffnen sich f\u00fcr Nichtvereinsmitglieder<\/span><\/p>\n<p><span style=\"font-family: verdana,geneva; font-size: 12px;\">Anzahl der Vereine in 10 Jahren von 19 auf 27 gewachsen (auch Kleinstvereine)<\/span><\/p>\n<p><span style=\"font-size: 12px; font-family: verdana,geneva;\"><a href=\"https:\/\/sg-gueterfelde.de\/wp-content\/uploads\/2016\/03\/sgg_infosbegruessungjhv2016.pdf\">Gerne auch zum ausdrucken.<\/a><\/span><\/p>\n<div class=\"pvc_clear\"><\/div>\n<p id=\"pvc_stats_635\" class=\"pvc_stats all  \" data-element-id=\"635\" style=\"\"><i class=\"pvc-stats-icon small\" aria-hidden=\"true\"><svg aria-hidden=\"true\" focusable=\"false\" data-prefix=\"far\" data-icon=\"chart-bar\" role=\"img\" xmlns=\"http:\/\/www.w3.org\/2000\/svg\" viewBox=\"0 0 512 512\" class=\"svg-inline--fa fa-chart-bar fa-w-16 fa-2x\"><path fill=\"currentColor\" d=\"M396.8 352h22.4c6.4 0 12.8-6.4 12.8-12.8V108.8c0-6.4-6.4-12.8-12.8-12.8h-22.4c-6.4 0-12.8 6.4-12.8 12.8v230.4c0 6.4 6.4 12.8 12.8 12.8zm-192 0h22.4c6.4 0 12.8-6.4 12.8-12.8V140.8c0-6.4-6.4-12.8-12.8-12.8h-22.4c-6.4 0-12.8 6.4-12.8 12.8v198.4c0 6.4 6.4 12.8 12.8 12.8zm96 0h22.4c6.4 0 12.8-6.4 12.8-12.8V204.8c0-6.4-6.4-12.8-12.8-12.8h-22.4c-6.4 0-12.8 6.4-12.8 12.8v134.4c0 6.4 6.4 12.8 12.8 12.8zM496 400H48V80c0-8.84-7.16-16-16-16H16C7.16 64 0 71.16 0 80v336c0 17.67 14.33 32 32 32h464c8.84 0 16-7.16 16-16v-16c0-8.84-7.16-16-16-16zm-387.2-48h22.4c6.4 0 12.8-6.4 12.8-12.8v-70.4c0-6.4-6.4-12.8-12.8-12.8h-22.4c-6.4 0-12.8 6.4-12.8 12.8v70.4c0 6.4 6.4 12.8 12.8 12.8z\" class=\"\"><\/path><\/svg><\/i> <img loading=\"lazy\" decoding=\"async\" width=\"16\" height=\"16\" alt=\"Loading\" src=\"https:\/\/sg-gueterfelde.de\/wp-content\/plugins\/page-views-count\/ajax-loader-2x.gif\" border=0 \/><\/p>\n<div class=\"pvc_clear\"><\/div>\n","protected":false},"excerpt":{"rendered":"<p>Die SG G\u00fcterfelde 1910 e.V., vertreten durch die Vereinsvorsitzende Elvira Waldmann, wurde zu Beginn des neuen Jahres zu zwei \u00fcbergreifenden Veranstaltungen eingeladen, die mit dem Sport und der T\u00e4tigkeit in den SV zu tun hatten. Zusammenfassung in Stichpunkten: Am 7. Januar gab es ein Neujahrstreffen der Region KTS, das von der SPD organisiert war und <span class=\"ellipsis\">&hellip;<\/span> <span class=\"more-link-wrap\"><a href=\"https:\/\/sg-gueterfelde.de\/?page_id=635\" class=\"more-link\"><span>Read More &rarr;<\/span><\/a><\/span><\/p>\n<div class=\"pvc_clear\"><\/div>\n<p id=\"pvc_stats_635\" class=\"pvc_stats all  \" data-element-id=\"635\" style=\"\"><i class=\"pvc-stats-icon small\" aria-hidden=\"true\"><svg aria-hidden=\"true\" focusable=\"false\" data-prefix=\"far\" data-icon=\"chart-bar\" role=\"img\" xmlns=\"http:\/\/www.w3.org\/2000\/svg\" viewBox=\"0 0 512 512\" class=\"svg-inline--fa fa-chart-bar fa-w-16 fa-2x\"><path fill=\"currentColor\" d=\"M396.8 352h22.4c6.4 0 12.8-6.4 12.8-12.8V108.8c0-6.4-6.4-12.8-12.8-12.8h-22.4c-6.4 0-12.8 6.4-12.8 12.8v230.4c0 6.4 6.4 12.8 12.8 12.8zm-192 0h22.4c6.4 0 12.8-6.4 12.8-12.8V140.8c0-6.4-6.4-12.8-12.8-12.8h-22.4c-6.4 0-12.8 6.4-12.8 12.8v198.4c0 6.4 6.4 12.8 12.8 12.8zm96 0h22.4c6.4 0 12.8-6.4 12.8-12.8V204.8c0-6.4-6.4-12.8-12.8-12.8h-22.4c-6.4 0-12.8 6.4-12.8 12.8v134.4c0 6.4 6.4 12.8 12.8 12.8zM496 400H48V80c0-8.84-7.16-16-16-16H16C7.16 64 0 71.16 0 80v336c0 17.67 14.33 32 32 32h464c8.84 0 16-7.16 16-16v-16c0-8.84-7.16-16-16-16zm-387.2-48h22.4c6.4 0 12.8-6.4 12.8-12.8v-70.4c0-6.4-6.4-12.8-12.8-12.8h-22.4c-6.4 0-12.8 6.4-12.8 12.8v70.4c0 6.4 6.4 12.8 12.8 12.8z\" class=\"\"><\/path><\/svg><\/i> <img loading=\"lazy\" decoding=\"async\" width=\"16\" height=\"16\" alt=\"Loading\" src=\"https:\/\/sg-gueterfelde.de\/wp-content\/plugins\/page-views-count\/ajax-loader-2x.gif\" border=0 \/><\/p>\n<div class=\"pvc_clear\"><\/div>\n","protected":false},"author":1,"featured_media":0,"parent":0,"menu_order":0,"comment_status":"closed","ping_status":"open","template":"","meta":{"ngg_post_thumbnail":0,"footnotes":"","_links_to":"","_links_to_target":""},"class_list":["post-635","page","type-page","status-publish","hentry"],"_links":{"self":[{"href":"https:\/\/sg-gueterfelde.de\/index.php?rest_route=\/wp\/v2\/pages\/635","targetHints":{"allow":["GET"]}}],"collection":[{"href":"https:\/\/sg-gueterfelde.de\/index.php?rest_route=\/wp\/v2\/pages"}],"about":[{"href":"https:\/\/sg-gueterfelde.de\/index.php?rest_route=\/wp\/v2\/types\/page"}],"author":[{"embeddable":true,"href":"https:\/\/sg-gueterfelde.de\/index.php?rest_route=\/wp\/v2\/users\/1"}],"replies":[{"embeddable":true,"href":"https:\/\/sg-gueterfelde.de\/index.php?rest_route=%2Fwp%2Fv2%2Fcomments&post=635"}],"version-history":[{"count":4,"href":"https:\/\/sg-gueterfelde.de\/index.php?rest_route=\/wp\/v2\/pages\/635\/revisions"}],"predecessor-version":[{"id":642,"href":"https:\/\/sg-gueterfelde.de\/index.php?rest_route=\/wp\/v2\/pages\/635\/revisions\/642"}],"wp:attachment":[{"href":"https:\/\/sg-gueterfelde.de\/index.php?rest_route=%2Fwp%2Fv2%2Fmedia&parent=635"}],"curies":[{"name":"wp","href":"https:\/\/api.w.org\/{rel}","templated":true}]}}