{"id":656,"date":"2016-03-30T09:48:38","date_gmt":"2016-03-30T09:48:38","guid":{"rendered":"http:\/\/sg-gueterfelde.de\/?page_id=656"},"modified":"2016-03-30T09:48:38","modified_gmt":"2016-03-30T09:48:38","slug":"jhv-bericht-2016","status":"publish","type":"page","link":"https:\/\/sg-gueterfelde.de\/?page_id=656","title":{"rendered":"JHV Bericht 2016"},"content":{"rendered":"<p align=\"JUSTIFY\"><span style=\"font-size: 12px;\"><a name=\"_GoBack\"><\/a><span style=\"font-family: verdana,geneva;\">Zur j\u00e4hrlichen Mitgliederversammlung trafen sich etwa sechzig Sportfreunde aus allen Abteilungen und Gruppen, um \u00fcber ihre Arbeit zu berichten und sich zu den Erfahrungen und Ereignissen des sportlichen und geselligen Lebens der Sportgemeinschaft auszutauschen. Es wurde sowohl auf das vergangene Jahr 2015 zur\u00fcckgeblickt als auch die Perspektiven und die weiteren Vorhaben im Jahr 2016 in den Blick genommen. Es ging in diesem Jahr auch darum, den ehrenamtlich t\u00e4tigen Vorstand f\u00fcr die folgenden vier Jahre zu w\u00e4hlen. <\/span><\/span><\/p>\n<p align=\"JUSTIFY\"><span style=\"font-family: verdana,geneva; font-size: 12px;\">Die Veranstaltung fand in den gut vorbereiteten R\u00e4umen der Gemeindeverwaltung Stahnsdorf statt. F\u00fcr die Unterst\u00fctzung bedanken wir uns. Viel Unterst\u00fctzung gab es auch bei der Vorbereitung eines angenehmen Rahmens mit Kaffee, Kuchen, Br\u00f6tchen und Getr\u00e4nken durch Sportfreundinnen. Das hat zum Wohlf\u00fchlen sehr beigetragen. <\/span><\/p>\n<p align=\"JUSTIFY\"><span style=\"font-family: verdana,geneva; font-size: 12px;\">Inhaltlich standen der Rechenschaftsbericht des Vorstandes \u00fcber das vergangene Jahr, die Berichte der Abteilungen, die Wahl des Vorstandes, die Auszeichnungen von Mitgliedern und die zuk\u00fcnftigen Vorhaben im Mittelpunkt. Au\u00dferdem wurde \u00fcber die Sportentwicklungsplanung in der Region (KTS) berichtet.<\/span><\/p>\n<p align=\"JUSTIFY\"><a href=\"https:\/\/sg-gueterfelde.de\/wp-content\/uploads\/2016\/03\/jhv_2016_1.jpg\"><img loading=\"lazy\" decoding=\"async\" class=\"aligncenter size-full wp-image-657\" src=\"https:\/\/sg-gueterfelde.de\/wp-content\/uploads\/2016\/03\/jhv_2016_1.jpg\" alt=\"Bericht JHV 2016\" width=\"500\" height=\"333\" srcset=\"https:\/\/sg-gueterfelde.de\/wp-content\/uploads\/2016\/03\/jhv_2016_1.jpg 500w, https:\/\/sg-gueterfelde.de\/wp-content\/uploads\/2016\/03\/jhv_2016_1-300x200.jpg 300w\" sizes=\"auto, (max-width: 500px) 100vw, 500px\" \/><\/a><\/p>\n<p align=\"JUSTIFY\"><span style=\"font-family: verdana,geneva; font-size: 12px;\">Die Berichte und Fotodokumentation \u00fcber den Berichtszeitraum k\u00f6nnen nochmals auf der Webseite und im Schaukasten zur Kenntnis genommen werden.<\/span><\/p>\n<p align=\"JUSTIFY\"><span style=\"font-size: 12px; font-family: verdana,geneva;\">In den Vorstand (wieder) gew\u00e4hlt wurden: <b>Elvira Waldmann <\/b>\/ Vorsitzende, <b>Uwe Schaer <\/b>\/ Stellvertreter, <b>Andreas Sieke <\/b>\/ Kassierer, <b>Roland Loeper <\/b>\/ Ger\u00e4tewart und <b>Ursel Th\u00fcrmann <\/b>\/ Schriftf\u00fchrerin.<\/span><\/p>\n<p align=\"JUSTIFY\"><span style=\"font-family: verdana,geneva; font-size: 12px;\">F\u00fcr eine besonders langj\u00e4hrige Mitgliedschaft konnten drei Sportmitglieder geehrt werden: Uschi H\u00f6now (40 Jahre), Manfred Fietkau (60 Jahre) und J\u00fcrgen Kiekebusch (60 Jahre).<\/span><\/p>\n<p align=\"JUSTIFY\"><a href=\"https:\/\/sg-gueterfelde.de\/wp-content\/uploads\/2016\/03\/jhv_2016_2.jpg\"><img loading=\"lazy\" decoding=\"async\" class=\"aligncenter size-full wp-image-658\" src=\"https:\/\/sg-gueterfelde.de\/wp-content\/uploads\/2016\/03\/jhv_2016_2.jpg\" alt=\"Bericht JHV 2016\" width=\"500\" height=\"334\" srcset=\"https:\/\/sg-gueterfelde.de\/wp-content\/uploads\/2016\/03\/jhv_2016_2.jpg 500w, https:\/\/sg-gueterfelde.de\/wp-content\/uploads\/2016\/03\/jhv_2016_2-300x200.jpg 300w\" sizes=\"auto, (max-width: 500px) 100vw, 500px\" \/><\/a><\/p>\n<p align=\"JUSTIFY\"><span style=\"font-family: verdana,geneva; font-size: 12px;\">Die SG lebt vom ehrenamtlichen Engagement zahlreicher Mitglieder. Einige von ihnen wurden in dieser Veranstaltung daf\u00fcr ausgezeichnet: Sportfreunde Uwe Schaer, Siegfried Assmann, Thomas Rubin, Uwe Ihlefeldt, Andre Luthardt, Harald Krehl, Thomas Scheibel, Uwe Napierkowski;<\/span><\/p>\n<p align=\"JUSTIFY\"><a href=\"https:\/\/sg-gueterfelde.de\/wp-content\/uploads\/2016\/03\/jhv_2016_3.jpg\"><img loading=\"lazy\" decoding=\"async\" class=\"aligncenter size-full wp-image-659\" src=\"https:\/\/sg-gueterfelde.de\/wp-content\/uploads\/2016\/03\/jhv_2016_3.jpg\" alt=\"Bericht JHV 2016\" width=\"500\" height=\"333\" srcset=\"https:\/\/sg-gueterfelde.de\/wp-content\/uploads\/2016\/03\/jhv_2016_3.jpg 500w, https:\/\/sg-gueterfelde.de\/wp-content\/uploads\/2016\/03\/jhv_2016_3-300x200.jpg 300w\" sizes=\"auto, (max-width: 500px) 100vw, 500px\" \/><\/a><\/p>\n<p align=\"JUSTIFY\"><span style=\"font-family: verdana,geneva; font-size: 12px;\">Sportfreundinnen Katrin Braune, Gerlind Schult, Gisela Frankenh\u00e4user, Anett Wernitz, Christa Wernitz, Sabine Kiekebusch, Elvira M\u00fcller, Gerda Krause, Sieglinde Sprgalla, Angelika Riemann, Ingrid Gonkowski.<\/span><\/p>\n<p align=\"JUSTIFY\"><a href=\"https:\/\/sg-gueterfelde.de\/wp-content\/uploads\/2016\/03\/jhv_2016_4.jpg\"><img loading=\"lazy\" decoding=\"async\" class=\"aligncenter size-full wp-image-660\" src=\"https:\/\/sg-gueterfelde.de\/wp-content\/uploads\/2016\/03\/jhv_2016_4.jpg\" alt=\"Bericht JHV 2016\" width=\"500\" height=\"334\" srcset=\"https:\/\/sg-gueterfelde.de\/wp-content\/uploads\/2016\/03\/jhv_2016_4.jpg 500w, https:\/\/sg-gueterfelde.de\/wp-content\/uploads\/2016\/03\/jhv_2016_4-300x200.jpg 300w\" sizes=\"auto, (max-width: 500px) 100vw, 500px\" \/><\/a><\/p>\n<p align=\"JUSTIFY\"><span style=\"font-family: verdana,geneva; font-size: 12px;\">Unser gr\u00f6\u00dftes Vorhaben f\u00fcr die n\u00e4chste Zeit wird der Bau eines Sanit\u00e4r- und Sozialgeb\u00e4udes am Sportplatz werden. Die Finanzen sind bewilligt worden, dazu brauchen wir aber auch wieder zus\u00e4tzliche Helfer und das Engagement von Sportfreunden. Der Vorstand bedankt sich bei allen, die zum Gelingen unserer Veranstaltung beigetragen haben.<\/span><\/p>\n<p align=\"JUSTIFY\"><a href=\"https:\/\/sg-gueterfelde.de\/wp-content\/uploads\/2016\/03\/jhv_2016_5.jpg\"><img loading=\"lazy\" decoding=\"async\" class=\"aligncenter wp-image-661\" src=\"https:\/\/sg-gueterfelde.de\/wp-content\/uploads\/2016\/03\/jhv_2016_5.jpg\" alt=\"Bericht JHV 2016\" width=\"500\" height=\"334\" srcset=\"https:\/\/sg-gueterfelde.de\/wp-content\/uploads\/2016\/03\/jhv_2016_5.jpg 1100w, https:\/\/sg-gueterfelde.de\/wp-content\/uploads\/2016\/03\/jhv_2016_5-300x200.jpg 300w, https:\/\/sg-gueterfelde.de\/wp-content\/uploads\/2016\/03\/jhv_2016_5-1024x683.jpg 1024w\" sizes=\"auto, (max-width: 500px) 100vw, 500px\" \/><\/a><\/p>\n<p align=\"JUSTIFY\"><span style=\"font-size: 12px; font-family: verdana,geneva;\"><a href=\"https:\/\/sg-gueterfelde.de\/wp-content\/uploads\/2016\/03\/sgg_bericht_jhv2016.pdf\">Gerne auch als PDF zum nachlesen.<\/a><\/span><\/p>\n<div class=\"pvc_clear\"><\/div>\n<p id=\"pvc_stats_656\" class=\"pvc_stats all  \" data-element-id=\"656\" style=\"\"><i class=\"pvc-stats-icon small\" aria-hidden=\"true\"><svg aria-hidden=\"true\" focusable=\"false\" data-prefix=\"far\" data-icon=\"chart-bar\" role=\"img\" xmlns=\"http:\/\/www.w3.org\/2000\/svg\" viewBox=\"0 0 512 512\" class=\"svg-inline--fa fa-chart-bar fa-w-16 fa-2x\"><path fill=\"currentColor\" d=\"M396.8 352h22.4c6.4 0 12.8-6.4 12.8-12.8V108.8c0-6.4-6.4-12.8-12.8-12.8h-22.4c-6.4 0-12.8 6.4-12.8 12.8v230.4c0 6.4 6.4 12.8 12.8 12.8zm-192 0h22.4c6.4 0 12.8-6.4 12.8-12.8V140.8c0-6.4-6.4-12.8-12.8-12.8h-22.4c-6.4 0-12.8 6.4-12.8 12.8v198.4c0 6.4 6.4 12.8 12.8 12.8zm96 0h22.4c6.4 0 12.8-6.4 12.8-12.8V204.8c0-6.4-6.4-12.8-12.8-12.8h-22.4c-6.4 0-12.8 6.4-12.8 12.8v134.4c0 6.4 6.4 12.8 12.8 12.8zM496 400H48V80c0-8.84-7.16-16-16-16H16C7.16 64 0 71.16 0 80v336c0 17.67 14.33 32 32 32h464c8.84 0 16-7.16 16-16v-16c0-8.84-7.16-16-16-16zm-387.2-48h22.4c6.4 0 12.8-6.4 12.8-12.8v-70.4c0-6.4-6.4-12.8-12.8-12.8h-22.4c-6.4 0-12.8 6.4-12.8 12.8v70.4c0 6.4 6.4 12.8 12.8 12.8z\" class=\"\"><\/path><\/svg><\/i> <img loading=\"lazy\" decoding=\"async\" width=\"16\" height=\"16\" alt=\"Loading\" src=\"https:\/\/sg-gueterfelde.de\/wp-content\/plugins\/page-views-count\/ajax-loader-2x.gif\" border=0 \/><\/p>\n<div class=\"pvc_clear\"><\/div>\n","protected":false},"excerpt":{"rendered":"<p>Zur j\u00e4hrlichen Mitgliederversammlung trafen sich etwa sechzig Sportfreunde aus allen Abteilungen und Gruppen, um \u00fcber ihre Arbeit zu berichten und sich zu den Erfahrungen und Ereignissen des sportlichen und geselligen Lebens der Sportgemeinschaft auszutauschen. Es wurde sowohl auf das vergangene Jahr 2015 zur\u00fcckgeblickt als auch die Perspektiven und die weiteren Vorhaben im Jahr 2016 in <span class=\"ellipsis\">&hellip;<\/span> <span class=\"more-link-wrap\"><a href=\"https:\/\/sg-gueterfelde.de\/?page_id=656\" class=\"more-link\"><span>Read More &rarr;<\/span><\/a><\/span><\/p>\n<div class=\"pvc_clear\"><\/div>\n<p id=\"pvc_stats_656\" class=\"pvc_stats all  \" data-element-id=\"656\" style=\"\"><i class=\"pvc-stats-icon small\" aria-hidden=\"true\"><svg aria-hidden=\"true\" focusable=\"false\" data-prefix=\"far\" data-icon=\"chart-bar\" role=\"img\" xmlns=\"http:\/\/www.w3.org\/2000\/svg\" viewBox=\"0 0 512 512\" class=\"svg-inline--fa fa-chart-bar fa-w-16 fa-2x\"><path fill=\"currentColor\" d=\"M396.8 352h22.4c6.4 0 12.8-6.4 12.8-12.8V108.8c0-6.4-6.4-12.8-12.8-12.8h-22.4c-6.4 0-12.8 6.4-12.8 12.8v230.4c0 6.4 6.4 12.8 12.8 12.8zm-192 0h22.4c6.4 0 12.8-6.4 12.8-12.8V140.8c0-6.4-6.4-12.8-12.8-12.8h-22.4c-6.4 0-12.8 6.4-12.8 12.8v198.4c0 6.4 6.4 12.8 12.8 12.8zm96 0h22.4c6.4 0 12.8-6.4 12.8-12.8V204.8c0-6.4-6.4-12.8-12.8-12.8h-22.4c-6.4 0-12.8 6.4-12.8 12.8v134.4c0 6.4 6.4 12.8 12.8 12.8zM496 400H48V80c0-8.84-7.16-16-16-16H16C7.16 64 0 71.16 0 80v336c0 17.67 14.33 32 32 32h464c8.84 0 16-7.16 16-16v-16c0-8.84-7.16-16-16-16zm-387.2-48h22.4c6.4 0 12.8-6.4 12.8-12.8v-70.4c0-6.4-6.4-12.8-12.8-12.8h-22.4c-6.4 0-12.8 6.4-12.8 12.8v70.4c0 6.4 6.4 12.8 12.8 12.8z\" class=\"\"><\/path><\/svg><\/i> <img loading=\"lazy\" decoding=\"async\" width=\"16\" height=\"16\" alt=\"Loading\" src=\"https:\/\/sg-gueterfelde.de\/wp-content\/plugins\/page-views-count\/ajax-loader-2x.gif\" border=0 \/><\/p>\n<div class=\"pvc_clear\"><\/div>\n","protected":false},"author":1,"featured_media":0,"parent":0,"menu_order":0,"comment_status":"closed","ping_status":"open","template":"","meta":{"ngg_post_thumbnail":0,"footnotes":"","_links_to":"","_links_to_target":""},"class_list":["post-656","page","type-page","status-publish","hentry"],"_links":{"self":[{"href":"https:\/\/sg-gueterfelde.de\/index.php?rest_route=\/wp\/v2\/pages\/656","targetHints":{"allow":["GET"]}}],"collection":[{"href":"https:\/\/sg-gueterfelde.de\/index.php?rest_route=\/wp\/v2\/pages"}],"about":[{"href":"https:\/\/sg-gueterfelde.de\/index.php?rest_route=\/wp\/v2\/types\/page"}],"author":[{"embeddable":true,"href":"https:\/\/sg-gueterfelde.de\/index.php?rest_route=\/wp\/v2\/users\/1"}],"replies":[{"embeddable":true,"href":"https:\/\/sg-gueterfelde.de\/index.php?rest_route=%2Fwp%2Fv2%2Fcomments&post=656"}],"version-history":[{"count":1,"href":"https:\/\/sg-gueterfelde.de\/index.php?rest_route=\/wp\/v2\/pages\/656\/revisions"}],"predecessor-version":[{"id":663,"href":"https:\/\/sg-gueterfelde.de\/index.php?rest_route=\/wp\/v2\/pages\/656\/revisions\/663"}],"wp:attachment":[{"href":"https:\/\/sg-gueterfelde.de\/index.php?rest_route=%2Fwp%2Fv2%2Fmedia&parent=656"}],"curies":[{"name":"wp","href":"https:\/\/api.w.org\/{rel}","templated":true}]}}