{"id":666,"date":"2016-03-30T09:53:35","date_gmt":"2016-03-30T09:53:35","guid":{"rendered":"http:\/\/sg-gueterfelde.de\/?page_id=666"},"modified":"2016-03-30T09:53:35","modified_gmt":"2016-03-30T09:53:35","slug":"bericht-des-vorstandes-fuer-den-zeitraum-maerz-2015-bis-2016","status":"publish","type":"page","link":"https:\/\/sg-gueterfelde.de\/?page_id=666","title":{"rendered":"Bericht des Vorstandes f\u00fcr den Zeitraum  M\u00e4rz 2015 bis 2016"},"content":{"rendered":"<p><span style=\"font-family: verdana,geneva; font-size: 12px;\"><i>Kurzform<\/i><\/span><\/p>\n<p align=\"JUSTIFY\"><span style=\"font-family: verdana,geneva; font-size: 12px;\">Die Sportgemeinschaft blickt auf ein erfolgreiches Jahr mit vielf\u00e4ltiger sportlicher, gesellschaftlicher und gemeinschaftlicher Arbeit zur\u00fcck. Die aktive Beteiligung vieler Sportfreundinnen und Sportfreunde und die verantwortungsvolle Mitarbeit vieler ehrenamtlich T\u00e4tiger hat es der Sportgemeinschaft erm\u00f6glich, ihr breites Angebot an traditionellen Veranstaltungen und H\u00f6hepunkten zu gestalten, neue Vorhaben zu initiieren und ein sportliches Angebot \u00fcber alle Altersgruppen hinweg anbieten zu k\u00f6nnen. Die Mitgliederzahlen sind ansteigend. Momentan sind 197 Sportfreundinnen und Sportfreunde in der Sportgemeinschaft organisiert. Besonders gefreut haben wir uns dar\u00fcber, dass wir eine Kindergruppe in die SG aufnehmen konnten. <\/span><\/p>\n<p align=\"JUSTIFY\"><span style=\"font-family: verdana,geneva; font-size: 12px;\">Auch die Veranstaltungen im R\u00fcckblick auf das 105. Jahr der Sportgemeinschaft sind in Berichten auf der Webseite und im Schaukasten, sowie durch Foto-Pr\u00e4sen-tationen dokumentiert worden. <\/span><\/p>\n<p><span style=\"font-size: 12px; font-family: verdana,geneva;\"><a name=\"_GoBack\"><\/a>Hier folgt ein kurzer \u00dcberblick:<\/span><\/p>\n<p><span style=\"font-family: verdana,geneva; font-size: 12px;\"><i>Traditionsveranstaltungen<\/i><\/span><\/p>\n<ul>\n<li><span style=\"font-family: verdana,geneva; font-size: 12px;\">Jahreshauptversammlung am 21. M\u00e4rz 2015: mit Ehrungen (Urkunden, Abzeichen) f\u00fcr langj\u00e4hrige Mitgliedschaften und f\u00fcr hohes Engagement in der SG, ausf\u00fchrlicher Bericht \u00fcber die Arbeit, der auf der Webseite vorliegt, Bericht und (neue) Satzung waren Grundlage f\u00fcr die nach f\u00fcnf Jahren erforderliche Pr\u00fcfung der Gemeinn\u00fctzigkeit des Vereins, die 2015 erfolgte. Einen anschaulichen Einblick in das Leben der Sportgemeinschaft gab die Brosch\u00fcre mit Fotoimpressionen aus dem Leben der SG von 2014.<\/span><\/li>\n<li><span style=\"font-family: verdana,geneva; font-size: 12px;\">Das Pfingstturnier der Fu\u00dfballer und Handballer am 23.Mai hatte den Charakter eines Sportfestes, war gut organisiert und wird zunehmend rege besucht. Die Handballer aus G\u00fcterfelde waren im Endspiel und konnten einen guten zweiten Platz belegen.<\/span><\/li>\n<li><span style=\"font-family: verdana,geneva; font-size: 12px;\">Das Pfingstkonzert am Montag lockte dann auch wieder viele Menschen aus der Umgebung (501 G\u00e4ste) in den gro\u00dfz\u00fcgigen Garten des B\u00fcrgerhauses. Es ist immer wieder eine logistische Herausforderung, die nur durch breite Unterst\u00fctzung geschafft werden kann. Durch den Einsatz von zwei Orchestern (Ketziner Blasorchester, Alte Wache) konnten vier Stunden mit stimmungsvoller Swing- und Blasmusik gestaltet werden.<\/span><\/li>\n<li><span style=\"font-family: verdana,geneva; font-size: 12px;\">Die Werbemittel wurden f\u00fcr die beiden Pfingstveranstaltungen mit Unterst\u00fctzung von Sportfreunden so gestaltet, dass sie teilweise mehrfach nutzbar sind. Das ist eine nachhaltige Verbesserung.<\/span><\/li>\n<li><span style=\"font-family: verdana,geneva; font-size: 12px;\">Die Sportler der Handball- und Fu\u00dfballmannschaft haben im Sommer mehrere Turniere in der Region bestritten und die SG gut pr\u00e4sentiert.<\/span><\/li>\n<li><span style=\"font-family: verdana,geneva; font-size: 12px;\">Das Sommerfest am 20. Juni wurde ein abteilungs- und gruppen\u00fcber-greifendes Gemeinschaftsereignis unter der \u00dcberschrift \u201eWechselhaftes Wetter &#8211; gute Stimmung\u201c. Gute Verpflegung, DJ- Musik, Tanzen und eine sportliche Vorf\u00fchrung der Aerobic- Gruppe rundeten das Ganze ab. <\/span><\/li>\n<li><span style=\"font-family: verdana,geneva; font-size: 12px;\">Am 27. November gab es die traditionelle Weihnachtsfeier f\u00fcr die j\u00fcngeren und \u00e4lteren passiven Sportfreund-innen. Mit drei\u00dfig Teilnehmenden war auch dieses Fest gut besucht.<\/span><\/li>\n<\/ul>\n<p><span style=\"font-family: verdana,geneva; font-size: 12px;\"><i>Neue Aktivit\u00e4ten <\/i><\/span><\/p>\n<ul>\n<li><span style=\"font-family: verdana,geneva; font-size: 12px;\">Am 16.Dezember fand erstmalig eine Beteiligung der SG am Lebendigen Adventskalender statt. In der Turnhalle gab es \u201eWeihnachtliche Gymnastik mit \u00dcberraschungen\u201c gestaltet durch die Frauengruppen Seniorinnen und Frauenpower. <\/span><\/li>\n<li><span style=\"font-family: verdana,geneva; font-size: 12px;\">Wir haben in Zusammenarbeit mit der KiTa eine Kindergruppe in die SG aufgenommen, die im September ihren Kindertanz begonnen hat.<\/span><\/li>\n<\/ul>\n<p><span style=\"font-family: verdana,geneva; font-size: 12px;\"><i>Weitere Aufgaben <\/i><\/span><\/p>\n<ul>\n<li><span style=\"font-family: verdana,geneva; font-size: 12px;\">Beginn der Arbeiten f\u00fcr ein Bauvorhaben Sanit\u00e4r- und Sozialr\u00e4ume mit Aufr\u00e4umarbeiten auf dem vorgesehenen Gel\u00e4nde am 6. Februar mit guter Beteiligung<\/span><\/li>\n<li><span style=\"font-family: verdana,geneva; font-size: 12px;\">Handball- Europameisterschaften Endspiel als gemeinschaftliches Fernseherlebnis mit kulinarischer Umrahmung durch und bei Fa. Ihlefeldt.<\/span><\/li>\n<li><span style=\"font-family: verdana,geneva; font-size: 12px;\">Feiern zu verschiedenen Anl\u00e4ssen, Kulturbesuche und Fahrten in den verschiedenen Gruppen<\/span><\/li>\n<li><span style=\"font-family: verdana,geneva; font-size: 12px;\">Gl\u00fcckw\u00fcnsche zu besonderen Geburtstagen und famili\u00e4ren Ereignissen von Sportfreunden<\/span><\/li>\n<li><span style=\"font-family: verdana,geneva; font-size: 12px;\">Fortsetzung der Arbeit mit der Webseite, Termine, Aktuelles, Berichte, Archiv befinden sich dort<\/span><\/li>\n<li><span style=\"font-family: verdana,geneva; font-size: 12px;\">Beteiligung an der Kranzniederlegung zum Volkstrauertag<\/span><\/li>\n<li><span style=\"font-family: verdana,geneva; font-size: 12px;\">Teilnahme geladener Sportmitglieder zur feierlichen Ehrenamtsveranstaltung der Gemeindeverwaltung<\/span><\/li>\n<li><span style=\"font-family: verdana,geneva; font-size: 12px;\">Zusammenarbeit mit Institutionen, wie KSB, LSB, Gemeindeverwaltung, B\u00fcrgerhausverein, Ortsbeirat (F\u00f6rderantr\u00e4ge, Veranstaltungsr\u00e4ume, Fortbildungsangebote f\u00fcr \u00dcbungsleiterinnen, Mitgliedererfassung, statistische Meldungen ect.)<\/span><\/li>\n<li><span style=\"font-family: verdana,geneva; font-size: 12px;\">Ausbildung einer weiteren \u00dcbungsleiterin wurde erm\u00f6glicht <\/span><\/li>\n<li><span style=\"font-family: verdana,geneva; font-size: 12px;\">Unterst\u00fctzung der KiTa bei deren Feiern mit Equipment<\/span><\/li>\n<\/ul>\n<p><span style=\"font-family: verdana,geneva; font-size: 12px;\"><i>Finanzen <\/i><\/span><\/p>\n<p><span style=\"font-size: 12px; font-family: verdana,geneva;\">Der Bericht f\u00fcr den Berichtszeitraum liegt vor (Bericht Hauptkassierer).<i> <\/i>Er best\u00e4tigt eine sparsame und kostendeckende Haushaltsf\u00fchrung des Vereins. Die erfolgte Beitragserh\u00f6hung war erforderlich.<\/span><\/p>\n<p><span style=\"font-family: verdana,geneva; font-size: 12px;\"><i>Vorhaben<\/i><\/span><\/p>\n<p><span style=\"font-size: 12px; font-family: verdana,geneva;\">F\u00fcr die <b>traditionellen<\/b> Vorhaben liegt eine langfristige Terminplanung vor, z.B.<\/span><\/p>\n<ul>\n<li><span style=\"font-family: verdana,geneva; font-size: 12px;\">Pfingstkonzert, 16. Mai <\/span><\/li>\n<li><span style=\"font-family: verdana,geneva; font-size: 12px;\">Sommerfest, 09. Juli<\/span><\/li>\n<li><span style=\"font-family: verdana,geneva; font-size: 12px;\">Weihnachtsfeier &#8211; Passive, 25. November<\/span><\/li>\n<\/ul>\n<p><span style=\"font-size: 12px; font-family: verdana,geneva;\">Der Lebendige <b>Adventskalender<\/b> soll fester Bestandteil des SG &#8211; Lebens werden.<\/span><\/p>\n<p><span style=\"font-size: 12px; font-family: verdana,geneva;\">F\u00fcr den Jahresanfang gibt es die Idee, einen <b>Neujahrsempfang<\/b> zu initiieren<\/span><\/p>\n<p><span style=\"font-size: 12px; font-family: verdana,geneva;\">Zentrales Anliegen wird das <b>Bauvorhaben <\/b>werden (s. auch Ausf\u00fchrungen des stellv. Vorsitzenden, U. Schaer).<\/span><\/p>\n<p><span style=\"font-family: verdana,geneva; font-size: 12px;\">Der schriftliche Jahresbericht wird durch eine Powerpoint\/ Dokumentation mit zahlreichen Fotos zu den Aktivit\u00e4ten erg\u00e4nzt<\/span><\/p>\n<p><span style=\"font-family: verdana,geneva; font-size: 12px;\">Elvira Waldmann G\u00fcterfelde,\u00a0\u00a0\u00a0\u00a0\u00a0\u00a0\u00a0\u00a0\u00a0\u00a0\u00a0\u00a0\u00a0\u00a0\u00a0\u00a0\u00a0\u00a0\u00a0\u00a0\u00a0\u00a0\u00a0\u00a0\u00a0\u00a0\u00a0\u00a0\u00a0\u00a0\u00a0\u00a0\u00a0\u00a0\u00a0\u00a0\u00a0\u00a0\u00a0\u00a0\u00a0\u00a0\u00a0\u00a0\u00a0\u00a0\u00a0\u00a0\u00a0\u00a0\u00a0\u00a0\u00a0\u00a0\u00a0\u00a0\u00a0\u00a0\u00a0\u00a0\u00a0\u00a0\u00a0\u00a0\u00a0\u00a0\u00a0\u00a0\u00a0\u00a0\u00a0\u00a0\u00a0\u00a0\u00a0\u00a0\u00a0\u00a0\u00a0\u00a0\u00a0\u00a0\u00a0\u00a0\u00a0\u00a0\u00a0\u00a0\u00a0\u00a0\u00a0\u00a0\u00a0\u00a0\u00a0\u00a0\u00a0\u00a0\u00a0\u00a0\u00a0\u00a0\u00a0\u00a0\u00a0\u00a0\u00a0\u00a0\u00a0\u00a0\u00a0\u00a0\u00a0\u00a0\u00a0\u00a0\u00a0\u00a0\u00a0\u00a0\u00a0\u00a0\u00a0\u00a0 12. M\u00e4rz 2016<\/span><\/p>\n<p><span style=\"font-family: verdana,geneva;\"><span style=\"font-size: 12px;\">1. Vorsitzende der Sportgemeinschaft<\/span> <\/span><\/p>\n<p><span style=\"font-size: 12px; font-family: verdana,geneva;\"><a href=\"https:\/\/sg-gueterfelde.de\/wp-content\/uploads\/2016\/03\/sgg_rechenschaftsbericht2015.pdf\">Gerne auch als Pdf zum nachlesen.<\/a><\/span><\/p>\n<div class=\"pvc_clear\"><\/div>\n<p id=\"pvc_stats_666\" class=\"pvc_stats all  \" data-element-id=\"666\" style=\"\"><i class=\"pvc-stats-icon small\" aria-hidden=\"true\"><svg aria-hidden=\"true\" focusable=\"false\" data-prefix=\"far\" data-icon=\"chart-bar\" role=\"img\" xmlns=\"http:\/\/www.w3.org\/2000\/svg\" viewBox=\"0 0 512 512\" class=\"svg-inline--fa fa-chart-bar fa-w-16 fa-2x\"><path fill=\"currentColor\" d=\"M396.8 352h22.4c6.4 0 12.8-6.4 12.8-12.8V108.8c0-6.4-6.4-12.8-12.8-12.8h-22.4c-6.4 0-12.8 6.4-12.8 12.8v230.4c0 6.4 6.4 12.8 12.8 12.8zm-192 0h22.4c6.4 0 12.8-6.4 12.8-12.8V140.8c0-6.4-6.4-12.8-12.8-12.8h-22.4c-6.4 0-12.8 6.4-12.8 12.8v198.4c0 6.4 6.4 12.8 12.8 12.8zm96 0h22.4c6.4 0 12.8-6.4 12.8-12.8V204.8c0-6.4-6.4-12.8-12.8-12.8h-22.4c-6.4 0-12.8 6.4-12.8 12.8v134.4c0 6.4 6.4 12.8 12.8 12.8zM496 400H48V80c0-8.84-7.16-16-16-16H16C7.16 64 0 71.16 0 80v336c0 17.67 14.33 32 32 32h464c8.84 0 16-7.16 16-16v-16c0-8.84-7.16-16-16-16zm-387.2-48h22.4c6.4 0 12.8-6.4 12.8-12.8v-70.4c0-6.4-6.4-12.8-12.8-12.8h-22.4c-6.4 0-12.8 6.4-12.8 12.8v70.4c0 6.4 6.4 12.8 12.8 12.8z\" class=\"\"><\/path><\/svg><\/i> <img loading=\"lazy\" decoding=\"async\" width=\"16\" height=\"16\" alt=\"Loading\" src=\"https:\/\/sg-gueterfelde.de\/wp-content\/plugins\/page-views-count\/ajax-loader-2x.gif\" border=0 \/><\/p>\n<div class=\"pvc_clear\"><\/div>\n","protected":false},"excerpt":{"rendered":"<p>Kurzform Die Sportgemeinschaft blickt auf ein erfolgreiches Jahr mit vielf\u00e4ltiger sportlicher, gesellschaftlicher und gemeinschaftlicher Arbeit zur\u00fcck. Die aktive Beteiligung vieler Sportfreundinnen und Sportfreunde und die verantwortungsvolle Mitarbeit vieler ehrenamtlich T\u00e4tiger hat es der Sportgemeinschaft erm\u00f6glich, ihr breites Angebot an traditionellen Veranstaltungen und H\u00f6hepunkten zu gestalten, neue Vorhaben zu initiieren und ein sportliches Angebot \u00fcber alle <span class=\"ellipsis\">&hellip;<\/span> <span class=\"more-link-wrap\"><a href=\"https:\/\/sg-gueterfelde.de\/?page_id=666\" class=\"more-link\"><span>Read More &rarr;<\/span><\/a><\/span><\/p>\n<div class=\"pvc_clear\"><\/div>\n<p id=\"pvc_stats_666\" class=\"pvc_stats all  \" data-element-id=\"666\" style=\"\"><i class=\"pvc-stats-icon small\" aria-hidden=\"true\"><svg aria-hidden=\"true\" focusable=\"false\" data-prefix=\"far\" data-icon=\"chart-bar\" role=\"img\" xmlns=\"http:\/\/www.w3.org\/2000\/svg\" viewBox=\"0 0 512 512\" class=\"svg-inline--fa fa-chart-bar fa-w-16 fa-2x\"><path fill=\"currentColor\" d=\"M396.8 352h22.4c6.4 0 12.8-6.4 12.8-12.8V108.8c0-6.4-6.4-12.8-12.8-12.8h-22.4c-6.4 0-12.8 6.4-12.8 12.8v230.4c0 6.4 6.4 12.8 12.8 12.8zm-192 0h22.4c6.4 0 12.8-6.4 12.8-12.8V140.8c0-6.4-6.4-12.8-12.8-12.8h-22.4c-6.4 0-12.8 6.4-12.8 12.8v198.4c0 6.4 6.4 12.8 12.8 12.8zm96 0h22.4c6.4 0 12.8-6.4 12.8-12.8V204.8c0-6.4-6.4-12.8-12.8-12.8h-22.4c-6.4 0-12.8 6.4-12.8 12.8v134.4c0 6.4 6.4 12.8 12.8 12.8zM496 400H48V80c0-8.84-7.16-16-16-16H16C7.16 64 0 71.16 0 80v336c0 17.67 14.33 32 32 32h464c8.84 0 16-7.16 16-16v-16c0-8.84-7.16-16-16-16zm-387.2-48h22.4c6.4 0 12.8-6.4 12.8-12.8v-70.4c0-6.4-6.4-12.8-12.8-12.8h-22.4c-6.4 0-12.8 6.4-12.8 12.8v70.4c0 6.4 6.4 12.8 12.8 12.8z\" class=\"\"><\/path><\/svg><\/i> <img loading=\"lazy\" decoding=\"async\" width=\"16\" height=\"16\" alt=\"Loading\" src=\"https:\/\/sg-gueterfelde.de\/wp-content\/plugins\/page-views-count\/ajax-loader-2x.gif\" border=0 \/><\/p>\n<div class=\"pvc_clear\"><\/div>\n","protected":false},"author":1,"featured_media":0,"parent":0,"menu_order":0,"comment_status":"closed","ping_status":"open","template":"","meta":{"ngg_post_thumbnail":0,"footnotes":"","_links_to":"","_links_to_target":""},"class_list":["post-666","page","type-page","status-publish","hentry"],"_links":{"self":[{"href":"https:\/\/sg-gueterfelde.de\/index.php?rest_route=\/wp\/v2\/pages\/666","targetHints":{"allow":["GET"]}}],"collection":[{"href":"https:\/\/sg-gueterfelde.de\/index.php?rest_route=\/wp\/v2\/pages"}],"about":[{"href":"https:\/\/sg-gueterfelde.de\/index.php?rest_route=\/wp\/v2\/types\/page"}],"author":[{"embeddable":true,"href":"https:\/\/sg-gueterfelde.de\/index.php?rest_route=\/wp\/v2\/users\/1"}],"replies":[{"embeddable":true,"href":"https:\/\/sg-gueterfelde.de\/index.php?rest_route=%2Fwp%2Fv2%2Fcomments&post=666"}],"version-history":[{"count":1,"href":"https:\/\/sg-gueterfelde.de\/index.php?rest_route=\/wp\/v2\/pages\/666\/revisions"}],"predecessor-version":[{"id":668,"href":"https:\/\/sg-gueterfelde.de\/index.php?rest_route=\/wp\/v2\/pages\/666\/revisions\/668"}],"wp:attachment":[{"href":"https:\/\/sg-gueterfelde.de\/index.php?rest_route=%2Fwp%2Fv2%2Fmedia&parent=666"}],"curies":[{"name":"wp","href":"https:\/\/api.w.org\/{rel}","templated":true}]}}