{"id":694,"date":"2016-06-06T21:10:43","date_gmt":"2016-06-06T21:10:43","guid":{"rendered":"http:\/\/sg-gueterfelde.de\/?page_id=694"},"modified":"2016-06-06T21:12:22","modified_gmt":"2016-06-06T21:12:22","slug":"rueckblick-auf-das-pfingstkonzert-am-16-mai-2016","status":"publish","type":"page","link":"https:\/\/sg-gueterfelde.de\/?page_id=694","title":{"rendered":"R\u00fcckblick auf das Pfingstkonzert am 16. Mai 2016"},"content":{"rendered":"<p align=\"JUSTIFY\"><span style=\"font-size: 12px; font-family: verdana,geneva;\">Obwohl unser diesj\u00e4hriges Pfingstkonzert in die Zeit der \u201eEisheiligen\u201c fiel und Wetterkapriolen nicht auszuschlie\u00dfen waren, konnten wir doch \u00fcber 300 Besucher begr\u00fc\u00dfen. Das Konzert am Pfingstmontag geh\u00f6rt eben zu den sehr beliebten Veranstaltungen in der Gemeinde.<\/span><\/p>\n<p align=\"JUSTIFY\"><span style=\"font-size: 12px; font-family: verdana,geneva;\"><a href=\"https:\/\/sg-gueterfelde.de\/wp-content\/uploads\/2016\/06\/pfingstkonzert_1_16.jpg\"><img loading=\"lazy\" decoding=\"async\" class=\"aligncenter size-full wp-image-695\" src=\"https:\/\/sg-gueterfelde.de\/wp-content\/uploads\/2016\/06\/pfingstkonzert_1_16.jpg\" alt=\"Pfingstkonzert 2016\" width=\"500\" height=\"281\" srcset=\"https:\/\/sg-gueterfelde.de\/wp-content\/uploads\/2016\/06\/pfingstkonzert_1_16.jpg 500w, https:\/\/sg-gueterfelde.de\/wp-content\/uploads\/2016\/06\/pfingstkonzert_1_16-300x169.jpg 300w\" sizes=\"auto, (max-width: 500px) 100vw, 500px\" \/><\/a><\/span><\/p>\n<p align=\"JUSTIFY\"><span style=\"font-size: 12px; font-family: verdana,geneva;\">Bis zuletzt waren wir gespannt, ob zu diesem Konzert auch das Wetter \u201emitspielen\u201c w\u00fcrde. Am Vortag hatte es ja noch reichlich Hagel- und Regenschauern gegeben. <\/span><\/p>\n<p align=\"JUSTIFY\"><span style=\"font-size: 12px; font-family: verdana,geneva;\">Den Auftakt machte das \u201eKetziner Blasorchester\u201c stimmungsvoll mit Blasmusik und Gesang. Dann spielte die \u201eAlte Wache\u201c Swing- Musik mit vielen bekannten Melodien und Evergreens.<\/span><\/p>\n<p align=\"JUSTIFY\"><span style=\"font-size: 12px; font-family: verdana,geneva;\">F\u00fcr ein abwechslungsreiches vierst\u00fcndiges Programm war also gesorgt. Es lud zum Mitsingen und zum Tanzen ein. Diese Bewegung und die kurzen Sonnenzeiten sorgten zwischendurch f\u00fcr Erw\u00e4rmung.<\/span><\/p>\n<p align=\"JUSTIFY\"><span style=\"font-size: 12px; font-family: verdana,geneva;\"><a href=\"https:\/\/sg-gueterfelde.de\/wp-content\/uploads\/2016\/06\/pfingstkonzert_2_16.jpg\"><img loading=\"lazy\" decoding=\"async\" class=\"aligncenter size-full wp-image-696\" src=\"https:\/\/sg-gueterfelde.de\/wp-content\/uploads\/2016\/06\/pfingstkonzert_2_16.jpg\" alt=\"Pfingstkonzert 2016\" width=\"500\" height=\"375\" srcset=\"https:\/\/sg-gueterfelde.de\/wp-content\/uploads\/2016\/06\/pfingstkonzert_2_16.jpg 500w, https:\/\/sg-gueterfelde.de\/wp-content\/uploads\/2016\/06\/pfingstkonzert_2_16-300x225.jpg 300w\" sizes=\"auto, (max-width: 500px) 100vw, 500px\" \/><\/a><\/span><\/p>\n<p align=\"JUSTIFY\"><span style=\"font-size: 12px; font-family: verdana,geneva;\">Der M\u00e4rkische Partyservice mit seiner hei\u00dfen Suppe u.a. und Getr\u00e4nke von Fa. Kruschke sorgten f\u00fcr das leibliche Wohl.<\/span><\/p>\n<p align=\"JUSTIFY\"><span style=\"font-size: 12px; font-family: verdana,geneva;\"><a href=\"https:\/\/sg-gueterfelde.de\/wp-content\/uploads\/2016\/06\/pfingstkonzert_3_16.jpg\"><img loading=\"lazy\" decoding=\"async\" class=\"aligncenter size-full wp-image-697\" src=\"https:\/\/sg-gueterfelde.de\/wp-content\/uploads\/2016\/06\/pfingstkonzert_3_16.jpg\" alt=\"Pfingstkonzert 2016\" width=\"500\" height=\"281\" srcset=\"https:\/\/sg-gueterfelde.de\/wp-content\/uploads\/2016\/06\/pfingstkonzert_3_16.jpg 500w, https:\/\/sg-gueterfelde.de\/wp-content\/uploads\/2016\/06\/pfingstkonzert_3_16-300x169.jpg 300w\" sizes=\"auto, (max-width: 500px) 100vw, 500px\" \/><\/a><\/span><\/p>\n<p align=\"JUSTIFY\"><span style=\"font-size: 12px; font-family: verdana,geneva;\">Die Veranstaltung wurde organisiert von den vielen ehrenamtlich t\u00e4tigen Sportfreundinnen und Sportfreunden der SG G\u00fcterfelde. Daf\u00fcr sprach ihnen die Vorsitzende, Dr. Elvira Waldmann, einen herzlichen Dank aus.<\/span><\/p>\n<p align=\"JUSTIFY\"><span style=\"font-size: 12px; font-family: verdana,geneva;\">Sie begr\u00fc\u00dfte zu Beginn neben den G\u00e4sten im Garten auch den Ortsvorsteher, Dietrich Huckshold, der seinerseits Besucher der ungarischen Partnergemeinde K\u00f6ng\u00f6sz, willkommen hei\u00dfen konnte sowie den B\u00fcrgermeister von Stahnsdorf, Bernd Albers. Der B\u00fcrgermeister bedankte sich bei den B\u00fcrgern f\u00fcr die Wiederwahl und das Vertrauen.<\/span><\/p>\n<p align=\"JUSTIFY\"><span style=\"font-size: 12px; font-family: verdana,geneva;\"><a href=\"https:\/\/sg-gueterfelde.de\/wp-content\/uploads\/2016\/06\/pfingstkonzert_4_16.jpg\"><img loading=\"lazy\" decoding=\"async\" class=\"aligncenter size-full wp-image-698\" src=\"https:\/\/sg-gueterfelde.de\/wp-content\/uploads\/2016\/06\/pfingstkonzert_4_16.jpg\" alt=\"pfingstkonzert_4_16\" width=\"500\" height=\"375\" srcset=\"https:\/\/sg-gueterfelde.de\/wp-content\/uploads\/2016\/06\/pfingstkonzert_4_16.jpg 500w, https:\/\/sg-gueterfelde.de\/wp-content\/uploads\/2016\/06\/pfingstkonzert_4_16-300x225.jpg 300w\" sizes=\"auto, (max-width: 500px) 100vw, 500px\" \/><\/a><\/span><\/p>\n<p align=\"JUSTIFY\"><span style=\"font-size: 12px; font-family: verdana,geneva;\">Am n\u00e4chsten Tag fanden sich etwa 20 Sportfreundinnen f\u00fcr das Aufr\u00e4umen ein.<\/span><\/p>\n<p align=\"JUSTIFY\"><span style=\"font-size: 12px; font-family: verdana,geneva;\">Die Frauen hatten f\u00fcr ein kleines Buffet gesorgt. Mit diesem gelungenen \u201eAufr\u00e4umevent\u201c gingen die erfolgreichen Pfingstveranstaltungen &#8211; Sportfest\/ Pfingstturnier und Konzert &#8211; stimmungsvoll zu Ende.<\/span><\/p>\n<p align=\"JUSTIFY\"><span style=\"font-size: 12px; font-family: verdana,geneva;\">Vielen Dank f\u00fcr das Engagement der Sportgemeinschaft und f\u00fcr die Unterst\u00fctzung durch den B\u00fcrgerhausverein und den Ortsbeirat.<\/span><\/p>\n<p align=\"JUSTIFY\"><span style=\"font-size: 12px; font-family: verdana,geneva;\">Vorsitzende der SG G\u00fcterfelde 1910 e.V.<\/span><\/p>\n<p align=\"JUSTIFY\"><span style=\"font-size: 12px; font-family: verdana,geneva;\"><i>Elvira Waldmann<\/i><\/span><\/p>\n<p align=\"JUSTIFY\"><span style=\"font-size: 12px; font-family: verdana,geneva;\"><a href=\"https:\/\/sg-gueterfelde.de\/wp-content\/uploads\/2016\/06\/sgg_rueckblick_pfingstkonzert_2016.pdf\">R\u00fcckblick Pfingstkonzert 2016 gerne auch zum ausdrucken.<\/a><\/span><\/p>\n<div class=\"pvc_clear\"><\/div>\n<p id=\"pvc_stats_694\" class=\"pvc_stats all  \" data-element-id=\"694\" style=\"\"><i class=\"pvc-stats-icon small\" aria-hidden=\"true\"><svg aria-hidden=\"true\" focusable=\"false\" data-prefix=\"far\" data-icon=\"chart-bar\" role=\"img\" xmlns=\"http:\/\/www.w3.org\/2000\/svg\" viewBox=\"0 0 512 512\" class=\"svg-inline--fa fa-chart-bar fa-w-16 fa-2x\"><path fill=\"currentColor\" d=\"M396.8 352h22.4c6.4 0 12.8-6.4 12.8-12.8V108.8c0-6.4-6.4-12.8-12.8-12.8h-22.4c-6.4 0-12.8 6.4-12.8 12.8v230.4c0 6.4 6.4 12.8 12.8 12.8zm-192 0h22.4c6.4 0 12.8-6.4 12.8-12.8V140.8c0-6.4-6.4-12.8-12.8-12.8h-22.4c-6.4 0-12.8 6.4-12.8 12.8v198.4c0 6.4 6.4 12.8 12.8 12.8zm96 0h22.4c6.4 0 12.8-6.4 12.8-12.8V204.8c0-6.4-6.4-12.8-12.8-12.8h-22.4c-6.4 0-12.8 6.4-12.8 12.8v134.4c0 6.4 6.4 12.8 12.8 12.8zM496 400H48V80c0-8.84-7.16-16-16-16H16C7.16 64 0 71.16 0 80v336c0 17.67 14.33 32 32 32h464c8.84 0 16-7.16 16-16v-16c0-8.84-7.16-16-16-16zm-387.2-48h22.4c6.4 0 12.8-6.4 12.8-12.8v-70.4c0-6.4-6.4-12.8-12.8-12.8h-22.4c-6.4 0-12.8 6.4-12.8 12.8v70.4c0 6.4 6.4 12.8 12.8 12.8z\" class=\"\"><\/path><\/svg><\/i> <img loading=\"lazy\" decoding=\"async\" width=\"16\" height=\"16\" alt=\"Loading\" src=\"https:\/\/sg-gueterfelde.de\/wp-content\/plugins\/page-views-count\/ajax-loader-2x.gif\" border=0 \/><\/p>\n<div class=\"pvc_clear\"><\/div>\n","protected":false},"excerpt":{"rendered":"<p>Obwohl unser diesj\u00e4hriges Pfingstkonzert in die Zeit der \u201eEisheiligen\u201c fiel und Wetterkapriolen nicht auszuschlie\u00dfen waren, konnten wir doch \u00fcber 300 Besucher begr\u00fc\u00dfen. Das Konzert am Pfingstmontag geh\u00f6rt eben zu den sehr beliebten Veranstaltungen in der Gemeinde. Bis zuletzt waren wir gespannt, ob zu diesem Konzert auch das Wetter \u201emitspielen\u201c w\u00fcrde. Am Vortag hatte es ja <span class=\"ellipsis\">&hellip;<\/span> <span class=\"more-link-wrap\"><a href=\"https:\/\/sg-gueterfelde.de\/?page_id=694\" class=\"more-link\"><span>Read More &rarr;<\/span><\/a><\/span><\/p>\n<div class=\"pvc_clear\"><\/div>\n<p id=\"pvc_stats_694\" class=\"pvc_stats all  \" data-element-id=\"694\" style=\"\"><i class=\"pvc-stats-icon small\" aria-hidden=\"true\"><svg aria-hidden=\"true\" focusable=\"false\" data-prefix=\"far\" data-icon=\"chart-bar\" role=\"img\" xmlns=\"http:\/\/www.w3.org\/2000\/svg\" viewBox=\"0 0 512 512\" class=\"svg-inline--fa fa-chart-bar fa-w-16 fa-2x\"><path fill=\"currentColor\" d=\"M396.8 352h22.4c6.4 0 12.8-6.4 12.8-12.8V108.8c0-6.4-6.4-12.8-12.8-12.8h-22.4c-6.4 0-12.8 6.4-12.8 12.8v230.4c0 6.4 6.4 12.8 12.8 12.8zm-192 0h22.4c6.4 0 12.8-6.4 12.8-12.8V140.8c0-6.4-6.4-12.8-12.8-12.8h-22.4c-6.4 0-12.8 6.4-12.8 12.8v198.4c0 6.4 6.4 12.8 12.8 12.8zm96 0h22.4c6.4 0 12.8-6.4 12.8-12.8V204.8c0-6.4-6.4-12.8-12.8-12.8h-22.4c-6.4 0-12.8 6.4-12.8 12.8v134.4c0 6.4 6.4 12.8 12.8 12.8zM496 400H48V80c0-8.84-7.16-16-16-16H16C7.16 64 0 71.16 0 80v336c0 17.67 14.33 32 32 32h464c8.84 0 16-7.16 16-16v-16c0-8.84-7.16-16-16-16zm-387.2-48h22.4c6.4 0 12.8-6.4 12.8-12.8v-70.4c0-6.4-6.4-12.8-12.8-12.8h-22.4c-6.4 0-12.8 6.4-12.8 12.8v70.4c0 6.4 6.4 12.8 12.8 12.8z\" class=\"\"><\/path><\/svg><\/i> <img loading=\"lazy\" decoding=\"async\" width=\"16\" height=\"16\" alt=\"Loading\" src=\"https:\/\/sg-gueterfelde.de\/wp-content\/plugins\/page-views-count\/ajax-loader-2x.gif\" border=0 \/><\/p>\n<div class=\"pvc_clear\"><\/div>\n","protected":false},"author":1,"featured_media":0,"parent":0,"menu_order":0,"comment_status":"closed","ping_status":"open","template":"","meta":{"ngg_post_thumbnail":0,"footnotes":"","_links_to":"","_links_to_target":""},"class_list":["post-694","page","type-page","status-publish","hentry"],"_links":{"self":[{"href":"https:\/\/sg-gueterfelde.de\/index.php?rest_route=\/wp\/v2\/pages\/694","targetHints":{"allow":["GET"]}}],"collection":[{"href":"https:\/\/sg-gueterfelde.de\/index.php?rest_route=\/wp\/v2\/pages"}],"about":[{"href":"https:\/\/sg-gueterfelde.de\/index.php?rest_route=\/wp\/v2\/types\/page"}],"author":[{"embeddable":true,"href":"https:\/\/sg-gueterfelde.de\/index.php?rest_route=\/wp\/v2\/users\/1"}],"replies":[{"embeddable":true,"href":"https:\/\/sg-gueterfelde.de\/index.php?rest_route=%2Fwp%2Fv2%2Fcomments&post=694"}],"version-history":[{"count":3,"href":"https:\/\/sg-gueterfelde.de\/index.php?rest_route=\/wp\/v2\/pages\/694\/revisions"}],"predecessor-version":[{"id":702,"href":"https:\/\/sg-gueterfelde.de\/index.php?rest_route=\/wp\/v2\/pages\/694\/revisions\/702"}],"wp:attachment":[{"href":"https:\/\/sg-gueterfelde.de\/index.php?rest_route=%2Fwp%2Fv2%2Fmedia&parent=694"}],"curies":[{"name":"wp","href":"https:\/\/api.w.org\/{rel}","templated":true}]}}