{"id":71,"date":"2014-11-17T18:55:53","date_gmt":"2014-11-17T18:55:53","guid":{"rendered":"http:\/\/sg-gueterfelde.de\/?page_id=71"},"modified":"2023-08-31T21:35:03","modified_gmt":"2023-08-31T21:35:03","slug":"fussball","status":"publish","type":"page","link":"https:\/\/sg-gueterfelde.de\/?page_id=71","title":{"rendered":"Fussball"},"content":{"rendered":"<h3>Wir \u00fcber uns<\/h3>\n<p><span style=\"font-family: verdana,geneva; font-size: 12px;\">Die Fu\u00dfballmannschaft unter der organisatorischen Leitung des Sportfreundes Bernd Keller besteht aus 16 Jugendlichen und M\u00e4nnern im Alter von 15-55 Jahren, die in mehr oder weniger regelm\u00e4\u00dfigen Abst\u00e4nden Freundschaftsspiele und Turniere mit Mannschaften aus der \u00f6rtlichen Umgebung durchf\u00fchren. Trainingsbetrieb findet von Fr\u00fchjahr bis Herbst auf dem Sportplatz in G\u00fcterfelde statt. 2012 konnte die Fu\u00dfballmannschaft beim Pfingstturnier in G\u00fcterfelde den 1. Platz und damit den Pokal gewinnen.<\/span><\/p>\n<table style=\"width: 578px; height: 230px;\">\n<tbody>\n<tr style=\"height: 15px;\">\n<td style=\"width: 150px; text-align: center; vertical-align: top;\" rowspan=\"2\"><a href=\"https:\/\/sg-gueterfelde.de\/wp-content\/uploads\/2014\/11\/platzhalter_trainer.jpg\"><img loading=\"lazy\" decoding=\"async\" class=\"aligncenter size-full wp-image-714\" src=\"https:\/\/sg-gueterfelde.de\/wp-content\/uploads\/2014\/11\/platzhalter_trainer.jpg\" alt=\"platzhalter_trainer\" width=\"150\" height=\"200\"><\/a><\/td>\n<td style=\"width: 175px; background-color: #ddd; height: 15px; text-align: center; vertical-align: top; border-right: 1px solid #fff;\"><strong>Ansprechpartner<\/strong><\/td>\n<td style=\"background-color: #ddd; width: 175px; height: 15px; text-align: center; vertical-align: top;\"><strong>Trainingszeiten<\/strong><\/td>\n<\/tr>\n<tr>\n<td style=\"width: 200px; text-align: center; vertical-align: middle;\"><span style=\"font-size: 12px; font-family: verdana,geneva;\"><strong>Thomas Rubin<\/strong><\/span><br \/>\n<span style=\"font-size: 12px; font-family: verdana,geneva;\"> Tel: 03329 &#8211; 613118<\/span><br \/>\n<span style=\"font-size: 12px; font-family: verdana,geneva;\"> E-Mail: fussball@sg-gueterfelde.de<\/span><\/td>\n<td style=\"width: 200px; text-align: center; vertical-align: middle;\"><span style=\"font-family: verdana,geneva; font-size: 12px;\"><strong>Fr\u00fchling, Sommer, Herbst<\/strong><\/span><br \/>\n<span style=\"font-family: verdana,geneva; font-size: 12px;\"> Sportplatz G\u00fcterfelde<\/span><\/td>\n<\/tr>\n<\/tbody>\n<\/table>\n<p><a href=\"https:\/\/sg-gueterfelde.de\/wp-content\/uploads\/2014\/11\/thumb_fussballer_450.jpg\"><img loading=\"lazy\" decoding=\"async\" class=\"aligncenter size-full wp-image-72\" src=\"https:\/\/sg-gueterfelde.de\/wp-content\/uploads\/2014\/11\/thumb_fussballer_450.jpg\" alt=\"Gruppenbild Fussball\" width=\"500\" height=\"318\" srcset=\"https:\/\/sg-gueterfelde.de\/wp-content\/uploads\/2014\/11\/thumb_fussballer_450.jpg 500w, https:\/\/sg-gueterfelde.de\/wp-content\/uploads\/2014\/11\/thumb_fussballer_450-300x190.jpg 300w\" sizes=\"auto, (max-width: 500px) 100vw, 500px\" \/><\/a><\/p>\n<hr>\n<h3>Unsere Aktivit\u00e4ten<\/h3>\n<h3>Fu\u00dfball &#8211; Pfingstturnier 2015<\/h3>\n<p align=\"JUSTIFY\"><span style=\"font-family: verdana,geneva; font-size: 12px;\">Am 14.05.2016 trafen sich sechs hochmotivierte Mannschaften beim Pfingstturnier der SG G\u00fcterfelde:<\/span><\/p>\n<ul>\n<li>\n<p align=\"JUSTIFY\"><span style=\"font-family: verdana,geneva; font-size: 12px;\">SG G\u00fcterfelde<\/span><\/p>\n<\/li>\n<li>\n<p align=\"JUSTIFY\"><span style=\"font-family: verdana,geneva; font-size: 12px;\">Unionicorns <\/span><\/p>\n<\/li>\n<li>\n<p align=\"JUSTIFY\"><span style=\"font-family: verdana,geneva; font-size: 12px;\">Underberg FC<\/span><\/p>\n<\/li>\n<li>\n<p align=\"JUSTIFY\"><span style=\"font-family: verdana,geneva; font-size: 12px;\">SG Schenkenhorst<\/span><\/p>\n<\/li>\n<li>\n<p align=\"JUSTIFY\"><span style=\"font-family: verdana,geneva; font-size: 12px;\">Stahnsdorf Meatballs Napalm.<\/span><\/p>\n<\/li>\n<\/ul>\n<p align=\"JUSTIFY\"><span style=\"font-size: 12px; font-family: verdana,geneva;\">Bei sch\u00f6nem Wetter wurde f\u00fcnf Stunden gek\u00e4mpft um den <\/span><\/p>\n<ol start=\"2\">\n<li>\n<p align=\"JUSTIFY\"><span style=\"font-size: 12px; font-family: verdana,geneva;\"><span lang=\"en-US\"><b>Havanna-Club\u2013Cup der SG G\u00fcterfelde<\/b><\/span><b> <\/b><\/span><\/p>\n<\/li>\n<\/ol>\n<p align=\"JUSTIFY\"><span style=\"font-family: verdana,geneva; font-size: 12px;\">Im ersten Spiel trennte sich die SG G\u00fcterfelde vom den Unionicorns 0:0. <\/span><\/p>\n<p align=\"JUSTIFY\"><span style=\"font-family: verdana,geneva; font-size: 12px;\">Da zeigt sich schon, wer zu den Favoriten des Turniers z\u00e4hlt.<\/span><\/p>\n<p align=\"JUSTIFY\"><span style=\"font-family: verdana,geneva; font-size: 12px;\">Die folgenden Spiele gingen dann vom Ergebnis immer recht knapp aus.<\/span><\/p>\n<p align=\"JUSTIFY\"><span style=\"font-family: verdana,geneva; font-size: 12px;\">Im letzten Spiel zwischen den Unionicorns und der SG Schenkenhorst konnte die SG G\u00fcterfelde leider nicht mehr direkt in den Kampf um den Turniersieg eingreifen und dr\u00fcckte den Schenkenhorstern alle Daumen<\/span><\/p>\n<p align=\"JUSTIFY\"><span style=\"font-family: verdana,geneva; font-size: 12px;\">Doch es half nichts: Das Spiel endetet 0:0.<\/span><\/p>\n<p align=\"JUSTIFY\"><span style=\"font-family: verdana,geneva; font-size: 12px;\">Damit sicherte sich die Mannschaft der Unionicorns den Turniersieg vor der SG G\u00fcterfelde. Die Stimmung war w\u00e4hrend des gesamten Turniers zwischen den Mannschaften hervorragend.<\/span><\/p>\n<p align=\"JUSTIFY\"><a href=\"https:\/\/sg-gueterfelde.de\/wp-content\/uploads\/2014\/11\/fussball_pfingst_2016.jpg\"><img loading=\"lazy\" decoding=\"async\" class=\"aligncenter size-full wp-image-713\" src=\"https:\/\/sg-gueterfelde.de\/wp-content\/uploads\/2014\/11\/fussball_pfingst_2016.jpg\" alt=\"fussball_pfingst_2016\" width=\"500\" height=\"667\" srcset=\"https:\/\/sg-gueterfelde.de\/wp-content\/uploads\/2014\/11\/fussball_pfingst_2016.jpg 500w, https:\/\/sg-gueterfelde.de\/wp-content\/uploads\/2014\/11\/fussball_pfingst_2016-225x300.jpg 225w\" sizes=\"auto, (max-width: 500px) 100vw, 500px\" \/><\/a><\/p>\n<p align=\"JUSTIFY\"><span style=\"font-size: 12px; font-family: verdana,geneva;\">Die Pokale f\u00fcr die Teilnehmer. Soweit bekannt, sind die meisten nicht komplett bei den Mannschaften zu Hause angekommen.<\/span><\/p>\n<p align=\"JUSTIFY\"><a href=\"https:\/\/sg-gueterfelde.de\/wp-content\/uploads\/2014\/11\/fussball_pfingst_2016_1.jpg\"><img loading=\"lazy\" decoding=\"async\" class=\"aligncenter size-full wp-image-716\" src=\"https:\/\/sg-gueterfelde.de\/wp-content\/uploads\/2014\/11\/fussball_pfingst_2016_1.jpg\" alt=\"fussball_pfingst_2016_1\" width=\"500\" height=\"667\" srcset=\"https:\/\/sg-gueterfelde.de\/wp-content\/uploads\/2014\/11\/fussball_pfingst_2016_1.jpg 500w, https:\/\/sg-gueterfelde.de\/wp-content\/uploads\/2014\/11\/fussball_pfingst_2016_1-225x300.jpg 225w\" sizes=\"auto, (max-width: 500px) 100vw, 500px\" \/><\/a><\/p>\n<p align=\"CENTER\"><span style=\"font-size: 12px; font-family: verdana,geneva;\">Der Mannschaftskapit\u00e4n des Turniersiegers Unionicorns bei der Siegerehrung.<\/span><\/p>\n<h3>Fu\u00dfball &#8211; Pfingstturnier 2015<\/h3>\n<p align=\"JUSTIFY\"><span style=\"font-family: verdana,geneva; font-size: 12px;\">Am 23. 5 .2015 trafen sich 6 hochmotivierte Mannschaften beim Pfingstturnier der SG G\u00fcterfelde:<\/span><\/p>\n<p style=\"text-align: center;\" align=\"JUSTIFY\"><span style=\"font-size: 12px; font-family: verdana,geneva;\">SG G\u00fcterfelde<\/span><\/p>\n<p style=\"text-align: center;\" align=\"JUSTIFY\"><span style=\"font-size: 12px; font-family: verdana,geneva;\">Punica<\/span><\/p>\n<p style=\"text-align: center;\" align=\"JUSTIFY\"><span style=\"font-size: 12px; font-family: verdana,geneva;\">Underberg FC<\/span><\/p>\n<p style=\"text-align: center;\" align=\"JUSTIFY\"><span style=\"font-size: 12px; font-family: verdana,geneva;\">HSG Ahrensdorf<\/span><\/p>\n<p style=\"text-align: center;\" align=\"JUSTIFY\"><span style=\"font-size: 12px; font-family: verdana,geneva;\">Stansdorf 1996<\/span><\/p>\n<p style=\"text-align: center;\" align=\"JUSTIFY\"><span style=\"font-size: 12px; font-family: verdana,geneva;\">Meatballs Napalm<\/span><\/p>\n<p align=\"JUSTIFY\"><span style=\"font-size: 12px; font-family: verdana,geneva;\">Bei herrlichem Wetter wurde 4 \u00bd Stunden <b>gek\u00e4mpft<\/b> um den <\/span><\/p>\n<p style=\"text-align: center;\" align=\"JUSTIFY\"><span style=\"font-family: verdana,geneva; font-size: 12px;\"><span lang=\"en-US\"><b>1.Havanna-Club\u2013Cup der SG G\u00fcterfelde. <\/b><\/span><\/span><\/p>\n<p align=\"JUSTIFY\"><span style=\"font-family: verdana,geneva; font-size: 12px;\">Das erste Spiel gewann die SG G\u00fcterfelde \u00fcberlegen mit 5:1 gegen Metaballs Napalm und wurde schon nach dem ersten Spiel als heimlicher Favorit gehandelt. Die n\u00e4chsten Spiele zwischen den anderen Mannschaften gingen dann sehr knapp aus, und der Mannschaft der SG G\u00fcterfelde fehlte dann ab und zu das n\u00f6tige Gl\u00fcck.<\/span><\/p>\n<p align=\"JUSTIFY\"><a href=\"https:\/\/sg-gueterfelde.de\/wp-content\/uploads\/2014\/11\/pfingstturnier_11.jpg\"><img loading=\"lazy\" decoding=\"async\" class=\"aligncenter size-full wp-image-509\" src=\"https:\/\/sg-gueterfelde.de\/wp-content\/uploads\/2014\/11\/pfingstturnier_11.jpg\" alt=\"pfingstturnier fussballer\" width=\"500\" height=\"334\" srcset=\"https:\/\/sg-gueterfelde.de\/wp-content\/uploads\/2014\/11\/pfingstturnier_11.jpg 500w, https:\/\/sg-gueterfelde.de\/wp-content\/uploads\/2014\/11\/pfingstturnier_11-300x200.jpg 300w\" sizes=\"auto, (max-width: 500px) 100vw, 500px\" \/><\/a><\/p>\n<p align=\"JUSTIFY\"><span style=\"font-family: verdana,geneva; font-size: 12px;\">Hier ist die Abschlusstabelle:<\/span><\/p>\n<table style=\"height: 212px;\" width=\"591\">\n<tbody>\n<tr>\n<td style=\"background-color: #e3e1e1;\"><strong><span style=\"font-size: 12px; font-family: verdana,geneva;\">Position<\/span><\/strong><\/td>\n<td style=\"background-color: #e3e1e1;\"><strong><span style=\"font-size: 12px; font-family: verdana,geneva;\">Verein<\/span><\/strong><\/td>\n<td style=\"background-color: #e3e1e1;\"><strong><span style=\"font-size: 12px; font-family: verdana,geneva;\">Tore<\/span><\/strong><\/td>\n<td style=\"background-color: #e3e1e1;\"><strong><span style=\"font-size: 12px; font-family: verdana,geneva;\">Differenz<\/span><\/strong><\/td>\n<td style=\"background-color: #e3e1e1;\"><strong><span style=\"font-size: 12px; font-family: verdana,geneva;\">Punkte<\/span><\/strong><\/td>\n<\/tr>\n<tr>\n<td><span style=\"font-size: 12px; font-family: verdana,geneva;\">1<\/span><\/td>\n<td><span style=\"font-size: 12px; font-family: verdana,geneva;\">HSG Ahrensdorf<\/span><\/td>\n<td><span style=\"font-size: 12px; font-family: verdana,geneva;\">9:1<\/span><\/td>\n<td><span style=\"font-size: 12px; font-family: verdana,geneva;\">8<\/span><\/td>\n<td><span style=\"font-size: 12px; font-family: verdana,geneva;\">13<\/span><\/td>\n<\/tr>\n<tr>\n<td style=\"background-color: #ebebeb;\"><span style=\"font-size: 12px; font-family: verdana,geneva;\">2<\/span><\/td>\n<td style=\"background-color: #ebebeb;\"><span style=\"font-size: 12px; font-family: verdana,geneva;\">Punica<\/span><\/td>\n<td style=\"background-color: #ebebeb;\"><span style=\"font-size: 12px; font-family: verdana,geneva;\">5:2<\/span><\/td>\n<td style=\"background-color: #ebebeb;\"><span style=\"font-size: 12px; font-family: verdana,geneva;\">3<\/span><\/td>\n<td style=\"background-color: #ebebeb;\"><span style=\"font-size: 12px; font-family: verdana,geneva;\">8<\/span><\/td>\n<\/tr>\n<tr>\n<td><span style=\"font-size: 12px; font-family: verdana,geneva;\">3<\/span><\/td>\n<td><span style=\"font-size: 12px; font-family: verdana,geneva;\">Underberg FC<\/span><\/td>\n<td><span style=\"font-size: 12px; font-family: verdana,geneva;\">3:3<\/span><\/td>\n<td><span style=\"font-size: 12px; font-family: verdana,geneva;\">0<\/span><\/td>\n<td><span style=\"font-size: 12px; font-family: verdana,geneva;\">8<\/span><\/td>\n<\/tr>\n<tr>\n<td style=\"background-color: #ebebeb;\"><span style=\"font-size: 12px; font-family: verdana,geneva;\">4<\/span><\/td>\n<td style=\"background-color: #ebebeb;\"><span style=\"font-size: 12px; font-family: verdana,geneva;\">Stahnsdorf 1996<\/span><\/td>\n<td style=\"background-color: #ebebeb;\"><span style=\"font-size: 12px; font-family: verdana,geneva;\">3:6<\/span><\/td>\n<td style=\"background-color: #ebebeb;\"><span style=\"font-size: 12px; font-family: verdana,geneva;\">-3<\/span><\/td>\n<td style=\"background-color: #ebebeb;\"><span style=\"font-size: 12px; font-family: verdana,geneva;\">7<\/span><\/td>\n<\/tr>\n<tr>\n<td><span style=\"font-size: 12px; font-family: verdana,geneva;\">5<\/span><\/td>\n<td><span style=\"font-size: 12px; font-family: verdana,geneva;\">SG G\u00fcterfelde<\/span><\/td>\n<td><span style=\"font-size: 12px; font-family: verdana,geneva;\">6:4<\/span><\/td>\n<td><span style=\"font-size: 12px; font-family: verdana,geneva;\">2<\/span><\/td>\n<td><span style=\"font-size: 12px; font-family: verdana,geneva;\">5<\/span><\/td>\n<\/tr>\n<tr>\n<td style=\"background-color: #ebebeb;\"><span style=\"font-size: 12px; font-family: verdana,geneva;\">6<\/span><\/td>\n<td style=\"background-color: #ebebeb;\"><span style=\"font-size: 12px; font-family: verdana,geneva;\">Meatballs Napalm<\/span><\/td>\n<td style=\"background-color: #ebebeb;\"><span style=\"font-size: 12px; font-family: verdana,geneva;\">2:12<\/span><\/td>\n<td style=\"background-color: #ebebeb;\"><span style=\"font-size: 12px; font-family: verdana,geneva;\">-10<\/span><\/td>\n<td style=\"background-color: #ebebeb;\"><span style=\"font-size: 12px; font-family: verdana,geneva;\">0<\/span><\/td>\n<\/tr>\n<\/tbody>\n<\/table>\n<p align=\"JUSTIFY\"><a href=\"https:\/\/sg-gueterfelde.de\/wp-content\/uploads\/2014\/11\/pfingstturnier_4.jpg\"><img loading=\"lazy\" decoding=\"async\" class=\"aligncenter size-full wp-image-481\" src=\"https:\/\/sg-gueterfelde.de\/wp-content\/uploads\/2014\/11\/pfingstturnier_4.jpg\" alt=\"pfingstturnier Handballer\" width=\"606\" height=\"392\" srcset=\"https:\/\/sg-gueterfelde.de\/wp-content\/uploads\/2014\/11\/pfingstturnier_4.jpg 606w, https:\/\/sg-gueterfelde.de\/wp-content\/uploads\/2014\/11\/pfingstturnier_4-300x194.jpg 300w\" sizes=\"auto, (max-width: 606px) 100vw, 606px\" \/><\/a><\/p>\n<p align=\"JUSTIFY\"><span style=\"font-family: verdana,geneva; font-size: 12px;\">Am Ende gewann dann mit leichter \u00dcberlegenheit die HSG Ahrensdorf. Wir gratulieren dem Turniersieger. Die SG G\u00fcterfelde musste sich mit dem 5. Platz zufrieden geben.<\/span><\/p>\n<p align=\"JUSTIFY\"><span style=\"font-family: verdana,geneva; font-size: 12px;\">Das motiviert uns nat\u00fcrlich f\u00fcr das Turnier 2016.<\/span><\/p>\n<p align=\"JUSTIFY\"><span style=\"font-size: 12px; font-family: verdana,geneva;\"><a href=\"https:\/\/sg-gueterfelde.de\/wp-content\/uploads\/2014\/11\/sgg_pfingstturnier_fussballer_2015.pdf\">Zum Nachlesen auch als Pdf-Dokument<\/a><\/span><\/p>\n<div class=\"pvc_clear\"><\/div>\n<p id=\"pvc_stats_71\" class=\"pvc_stats all  \" data-element-id=\"71\" style=\"\"><i class=\"pvc-stats-icon small\" aria-hidden=\"true\"><svg aria-hidden=\"true\" focusable=\"false\" data-prefix=\"far\" data-icon=\"chart-bar\" role=\"img\" xmlns=\"http:\/\/www.w3.org\/2000\/svg\" viewBox=\"0 0 512 512\" class=\"svg-inline--fa fa-chart-bar fa-w-16 fa-2x\"><path fill=\"currentColor\" d=\"M396.8 352h22.4c6.4 0 12.8-6.4 12.8-12.8V108.8c0-6.4-6.4-12.8-12.8-12.8h-22.4c-6.4 0-12.8 6.4-12.8 12.8v230.4c0 6.4 6.4 12.8 12.8 12.8zm-192 0h22.4c6.4 0 12.8-6.4 12.8-12.8V140.8c0-6.4-6.4-12.8-12.8-12.8h-22.4c-6.4 0-12.8 6.4-12.8 12.8v198.4c0 6.4 6.4 12.8 12.8 12.8zm96 0h22.4c6.4 0 12.8-6.4 12.8-12.8V204.8c0-6.4-6.4-12.8-12.8-12.8h-22.4c-6.4 0-12.8 6.4-12.8 12.8v134.4c0 6.4 6.4 12.8 12.8 12.8zM496 400H48V80c0-8.84-7.16-16-16-16H16C7.16 64 0 71.16 0 80v336c0 17.67 14.33 32 32 32h464c8.84 0 16-7.16 16-16v-16c0-8.84-7.16-16-16-16zm-387.2-48h22.4c6.4 0 12.8-6.4 12.8-12.8v-70.4c0-6.4-6.4-12.8-12.8-12.8h-22.4c-6.4 0-12.8 6.4-12.8 12.8v70.4c0 6.4 6.4 12.8 12.8 12.8z\" class=\"\"><\/path><\/svg><\/i> <img loading=\"lazy\" decoding=\"async\" width=\"16\" height=\"16\" alt=\"Loading\" src=\"https:\/\/sg-gueterfelde.de\/wp-content\/plugins\/page-views-count\/ajax-loader-2x.gif\" border=0 \/><\/p>\n<div class=\"pvc_clear\"><\/div>\n","protected":false},"excerpt":{"rendered":"<p>Wir \u00fcber uns Die Fu\u00dfballmannschaft unter der organisatorischen Leitung des Sportfreundes Bernd Keller besteht aus 16 Jugendlichen und M\u00e4nnern im Alter von 15-55 Jahren, die in mehr oder weniger regelm\u00e4\u00dfigen Abst\u00e4nden Freundschaftsspiele und Turniere mit Mannschaften aus der \u00f6rtlichen Umgebung durchf\u00fchren. Trainingsbetrieb findet von Fr\u00fchjahr bis Herbst auf dem Sportplatz in G\u00fcterfelde statt. 2012 konnte <span class=\"ellipsis\">&hellip;<\/span> <span class=\"more-link-wrap\"><a href=\"https:\/\/sg-gueterfelde.de\/?page_id=71\" class=\"more-link\"><span>Read More &rarr;<\/span><\/a><\/span><\/p>\n<div class=\"pvc_clear\"><\/div>\n<p id=\"pvc_stats_71\" class=\"pvc_stats all  \" data-element-id=\"71\" style=\"\"><i class=\"pvc-stats-icon small\" aria-hidden=\"true\"><svg aria-hidden=\"true\" focusable=\"false\" data-prefix=\"far\" data-icon=\"chart-bar\" role=\"img\" xmlns=\"http:\/\/www.w3.org\/2000\/svg\" viewBox=\"0 0 512 512\" class=\"svg-inline--fa fa-chart-bar fa-w-16 fa-2x\"><path fill=\"currentColor\" d=\"M396.8 352h22.4c6.4 0 12.8-6.4 12.8-12.8V108.8c0-6.4-6.4-12.8-12.8-12.8h-22.4c-6.4 0-12.8 6.4-12.8 12.8v230.4c0 6.4 6.4 12.8 12.8 12.8zm-192 0h22.4c6.4 0 12.8-6.4 12.8-12.8V140.8c0-6.4-6.4-12.8-12.8-12.8h-22.4c-6.4 0-12.8 6.4-12.8 12.8v198.4c0 6.4 6.4 12.8 12.8 12.8zm96 0h22.4c6.4 0 12.8-6.4 12.8-12.8V204.8c0-6.4-6.4-12.8-12.8-12.8h-22.4c-6.4 0-12.8 6.4-12.8 12.8v134.4c0 6.4 6.4 12.8 12.8 12.8zM496 400H48V80c0-8.84-7.16-16-16-16H16C7.16 64 0 71.16 0 80v336c0 17.67 14.33 32 32 32h464c8.84 0 16-7.16 16-16v-16c0-8.84-7.16-16-16-16zm-387.2-48h22.4c6.4 0 12.8-6.4 12.8-12.8v-70.4c0-6.4-6.4-12.8-12.8-12.8h-22.4c-6.4 0-12.8 6.4-12.8 12.8v70.4c0 6.4 6.4 12.8 12.8 12.8z\" class=\"\"><\/path><\/svg><\/i> <img loading=\"lazy\" decoding=\"async\" width=\"16\" height=\"16\" alt=\"Loading\" src=\"https:\/\/sg-gueterfelde.de\/wp-content\/plugins\/page-views-count\/ajax-loader-2x.gif\" border=0 \/><\/p>\n<div class=\"pvc_clear\"><\/div>\n","protected":false},"author":1,"featured_media":0,"parent":0,"menu_order":0,"comment_status":"open","ping_status":"open","template":"","meta":{"ngg_post_thumbnail":0,"footnotes":"","_links_to":"","_links_to_target":""},"class_list":["post-71","page","type-page","status-publish","hentry"],"_links":{"self":[{"href":"https:\/\/sg-gueterfelde.de\/index.php?rest_route=\/wp\/v2\/pages\/71","targetHints":{"allow":["GET"]}}],"collection":[{"href":"https:\/\/sg-gueterfelde.de\/index.php?rest_route=\/wp\/v2\/pages"}],"about":[{"href":"https:\/\/sg-gueterfelde.de\/index.php?rest_route=\/wp\/v2\/types\/page"}],"author":[{"embeddable":true,"href":"https:\/\/sg-gueterfelde.de\/index.php?rest_route=\/wp\/v2\/users\/1"}],"replies":[{"embeddable":true,"href":"https:\/\/sg-gueterfelde.de\/index.php?rest_route=%2Fwp%2Fv2%2Fcomments&post=71"}],"version-history":[{"count":8,"href":"https:\/\/sg-gueterfelde.de\/index.php?rest_route=\/wp\/v2\/pages\/71\/revisions"}],"predecessor-version":[{"id":1254,"href":"https:\/\/sg-gueterfelde.de\/index.php?rest_route=\/wp\/v2\/pages\/71\/revisions\/1254"}],"wp:attachment":[{"href":"https:\/\/sg-gueterfelde.de\/index.php?rest_route=%2Fwp%2Fv2%2Fmedia&parent=71"}],"curies":[{"name":"wp","href":"https:\/\/api.w.org\/{rel}","templated":true}]}}