{"id":773,"date":"2017-01-14T23:28:55","date_gmt":"2017-01-14T23:28:55","guid":{"rendered":"http:\/\/sg-gueterfelde.de\/?page_id=773"},"modified":"2023-08-23T12:36:46","modified_gmt":"2023-08-23T12:36:46","slug":"archiv-2016","status":"publish","type":"page","link":"https:\/\/sg-gueterfelde.de\/?page_id=773","title":{"rendered":"Archiv 2016"},"content":{"rendered":"<div><i>\u00fcr die Bew\u00e4sserung des Sportplatzes hat der Vorstand der SG einen Brunnen beantragt. Das Anliegen wurde in der Verwaltung im Gespr\u00e4ch mit dem B\u00fcrgermeister und Mitarbeitern vorgetragen. Es fand Verst\u00e4ndnis und wird unterst\u00fctzt werden.&nbsp;&nbsp;<\/i><\/div>\n<div>&nbsp;<\/div>\n<div><a href=\"https:\/\/sg-gueterfelde.de\/wp-content\/uploads\/2014\/11\/sgg_brunnen.jpg\"><img loading=\"lazy\" decoding=\"async\" class=\"aligncenter size-large wp-image-1010\" src=\"https:\/\/sg-gueterfelde.de\/wp-content\/uploads\/2014\/11\/sgg_brunnen.jpg\" alt=\"\" width=\"580\" height=\"326\" srcset=\"https:\/\/sg-gueterfelde.de\/wp-content\/uploads\/2014\/11\/sgg_brunnen.jpg 750w, https:\/\/sg-gueterfelde.de\/wp-content\/uploads\/2014\/11\/sgg_brunnen-300x169.jpg 300w\" sizes=\"auto, (max-width: 580px) 100vw, 580px\" \/><\/a><\/div>\n<div><a href=\"https:\/\/sg-gueterfelde.de\/wp-content\/uploads\/2014\/11\/sgg_brunnen_2.jpg\"><img loading=\"lazy\" decoding=\"async\" class=\"aligncenter size-full wp-image-1009\" src=\"https:\/\/sg-gueterfelde.de\/wp-content\/uploads\/2014\/11\/sgg_brunnen_2.jpg\" alt=\"\" width=\"422\" height=\"750\" srcset=\"https:\/\/sg-gueterfelde.de\/wp-content\/uploads\/2014\/11\/sgg_brunnen_2.jpg 422w, https:\/\/sg-gueterfelde.de\/wp-content\/uploads\/2014\/11\/sgg_brunnen_2-169x300.jpg 169w\" sizes=\"auto, (max-width: 422px) 100vw, 422px\" \/><\/a><\/div>\n<div>&nbsp;<\/div>\n<div>&nbsp;<\/div>\n<p><a title=\"Weihnachtsfeier passive\" href=\"https:\/\/sg-gueterfelde.de\/?page_id=134\"><strong><span style=\"font-size: 12px; font-family: verdana,geneva;\">Einladung zur Weihnachtsfeier f\u00fcr passive Mitglieder<\/span><\/strong><\/a><\/p>\n<p><span id=\"yui_3_16_0_ym19_1_1478529396716_3343\" style=\"font-size: 12px; font-family: verdana,geneva;\">Eine weitere Frauengruppe erm\u00f6glicht ab November 2016 Gymnastik Dienstags von 20 bis 21.00 Uhr.<\/span><\/p>\n<p><a title=\"Kindertanz\" href=\"https:\/\/sg-gueterfelde.de\/?page_id=732\"><span style=\"font-size: 12px; font-family: verdana,geneva;\">Kindertanzgruppe trainiert mit viel Freude<\/span><\/a><\/p>\n<p><span style=\"font-size: 12px; font-family: verdana,geneva;\"><a title=\"Aerobic\" href=\"https:\/\/sg-gueterfelde.de\/?page_id=110\">Trainingswochende 2016 in Lindow<\/a><\/span><\/p>\n<p><span style=\"font-size: 12px; font-family: verdana,geneva;\"><a title=\"Sommerfest der SG G\u00fcterfelde am 9. Juli 2016\" href=\"https:\/\/sg-gueterfelde.de\/?page_id=720\">Bericht zum Sommerfest 2016<\/a><\/span><\/p>\n<p><span style=\"font-family: verdana,geneva; font-size: 12px;\"><a title=\"Einladung zum Sommerfest 2016\" href=\"https:\/\/sg-gueterfelde.de\/?page_id=688\">Einladung zum Sommerfest 2016<\/a><\/span><\/p>\n<p><span style=\"font-family: verdana,geneva; font-size: 12px;\"><a title=\"R\u00fcckblick auf das Pfingstkonzert am 16. Mai 2016\" href=\"https:\/\/sg-gueterfelde.de\/?page_id=694\">R\u00fcckblick Pfingstkonzert 2016<\/a><\/span><\/p>\n<p><span style=\"font-size: 12px; font-family: verdana,geneva;\"><a title=\"Unser Pfingstturnier und Sportfest 2016\" href=\"https:\/\/sg-gueterfelde.de\/?page_id=704\">Bericht zum Pfingstturnier 2016<\/a><\/span><\/p>\n<p><a title=\"Einladung zu den Pfingstveranstaltungen\" href=\"https:\/\/sg-gueterfelde.de\/?page_id=681\"><span style=\"font-size: 12px; font-family: verdana,geneva;\">Einladung zu unseren Pfingstveranstaltungen 2016<\/span><\/a><\/p>\n<p><span style=\"font-size: 12px; font-family: verdana,geneva;\"><b id=\"yui_3_16_0_ym18_1_1458731232292_3675\">Jahreshauptversammlung erfolgreich verlaufen und Vorstand wurde wieder gew\u00e4hlt.<\/b><\/span><\/p>\n<p><span style=\"font-size: 12px; font-family: verdana,geneva;\"><a title=\"Bericht des Vorstandes f\u00fcr den Zeitraum M\u00e4rz 2015 bis 2016\" href=\"https:\/\/sg-gueterfelde.de\/?page_id=666\">Bericht des Vorstandes f\u00fcr den Zeitraum M\u00e4rz 2015 bis 2016<\/a><\/span><\/p>\n<p><span style=\"font-size: 12px; font-family: verdana,geneva;\"><a title=\"JHV Bericht 2016\" href=\"https:\/\/sg-gueterfelde.de\/?page_id=656\">Bericht zur Jahreshauptversammlung 2016<\/a><\/span><\/p>\n<p><a title=\"Informationen zur Sportarbeit in der Region zur JHV 2016\" href=\"https:\/\/sg-gueterfelde.de\/?page_id=635\"><span style=\"font-family: verdana,geneva; font-size: 12px;\">Informationen zur Sportarbeit in der Region zur JHV 2016<\/span><\/a><\/p>\n<p><a title=\"Kindertanz\" href=\"https:\/\/sg-gueterfelde.de\/?page_id=732\"><span style=\"font-size: 12px; font-family: verdana,geneva;\">Die &#8222;Tanzm\u00e4use&#8220; auf Weltreise&#8230;<\/span><\/a><\/p>\n<div class=\"pvc_clear\"><\/div>\n<p id=\"pvc_stats_773\" class=\"pvc_stats all  \" data-element-id=\"773\" style=\"\"><i class=\"pvc-stats-icon small\" aria-hidden=\"true\"><svg aria-hidden=\"true\" focusable=\"false\" data-prefix=\"far\" data-icon=\"chart-bar\" role=\"img\" xmlns=\"http:\/\/www.w3.org\/2000\/svg\" viewBox=\"0 0 512 512\" class=\"svg-inline--fa fa-chart-bar fa-w-16 fa-2x\"><path fill=\"currentColor\" d=\"M396.8 352h22.4c6.4 0 12.8-6.4 12.8-12.8V108.8c0-6.4-6.4-12.8-12.8-12.8h-22.4c-6.4 0-12.8 6.4-12.8 12.8v230.4c0 6.4 6.4 12.8 12.8 12.8zm-192 0h22.4c6.4 0 12.8-6.4 12.8-12.8V140.8c0-6.4-6.4-12.8-12.8-12.8h-22.4c-6.4 0-12.8 6.4-12.8 12.8v198.4c0 6.4 6.4 12.8 12.8 12.8zm96 0h22.4c6.4 0 12.8-6.4 12.8-12.8V204.8c0-6.4-6.4-12.8-12.8-12.8h-22.4c-6.4 0-12.8 6.4-12.8 12.8v134.4c0 6.4 6.4 12.8 12.8 12.8zM496 400H48V80c0-8.84-7.16-16-16-16H16C7.16 64 0 71.16 0 80v336c0 17.67 14.33 32 32 32h464c8.84 0 16-7.16 16-16v-16c0-8.84-7.16-16-16-16zm-387.2-48h22.4c6.4 0 12.8-6.4 12.8-12.8v-70.4c0-6.4-6.4-12.8-12.8-12.8h-22.4c-6.4 0-12.8 6.4-12.8 12.8v70.4c0 6.4 6.4 12.8 12.8 12.8z\" class=\"\"><\/path><\/svg><\/i> <img loading=\"lazy\" decoding=\"async\" width=\"16\" height=\"16\" alt=\"Loading\" src=\"https:\/\/sg-gueterfelde.de\/wp-content\/plugins\/page-views-count\/ajax-loader-2x.gif\" border=0 \/><\/p>\n<div class=\"pvc_clear\"><\/div>\n","protected":false},"excerpt":{"rendered":"<p>\u00fcr die Bew\u00e4sserung des Sportplatzes hat der Vorstand der SG einen Brunnen beantragt. Das Anliegen wurde in der Verwaltung im Gespr\u00e4ch mit dem B\u00fcrgermeister und Mitarbeitern vorgetragen. Es fand Verst\u00e4ndnis und wird unterst\u00fctzt werden.&nbsp;&nbsp; &nbsp; &nbsp; &nbsp; Einladung zur Weihnachtsfeier f\u00fcr passive Mitglieder Eine weitere Frauengruppe erm\u00f6glicht ab November 2016 Gymnastik Dienstags von 20 bis <span class=\"ellipsis\">&hellip;<\/span> <span class=\"more-link-wrap\"><a href=\"https:\/\/sg-gueterfelde.de\/?page_id=773\" class=\"more-link\"><span>Read More &rarr;<\/span><\/a><\/span><\/p>\n<div class=\"pvc_clear\"><\/div>\n<p id=\"pvc_stats_773\" class=\"pvc_stats all  \" data-element-id=\"773\" style=\"\"><i class=\"pvc-stats-icon small\" aria-hidden=\"true\"><svg aria-hidden=\"true\" focusable=\"false\" data-prefix=\"far\" data-icon=\"chart-bar\" role=\"img\" xmlns=\"http:\/\/www.w3.org\/2000\/svg\" viewBox=\"0 0 512 512\" class=\"svg-inline--fa fa-chart-bar fa-w-16 fa-2x\"><path fill=\"currentColor\" d=\"M396.8 352h22.4c6.4 0 12.8-6.4 12.8-12.8V108.8c0-6.4-6.4-12.8-12.8-12.8h-22.4c-6.4 0-12.8 6.4-12.8 12.8v230.4c0 6.4 6.4 12.8 12.8 12.8zm-192 0h22.4c6.4 0 12.8-6.4 12.8-12.8V140.8c0-6.4-6.4-12.8-12.8-12.8h-22.4c-6.4 0-12.8 6.4-12.8 12.8v198.4c0 6.4 6.4 12.8 12.8 12.8zm96 0h22.4c6.4 0 12.8-6.4 12.8-12.8V204.8c0-6.4-6.4-12.8-12.8-12.8h-22.4c-6.4 0-12.8 6.4-12.8 12.8v134.4c0 6.4 6.4 12.8 12.8 12.8zM496 400H48V80c0-8.84-7.16-16-16-16H16C7.16 64 0 71.16 0 80v336c0 17.67 14.33 32 32 32h464c8.84 0 16-7.16 16-16v-16c0-8.84-7.16-16-16-16zm-387.2-48h22.4c6.4 0 12.8-6.4 12.8-12.8v-70.4c0-6.4-6.4-12.8-12.8-12.8h-22.4c-6.4 0-12.8 6.4-12.8 12.8v70.4c0 6.4 6.4 12.8 12.8 12.8z\" class=\"\"><\/path><\/svg><\/i> <img loading=\"lazy\" decoding=\"async\" width=\"16\" height=\"16\" alt=\"Loading\" src=\"https:\/\/sg-gueterfelde.de\/wp-content\/plugins\/page-views-count\/ajax-loader-2x.gif\" border=0 \/><\/p>\n<div class=\"pvc_clear\"><\/div>\n","protected":false},"author":1,"featured_media":0,"parent":173,"menu_order":2,"comment_status":"closed","ping_status":"open","template":"","meta":{"ngg_post_thumbnail":0,"footnotes":"","_links_to":"","_links_to_target":""},"class_list":["post-773","page","type-page","status-publish","hentry"],"_links":{"self":[{"href":"https:\/\/sg-gueterfelde.de\/index.php?rest_route=\/wp\/v2\/pages\/773","targetHints":{"allow":["GET"]}}],"collection":[{"href":"https:\/\/sg-gueterfelde.de\/index.php?rest_route=\/wp\/v2\/pages"}],"about":[{"href":"https:\/\/sg-gueterfelde.de\/index.php?rest_route=\/wp\/v2\/types\/page"}],"author":[{"embeddable":true,"href":"https:\/\/sg-gueterfelde.de\/index.php?rest_route=\/wp\/v2\/users\/1"}],"replies":[{"embeddable":true,"href":"https:\/\/sg-gueterfelde.de\/index.php?rest_route=%2Fwp%2Fv2%2Fcomments&post=773"}],"version-history":[{"count":2,"href":"https:\/\/sg-gueterfelde.de\/index.php?rest_route=\/wp\/v2\/pages\/773\/revisions"}],"predecessor-version":[{"id":1182,"href":"https:\/\/sg-gueterfelde.de\/index.php?rest_route=\/wp\/v2\/pages\/773\/revisions\/1182"}],"up":[{"embeddable":true,"href":"https:\/\/sg-gueterfelde.de\/index.php?rest_route=\/wp\/v2\/pages\/173"}],"wp:attachment":[{"href":"https:\/\/sg-gueterfelde.de\/index.php?rest_route=%2Fwp%2Fv2%2Fmedia&parent=773"}],"curies":[{"name":"wp","href":"https:\/\/api.w.org\/{rel}","templated":true}]}}