{"id":777,"date":"2017-01-18T22:26:54","date_gmt":"2017-01-18T22:26:54","guid":{"rendered":"http:\/\/sg-gueterfelde.de\/?page_id=777"},"modified":"2017-01-18T22:26:54","modified_gmt":"2017-01-18T22:26:54","slug":"schon-wieder-ist-ein-jahr-vergangen","status":"publish","type":"page","link":"https:\/\/sg-gueterfelde.de\/?page_id=777","title":{"rendered":"Schon wieder ist ein Jahr vergangen \u2026"},"content":{"rendered":"<p align=\"JUSTIFY\"><span style=\"font-family: verdana,geneva; font-size: 12px;\">Das sagten sich etliche Sportfreundinnen und Sportfreunde, als sie die Einladung des Vorstandes der SG G\u00fcterfelde zu einer adventlichen Feier erhielten. Die j\u00e4hrliche Weihnachtsfeier f\u00fcr unsere sog. passiven Mitglieder, die nicht am regul\u00e4ren Sportbetrieb teilnehmen, findet traditionell Ende November statt. Auch dieses Mal konnten wir am 25. November wieder 28 Sportfreunde im B\u00fcrgerhaus dazu begr\u00fc\u00dfen.<\/span><\/p>\n<p align=\"JUSTIFY\"><span style=\"font-family: verdana,geneva; font-size: 12px;\">Sie waren der Einladung gefolgt, um sich mal wieder zu sehen, gemeinsam zu Essen, zu Singen, sich miteinander zu unterhalten und sich \u00fcber das Sportjahr 2016 und seine Ereignisse zu informieren. Bei der Verabschiedung war zu h\u00f6ren, dass es eine so sch\u00f6ne und gem\u00fctliche Feier gewesen sei. <\/span><\/p>\n<p align=\"JUSTIFY\"><span style=\"font-family: verdana,geneva; font-size: 12px;\">Dazu haben auch die Kinder, Eltern und die Tanzp\u00e4dagogin der Kindertanzgruppe der SG besonders beigetragen. Mit ihren T\u00e4nzen und Bewegungen zu den Themen \u201eZirkus\u201c, \u201ePinocchio\u201c und \u201eSchneewittchen\u201c in wundersch\u00f6nen Kost\u00fcmen haben sie manches L\u00e4cheln auf die Lippen der Zuschauer gezaubert. F\u00fcr jeden hatten sie dazu noch ein kleines Pl\u00e4tzchengeschenk vorbereitet. Das war eine gelungene \u00dcberraschung.<\/span><\/p>\n<p align=\"JUSTIFY\"><span style=\"font-family: verdana,geneva; font-size: 12px;\">Wir bedanken uns bei Frau M. Alp, bei der Kita, dem F\u00f6rderverein und den Eltern f\u00fcr die Unterst\u00fctzung. Ein Dank auch an das Vorbereitungs-team &#8211; mit den Sportfreundinnen M\u00fcller, Schaer, Schnell, Th\u00fcrmann &#8211; und allen, die zum Gelingen beigetragen haben.<\/span><\/p>\n<p><span style=\"font-family: verdana,geneva;\"><span style=\"font-size: large;\"><i><span style=\"font-size: 12px;\">Elvira Waldmann, Vorsitzende der SG<\/span> <\/i><\/span><\/span><\/p>\n<p><a href=\"https:\/\/sg-gueterfelde.de\/wp-content\/uploads\/2017\/01\/sgg_passWeih2.jpg\"><img loading=\"lazy\" decoding=\"async\" class=\"aligncenter size-large wp-image-778\" src=\"https:\/\/sg-gueterfelde.de\/wp-content\/uploads\/2017\/01\/sgg_passWeih-1024x576.jpg\" alt=\"Weihnachtsfeier passive Mitglieder\" width=\"580\" height=\"326\" srcset=\"https:\/\/sg-gueterfelde.de\/wp-content\/uploads\/2017\/01\/sgg_passWeih-1024x576.jpg 1024w, https:\/\/sg-gueterfelde.de\/wp-content\/uploads\/2017\/01\/sgg_passWeih-300x169.jpg 300w, https:\/\/sg-gueterfelde.de\/wp-content\/uploads\/2017\/01\/sgg_passWeih.jpg 1387w\" sizes=\"auto, (max-width: 580px) 100vw, 580px\" \/><\/a><\/p>\n<p><a href=\"https:\/\/sg-gueterfelde.de\/wp-content\/uploads\/2017\/01\/sgg_passWeih2.jpg\"><img loading=\"lazy\" decoding=\"async\" class=\"aligncenter size-large wp-image-779\" src=\"https:\/\/sg-gueterfelde.de\/wp-content\/uploads\/2017\/01\/sgg_passWeih1-1024x768.jpg\" alt=\"Weihnachtsfeier passive Mitglieder\" width=\"580\" height=\"435\" srcset=\"https:\/\/sg-gueterfelde.de\/wp-content\/uploads\/2017\/01\/sgg_passWeih1-1024x768.jpg 1024w, https:\/\/sg-gueterfelde.de\/wp-content\/uploads\/2017\/01\/sgg_passWeih1-300x225.jpg 300w, https:\/\/sg-gueterfelde.de\/wp-content\/uploads\/2017\/01\/sgg_passWeih1.jpg 1387w\" sizes=\"auto, (max-width: 580px) 100vw, 580px\" \/><\/a><\/p>\n<p><a href=\"https:\/\/sg-gueterfelde.de\/wp-content\/uploads\/2017\/01\/sgg_passWeih2.jpg\"><img loading=\"lazy\" decoding=\"async\" class=\"aligncenter size-large wp-image-781\" src=\"https:\/\/sg-gueterfelde.de\/wp-content\/uploads\/2017\/01\/sgg_passWeih2-1024x576.jpg\" alt=\"Weihnachtsfeier passive Mitglieder\" width=\"580\" height=\"326\" srcset=\"https:\/\/sg-gueterfelde.de\/wp-content\/uploads\/2017\/01\/sgg_passWeih2-1024x576.jpg 1024w, https:\/\/sg-gueterfelde.de\/wp-content\/uploads\/2017\/01\/sgg_passWeih2-300x169.jpg 300w, https:\/\/sg-gueterfelde.de\/wp-content\/uploads\/2017\/01\/sgg_passWeih2.jpg 1387w\" sizes=\"auto, (max-width: 580px) 100vw, 580px\" \/><\/a><\/p>\n<p><a href=\"https:\/\/sg-gueterfelde.de\/wp-content\/uploads\/2017\/01\/sgg_passWeih3.jpg\"><img loading=\"lazy\" decoding=\"async\" class=\"aligncenter size-large wp-image-780\" src=\"https:\/\/sg-gueterfelde.de\/wp-content\/uploads\/2017\/01\/sgg_passWeih3-1024x768.jpg\" alt=\"Weihnachtsfeier passive Mitglieder\" width=\"580\" height=\"435\" srcset=\"https:\/\/sg-gueterfelde.de\/wp-content\/uploads\/2017\/01\/sgg_passWeih3-1024x768.jpg 1024w, https:\/\/sg-gueterfelde.de\/wp-content\/uploads\/2017\/01\/sgg_passWeih3-300x225.jpg 300w, https:\/\/sg-gueterfelde.de\/wp-content\/uploads\/2017\/01\/sgg_passWeih3.jpg 1387w\" sizes=\"auto, (max-width: 580px) 100vw, 580px\" \/><\/a><\/p>\n<div class=\"pvc_clear\"><\/div>\n<p id=\"pvc_stats_777\" class=\"pvc_stats all  \" data-element-id=\"777\" style=\"\"><i class=\"pvc-stats-icon small\" aria-hidden=\"true\"><svg aria-hidden=\"true\" focusable=\"false\" data-prefix=\"far\" data-icon=\"chart-bar\" role=\"img\" xmlns=\"http:\/\/www.w3.org\/2000\/svg\" viewBox=\"0 0 512 512\" class=\"svg-inline--fa fa-chart-bar fa-w-16 fa-2x\"><path fill=\"currentColor\" d=\"M396.8 352h22.4c6.4 0 12.8-6.4 12.8-12.8V108.8c0-6.4-6.4-12.8-12.8-12.8h-22.4c-6.4 0-12.8 6.4-12.8 12.8v230.4c0 6.4 6.4 12.8 12.8 12.8zm-192 0h22.4c6.4 0 12.8-6.4 12.8-12.8V140.8c0-6.4-6.4-12.8-12.8-12.8h-22.4c-6.4 0-12.8 6.4-12.8 12.8v198.4c0 6.4 6.4 12.8 12.8 12.8zm96 0h22.4c6.4 0 12.8-6.4 12.8-12.8V204.8c0-6.4-6.4-12.8-12.8-12.8h-22.4c-6.4 0-12.8 6.4-12.8 12.8v134.4c0 6.4 6.4 12.8 12.8 12.8zM496 400H48V80c0-8.84-7.16-16-16-16H16C7.16 64 0 71.16 0 80v336c0 17.67 14.33 32 32 32h464c8.84 0 16-7.16 16-16v-16c0-8.84-7.16-16-16-16zm-387.2-48h22.4c6.4 0 12.8-6.4 12.8-12.8v-70.4c0-6.4-6.4-12.8-12.8-12.8h-22.4c-6.4 0-12.8 6.4-12.8 12.8v70.4c0 6.4 6.4 12.8 12.8 12.8z\" class=\"\"><\/path><\/svg><\/i> <img loading=\"lazy\" decoding=\"async\" width=\"16\" height=\"16\" alt=\"Loading\" src=\"https:\/\/sg-gueterfelde.de\/wp-content\/plugins\/page-views-count\/ajax-loader-2x.gif\" border=0 \/><\/p>\n<div class=\"pvc_clear\"><\/div>\n","protected":false},"excerpt":{"rendered":"<p>Das sagten sich etliche Sportfreundinnen und Sportfreunde, als sie die Einladung des Vorstandes der SG G\u00fcterfelde zu einer adventlichen Feier erhielten. Die j\u00e4hrliche Weihnachtsfeier f\u00fcr unsere sog. passiven Mitglieder, die nicht am regul\u00e4ren Sportbetrieb teilnehmen, findet traditionell Ende November statt. Auch dieses Mal konnten wir am 25. November wieder 28 Sportfreunde im B\u00fcrgerhaus dazu begr\u00fc\u00dfen. <span class=\"ellipsis\">&hellip;<\/span> <span class=\"more-link-wrap\"><a href=\"https:\/\/sg-gueterfelde.de\/?page_id=777\" class=\"more-link\"><span>Read More &rarr;<\/span><\/a><\/span><\/p>\n<div class=\"pvc_clear\"><\/div>\n<p id=\"pvc_stats_777\" class=\"pvc_stats all  \" data-element-id=\"777\" style=\"\"><i class=\"pvc-stats-icon small\" aria-hidden=\"true\"><svg aria-hidden=\"true\" focusable=\"false\" data-prefix=\"far\" data-icon=\"chart-bar\" role=\"img\" xmlns=\"http:\/\/www.w3.org\/2000\/svg\" viewBox=\"0 0 512 512\" class=\"svg-inline--fa fa-chart-bar fa-w-16 fa-2x\"><path fill=\"currentColor\" d=\"M396.8 352h22.4c6.4 0 12.8-6.4 12.8-12.8V108.8c0-6.4-6.4-12.8-12.8-12.8h-22.4c-6.4 0-12.8 6.4-12.8 12.8v230.4c0 6.4 6.4 12.8 12.8 12.8zm-192 0h22.4c6.4 0 12.8-6.4 12.8-12.8V140.8c0-6.4-6.4-12.8-12.8-12.8h-22.4c-6.4 0-12.8 6.4-12.8 12.8v198.4c0 6.4 6.4 12.8 12.8 12.8zm96 0h22.4c6.4 0 12.8-6.4 12.8-12.8V204.8c0-6.4-6.4-12.8-12.8-12.8h-22.4c-6.4 0-12.8 6.4-12.8 12.8v134.4c0 6.4 6.4 12.8 12.8 12.8zM496 400H48V80c0-8.84-7.16-16-16-16H16C7.16 64 0 71.16 0 80v336c0 17.67 14.33 32 32 32h464c8.84 0 16-7.16 16-16v-16c0-8.84-7.16-16-16-16zm-387.2-48h22.4c6.4 0 12.8-6.4 12.8-12.8v-70.4c0-6.4-6.4-12.8-12.8-12.8h-22.4c-6.4 0-12.8 6.4-12.8 12.8v70.4c0 6.4 6.4 12.8 12.8 12.8z\" class=\"\"><\/path><\/svg><\/i> <img loading=\"lazy\" decoding=\"async\" width=\"16\" height=\"16\" alt=\"Loading\" src=\"https:\/\/sg-gueterfelde.de\/wp-content\/plugins\/page-views-count\/ajax-loader-2x.gif\" border=0 \/><\/p>\n<div class=\"pvc_clear\"><\/div>\n","protected":false},"author":1,"featured_media":0,"parent":0,"menu_order":0,"comment_status":"closed","ping_status":"open","template":"","meta":{"ngg_post_thumbnail":0,"footnotes":"","_links_to":"","_links_to_target":""},"class_list":["post-777","page","type-page","status-publish","hentry"],"_links":{"self":[{"href":"https:\/\/sg-gueterfelde.de\/index.php?rest_route=\/wp\/v2\/pages\/777","targetHints":{"allow":["GET"]}}],"collection":[{"href":"https:\/\/sg-gueterfelde.de\/index.php?rest_route=\/wp\/v2\/pages"}],"about":[{"href":"https:\/\/sg-gueterfelde.de\/index.php?rest_route=\/wp\/v2\/types\/page"}],"author":[{"embeddable":true,"href":"https:\/\/sg-gueterfelde.de\/index.php?rest_route=\/wp\/v2\/users\/1"}],"replies":[{"embeddable":true,"href":"https:\/\/sg-gueterfelde.de\/index.php?rest_route=%2Fwp%2Fv2%2Fcomments&post=777"}],"version-history":[{"count":1,"href":"https:\/\/sg-gueterfelde.de\/index.php?rest_route=\/wp\/v2\/pages\/777\/revisions"}],"predecessor-version":[{"id":782,"href":"https:\/\/sg-gueterfelde.de\/index.php?rest_route=\/wp\/v2\/pages\/777\/revisions\/782"}],"wp:attachment":[{"href":"https:\/\/sg-gueterfelde.de\/index.php?rest_route=%2Fwp%2Fv2%2Fmedia&parent=777"}],"curies":[{"name":"wp","href":"https:\/\/api.w.org\/{rel}","templated":true}]}}