{"id":814,"date":"2017-04-05T10:00:12","date_gmt":"2017-04-05T10:00:12","guid":{"rendered":"http:\/\/sg-gueterfelde.de\/?page_id=814"},"modified":"2017-04-05T10:00:12","modified_gmt":"2017-04-05T10:00:12","slug":"bericht-ueber-kindertanz-2016","status":"publish","type":"page","link":"https:\/\/sg-gueterfelde.de\/?page_id=814","title":{"rendered":"Bericht \u00fcber Kindertanz 2016"},"content":{"rendered":"<p align=\"JUSTIFY\"><span style=\"color: #000000; font-size: 12px; font-family: verdana,geneva,sans-serif;\">Die Kindergartenkinder sind zwischen 3 und 6 Jahren alte M\u00e4dchen und Jungen. In diesem Kurs werden Feinmotorik, Ausdauer, Kreativit\u00e4t und Koordination gef\u00f6rdert. Die Kinder k\u00f6nnen sich frei bewegen und ihr K\u00f6nnen zeigen.\u00a0Zur Zeit sind es 14 Kinder, die Donnerstagsnachmittag f\u00fcr eine dreiviertel Stunde in der Turnhalle tanzen und sportliche Bewegungen \u00fcben.<\/span><\/p>\n<p align=\"JUSTIFY\"><span style=\"color: #000000; font-size: 12px; font-family: verdana,geneva,sans-serif;\">Es werden verschiedene T\u00e4nze einstudiert und kleine Pr\u00e4sentationen bei Festivit\u00e4ten vorgef\u00fchrt, wie zum Beispiel in der Kita, beim Sommerfest der SG G\u00fcterfelde oder bei der Weihnachtsfeier.<\/span><\/p>\n<p align=\"JUSTIFY\"><span style=\"color: #000000; font-size: 12px; font-family: verdana,geneva,sans-serif;\">Wir tanzen, turnen und lernen den Umgang mit \u00a0Seilen, Kletterger\u00e4ten und Matten. Mit viel Spa\u00df tanzen wir zu den aktuellen Musiken, die die Kinder lieben. Sie lernen dabei, in der Gruppe zu agieren und trotz vieler Bewegung auch mal ruhig zu sein und zuzuh\u00f6ren.<\/span><\/p>\n<p align=\"JUSTIFY\"><span style=\"color: #000000; font-size: 12px; font-family: verdana,geneva,sans-serif;\"><i>Maria Alp, Tanzp\u00e4dagogin, erreichbar \u00fcber die Tanzschule Kurrat in Teltow<\/i><\/span><\/p>\n<p align=\"JUSTIFY\"><a href=\"https:\/\/sg-gueterfelde.de\/wp-content\/uploads\/2017\/04\/sgg_kindertanz_jahresbericht17_2.jpg\"><img loading=\"lazy\" decoding=\"async\" class=\"aligncenter size-full wp-image-815\" src=\"https:\/\/sg-gueterfelde.de\/wp-content\/uploads\/2017\/04\/sgg_kindertanz_jahresbericht17_2.jpg\" alt=\"\" width=\"243\" height=\"600\" srcset=\"https:\/\/sg-gueterfelde.de\/wp-content\/uploads\/2017\/04\/sgg_kindertanz_jahresbericht17_2.jpg 243w, https:\/\/sg-gueterfelde.de\/wp-content\/uploads\/2017\/04\/sgg_kindertanz_jahresbericht17_2-122x300.jpg 122w\" sizes=\"auto, (max-width: 243px) 100vw, 243px\" \/><\/a>\u00a0 <a href=\"https:\/\/sg-gueterfelde.de\/wp-content\/uploads\/2017\/04\/sgg_kindertanz_jahresbericht17_3.jpg\"><img loading=\"lazy\" decoding=\"async\" class=\"aligncenter size-large wp-image-817\" src=\"https:\/\/sg-gueterfelde.de\/wp-content\/uploads\/2017\/04\/sgg_kindertanz_jahresbericht17_1.jpg\" alt=\"\" width=\"500\" height=\"667\" srcset=\"https:\/\/sg-gueterfelde.de\/wp-content\/uploads\/2017\/04\/sgg_kindertanz_jahresbericht17_1.jpg 500w, https:\/\/sg-gueterfelde.de\/wp-content\/uploads\/2017\/04\/sgg_kindertanz_jahresbericht17_1-225x300.jpg 225w\" sizes=\"auto, (max-width: 500px) 100vw, 500px\" \/><\/a><\/p>\n<p align=\"JUSTIFY\"><a href=\"https:\/\/sg-gueterfelde.de\/wp-content\/uploads\/2017\/04\/sgg_kindertanz_jahresbericht17_3.jpg\"><img loading=\"lazy\" decoding=\"async\" class=\"aligncenter size-large wp-image-816\" src=\"https:\/\/sg-gueterfelde.de\/wp-content\/uploads\/2017\/04\/sgg_kindertanz_jahresbericht17_3.jpg\" alt=\"\" width=\"500\" height=\"763\" srcset=\"https:\/\/sg-gueterfelde.de\/wp-content\/uploads\/2017\/04\/sgg_kindertanz_jahresbericht17_3.jpg 500w, https:\/\/sg-gueterfelde.de\/wp-content\/uploads\/2017\/04\/sgg_kindertanz_jahresbericht17_3-197x300.jpg 197w\" sizes=\"auto, (max-width: 500px) 100vw, 500px\" \/><\/a><\/p>\n<div class=\"pvc_clear\"><\/div>\n<p id=\"pvc_stats_814\" class=\"pvc_stats all  \" data-element-id=\"814\" style=\"\"><i class=\"pvc-stats-icon small\" aria-hidden=\"true\"><svg aria-hidden=\"true\" focusable=\"false\" data-prefix=\"far\" data-icon=\"chart-bar\" role=\"img\" xmlns=\"http:\/\/www.w3.org\/2000\/svg\" viewBox=\"0 0 512 512\" class=\"svg-inline--fa fa-chart-bar fa-w-16 fa-2x\"><path fill=\"currentColor\" d=\"M396.8 352h22.4c6.4 0 12.8-6.4 12.8-12.8V108.8c0-6.4-6.4-12.8-12.8-12.8h-22.4c-6.4 0-12.8 6.4-12.8 12.8v230.4c0 6.4 6.4 12.8 12.8 12.8zm-192 0h22.4c6.4 0 12.8-6.4 12.8-12.8V140.8c0-6.4-6.4-12.8-12.8-12.8h-22.4c-6.4 0-12.8 6.4-12.8 12.8v198.4c0 6.4 6.4 12.8 12.8 12.8zm96 0h22.4c6.4 0 12.8-6.4 12.8-12.8V204.8c0-6.4-6.4-12.8-12.8-12.8h-22.4c-6.4 0-12.8 6.4-12.8 12.8v134.4c0 6.4 6.4 12.8 12.8 12.8zM496 400H48V80c0-8.84-7.16-16-16-16H16C7.16 64 0 71.16 0 80v336c0 17.67 14.33 32 32 32h464c8.84 0 16-7.16 16-16v-16c0-8.84-7.16-16-16-16zm-387.2-48h22.4c6.4 0 12.8-6.4 12.8-12.8v-70.4c0-6.4-6.4-12.8-12.8-12.8h-22.4c-6.4 0-12.8 6.4-12.8 12.8v70.4c0 6.4 6.4 12.8 12.8 12.8z\" class=\"\"><\/path><\/svg><\/i> <img loading=\"lazy\" decoding=\"async\" width=\"16\" height=\"16\" alt=\"Loading\" src=\"https:\/\/sg-gueterfelde.de\/wp-content\/plugins\/page-views-count\/ajax-loader-2x.gif\" border=0 \/><\/p>\n<div class=\"pvc_clear\"><\/div>\n","protected":false},"excerpt":{"rendered":"<p>Die Kindergartenkinder sind zwischen 3 und 6 Jahren alte M\u00e4dchen und Jungen. In diesem Kurs werden Feinmotorik, Ausdauer, Kreativit\u00e4t und Koordination gef\u00f6rdert. Die Kinder k\u00f6nnen sich frei bewegen und ihr K\u00f6nnen zeigen.\u00a0Zur Zeit sind es 14 Kinder, die Donnerstagsnachmittag f\u00fcr eine dreiviertel Stunde in der Turnhalle tanzen und sportliche Bewegungen \u00fcben. Es werden verschiedene T\u00e4nze <span class=\"ellipsis\">&hellip;<\/span> <span class=\"more-link-wrap\"><a href=\"https:\/\/sg-gueterfelde.de\/?page_id=814\" class=\"more-link\"><span>Read More &rarr;<\/span><\/a><\/span><\/p>\n<div class=\"pvc_clear\"><\/div>\n<p id=\"pvc_stats_814\" class=\"pvc_stats all  \" data-element-id=\"814\" style=\"\"><i class=\"pvc-stats-icon small\" aria-hidden=\"true\"><svg aria-hidden=\"true\" focusable=\"false\" data-prefix=\"far\" data-icon=\"chart-bar\" role=\"img\" xmlns=\"http:\/\/www.w3.org\/2000\/svg\" viewBox=\"0 0 512 512\" class=\"svg-inline--fa fa-chart-bar fa-w-16 fa-2x\"><path fill=\"currentColor\" d=\"M396.8 352h22.4c6.4 0 12.8-6.4 12.8-12.8V108.8c0-6.4-6.4-12.8-12.8-12.8h-22.4c-6.4 0-12.8 6.4-12.8 12.8v230.4c0 6.4 6.4 12.8 12.8 12.8zm-192 0h22.4c6.4 0 12.8-6.4 12.8-12.8V140.8c0-6.4-6.4-12.8-12.8-12.8h-22.4c-6.4 0-12.8 6.4-12.8 12.8v198.4c0 6.4 6.4 12.8 12.8 12.8zm96 0h22.4c6.4 0 12.8-6.4 12.8-12.8V204.8c0-6.4-6.4-12.8-12.8-12.8h-22.4c-6.4 0-12.8 6.4-12.8 12.8v134.4c0 6.4 6.4 12.8 12.8 12.8zM496 400H48V80c0-8.84-7.16-16-16-16H16C7.16 64 0 71.16 0 80v336c0 17.67 14.33 32 32 32h464c8.84 0 16-7.16 16-16v-16c0-8.84-7.16-16-16-16zm-387.2-48h22.4c6.4 0 12.8-6.4 12.8-12.8v-70.4c0-6.4-6.4-12.8-12.8-12.8h-22.4c-6.4 0-12.8 6.4-12.8 12.8v70.4c0 6.4 6.4 12.8 12.8 12.8z\" class=\"\"><\/path><\/svg><\/i> <img loading=\"lazy\" decoding=\"async\" width=\"16\" height=\"16\" alt=\"Loading\" src=\"https:\/\/sg-gueterfelde.de\/wp-content\/plugins\/page-views-count\/ajax-loader-2x.gif\" border=0 \/><\/p>\n<div class=\"pvc_clear\"><\/div>\n","protected":false},"author":1,"featured_media":0,"parent":0,"menu_order":0,"comment_status":"closed","ping_status":"closed","template":"","meta":{"ngg_post_thumbnail":0,"footnotes":"","_links_to":"","_links_to_target":""},"class_list":["post-814","page","type-page","status-publish","hentry"],"_links":{"self":[{"href":"https:\/\/sg-gueterfelde.de\/index.php?rest_route=\/wp\/v2\/pages\/814","targetHints":{"allow":["GET"]}}],"collection":[{"href":"https:\/\/sg-gueterfelde.de\/index.php?rest_route=\/wp\/v2\/pages"}],"about":[{"href":"https:\/\/sg-gueterfelde.de\/index.php?rest_route=\/wp\/v2\/types\/page"}],"author":[{"embeddable":true,"href":"https:\/\/sg-gueterfelde.de\/index.php?rest_route=\/wp\/v2\/users\/1"}],"replies":[{"embeddable":true,"href":"https:\/\/sg-gueterfelde.de\/index.php?rest_route=%2Fwp%2Fv2%2Fcomments&post=814"}],"version-history":[{"count":1,"href":"https:\/\/sg-gueterfelde.de\/index.php?rest_route=\/wp\/v2\/pages\/814\/revisions"}],"predecessor-version":[{"id":818,"href":"https:\/\/sg-gueterfelde.de\/index.php?rest_route=\/wp\/v2\/pages\/814\/revisions\/818"}],"wp:attachment":[{"href":"https:\/\/sg-gueterfelde.de\/index.php?rest_route=%2Fwp%2Fv2%2Fmedia&parent=814"}],"curies":[{"name":"wp","href":"https:\/\/api.w.org\/{rel}","templated":true}]}}