{"id":845,"date":"2017-04-06T10:02:38","date_gmt":"2017-04-06T10:02:38","guid":{"rendered":"http:\/\/sg-gueterfelde.de\/?page_id=845"},"modified":"2017-04-06T10:02:53","modified_gmt":"2017-04-06T10:02:53","slug":"bericht-des-vorstandes-fuer-den-zeitraum-maerz-2016-bis-2017","status":"publish","type":"page","link":"https:\/\/sg-gueterfelde.de\/?page_id=845","title":{"rendered":"Bericht des Vorstandes"},"content":{"rendered":"<p style=\"text-align: center;\"><strong><span style=\"font-size: 12px; font-family: verdana,geneva,sans-serif;\">f\u00fcr den Zeitraum M\u00e4rz 2016 bis 2017<\/span><\/strong><\/p>\n<p style=\"font-family: verdana,geneva,sans-serif; font-size: 12px;\"><i><b>1. Allgemeine Entwicklung<\/b><\/i><\/p>\n<p style=\"font-family: verdana,geneva,sans-serif; font-size: 12px;\">Die Sportgemeinschaft hat an den bew\u00e4hrten Aufgaben und Zielen im Berichtszeitraum weiter gearbeitet und die Arbeit so fortgesetzt, wie bereits in den letzten Jahren. Neben den sportlichen Aktivit\u00e4ten werden Angebote und Veranstaltungen auch f\u00fcr das Gemeinwesen angeboten.<\/p>\n<p style=\"font-family: verdana,geneva,sans-serif; font-size: 12px;\">Eine Besonderheit der SG ist, dass zunehmend ein vielf\u00e4ltiges sportliches Angebot \u00fcber alle Altersgruppen hinweg angeboten wird. Es gibt allerdings keinen Wettkampfbetrieb. Die Turnierspiele der Handballer wurden mit dem Jahr 2017 eingestellt. Der Abteilungsleiter hat seine Aufgabe beendet. In der Gruppe wurde f\u00fcr L\u00f6sungen gesorgt.<\/p>\n<p style=\"font-family: verdana,geneva,sans-serif; font-size: 12px;\">Die Angebote der SG sind insgesamt bedarfsgerecht auf Freizeitsport, Gesundheitsf\u00f6rderung, Freude an Bewegung und Geselligkeit gerichtet.<\/p>\n<p style=\"font-family: verdana,geneva,sans-serif; font-size: 12px;\">Die engagierte Mitarbeit eines Kreises von Sportfreundinnen und Sportfreunde und die Arbeit ehrenamtlich T\u00e4tiger hat es der Sportgemeinschaft erm\u00f6glich, ihr Angebot an traditionellen Veranstaltungen und H\u00f6hepunkten aufrecht zu erhalten und immer wieder erfolgreich zu gestalten.<\/p>\n<p style=\"font-family: verdana,geneva,sans-serif; font-size: 12px;\">Die Veranstaltungen der Sportgemeinschaft sind in Berichten auf der Webseite und im Schaukasten, sowie durch Foto- Pr\u00e4sentationen dokumentiert worden.<\/p>\n<p style=\"font-family: verdana,geneva,sans-serif; font-size: 12px;\">Wir haben uns auch in diesem Jahr mit Betroffenheit und Trauer von Sportfreunden verabschieden m\u00fcssen, denen wir ein ehrendes Andenken bewahren werden; G\u00fcnter Graf, Gertrud Rehfeld, Rosemarie St\u00fcrmer.<\/p>\n<p style=\"font-family: verdana,geneva,sans-serif; font-size: 12px;\">Die Bauma\u00dfnahme \u201eSanit\u00e4r- und Sozialgeb\u00e4ude\u201c konnte nicht wie geplant starten, da zun\u00e4chst ein Bebauungsplan erforderlich ist (B-Plan), weil es im Au\u00dfenbereich ist.<\/p>\n<p style=\"font-family: verdana,geneva,sans-serif; font-size: 12px;\">Die Sportgemeinschaft hat 210 Mitglieder. Die Anzahl der Frauen liegt bei \u00fcber 135, die der M\u00e4nner bei 60, und die der Kinder bei 14. In den einzelnen Gruppen und Abteilungen ergibt sich folgendes Bild:<\/p>\n<p style=\"font-family: verdana,geneva,sans-serif; font-size: 12px;\">Kindertanz (14) , Aerobic (60), Frauenpower Gymnastik (37) , FrauenFitness (6), Seniorinnen (26), Handball (32) , Fu\u00dfball (12) , Allg. Sport\/Passive (24) , Ehrenmitglieder (2).<\/p>\n<p style=\"font-family: verdana,geneva,sans-serif; font-size: 12px;\">Im Jahresverlauf gab es folgende Aktivit\u00e4ten und Veranstaltungen:<\/p>\n<p style=\"font-family: verdana,geneva,sans-serif; font-size: 12px;\"><i><b>2. Traditionsveranstaltungen<\/b><\/i><\/p>\n<p style=\"font-size: 12px; font-family: verdana,geneva,sans-serif;\"><b>Jahreshauptversammlung <\/b>am 12. M\u00e4rz 2016: Wahlversammlung mit Wiederwahl des Vorstandes, Ehrungen (Urkunden, Abzeichen) f\u00fcr langj\u00e4hrige Mitgliedschaften und f\u00fcr hohes Engagement in der SG, ausf\u00fchrlicher Bericht \u00fcber die Arbeit, der auf der Webseite vorliegt,<\/p>\n<ul style=\"font-family: verdana,geneva,sans-serif; font-size: 12px;\">\n<li style=\"margin: 5px 0;\">Das Pfingstturnier der Fu\u00dfballer und Handballer am 14.Mai, gut organisiert durch die Handballer, k\u00f6nnte noch besser von den Einwohnern besucht werden, der B\u00fcrgermeister aus Stahnsdorfs war zu Gast. Die Handballer aus G\u00fcterfelde waren im Endspiel und konnten einen guten zweiten Platz belegen. Auch die Fu\u00dfballmannschaft belegte einen zweiten Platz.<\/li>\n<li style=\"margin: 5px 0;\">Das <b>Pfingstkonzert <\/b>am Montag sprach wieder viele Menschen aus der Umgebung an, die trotz k\u00fchlen Wetters vier Stunden Musik im B\u00fcrgerhausgarten mit zwei Orchestern erlebten (\u00fcber 300). Es ist immer wieder eine organisatorische Herausforderung, die die Unterst\u00fctzung durch viele Sportfreunde bei der Vorbereitung und Nachbereitung braucht. Es sind immer z.B. etwa 500 St\u00fchle und zus\u00e4tzlich zur Terrassenb\u00fchne eine weitere B\u00fchne f\u00fcr die Orchester aufzustellen. Bei Aufr\u00e4umen mit Buffett waren 20 Sportfreund-innen dabei.<\/li>\n<li style=\"margin: 5px 0;\">Wir bedanken uns f\u00fcr die Spende von 200 Euro, die wir Anfang 2017 erhielten, bei der Fa. Kruschke, beim B\u00fcrgerhausverein f\u00fcr einen Mietrabatt und beim Ortsbeirat f\u00fcr die finanzielle Unterst\u00fctzung bei der Bezahlung der Musiker.<\/li>\n<li style=\"margin: 5px 0;\">Die Werbegestaltung f\u00fcr die beiden Pfingstveranstaltungen ist inzwischen sehr effektiv, da sie teilweise mehrfach nutzbar ist (Roll ups und Plakate). Da ist eine nachhaltige Verbesserung geschafft worden.<\/li>\n<li style=\"margin: 5px 0;\">Die Sportler der Handball- und Fu\u00dfballmannschaft haben im Sommer mehrere Turniere in der Region bestritten und die SG gut pr\u00e4sentiert.<\/li>\n<li style=\"margin: 5px 0;\">Das Sommerfest am 09. Juli 2016 hat sich als das einzige abteilungs- und gruppen\u00fcbergreifendes Gemeinschaftsfest zwar etabliert, es k\u00f6nnte aber noch besser besucht werden. Etwa ein Drittel aller Sportmitglieder und insgesamt etwas \u00fcber 100 Teilnehmende konnten wir begr\u00fc\u00dfen.<\/li>\n<li style=\"margin: 5px 0;\">Gute Verpflegung mit Getr\u00e4nken, Grillen, teils selbst hergestellten Salate u.a., DJ- Musik und eine Tanzvorf\u00fchrung der Kindergruppe und der Tanzschule Kurrat erfreuten die G\u00e4ste.<\/li>\n<li style=\"margin: 5px 0;\">Am 25. November gab es die traditionelle Weihnachtsfeier f\u00fcr die j\u00fcngeren und \u00e4lteren passiven Sportfreunde. Mit 28 Teilnehmenden war auch dieses Fest gut besucht. Am Ende hie\u00df es, \u201ewas f\u00fcr eine sch\u00f6ne und gem\u00fctliche Feier\u201c.<\/li>\n<\/ul>\n<p style=\"font-family: verdana,geneva,sans-serif; font-size: 12px;\">Weitere Aktivit\u00e4ten waren:<\/p>\n<p style=\"font-family: verdana,geneva,sans-serif; font-size: 12px;\">Am 21.Dezember fand zum zweiten Mal eine Beteiligung der SG am <i><b>Lebendigen Adventskalender <\/b><\/i> statt. In der Turnhalle gab es \u201eWeihnachtliche Gymnastik mit \u00dcberraschungen\u201c gestaltet durch die Frauengruppen Seniorinnen und Frauenpower und mitgestaltet durch die Tanzgruppe.<\/p>\n<p style=\"font-family: verdana,geneva,sans-serif; font-size: 12px;\">Die Teilnehmerzahlen, einschlie\u00dflich G\u00e4sten, beliefen sich auf etwa 50. Es gab Gymnastik, Tanz\u00fcbungen, Verkauf von Sch\u00f6nem und N\u00fctzlichem durch den A.-Schweitzer- Verein und ein gem\u00fctliches Drumherum.<\/p>\n<ul style=\"font-family: verdana,geneva,sans-serif; font-size: 12px;\">\n<li style=\"margin: 5px 0;\">Wir haben in Zusammenarbeit mit der KiTa die Arbeit mit der Kindertanzgruppe fortgesetzt und dazu die Tanzp\u00e4dagogin Maria Alp f\u00fcr die SG gewonnen.<\/li>\n<\/ul>\n<p style=\"font-family: verdana,geneva,sans-serif; font-size: 12px;\"><b>3. Weitere Aufgaben<\/b><\/p>\n<ul style=\"font-family: verdana,geneva,sans-serif; font-size: 12px;\">\n<li style=\"margin: 5px 0;\">Feiern zu verschiedenen Anl\u00e4ssen, Kulturbesuche und Fahrten in den verschiedenen Gruppen<\/li>\n<li style=\"margin: 5px 0;\">Gl\u00fcckw\u00fcnsche zu besonderen Geburtstagen und fam. Ereignissen von Sportfreunden.<\/li>\n<li style=\"margin: 5px 0;\">Fortsetzung der Arbeit mit der Webseite, Termine, Aktuelles, Berichte, Archiv befinden sich dort. Es gab 16 aktuelle Texte\/Berichte, \u00fcberwiegend erstellt durch die Vorsitzende.<\/li>\n<li style=\"margin: 5px 0;\">Beteiligung an der Kranzniederlegung zum Volkstrauertag.<\/li>\n<li style=\"margin: 5px 0;\">Teilnahme geladener Sportmitglieder zur feierlichen Ehrenamtsveranstaltung der Gemeindeverwaltung, schriftliche R\u00fcckmeldung an den B\u00fcrgermeister zur weiteren Ausgestaltung der Veranstaltung am 1. M\u00e4rz 2017<\/li>\n<li style=\"margin: 5px 0;\">Erfolgreiche Zusammenarbeit mit Institutionen, wie KSB, LSB, Gemeindeverwaltung, B\u00fcrgerhausverein, Ortsbeirat (F\u00f6rderantr\u00e4ge, Veranstaltungsr\u00e4ume, Fortbildungsangebote f\u00fcr \u00dcL, Mitgliedererfassung, statistische Meldungen ect.), KITA (F\u00f6rderverein). Kontinuierliche Kommunikation erreicht.<\/li>\n<li style=\"margin: 5px 0;\">Mitwirkung in der Vorbereitungsgruppe f\u00fcr das geplante AWO- Familienfest am 24. Juni 17 in Zusammenarbeit mit den d\u00f6rflichen Vereinen<\/li>\n<li style=\"margin: 5px 0;\">Weitere \u00dcL, Heidrun M\u00fcller, hat mit der Arbeit begonnen und erm\u00f6glicht seit Ende Dez. 2016 einer Frauengruppe \u201eFrauenfitness\u201cein einst\u00fcndiges Training, Dienstag von 20- 21 Uhr<\/li>\n<\/ul>\n<p style=\"font-family: verdana,geneva,sans-serif; font-size: 12px;\"><b>4. Bauvorhaben <\/b><\/p>\n<p style=\"font-family: verdana,geneva,sans-serif; font-size: 12px;\">Im vorigen Bericht f\u00fcr das Jahr 2016 hie\u00df es, dass erste Baum- und Aufr\u00e4umarbeiten am Sportplatz zur Bauvorbereitung begonnen hatten und \u201e Zentrales Anliegen wird das Bauvorhaben werden\u201c. Zum Stand gibt es Ausf\u00fchrungen vom stellv. Vorsitzenden U. Schaer. Inzwischen gibt es eine neue Situation. F\u00fcr ein Sportlerheim mit Sanit\u00e4r- und Sozialr\u00e4umen wird es Verz\u00f6gerungen geben, das das Gel\u00e4nde zum Au\u00dfenbereich geh\u00f6rt und zun\u00e4chst ein B- Plan erstellt werden muss. Im Planungsprozess arbeiten wir immer wieder zu den einzelnen Schritten mit der Gemeindeverwaltung zusammen. Die Zust\u00e4ndigkeit f\u00fcr das Projekt liegt dort. Ansprechpartner seitens der SG ist daf\u00fcr Uwe Schaer. Er wird \u00fcber den aktuellen Stand berichten. Es soll ein Sportlerheim mit Sanit\u00e4r \u2013 u. Abstellbereich entstehen.<\/p>\n<p style=\"font-family: verdana,geneva,sans-serif; font-size: 12px;\"><b>5. Finanzen<\/b><\/p>\n<p style=\"font-family: verdana,geneva,sans-serif; font-size: 12px;\">Der Bericht f\u00fcr den Berichtszeitraum liegt vor (Bericht Hauptkassierer). Er best\u00e4tigt eine sparsame und kostendeckende Haushaltsf\u00fchrung des Vereins. Es ist ein \u00dcberschuss vorhanden.<\/p>\n<p style=\"font-family: verdana,geneva,sans-serif; font-size: 12px;\"><b>6. Geplante Veranstaltungen im Jahr 2017<\/b><\/p>\n<p style=\"font-family: verdana,geneva,sans-serif; font-size: 12px;\">F\u00fcr die traditionellen Vorhaben liegt eine langfristige Terminplanung vor, z.B.<\/p>\n<ul style=\"font-family: verdana,geneva,sans-serif; font-size: 12px;\">\n<li style=\"margin: 5px 0;\">Pfingstkonzert, 05. Juni<\/li>\n<li style=\"margin: 5px 0;\">Mitwirkung am AWO- Familienfest f\u00fcr G\u00fcterfelde, 24. Juni<\/li>\n<li style=\"margin: 5px 0;\">Sommerfest, 01. Juli<\/li>\n<li style=\"margin: 5px 0;\">Weihnachtsfeier- Passive, 25. November<\/li>\n<li style=\"margin: 5px 0;\">Lebendiger Weihnachtskalender, 20.Dezember<\/li>\n<\/ul>\n<p><span style=\"font-size: 12px; font-family: verdana,geneva,sans-serif;\">Der Lebendige <b>Adventskalender<\/b> soll fester Bestandteil des SG- Lebens werden.<\/span><\/p>\n<p><span style=\"font-size: 12px; font-family: verdana,geneva,sans-serif;\"><i>Dr. Elvira Waldmann <\/i>G\u00fcterfelde, 18. M\u00e4rz 2016<\/span><\/p>\n<p><span style=\"font-family: verdana,geneva,sans-serif;\"><span style=\"font-size: 12px;\">Vorsitzende der Sportgemeinschaft<\/span> <\/span><\/p>\n<div class=\"pvc_clear\"><\/div>\n<p id=\"pvc_stats_845\" class=\"pvc_stats all  \" data-element-id=\"845\" style=\"\"><i class=\"pvc-stats-icon small\" aria-hidden=\"true\"><svg aria-hidden=\"true\" focusable=\"false\" data-prefix=\"far\" data-icon=\"chart-bar\" role=\"img\" xmlns=\"http:\/\/www.w3.org\/2000\/svg\" viewBox=\"0 0 512 512\" class=\"svg-inline--fa fa-chart-bar fa-w-16 fa-2x\"><path fill=\"currentColor\" d=\"M396.8 352h22.4c6.4 0 12.8-6.4 12.8-12.8V108.8c0-6.4-6.4-12.8-12.8-12.8h-22.4c-6.4 0-12.8 6.4-12.8 12.8v230.4c0 6.4 6.4 12.8 12.8 12.8zm-192 0h22.4c6.4 0 12.8-6.4 12.8-12.8V140.8c0-6.4-6.4-12.8-12.8-12.8h-22.4c-6.4 0-12.8 6.4-12.8 12.8v198.4c0 6.4 6.4 12.8 12.8 12.8zm96 0h22.4c6.4 0 12.8-6.4 12.8-12.8V204.8c0-6.4-6.4-12.8-12.8-12.8h-22.4c-6.4 0-12.8 6.4-12.8 12.8v134.4c0 6.4 6.4 12.8 12.8 12.8zM496 400H48V80c0-8.84-7.16-16-16-16H16C7.16 64 0 71.16 0 80v336c0 17.67 14.33 32 32 32h464c8.84 0 16-7.16 16-16v-16c0-8.84-7.16-16-16-16zm-387.2-48h22.4c6.4 0 12.8-6.4 12.8-12.8v-70.4c0-6.4-6.4-12.8-12.8-12.8h-22.4c-6.4 0-12.8 6.4-12.8 12.8v70.4c0 6.4 6.4 12.8 12.8 12.8z\" class=\"\"><\/path><\/svg><\/i> <img loading=\"lazy\" decoding=\"async\" width=\"16\" height=\"16\" alt=\"Loading\" src=\"https:\/\/sg-gueterfelde.de\/wp-content\/plugins\/page-views-count\/ajax-loader-2x.gif\" border=0 \/><\/p>\n<div class=\"pvc_clear\"><\/div>\n","protected":false},"excerpt":{"rendered":"<p>f\u00fcr den Zeitraum M\u00e4rz 2016 bis 2017 1. Allgemeine Entwicklung Die Sportgemeinschaft hat an den bew\u00e4hrten Aufgaben und Zielen im Berichtszeitraum weiter gearbeitet und die Arbeit so fortgesetzt, wie bereits in den letzten Jahren. Neben den sportlichen Aktivit\u00e4ten werden Angebote und Veranstaltungen auch f\u00fcr das Gemeinwesen angeboten. Eine Besonderheit der SG ist, dass zunehmend ein <span class=\"ellipsis\">&hellip;<\/span> <span class=\"more-link-wrap\"><a href=\"https:\/\/sg-gueterfelde.de\/?page_id=845\" class=\"more-link\"><span>Read More &rarr;<\/span><\/a><\/span><\/p>\n<div class=\"pvc_clear\"><\/div>\n<p id=\"pvc_stats_845\" class=\"pvc_stats all  \" data-element-id=\"845\" style=\"\"><i class=\"pvc-stats-icon small\" aria-hidden=\"true\"><svg aria-hidden=\"true\" focusable=\"false\" data-prefix=\"far\" data-icon=\"chart-bar\" role=\"img\" xmlns=\"http:\/\/www.w3.org\/2000\/svg\" viewBox=\"0 0 512 512\" class=\"svg-inline--fa fa-chart-bar fa-w-16 fa-2x\"><path fill=\"currentColor\" d=\"M396.8 352h22.4c6.4 0 12.8-6.4 12.8-12.8V108.8c0-6.4-6.4-12.8-12.8-12.8h-22.4c-6.4 0-12.8 6.4-12.8 12.8v230.4c0 6.4 6.4 12.8 12.8 12.8zm-192 0h22.4c6.4 0 12.8-6.4 12.8-12.8V140.8c0-6.4-6.4-12.8-12.8-12.8h-22.4c-6.4 0-12.8 6.4-12.8 12.8v198.4c0 6.4 6.4 12.8 12.8 12.8zm96 0h22.4c6.4 0 12.8-6.4 12.8-12.8V204.8c0-6.4-6.4-12.8-12.8-12.8h-22.4c-6.4 0-12.8 6.4-12.8 12.8v134.4c0 6.4 6.4 12.8 12.8 12.8zM496 400H48V80c0-8.84-7.16-16-16-16H16C7.16 64 0 71.16 0 80v336c0 17.67 14.33 32 32 32h464c8.84 0 16-7.16 16-16v-16c0-8.84-7.16-16-16-16zm-387.2-48h22.4c6.4 0 12.8-6.4 12.8-12.8v-70.4c0-6.4-6.4-12.8-12.8-12.8h-22.4c-6.4 0-12.8 6.4-12.8 12.8v70.4c0 6.4 6.4 12.8 12.8 12.8z\" class=\"\"><\/path><\/svg><\/i> <img loading=\"lazy\" decoding=\"async\" width=\"16\" height=\"16\" alt=\"Loading\" src=\"https:\/\/sg-gueterfelde.de\/wp-content\/plugins\/page-views-count\/ajax-loader-2x.gif\" border=0 \/><\/p>\n<div class=\"pvc_clear\"><\/div>\n","protected":false},"author":1,"featured_media":0,"parent":0,"menu_order":0,"comment_status":"closed","ping_status":"closed","template":"","meta":{"ngg_post_thumbnail":0,"footnotes":"","_links_to":"","_links_to_target":""},"class_list":["post-845","page","type-page","status-publish","hentry"],"_links":{"self":[{"href":"https:\/\/sg-gueterfelde.de\/index.php?rest_route=\/wp\/v2\/pages\/845","targetHints":{"allow":["GET"]}}],"collection":[{"href":"https:\/\/sg-gueterfelde.de\/index.php?rest_route=\/wp\/v2\/pages"}],"about":[{"href":"https:\/\/sg-gueterfelde.de\/index.php?rest_route=\/wp\/v2\/types\/page"}],"author":[{"embeddable":true,"href":"https:\/\/sg-gueterfelde.de\/index.php?rest_route=\/wp\/v2\/users\/1"}],"replies":[{"embeddable":true,"href":"https:\/\/sg-gueterfelde.de\/index.php?rest_route=%2Fwp%2Fv2%2Fcomments&post=845"}],"version-history":[{"count":2,"href":"https:\/\/sg-gueterfelde.de\/index.php?rest_route=\/wp\/v2\/pages\/845\/revisions"}],"predecessor-version":[{"id":847,"href":"https:\/\/sg-gueterfelde.de\/index.php?rest_route=\/wp\/v2\/pages\/845\/revisions\/847"}],"wp:attachment":[{"href":"https:\/\/sg-gueterfelde.de\/index.php?rest_route=%2Fwp%2Fv2%2Fmedia&parent=845"}],"curies":[{"name":"wp","href":"https:\/\/api.w.org\/{rel}","templated":true}]}}