{"id":886,"date":"2017-10-23T09:34:06","date_gmt":"2017-10-23T09:34:06","guid":{"rendered":"http:\/\/sg-gueterfelde.de\/?page_id=886"},"modified":"2017-10-23T09:34:06","modified_gmt":"2017-10-23T09:34:06","slug":"spannung-beim-pfingstturnier-2017","status":"publish","type":"page","link":"https:\/\/sg-gueterfelde.de\/?page_id=886","title":{"rendered":"Spannung beim Pfingstturnier 2017"},"content":{"rendered":"<p align=\"JUSTIFY\"><span style=\"font-family: verdana,geneva,sans-serif; font-size: 12px;\">Das Pfingstturnier fand, wie jedes Jahr, am Samstag vor Pfingsten, also am 03. Juni, auf dem G\u00fcterfelder Sportplatz statt. <\/span><\/p>\n<p align=\"JUSTIFY\"><span style=\"font-family: verdana,geneva,sans-serif; font-size: 12px;\">Da es zun\u00e4chst etwas Regen gab, waren die Zuschauerpl\u00e4tze erst einmal nur m\u00e4\u00dfig besetzt. Im Laufe des Nachmittages kamen dann mehr G\u00e4ste, um die sportlichen Wettk\u00e4mpfe zu verfolgen.<\/span><\/p>\n<p align=\"JUSTIFY\"><span style=\"font-size: 12px; font-family: verdana,geneva,sans-serif;\"><a href=\"https:\/\/sg-gueterfelde.de\/wp-content\/uploads\/2017\/10\/sgg_pfingsturnier_2017_1.jpg\"><img loading=\"lazy\" decoding=\"async\" class=\"aligncenter size-full wp-image-887\" src=\"https:\/\/sg-gueterfelde.de\/wp-content\/uploads\/2017\/10\/sgg_pfingsturnier_2017_1.jpg\" alt=\"\" width=\"680\" height=\"382\" srcset=\"https:\/\/sg-gueterfelde.de\/wp-content\/uploads\/2017\/10\/sgg_pfingsturnier_2017_1.jpg 680w, https:\/\/sg-gueterfelde.de\/wp-content\/uploads\/2017\/10\/sgg_pfingsturnier_2017_1-300x169.jpg 300w\" sizes=\"auto, (max-width: 680px) 100vw, 680px\" \/><\/a> <\/span><\/p>\n<p align=\"JUSTIFY\"><span style=\"font-size: 12px; font-family: verdana,geneva,sans-serif;\">Zur gro\u00dfen Freude aller Beteiligten konnte die Fu\u00dfballmannschaft aus <i>G\u00fcterfelde<\/i> den ersten Platz belegen und wurde nach vielen Jahren wieder Turniersieger. Herzlichen Gl\u00fcckwunsch!<\/span><\/p>\n<p align=\"JUSTIFY\"><span style=\"font-size: 12px; font-family: verdana,geneva,sans-serif;\"><a href=\"https:\/\/sg-gueterfelde.de\/wp-content\/uploads\/2017\/10\/sgg_pfingsturnier_2017_2.jpg\"><img loading=\"lazy\" decoding=\"async\" class=\"aligncenter size-full wp-image-888\" src=\"https:\/\/sg-gueterfelde.de\/wp-content\/uploads\/2017\/10\/sgg_pfingsturnier_2017_2.jpg\" alt=\"\" width=\"640\" height=\"480\" srcset=\"https:\/\/sg-gueterfelde.de\/wp-content\/uploads\/2017\/10\/sgg_pfingsturnier_2017_2.jpg 640w, https:\/\/sg-gueterfelde.de\/wp-content\/uploads\/2017\/10\/sgg_pfingsturnier_2017_2-300x225.jpg 300w\" sizes=\"auto, (max-width: 640px) 100vw, 640px\" \/><\/a><\/span><\/p>\n<p align=\"JUSTIFY\"><span style=\"font-size: 12px; font-family: verdana,geneva,sans-serif;\"><a href=\"https:\/\/sg-gueterfelde.de\/wp-content\/uploads\/2017\/10\/sgg_pfingsturnier_2017_3.jpg\"><img loading=\"lazy\" decoding=\"async\" class=\"aligncenter size-full wp-image-889\" src=\"https:\/\/sg-gueterfelde.de\/wp-content\/uploads\/2017\/10\/sgg_pfingsturnier_2017_3.jpg\" alt=\"\" width=\"640\" height=\"360\" srcset=\"https:\/\/sg-gueterfelde.de\/wp-content\/uploads\/2017\/10\/sgg_pfingsturnier_2017_3.jpg 640w, https:\/\/sg-gueterfelde.de\/wp-content\/uploads\/2017\/10\/sgg_pfingsturnier_2017_3-300x169.jpg 300w\" sizes=\"auto, (max-width: 640px) 100vw, 640px\" \/><\/a><\/span><\/p>\n<p align=\"JUSTIFY\"><span style=\"font-size: 12px; font-family: verdana,geneva,sans-serif;\">Die Handballer lieferten sich mit den beteiligten f\u00fcnf Mannschaften spannende Matches. Zuletzt siegte aber die Mannschaft aus <i>Schenkenhorst<\/i> und unsere <i>G\u00fcterfelder<\/i> erk\u00e4mpften sich Platz 4.<\/span><\/p>\n<p align=\"JUSTIFY\"><span style=\"font-size: 12px; font-family: verdana,geneva,sans-serif;\"><\/p>\n<style type=\"text\/css\">\n\t<!--\n\t\t@page { margin: 2cm }\n\t\tP { margin-bottom: 0.21cm }\n\t-->\n\t<\/style>\n<p><\/span><\/p>\n<p><span style=\"font-family: verdana,geneva,sans-serif; font-size: 12px;\">m Detail sah es wie folgt aus:<\/span><\/p>\n<table style=\"height: 250px;\" border=\"1\" width=\"851\" cellspacing=\"0\" cellpadding=\"0\">\n<colgroup>\n<col width=\"51\" \/>\n<col width=\"216\" \/>\n<col width=\"147\" \/>\n<col width=\"140\" \/> <\/colgroup>\n<tbody>\n<tr valign=\"TOP\">\n<td width=\"51\"><span style=\"font-size: 12px; font-family: verdana,geneva,sans-serif;\">\u00a0<\/span><\/td>\n<td width=\"216\">\n<p align=\"CENTER\"><span style=\"font-family: verdana,geneva,sans-serif; font-size: 12px;\">Platzierung<\/span><\/p>\n<\/td>\n<td width=\"147\">\n<p align=\"CENTER\"><span style=\"font-family: verdana,geneva,sans-serif; font-size: 12px;\">Punkte<\/span><\/p>\n<\/td>\n<td width=\"140\">\n<p align=\"CENTER\"><span style=\"font-family: verdana,geneva,sans-serif; font-size: 12px;\">Tore<\/span><\/p>\n<\/td>\n<\/tr>\n<tr valign=\"TOP\">\n<td width=\"51\">\n<p align=\"CENTER\"><span style=\"font-family: verdana,geneva,sans-serif; font-size: 12px;\">1.<\/span><\/p>\n<\/td>\n<td width=\"216\"><span style=\"font-family: verdana,geneva,sans-serif; font-size: 12px;\">Schenkenhorst I<\/span><\/td>\n<td width=\"147\">\n<p align=\"CENTER\"><span style=\"font-family: verdana,geneva,sans-serif; font-size: 12px;\">8 : 0<\/span><\/p>\n<\/td>\n<td width=\"140\">\n<p align=\"CENTER\"><span style=\"font-family: verdana,geneva,sans-serif; font-size: 12px;\">45 &#8211; 27<\/span><\/p>\n<\/td>\n<\/tr>\n<tr valign=\"TOP\">\n<td width=\"51\">\n<p align=\"CENTER\"><span style=\"font-family: verdana,geneva,sans-serif; font-size: 12px;\">2.<\/span><\/p>\n<\/td>\n<td width=\"216\"><span style=\"font-family: verdana,geneva,sans-serif; font-size: 12px;\">Die Hoffm\u00e4nner <\/span><\/td>\n<td width=\"147\">\n<p align=\"CENTER\"><span style=\"font-family: verdana,geneva,sans-serif; font-size: 12px;\">5 : 3<\/span><\/p>\n<\/td>\n<td width=\"140\">\n<p align=\"CENTER\"><span style=\"font-family: verdana,geneva,sans-serif; font-size: 12px;\">46 \u2013 34<\/span><\/p>\n<\/td>\n<\/tr>\n<tr valign=\"TOP\">\n<td width=\"51\">\n<p align=\"CENTER\"><span style=\"font-family: verdana,geneva,sans-serif; font-size: 12px;\">3.<\/span><\/p>\n<\/td>\n<td width=\"216\"><span style=\"font-family: verdana,geneva,sans-serif; font-size: 12px;\">Teltow <\/span><\/td>\n<td width=\"147\">\n<p align=\"CENTER\"><span style=\"font-family: verdana,geneva,sans-serif; font-size: 12px;\">4 : 4<\/span><\/p>\n<\/td>\n<td width=\"140\">\n<p align=\"CENTER\"><span style=\"font-family: verdana,geneva,sans-serif; font-size: 12px;\">29 \u2013 29<\/span><\/p>\n<\/td>\n<\/tr>\n<tr valign=\"TOP\">\n<td width=\"51\">\n<p align=\"CENTER\"><span style=\"font-family: verdana,geneva,sans-serif; font-size: 12px;\">4.<\/span><\/p>\n<\/td>\n<td width=\"216\"><span style=\"font-family: verdana,geneva,sans-serif; font-size: 12px;\">G\u00fcterfelde<\/span><\/td>\n<td width=\"147\">\n<p align=\"CENTER\"><span style=\"font-family: verdana,geneva,sans-serif; font-size: 12px;\">3 : 5<\/span><\/p>\n<\/td>\n<td width=\"140\">\n<p align=\"CENTER\"><span style=\"font-family: verdana,geneva,sans-serif; font-size: 12px;\">28 &#8211; 26<\/span><\/p>\n<\/td>\n<\/tr>\n<tr valign=\"TOP\">\n<td width=\"51\">\n<p align=\"CENTER\"><span style=\"font-family: verdana,geneva,sans-serif; font-size: 12px;\">5.<\/span><\/p>\n<\/td>\n<td width=\"216\"><span style=\"font-family: verdana,geneva,sans-serif; font-size: 12px;\">Babelsberg<\/span><\/td>\n<td width=\"147\">\n<p align=\"CENTER\"><span style=\"font-family: verdana,geneva,sans-serif; font-size: 12px;\">0 : 8<\/span><\/p>\n<\/td>\n<td width=\"140\">\n<p align=\"CENTER\"><span style=\"font-family: verdana,geneva,sans-serif; font-size: 12px;\">17 \u2013 49<\/span><\/p>\n<\/td>\n<\/tr>\n<\/tbody>\n<\/table>\n<p align=\"JUSTIFY\"><span style=\"font-size: 12px; font-family: verdana,geneva,sans-serif;\"><a href=\"https:\/\/sg-gueterfelde.de\/wp-content\/uploads\/2017\/10\/sgg_pfingsturnier_2017_4.jpg\"><img loading=\"lazy\" decoding=\"async\" class=\"aligncenter size-full wp-image-890\" src=\"https:\/\/sg-gueterfelde.de\/wp-content\/uploads\/2017\/10\/sgg_pfingsturnier_2017_4.jpg\" alt=\"\" width=\"640\" height=\"360\" srcset=\"https:\/\/sg-gueterfelde.de\/wp-content\/uploads\/2017\/10\/sgg_pfingsturnier_2017_4.jpg 640w, https:\/\/sg-gueterfelde.de\/wp-content\/uploads\/2017\/10\/sgg_pfingsturnier_2017_4-300x169.jpg 300w\" sizes=\"auto, (max-width: 640px) 100vw, 640px\" \/><\/a> <\/span><\/p>\n<p align=\"JUSTIFY\"><span style=\"font-family: verdana,geneva,sans-serif; font-size: 12px;\">Es konnte auch wieder schmackhaftes Gegrilltes und Gebackenes sowie Getr\u00e4nken genossen werden. Jungen und M\u00e4dchen vergn\u00fcgten sich mit kleinen Ballspielen oder auf der H\u00fcpfeburg. Das machte bei zunehmend besserem Wetter richtig Spa\u00df. Vom sp\u00e4ten Nachmittag bis in den Abend wurde bei Musik, Tanz und Feuerschein gemeinsam mit bester Stimmung dann gefeiert.<\/span><\/p>\n<p align=\"JUSTIFY\"><span style=\"font-size: 12px; font-family: verdana,geneva,sans-serif;\"><strong><a href=\"https:\/\/sg-gueterfelde.de\/wp-content\/uploads\/2017\/10\/sgg_pfingsturnier_2017_5.jpg\"><img loading=\"lazy\" decoding=\"async\" class=\"aligncenter size-full wp-image-891\" src=\"https:\/\/sg-gueterfelde.de\/wp-content\/uploads\/2017\/10\/sgg_pfingsturnier_2017_5.jpg\" alt=\"\" width=\"640\" height=\"360\" srcset=\"https:\/\/sg-gueterfelde.de\/wp-content\/uploads\/2017\/10\/sgg_pfingsturnier_2017_5.jpg 640w, https:\/\/sg-gueterfelde.de\/wp-content\/uploads\/2017\/10\/sgg_pfingsturnier_2017_5-300x169.jpg 300w\" sizes=\"auto, (max-width: 640px) 100vw, 640px\" \/><\/a><\/strong><\/span><\/p>\n<p align=\"JUSTIFY\"><span style=\"font-family: verdana,geneva,sans-serif; font-size: 12px;\">Die Abteilungen der Handballer und Fu\u00dfballer haben das Turnier wieder einmal sehr gut geplant und vorbereitet. Mit vielen Informationen und durch Plakate wurde vorab intensiv auf das Turnier hingewiesen.<\/span><\/p>\n<p align=\"JUSTIFY\"><span style=\"font-family: verdana,geneva,sans-serif; font-size: 12px;\">Wir w\u00fcrden uns noch mehr Interesse und Teilnahme der B\u00fcrger des Ortes an diesem Event w\u00fcnschen. <\/span><\/p>\n<p align=\"JUSTIFY\"><span style=\"font-family: verdana,geneva,sans-serif; font-size: 12px;\"><i>Bericht: E. Waldmann<\/i><\/span><\/p>\n<div class=\"pvc_clear\"><\/div>\n<p id=\"pvc_stats_886\" class=\"pvc_stats all  \" data-element-id=\"886\" style=\"\"><i class=\"pvc-stats-icon small\" aria-hidden=\"true\"><svg aria-hidden=\"true\" focusable=\"false\" data-prefix=\"far\" data-icon=\"chart-bar\" role=\"img\" xmlns=\"http:\/\/www.w3.org\/2000\/svg\" viewBox=\"0 0 512 512\" class=\"svg-inline--fa fa-chart-bar fa-w-16 fa-2x\"><path fill=\"currentColor\" d=\"M396.8 352h22.4c6.4 0 12.8-6.4 12.8-12.8V108.8c0-6.4-6.4-12.8-12.8-12.8h-22.4c-6.4 0-12.8 6.4-12.8 12.8v230.4c0 6.4 6.4 12.8 12.8 12.8zm-192 0h22.4c6.4 0 12.8-6.4 12.8-12.8V140.8c0-6.4-6.4-12.8-12.8-12.8h-22.4c-6.4 0-12.8 6.4-12.8 12.8v198.4c0 6.4 6.4 12.8 12.8 12.8zm96 0h22.4c6.4 0 12.8-6.4 12.8-12.8V204.8c0-6.4-6.4-12.8-12.8-12.8h-22.4c-6.4 0-12.8 6.4-12.8 12.8v134.4c0 6.4 6.4 12.8 12.8 12.8zM496 400H48V80c0-8.84-7.16-16-16-16H16C7.16 64 0 71.16 0 80v336c0 17.67 14.33 32 32 32h464c8.84 0 16-7.16 16-16v-16c0-8.84-7.16-16-16-16zm-387.2-48h22.4c6.4 0 12.8-6.4 12.8-12.8v-70.4c0-6.4-6.4-12.8-12.8-12.8h-22.4c-6.4 0-12.8 6.4-12.8 12.8v70.4c0 6.4 6.4 12.8 12.8 12.8z\" class=\"\"><\/path><\/svg><\/i> <img loading=\"lazy\" decoding=\"async\" width=\"16\" height=\"16\" alt=\"Loading\" src=\"https:\/\/sg-gueterfelde.de\/wp-content\/plugins\/page-views-count\/ajax-loader-2x.gif\" border=0 \/><\/p>\n<div class=\"pvc_clear\"><\/div>\n","protected":false},"excerpt":{"rendered":"<p>Das Pfingstturnier fand, wie jedes Jahr, am Samstag vor Pfingsten, also am 03. Juni, auf dem G\u00fcterfelder Sportplatz statt. Da es zun\u00e4chst etwas Regen gab, waren die Zuschauerpl\u00e4tze erst einmal nur m\u00e4\u00dfig besetzt. Im Laufe des Nachmittages kamen dann mehr G\u00e4ste, um die sportlichen Wettk\u00e4mpfe zu verfolgen. Zur gro\u00dfen Freude aller Beteiligten konnte die Fu\u00dfballmannschaft <span class=\"ellipsis\">&hellip;<\/span> <span class=\"more-link-wrap\"><a href=\"https:\/\/sg-gueterfelde.de\/?page_id=886\" class=\"more-link\"><span>Read More &rarr;<\/span><\/a><\/span><\/p>\n<div class=\"pvc_clear\"><\/div>\n<p id=\"pvc_stats_886\" class=\"pvc_stats all  \" data-element-id=\"886\" style=\"\"><i class=\"pvc-stats-icon small\" aria-hidden=\"true\"><svg aria-hidden=\"true\" focusable=\"false\" data-prefix=\"far\" data-icon=\"chart-bar\" role=\"img\" xmlns=\"http:\/\/www.w3.org\/2000\/svg\" viewBox=\"0 0 512 512\" class=\"svg-inline--fa fa-chart-bar fa-w-16 fa-2x\"><path fill=\"currentColor\" d=\"M396.8 352h22.4c6.4 0 12.8-6.4 12.8-12.8V108.8c0-6.4-6.4-12.8-12.8-12.8h-22.4c-6.4 0-12.8 6.4-12.8 12.8v230.4c0 6.4 6.4 12.8 12.8 12.8zm-192 0h22.4c6.4 0 12.8-6.4 12.8-12.8V140.8c0-6.4-6.4-12.8-12.8-12.8h-22.4c-6.4 0-12.8 6.4-12.8 12.8v198.4c0 6.4 6.4 12.8 12.8 12.8zm96 0h22.4c6.4 0 12.8-6.4 12.8-12.8V204.8c0-6.4-6.4-12.8-12.8-12.8h-22.4c-6.4 0-12.8 6.4-12.8 12.8v134.4c0 6.4 6.4 12.8 12.8 12.8zM496 400H48V80c0-8.84-7.16-16-16-16H16C7.16 64 0 71.16 0 80v336c0 17.67 14.33 32 32 32h464c8.84 0 16-7.16 16-16v-16c0-8.84-7.16-16-16-16zm-387.2-48h22.4c6.4 0 12.8-6.4 12.8-12.8v-70.4c0-6.4-6.4-12.8-12.8-12.8h-22.4c-6.4 0-12.8 6.4-12.8 12.8v70.4c0 6.4 6.4 12.8 12.8 12.8z\" class=\"\"><\/path><\/svg><\/i> <img loading=\"lazy\" decoding=\"async\" width=\"16\" height=\"16\" alt=\"Loading\" src=\"https:\/\/sg-gueterfelde.de\/wp-content\/plugins\/page-views-count\/ajax-loader-2x.gif\" border=0 \/><\/p>\n<div class=\"pvc_clear\"><\/div>\n","protected":false},"author":1,"featured_media":0,"parent":0,"menu_order":0,"comment_status":"closed","ping_status":"closed","template":"","meta":{"ngg_post_thumbnail":0,"footnotes":"","_links_to":"","_links_to_target":""},"class_list":["post-886","page","type-page","status-publish","hentry"],"_links":{"self":[{"href":"https:\/\/sg-gueterfelde.de\/index.php?rest_route=\/wp\/v2\/pages\/886","targetHints":{"allow":["GET"]}}],"collection":[{"href":"https:\/\/sg-gueterfelde.de\/index.php?rest_route=\/wp\/v2\/pages"}],"about":[{"href":"https:\/\/sg-gueterfelde.de\/index.php?rest_route=\/wp\/v2\/types\/page"}],"author":[{"embeddable":true,"href":"https:\/\/sg-gueterfelde.de\/index.php?rest_route=\/wp\/v2\/users\/1"}],"replies":[{"embeddable":true,"href":"https:\/\/sg-gueterfelde.de\/index.php?rest_route=%2Fwp%2Fv2%2Fcomments&post=886"}],"version-history":[{"count":1,"href":"https:\/\/sg-gueterfelde.de\/index.php?rest_route=\/wp\/v2\/pages\/886\/revisions"}],"predecessor-version":[{"id":892,"href":"https:\/\/sg-gueterfelde.de\/index.php?rest_route=\/wp\/v2\/pages\/886\/revisions\/892"}],"wp:attachment":[{"href":"https:\/\/sg-gueterfelde.de\/index.php?rest_route=%2Fwp%2Fv2%2Fmedia&parent=886"}],"curies":[{"name":"wp","href":"https:\/\/api.w.org\/{rel}","templated":true}]}}