{"id":909,"date":"2017-11-23T13:24:02","date_gmt":"2017-11-23T13:24:02","guid":{"rendered":"http:\/\/sg-gueterfelde.de\/?page_id=909"},"modified":"2017-11-23T13:26:28","modified_gmt":"2017-11-23T13:26:28","slug":"lebendiger-weihnachtskalender","status":"publish","type":"page","link":"https:\/\/sg-gueterfelde.de\/?page_id=909","title":{"rendered":"Lebendiger Weihnachtskalender"},"content":{"rendered":"<p><a href=\"https:\/\/sg-gueterfelde.de\/wp-content\/uploads\/2017\/11\/adventskalender_2017.jpg\"><img loading=\"lazy\" decoding=\"async\" class=\"aligncenter wp-image-910 size-full\" src=\"https:\/\/sg-gueterfelde.de\/wp-content\/uploads\/2017\/11\/adventskalender_2017-e1511443356391.jpg\" width=\"84\" height=\"150\" \/><\/a><\/p>\n<p><span style=\"font-family: AR BLANCA, serif;\"><span style=\"font-size: x-large;\">Alle Jahre wieder \u2026<\/span><\/span><\/p>\n<p align=\"JUSTIFY\"><span style=\"font-family: Arial, serif;\"><span style=\"font-size: large;\">macht die<\/span><\/span> <span style=\"font-family: Arial, serif;\"><span style=\"font-size: large;\">Sportgemeinschaft in G\u00fcterfelde ein <\/span><\/span><span style=\"font-family: AR BLANCA, serif;\"><span style=\"font-size: x-large;\">Mitmachangebot<\/span><\/span><span style=\"font-family: Arial, serif;\"><span style=\"font-size: large;\"> f\u00fcr alle Interessierten <\/span><\/span><span style=\"font-family: AR BLANCA, serif;\"><span style=\"font-size: x-large;\">in der Turnhalle<\/span><\/span><span style=\"font-family: Arial, serif;\"><span style=\"font-size: large;\"> in G\u00fcterfelde.<\/span><\/span><\/p>\n<p align=\"JUSTIFY\"><span style=\"font-family: Arial, serif;\"><span style=\"font-size: large;\">Dazu sind Gro\u00df und Klein, Jung und Alt, M\u00e4nner und Frauen, M\u00e4dchen und Jungen herzlich eingeladen:<\/span><\/span><\/p>\n<p>\u201e <span style=\"font-family: Arial, serif;\"><span style=\"font-size: large;\"><b>Weihnachtliche Gymnastik mit \u00dcberraschungen\u201c<\/b><\/span><\/span><\/p>\n<ul>\n<li><span style=\"font-family: Arial, serif;\"><span style=\"font-size: large;\">Turnhalle G\u00fcterfelde<\/span><\/span><\/li>\n<li><span style=\"font-family: Arial, serif;\"><span style=\"font-size: large;\">Mittwoch, <\/span><\/span><span style=\"font-family: Arial, serif;\"><span style=\"font-size: large;\"><b>20. 12. 2017<\/b><\/span><\/span><span style=\"font-family: Arial, serif;\"><span style=\"font-size: large;\">, zwischen <\/span><\/span><span style=\"font-family: Arial, serif;\"><span style=\"font-size: large;\"><b>14.00 Uhr und 18.00<\/b><\/span><\/span><span style=\"font-family: Arial, serif;\"><span style=\"font-size: large;\"> Uhr<\/span><\/span><\/li>\n<\/ul>\n<p align=\"JUSTIFY\"><span style=\"font-family: Arial, serif;\"><span style=\"font-size: large;\">Herzlich Willkommen zum Hereinschauen oder Mitmachen bei viel Freude.<\/span><\/span><\/p>\n<p><span style=\"font-family: Arial, serif;\"><span style=\"font-size: large;\">Wir freuen uns auf Sie.<\/span><\/span><\/p>\n<p><span style=\"font-family: Arial, serif;\"><span style=\"font-size: small;\"><i>Der Sportvorstand der SG G\u00fcterfelde 1910 e.V.<\/i><\/span><\/span><\/p>\n<p><span style=\"font-family: Arial, serif;\"><span style=\"font-size: small;\"><i>Vorsitzende: Dr. Elvira Waldmann<\/i><\/span><\/span><\/p>\n<p><a href=\"https:\/\/sg-gueterfelde.de\/wp-content\/uploads\/2017\/11\/Weihnkalender_Lebendiger2017Dez.pdf\">Gerne auch zum speichern.<\/a><\/p>\n<div class=\"pvc_clear\"><\/div>\n<p id=\"pvc_stats_909\" class=\"pvc_stats all  \" data-element-id=\"909\" style=\"\"><i class=\"pvc-stats-icon small\" aria-hidden=\"true\"><svg aria-hidden=\"true\" focusable=\"false\" data-prefix=\"far\" data-icon=\"chart-bar\" role=\"img\" xmlns=\"http:\/\/www.w3.org\/2000\/svg\" viewBox=\"0 0 512 512\" class=\"svg-inline--fa fa-chart-bar fa-w-16 fa-2x\"><path fill=\"currentColor\" d=\"M396.8 352h22.4c6.4 0 12.8-6.4 12.8-12.8V108.8c0-6.4-6.4-12.8-12.8-12.8h-22.4c-6.4 0-12.8 6.4-12.8 12.8v230.4c0 6.4 6.4 12.8 12.8 12.8zm-192 0h22.4c6.4 0 12.8-6.4 12.8-12.8V140.8c0-6.4-6.4-12.8-12.8-12.8h-22.4c-6.4 0-12.8 6.4-12.8 12.8v198.4c0 6.4 6.4 12.8 12.8 12.8zm96 0h22.4c6.4 0 12.8-6.4 12.8-12.8V204.8c0-6.4-6.4-12.8-12.8-12.8h-22.4c-6.4 0-12.8 6.4-12.8 12.8v134.4c0 6.4 6.4 12.8 12.8 12.8zM496 400H48V80c0-8.84-7.16-16-16-16H16C7.16 64 0 71.16 0 80v336c0 17.67 14.33 32 32 32h464c8.84 0 16-7.16 16-16v-16c0-8.84-7.16-16-16-16zm-387.2-48h22.4c6.4 0 12.8-6.4 12.8-12.8v-70.4c0-6.4-6.4-12.8-12.8-12.8h-22.4c-6.4 0-12.8 6.4-12.8 12.8v70.4c0 6.4 6.4 12.8 12.8 12.8z\" class=\"\"><\/path><\/svg><\/i> <img loading=\"lazy\" decoding=\"async\" width=\"16\" height=\"16\" alt=\"Loading\" src=\"https:\/\/sg-gueterfelde.de\/wp-content\/plugins\/page-views-count\/ajax-loader-2x.gif\" border=0 \/><\/p>\n<div class=\"pvc_clear\"><\/div>\n","protected":false},"excerpt":{"rendered":"<p>Alle Jahre wieder \u2026 macht die Sportgemeinschaft in G\u00fcterfelde ein Mitmachangebot f\u00fcr alle Interessierten in der Turnhalle in G\u00fcterfelde. Dazu sind Gro\u00df und Klein, Jung und Alt, M\u00e4nner und Frauen, M\u00e4dchen und Jungen herzlich eingeladen: \u201e Weihnachtliche Gymnastik mit \u00dcberraschungen\u201c Turnhalle G\u00fcterfelde Mittwoch, 20. 12. 2017, zwischen 14.00 Uhr und 18.00 Uhr Herzlich Willkommen zum <span class=\"ellipsis\">&hellip;<\/span> <span class=\"more-link-wrap\"><a href=\"https:\/\/sg-gueterfelde.de\/?page_id=909\" class=\"more-link\"><span>Read More &rarr;<\/span><\/a><\/span><\/p>\n<div class=\"pvc_clear\"><\/div>\n<p id=\"pvc_stats_909\" class=\"pvc_stats all  \" data-element-id=\"909\" style=\"\"><i class=\"pvc-stats-icon small\" aria-hidden=\"true\"><svg aria-hidden=\"true\" focusable=\"false\" data-prefix=\"far\" data-icon=\"chart-bar\" role=\"img\" xmlns=\"http:\/\/www.w3.org\/2000\/svg\" viewBox=\"0 0 512 512\" class=\"svg-inline--fa fa-chart-bar fa-w-16 fa-2x\"><path fill=\"currentColor\" d=\"M396.8 352h22.4c6.4 0 12.8-6.4 12.8-12.8V108.8c0-6.4-6.4-12.8-12.8-12.8h-22.4c-6.4 0-12.8 6.4-12.8 12.8v230.4c0 6.4 6.4 12.8 12.8 12.8zm-192 0h22.4c6.4 0 12.8-6.4 12.8-12.8V140.8c0-6.4-6.4-12.8-12.8-12.8h-22.4c-6.4 0-12.8 6.4-12.8 12.8v198.4c0 6.4 6.4 12.8 12.8 12.8zm96 0h22.4c6.4 0 12.8-6.4 12.8-12.8V204.8c0-6.4-6.4-12.8-12.8-12.8h-22.4c-6.4 0-12.8 6.4-12.8 12.8v134.4c0 6.4 6.4 12.8 12.8 12.8zM496 400H48V80c0-8.84-7.16-16-16-16H16C7.16 64 0 71.16 0 80v336c0 17.67 14.33 32 32 32h464c8.84 0 16-7.16 16-16v-16c0-8.84-7.16-16-16-16zm-387.2-48h22.4c6.4 0 12.8-6.4 12.8-12.8v-70.4c0-6.4-6.4-12.8-12.8-12.8h-22.4c-6.4 0-12.8 6.4-12.8 12.8v70.4c0 6.4 6.4 12.8 12.8 12.8z\" class=\"\"><\/path><\/svg><\/i> <img loading=\"lazy\" decoding=\"async\" width=\"16\" height=\"16\" alt=\"Loading\" src=\"https:\/\/sg-gueterfelde.de\/wp-content\/plugins\/page-views-count\/ajax-loader-2x.gif\" border=0 \/><\/p>\n<div class=\"pvc_clear\"><\/div>\n","protected":false},"author":1,"featured_media":0,"parent":0,"menu_order":0,"comment_status":"closed","ping_status":"closed","template":"","meta":{"ngg_post_thumbnail":0,"footnotes":"","_links_to":"","_links_to_target":""},"class_list":["post-909","page","type-page","status-publish","hentry"],"_links":{"self":[{"href":"https:\/\/sg-gueterfelde.de\/index.php?rest_route=\/wp\/v2\/pages\/909","targetHints":{"allow":["GET"]}}],"collection":[{"href":"https:\/\/sg-gueterfelde.de\/index.php?rest_route=\/wp\/v2\/pages"}],"about":[{"href":"https:\/\/sg-gueterfelde.de\/index.php?rest_route=\/wp\/v2\/types\/page"}],"author":[{"embeddable":true,"href":"https:\/\/sg-gueterfelde.de\/index.php?rest_route=\/wp\/v2\/users\/1"}],"replies":[{"embeddable":true,"href":"https:\/\/sg-gueterfelde.de\/index.php?rest_route=%2Fwp%2Fv2%2Fcomments&post=909"}],"version-history":[{"count":3,"href":"https:\/\/sg-gueterfelde.de\/index.php?rest_route=\/wp\/v2\/pages\/909\/revisions"}],"predecessor-version":[{"id":914,"href":"https:\/\/sg-gueterfelde.de\/index.php?rest_route=\/wp\/v2\/pages\/909\/revisions\/914"}],"wp:attachment":[{"href":"https:\/\/sg-gueterfelde.de\/index.php?rest_route=%2Fwp%2Fv2%2Fmedia&parent=909"}],"curies":[{"name":"wp","href":"https:\/\/api.w.org\/{rel}","templated":true}]}}