{"id":919,"date":"2018-01-18T14:30:04","date_gmt":"2018-01-18T14:30:04","guid":{"rendered":"http:\/\/sg-gueterfelde.de\/?page_id=919"},"modified":"2018-01-18T14:30:04","modified_gmt":"2018-01-18T14:30:04","slug":"wieder-gelungen-lebendiger-weihnachtskalender-2017","status":"publish","type":"page","link":"https:\/\/sg-gueterfelde.de\/?page_id=919","title":{"rendered":"Wieder gelungen \u2013  \u201eLebendiger Weihnachtskalender\u201c 2017"},"content":{"rendered":"<p align=\"JUSTIFY\"><span style=\"font-family: verdana, geneva, sans-serif; font-size: 14px;\">Nach den guten Erfahrungen in den beiden vergangenen Jahren hat sich unsere SG G\u00fcterfelde 1910 e.V. nun zum dritten Mal am Stahnsdorfer \u201eLebendigen Weihnachtskalender\u201c beteiligt. Kurz vor Weihnachten, am 19. Dezember von 14.00 bis 17.00 Uhr, waren die T\u00fcren unserer Turnhalle weit offen f\u00fcr Sportfreunde und weitere Interessierte aus der Gemeinde.<a href=\"https:\/\/sg-gueterfelde.de\/wp-content\/uploads\/2018\/01\/weih_1.jpg\"><img loading=\"lazy\" decoding=\"async\" class=\"size-full wp-image-920 alignleft\" src=\"https:\/\/sg-gueterfelde.de\/wp-content\/uploads\/2018\/01\/weih_1.jpg\" alt=\"\" width=\"260\" height=\"465\" srcset=\"https:\/\/sg-gueterfelde.de\/wp-content\/uploads\/2018\/01\/weih_1.jpg 260w, https:\/\/sg-gueterfelde.de\/wp-content\/uploads\/2018\/01\/weih_1-168x300.jpg 168w\" sizes=\"auto, (max-width: 260px) 100vw, 260px\" \/><\/a><\/span><\/p>\n<p align=\"JUSTIFY\"><span style=\"font-family: verdana, geneva, sans-serif; font-size: 14px;\">Es gab \u201eweihnachtliche Gymnastik\u201c mit \u00dcberraschungen. Neben der Seniorinnen-Gruppe gab es etliche G\u00e4ste, die bei der Gymnastik auf Hockern aktiv dabei waren.<\/span><\/p>\n<p align=\"JUSTIFY\"><span style=\"font-family: verdana, geneva, sans-serif; font-size: 14px;\">Auch Kinder konnten sich an verschiedenen Ger\u00e4ten und mit B\u00e4llen sportlich bewegen. Zum Mitmachangebot kamen weitere angenehme \u00dcberraschungen f\u00fcr die \u00fcber 50 Teilnehmer und Besucher. Bei den Pausen-Gespr\u00e4chen gab es Gl\u00fchwein, Kaffee, Saft, Kuchen, Weihnachtsgeb\u00e4ck und Schmalzstullen. Der Erl\u00f6s geht an eine gemeinn\u00fctzige Stiftung.<\/span><\/p>\n<p align=\"JUSTIFY\"><span style=\"font-family: verdana, geneva, sans-serif; font-size: 14px;\">Dass es so ein angenehmer, aktiver und geselliger Nachmittag wurde, das verdanken wir der engagierten Unterst\u00fctzung von Spfr. Verena Schnell und Gisela Frankenh\u00e4user (f\u00fcr die Gymnastik) und Gerlind Schulte, Ursel Th\u00fcrmann, Bettina Bochow, Rolf Frankenh\u00e4user und Elvira Waldmann.<\/span><\/p>\n<p align=\"JUSTIFY\"><span style=\"font-family: verdana, geneva, sans-serif; font-size: 14px;\">Diese Zusammenarbeit hat allen wieder viel Freude gebracht.<\/span><\/p>\n<p align=\"JUSTIFY\">\n<p align=\"JUSTIFY\"><a href=\"https:\/\/sg-gueterfelde.de\/wp-content\/uploads\/2018\/01\/weih_2.jpg\"><img loading=\"lazy\" decoding=\"async\" class=\"aligncenter wp-image-923 size-full\" src=\"https:\/\/sg-gueterfelde.de\/wp-content\/uploads\/2018\/01\/weih_2.jpg\" width=\"750\" height=\"422\" srcset=\"https:\/\/sg-gueterfelde.de\/wp-content\/uploads\/2018\/01\/weih_2.jpg 750w, https:\/\/sg-gueterfelde.de\/wp-content\/uploads\/2018\/01\/weih_2-300x169.jpg 300w\" sizes=\"auto, (max-width: 750px) 100vw, 750px\" \/><\/a><\/p>\n<p align=\"JUSTIFY\"><a href=\"https:\/\/sg-gueterfelde.de\/wp-content\/uploads\/2018\/01\/weih_3.jpg\"><img loading=\"lazy\" decoding=\"async\" class=\"aligncenter wp-image-921 size-full\" src=\"https:\/\/sg-gueterfelde.de\/wp-content\/uploads\/2018\/01\/weih_3.jpg\" width=\"750\" height=\"422\" srcset=\"https:\/\/sg-gueterfelde.de\/wp-content\/uploads\/2018\/01\/weih_3.jpg 750w, https:\/\/sg-gueterfelde.de\/wp-content\/uploads\/2018\/01\/weih_3-300x169.jpg 300w\" sizes=\"auto, (max-width: 750px) 100vw, 750px\" \/><\/a><\/p>\n<p align=\"JUSTIFY\"><a href=\"https:\/\/sg-gueterfelde.de\/wp-content\/uploads\/2018\/01\/weih_4.jpg\"><img loading=\"lazy\" decoding=\"async\" class=\"aligncenter wp-image-922 size-medium\" src=\"https:\/\/sg-gueterfelde.de\/wp-content\/uploads\/2018\/01\/weih_4-169x300.jpg\" width=\"169\" height=\"300\" srcset=\"https:\/\/sg-gueterfelde.de\/wp-content\/uploads\/2018\/01\/weih_4-169x300.jpg 169w, https:\/\/sg-gueterfelde.de\/wp-content\/uploads\/2018\/01\/weih_4-576x1024.jpg 576w, https:\/\/sg-gueterfelde.de\/wp-content\/uploads\/2018\/01\/weih_4.jpg 608w\" sizes=\"auto, (max-width: 169px) 100vw, 169px\" \/><\/a><\/p>\n<div class=\"pvc_clear\"><\/div>\n<p id=\"pvc_stats_919\" class=\"pvc_stats all  \" data-element-id=\"919\" style=\"\"><i class=\"pvc-stats-icon small\" aria-hidden=\"true\"><svg aria-hidden=\"true\" focusable=\"false\" data-prefix=\"far\" data-icon=\"chart-bar\" role=\"img\" xmlns=\"http:\/\/www.w3.org\/2000\/svg\" viewBox=\"0 0 512 512\" class=\"svg-inline--fa fa-chart-bar fa-w-16 fa-2x\"><path fill=\"currentColor\" d=\"M396.8 352h22.4c6.4 0 12.8-6.4 12.8-12.8V108.8c0-6.4-6.4-12.8-12.8-12.8h-22.4c-6.4 0-12.8 6.4-12.8 12.8v230.4c0 6.4 6.4 12.8 12.8 12.8zm-192 0h22.4c6.4 0 12.8-6.4 12.8-12.8V140.8c0-6.4-6.4-12.8-12.8-12.8h-22.4c-6.4 0-12.8 6.4-12.8 12.8v198.4c0 6.4 6.4 12.8 12.8 12.8zm96 0h22.4c6.4 0 12.8-6.4 12.8-12.8V204.8c0-6.4-6.4-12.8-12.8-12.8h-22.4c-6.4 0-12.8 6.4-12.8 12.8v134.4c0 6.4 6.4 12.8 12.8 12.8zM496 400H48V80c0-8.84-7.16-16-16-16H16C7.16 64 0 71.16 0 80v336c0 17.67 14.33 32 32 32h464c8.84 0 16-7.16 16-16v-16c0-8.84-7.16-16-16-16zm-387.2-48h22.4c6.4 0 12.8-6.4 12.8-12.8v-70.4c0-6.4-6.4-12.8-12.8-12.8h-22.4c-6.4 0-12.8 6.4-12.8 12.8v70.4c0 6.4 6.4 12.8 12.8 12.8z\" class=\"\"><\/path><\/svg><\/i> <img loading=\"lazy\" decoding=\"async\" width=\"16\" height=\"16\" alt=\"Loading\" src=\"https:\/\/sg-gueterfelde.de\/wp-content\/plugins\/page-views-count\/ajax-loader-2x.gif\" border=0 \/><\/p>\n<div class=\"pvc_clear\"><\/div>\n","protected":false},"excerpt":{"rendered":"<p>Nach den guten Erfahrungen in den beiden vergangenen Jahren hat sich unsere SG G\u00fcterfelde 1910 e.V. nun zum dritten Mal am Stahnsdorfer \u201eLebendigen Weihnachtskalender\u201c beteiligt. Kurz vor Weihnachten, am 19. Dezember von 14.00 bis 17.00 Uhr, waren die T\u00fcren unserer Turnhalle weit offen f\u00fcr Sportfreunde und weitere Interessierte aus der Gemeinde. Es gab \u201eweihnachtliche Gymnastik\u201c <span class=\"ellipsis\">&hellip;<\/span> <span class=\"more-link-wrap\"><a href=\"https:\/\/sg-gueterfelde.de\/?page_id=919\" class=\"more-link\"><span>Read More &rarr;<\/span><\/a><\/span><\/p>\n<div class=\"pvc_clear\"><\/div>\n<p id=\"pvc_stats_919\" class=\"pvc_stats all  \" data-element-id=\"919\" style=\"\"><i class=\"pvc-stats-icon small\" aria-hidden=\"true\"><svg aria-hidden=\"true\" focusable=\"false\" data-prefix=\"far\" data-icon=\"chart-bar\" role=\"img\" xmlns=\"http:\/\/www.w3.org\/2000\/svg\" viewBox=\"0 0 512 512\" class=\"svg-inline--fa fa-chart-bar fa-w-16 fa-2x\"><path fill=\"currentColor\" d=\"M396.8 352h22.4c6.4 0 12.8-6.4 12.8-12.8V108.8c0-6.4-6.4-12.8-12.8-12.8h-22.4c-6.4 0-12.8 6.4-12.8 12.8v230.4c0 6.4 6.4 12.8 12.8 12.8zm-192 0h22.4c6.4 0 12.8-6.4 12.8-12.8V140.8c0-6.4-6.4-12.8-12.8-12.8h-22.4c-6.4 0-12.8 6.4-12.8 12.8v198.4c0 6.4 6.4 12.8 12.8 12.8zm96 0h22.4c6.4 0 12.8-6.4 12.8-12.8V204.8c0-6.4-6.4-12.8-12.8-12.8h-22.4c-6.4 0-12.8 6.4-12.8 12.8v134.4c0 6.4 6.4 12.8 12.8 12.8zM496 400H48V80c0-8.84-7.16-16-16-16H16C7.16 64 0 71.16 0 80v336c0 17.67 14.33 32 32 32h464c8.84 0 16-7.16 16-16v-16c0-8.84-7.16-16-16-16zm-387.2-48h22.4c6.4 0 12.8-6.4 12.8-12.8v-70.4c0-6.4-6.4-12.8-12.8-12.8h-22.4c-6.4 0-12.8 6.4-12.8 12.8v70.4c0 6.4 6.4 12.8 12.8 12.8z\" class=\"\"><\/path><\/svg><\/i> <img loading=\"lazy\" decoding=\"async\" width=\"16\" height=\"16\" alt=\"Loading\" src=\"https:\/\/sg-gueterfelde.de\/wp-content\/plugins\/page-views-count\/ajax-loader-2x.gif\" border=0 \/><\/p>\n<div class=\"pvc_clear\"><\/div>\n","protected":false},"author":1,"featured_media":0,"parent":0,"menu_order":0,"comment_status":"closed","ping_status":"closed","template":"","meta":{"ngg_post_thumbnail":0,"footnotes":"","_links_to":"","_links_to_target":""},"class_list":["post-919","page","type-page","status-publish","hentry"],"_links":{"self":[{"href":"https:\/\/sg-gueterfelde.de\/index.php?rest_route=\/wp\/v2\/pages\/919","targetHints":{"allow":["GET"]}}],"collection":[{"href":"https:\/\/sg-gueterfelde.de\/index.php?rest_route=\/wp\/v2\/pages"}],"about":[{"href":"https:\/\/sg-gueterfelde.de\/index.php?rest_route=\/wp\/v2\/types\/page"}],"author":[{"embeddable":true,"href":"https:\/\/sg-gueterfelde.de\/index.php?rest_route=\/wp\/v2\/users\/1"}],"replies":[{"embeddable":true,"href":"https:\/\/sg-gueterfelde.de\/index.php?rest_route=%2Fwp%2Fv2%2Fcomments&post=919"}],"version-history":[{"count":1,"href":"https:\/\/sg-gueterfelde.de\/index.php?rest_route=\/wp\/v2\/pages\/919\/revisions"}],"predecessor-version":[{"id":924,"href":"https:\/\/sg-gueterfelde.de\/index.php?rest_route=\/wp\/v2\/pages\/919\/revisions\/924"}],"wp:attachment":[{"href":"https:\/\/sg-gueterfelde.de\/index.php?rest_route=%2Fwp%2Fv2%2Fmedia&parent=919"}],"curies":[{"name":"wp","href":"https:\/\/api.w.org\/{rel}","templated":true}]}}