{"id":928,"date":"2018-02-01T10:39:38","date_gmt":"2018-02-01T10:39:38","guid":{"rendered":"http:\/\/sg-gueterfelde.de\/?page_id=928"},"modified":"2018-08-26T09:45:23","modified_gmt":"2018-08-26T09:45:23","slug":"archiv-2017","status":"publish","type":"page","link":"https:\/\/sg-gueterfelde.de\/?page_id=928","title":{"rendered":"Archiv 2017"},"content":{"rendered":"<p style=\"font-size: 12px; font-family: verdana,geneva;\"><a href=\"https:\/\/sg-gueterfelde.de\/?page_id=909\">Einladung zum lebendigen Adventskalender<\/a><\/p>\n<p style=\"font-size: 12px; font-family: verdana,geneva;\"><a href=\"https:\/\/sg-gueterfelde.de\/?page_id=904\">Zur Weihnachtsfeier der passiven Mitglieder am 24. November um 17.30 Uhr laden wir herzlich ein.<\/a><\/p>\n<div id=\"yui_3_16_0_ym19_1_1508917174069_15437\" dir=\"ltr\"><span style=\"font-size: 12px; font-family: verdana,geneva,sans-serif;\">Der &#8222;Lebendige Weihnachtskalender&#8220; \u00f6ffnet am 20. Dezember ab 14.00 Uhr die T\u00fcren der Turnhalle G\u00fcterfelde mit fr\u00f6hlichen Mitmach- Aktionen.<\/span><\/div>\n<p style=\"font-size: 12px; font-family: verdana,geneva;\"><a href=\"https:\/\/sg-gueterfelde.de\/?page_id=880\">Unser versp\u00e4tetes Sommerfest 2017<\/a><\/p>\n<p style=\"font-size: 12px; font-family: verdana,geneva;\"><a href=\"https:\/\/sg-gueterfelde.de\/?page_id=886\">Bericht zum Pfingstturnier 2017<\/a><\/p>\n<p style=\"font-size: 12px; font-family: verdana,geneva;\"><a href=\"https:\/\/sg-gueterfelde.de\/?page_id=895\">Bericht zum Pfingstkonzert 2017<\/a><\/p>\n<p style=\"font-size: 12px; font-family: verdana,geneva;\"><strong>Berichte zur Jahreshauptversammlung vom 18. M\u00e4rz 2017<\/strong><\/p>\n<ul style=\"font-size: 12px; font-family: verdana,geneva;\">\n<li><a href=\"https:\/\/sg-gueterfelde.de\/?page_id=845\">Bericht des Vorstandes f\u00fcr den Zeitraum M\u00e4rz 2016 bis 2017<\/a><\/li>\n<li><a href=\"https:\/\/sg-gueterfelde.de\/?page_id=807\">Gymnastikgruppe Frauenpower<\/a><\/li>\n<li><a href=\"https:\/\/sg-gueterfelde.de\/?page_id=814\">Kindertanz<\/a><\/li>\n<li><a href=\"https:\/\/sg-gueterfelde.de\/?page_id=820\">Seniorinnensport<\/a><\/li>\n<li><a href=\"https:\/\/sg-gueterfelde.de\/?page_id=826\"><span style=\"font-size: 12px; font-family: verdana,geneva,sans-serif;\">Aerobic-Gruppe &#8211; Fit &amp; Aktiv<\/span><\/a><\/li>\n<\/ul>\n<p><span style=\"font-size: 12px;\"><a href=\"https:\/\/sg-gueterfelde.de\/?page_id=626\"><span style=\"font-family: verdana,geneva,sans-serif;\">Einladung zur Jahreshauptversammlung am 18. M\u00e4rz 2017<\/span><\/a><\/span><\/p>\n<p><span style=\"font-size: 12px; font-family: verdana,geneva;\"><a title=\"Schon wieder ist ein Jahr vergangen \u2026\" href=\"https:\/\/sg-gueterfelde.de\/?page_id=777\">Berichte zur Weihnachtsfeier der passiven Mitglieder<\/a><\/span><\/p>\n<div class=\"pvc_clear\"><\/div>\n<p id=\"pvc_stats_928\" class=\"pvc_stats all  \" data-element-id=\"928\" style=\"\"><i class=\"pvc-stats-icon small\" aria-hidden=\"true\"><svg aria-hidden=\"true\" focusable=\"false\" data-prefix=\"far\" data-icon=\"chart-bar\" role=\"img\" xmlns=\"http:\/\/www.w3.org\/2000\/svg\" viewBox=\"0 0 512 512\" class=\"svg-inline--fa fa-chart-bar fa-w-16 fa-2x\"><path fill=\"currentColor\" d=\"M396.8 352h22.4c6.4 0 12.8-6.4 12.8-12.8V108.8c0-6.4-6.4-12.8-12.8-12.8h-22.4c-6.4 0-12.8 6.4-12.8 12.8v230.4c0 6.4 6.4 12.8 12.8 12.8zm-192 0h22.4c6.4 0 12.8-6.4 12.8-12.8V140.8c0-6.4-6.4-12.8-12.8-12.8h-22.4c-6.4 0-12.8 6.4-12.8 12.8v198.4c0 6.4 6.4 12.8 12.8 12.8zm96 0h22.4c6.4 0 12.8-6.4 12.8-12.8V204.8c0-6.4-6.4-12.8-12.8-12.8h-22.4c-6.4 0-12.8 6.4-12.8 12.8v134.4c0 6.4 6.4 12.8 12.8 12.8zM496 400H48V80c0-8.84-7.16-16-16-16H16C7.16 64 0 71.16 0 80v336c0 17.67 14.33 32 32 32h464c8.84 0 16-7.16 16-16v-16c0-8.84-7.16-16-16-16zm-387.2-48h22.4c6.4 0 12.8-6.4 12.8-12.8v-70.4c0-6.4-6.4-12.8-12.8-12.8h-22.4c-6.4 0-12.8 6.4-12.8 12.8v70.4c0 6.4 6.4 12.8 12.8 12.8z\" class=\"\"><\/path><\/svg><\/i> <img loading=\"lazy\" decoding=\"async\" width=\"16\" height=\"16\" alt=\"Loading\" src=\"https:\/\/sg-gueterfelde.de\/wp-content\/plugins\/page-views-count\/ajax-loader-2x.gif\" border=0 \/><\/p>\n<div class=\"pvc_clear\"><\/div>\n","protected":false},"excerpt":{"rendered":"<p>Einladung zum lebendigen Adventskalender Zur Weihnachtsfeier der passiven Mitglieder am 24. November um 17.30 Uhr laden wir herzlich ein. Der &#8222;Lebendige Weihnachtskalender&#8220; \u00f6ffnet am 20. Dezember ab 14.00 Uhr die T\u00fcren der Turnhalle G\u00fcterfelde mit fr\u00f6hlichen Mitmach- Aktionen. Unser versp\u00e4tetes Sommerfest 2017 Bericht zum Pfingstturnier 2017 Bericht zum Pfingstkonzert 2017 Berichte zur Jahreshauptversammlung vom 18. <span class=\"ellipsis\">&hellip;<\/span> <span class=\"more-link-wrap\"><a href=\"https:\/\/sg-gueterfelde.de\/?page_id=928\" class=\"more-link\"><span>Read More &rarr;<\/span><\/a><\/span><\/p>\n<div class=\"pvc_clear\"><\/div>\n<p id=\"pvc_stats_928\" class=\"pvc_stats all  \" data-element-id=\"928\" style=\"\"><i class=\"pvc-stats-icon small\" aria-hidden=\"true\"><svg aria-hidden=\"true\" focusable=\"false\" data-prefix=\"far\" data-icon=\"chart-bar\" role=\"img\" xmlns=\"http:\/\/www.w3.org\/2000\/svg\" viewBox=\"0 0 512 512\" class=\"svg-inline--fa fa-chart-bar fa-w-16 fa-2x\"><path fill=\"currentColor\" d=\"M396.8 352h22.4c6.4 0 12.8-6.4 12.8-12.8V108.8c0-6.4-6.4-12.8-12.8-12.8h-22.4c-6.4 0-12.8 6.4-12.8 12.8v230.4c0 6.4 6.4 12.8 12.8 12.8zm-192 0h22.4c6.4 0 12.8-6.4 12.8-12.8V140.8c0-6.4-6.4-12.8-12.8-12.8h-22.4c-6.4 0-12.8 6.4-12.8 12.8v198.4c0 6.4 6.4 12.8 12.8 12.8zm96 0h22.4c6.4 0 12.8-6.4 12.8-12.8V204.8c0-6.4-6.4-12.8-12.8-12.8h-22.4c-6.4 0-12.8 6.4-12.8 12.8v134.4c0 6.4 6.4 12.8 12.8 12.8zM496 400H48V80c0-8.84-7.16-16-16-16H16C7.16 64 0 71.16 0 80v336c0 17.67 14.33 32 32 32h464c8.84 0 16-7.16 16-16v-16c0-8.84-7.16-16-16-16zm-387.2-48h22.4c6.4 0 12.8-6.4 12.8-12.8v-70.4c0-6.4-6.4-12.8-12.8-12.8h-22.4c-6.4 0-12.8 6.4-12.8 12.8v70.4c0 6.4 6.4 12.8 12.8 12.8z\" class=\"\"><\/path><\/svg><\/i> <img loading=\"lazy\" decoding=\"async\" width=\"16\" height=\"16\" alt=\"Loading\" src=\"https:\/\/sg-gueterfelde.de\/wp-content\/plugins\/page-views-count\/ajax-loader-2x.gif\" border=0 \/><\/p>\n<div class=\"pvc_clear\"><\/div>\n","protected":false},"author":1,"featured_media":0,"parent":173,"menu_order":1,"comment_status":"closed","ping_status":"closed","template":"","meta":{"ngg_post_thumbnail":0,"footnotes":"","_links_to":"","_links_to_target":""},"class_list":["post-928","page","type-page","status-publish","hentry"],"_links":{"self":[{"href":"https:\/\/sg-gueterfelde.de\/index.php?rest_route=\/wp\/v2\/pages\/928","targetHints":{"allow":["GET"]}}],"collection":[{"href":"https:\/\/sg-gueterfelde.de\/index.php?rest_route=\/wp\/v2\/pages"}],"about":[{"href":"https:\/\/sg-gueterfelde.de\/index.php?rest_route=\/wp\/v2\/types\/page"}],"author":[{"embeddable":true,"href":"https:\/\/sg-gueterfelde.de\/index.php?rest_route=\/wp\/v2\/users\/1"}],"replies":[{"embeddable":true,"href":"https:\/\/sg-gueterfelde.de\/index.php?rest_route=%2Fwp%2Fv2%2Fcomments&post=928"}],"version-history":[{"count":2,"href":"https:\/\/sg-gueterfelde.de\/index.php?rest_route=\/wp\/v2\/pages\/928\/revisions"}],"predecessor-version":[{"id":931,"href":"https:\/\/sg-gueterfelde.de\/index.php?rest_route=\/wp\/v2\/pages\/928\/revisions\/931"}],"up":[{"embeddable":true,"href":"https:\/\/sg-gueterfelde.de\/index.php?rest_route=\/wp\/v2\/pages\/173"}],"wp:attachment":[{"href":"https:\/\/sg-gueterfelde.de\/index.php?rest_route=%2Fwp%2Fv2%2Fmedia&parent=928"}],"curies":[{"name":"wp","href":"https:\/\/api.w.org\/{rel}","templated":true}]}}