{"id":938,"date":"2018-02-01T10:53:50","date_gmt":"2018-02-01T10:53:50","guid":{"rendered":"http:\/\/sg-gueterfelde.de\/?page_id=938"},"modified":"2018-02-01T10:53:50","modified_gmt":"2018-02-01T10:53:50","slug":"weihnachtsfeier-der-power-frauen-gymnastikgruppe","status":"publish","type":"page","link":"https:\/\/sg-gueterfelde.de\/?page_id=938","title":{"rendered":"Weihnachtsfeier der Power-Frauen-Gymnastikgruppe"},"content":{"rendered":"<p align=\"JUSTIFY\"><span style=\"font-family: verdana, geneva, sans-serif; font-size: 12px;\">Am 08.12.2017 um 18 Uhr trafen sich die Sportfreundinnen der Gymnastik-gruppe zu ihrer schon traditionellen Weihnachtsfeier dieses Jahr in der Gast-st\u00e4tte \u201eSchleusengarten\u201c in Stahnsdorf.<\/span><\/p>\n<p align=\"JUSTIFY\"><span style=\"font-size: 12px; font-family: verdana, geneva, sans-serif;\">Nachdem alle mit Getr\u00e4nken versorgt waren und das Essen bestellt war, er\u00f6ffnete Sportfreundin <i>Ursel Th\u00fcrmann<\/i> das Fest. Sie w\u00fcnschte viel Spa\u00df f\u00fcr das gemeinsame Beisammensein und einen harmonischen Jahresausklang f\u00fcr die Familien.<\/span><\/p>\n<p align=\"JUSTIFY\"><span style=\"font-size: 12px; font-family: verdana, geneva, sans-serif;\"><a href=\"https:\/\/sg-gueterfelde.de\/wp-content\/uploads\/2018\/02\/img_weih_2017_1.jpg\"><img loading=\"lazy\" decoding=\"async\" class=\"aligncenter size-full wp-image-939\" src=\"https:\/\/sg-gueterfelde.de\/wp-content\/uploads\/2018\/02\/img_weih_2017_1.jpg\" alt=\"\" width=\"750\" height=\"563\" srcset=\"https:\/\/sg-gueterfelde.de\/wp-content\/uploads\/2018\/02\/img_weih_2017_1.jpg 750w, https:\/\/sg-gueterfelde.de\/wp-content\/uploads\/2018\/02\/img_weih_2017_1-300x225.jpg 300w\" sizes=\"auto, (max-width: 750px) 100vw, 750px\" \/><\/a><\/span><\/p>\n<p align=\"JUSTIFY\"><span style=\"font-size: 12px; font-family: verdana, geneva, sans-serif;\">Auch an unsere \u00dcbungsleiterinnen wurde gedacht. <i>Ursel<\/i> dankte ihnen im Namen der Sportfrauen f\u00fcr die vielen sch\u00f6nen gemeinsamen Stunden beim Sport und auch bei anderen Aktivit\u00e4ten im Laufe des Jahres und \u00fcberreichte den Spfr-n <i>Elvira Waldmann<\/i>, <i>Elvira M\u00fcller<\/i> und <i>Gisela Frankenh\u00e4user<\/i> einen Gutschein und eine Amaryllisbl\u00fcte.<\/span><\/p>\n<p align=\"JUSTIFY\"><span style=\"font-size: 12px; font-family: verdana, geneva, sans-serif;\"><a href=\"https:\/\/sg-gueterfelde.de\/wp-content\/uploads\/2018\/02\/img_weih_2017_2.jpg\"><img loading=\"lazy\" decoding=\"async\" class=\"aligncenter size-full wp-image-940\" src=\"https:\/\/sg-gueterfelde.de\/wp-content\/uploads\/2018\/02\/img_weih_2017_2.jpg\" alt=\"\" width=\"750\" height=\"422\" srcset=\"https:\/\/sg-gueterfelde.de\/wp-content\/uploads\/2018\/02\/img_weih_2017_2.jpg 750w, https:\/\/sg-gueterfelde.de\/wp-content\/uploads\/2018\/02\/img_weih_2017_2-300x169.jpg 300w\" sizes=\"auto, (max-width: 750px) 100vw, 750px\" \/><\/a><\/span><\/p>\n<p align=\"JUSTIFY\"><span style=\"font-size: 12px; font-family: verdana, geneva, sans-serif;\">Spfr. <i>Elvira Waldmann<\/i> sprach den Sportfreundinnen, die sich im Laufe des Jahres an der Vor- und Nachbereitung von Veranstaltungen besonders eingebracht hatten, ihren Dank aus. Sie dankte auch den Frauen, die im Vorstand mitwirken f\u00fcr ihre kontinuierliche Mitarbeit und richtete an alle gute W\u00fcnsche. <\/span><\/p>\n<p align=\"JUSTIFY\"><span style=\"font-family: verdana, geneva, sans-serif; font-size: 12px;\">Auch der Weihnachtsmann hatte an die Frauen gedacht und f\u00fcr jede ein kleines Pr\u00e4sent in eine weihnachtliche T\u00fcte gesteckt. Nach einem schmackhaften Essen, fanden sich die Frauen in verschiedenen Gruppen zu Gespr\u00e4chen zusammen. Hierbei konnten sie sich auch pers\u00f6nlich austauschen und n\u00e4her kommen. Alle waren in guter Stimmung und traten zufrieden den Heimweg an.<\/span><\/p>\n<p><span style=\"font-size: 12px; font-family: verdana, geneva, sans-serif;\">Bericht: <i>Ursel Th\u00fcrmann<\/i><\/span><\/p>\n<p><span style=\"font-size: 12px; font-family: verdana, geneva, sans-serif;\"><a href=\"https:\/\/sg-gueterfelde.de\/wp-content\/uploads\/2018\/02\/img_weih_2017_3.jpg\"><img loading=\"lazy\" decoding=\"async\" class=\"aligncenter size-full wp-image-941\" src=\"https:\/\/sg-gueterfelde.de\/wp-content\/uploads\/2018\/02\/img_weih_2017_3.jpg\" alt=\"\" width=\"750\" height=\"422\" srcset=\"https:\/\/sg-gueterfelde.de\/wp-content\/uploads\/2018\/02\/img_weih_2017_3.jpg 750w, https:\/\/sg-gueterfelde.de\/wp-content\/uploads\/2018\/02\/img_weih_2017_3-300x169.jpg 300w\" sizes=\"auto, (max-width: 750px) 100vw, 750px\" \/><\/a><\/span><\/p>\n<div class=\"pvc_clear\"><\/div>\n<p id=\"pvc_stats_938\" class=\"pvc_stats all  \" data-element-id=\"938\" style=\"\"><i class=\"pvc-stats-icon small\" aria-hidden=\"true\"><svg aria-hidden=\"true\" focusable=\"false\" data-prefix=\"far\" data-icon=\"chart-bar\" role=\"img\" xmlns=\"http:\/\/www.w3.org\/2000\/svg\" viewBox=\"0 0 512 512\" class=\"svg-inline--fa fa-chart-bar fa-w-16 fa-2x\"><path fill=\"currentColor\" d=\"M396.8 352h22.4c6.4 0 12.8-6.4 12.8-12.8V108.8c0-6.4-6.4-12.8-12.8-12.8h-22.4c-6.4 0-12.8 6.4-12.8 12.8v230.4c0 6.4 6.4 12.8 12.8 12.8zm-192 0h22.4c6.4 0 12.8-6.4 12.8-12.8V140.8c0-6.4-6.4-12.8-12.8-12.8h-22.4c-6.4 0-12.8 6.4-12.8 12.8v198.4c0 6.4 6.4 12.8 12.8 12.8zm96 0h22.4c6.4 0 12.8-6.4 12.8-12.8V204.8c0-6.4-6.4-12.8-12.8-12.8h-22.4c-6.4 0-12.8 6.4-12.8 12.8v134.4c0 6.4 6.4 12.8 12.8 12.8zM496 400H48V80c0-8.84-7.16-16-16-16H16C7.16 64 0 71.16 0 80v336c0 17.67 14.33 32 32 32h464c8.84 0 16-7.16 16-16v-16c0-8.84-7.16-16-16-16zm-387.2-48h22.4c6.4 0 12.8-6.4 12.8-12.8v-70.4c0-6.4-6.4-12.8-12.8-12.8h-22.4c-6.4 0-12.8 6.4-12.8 12.8v70.4c0 6.4 6.4 12.8 12.8 12.8z\" class=\"\"><\/path><\/svg><\/i> <img loading=\"lazy\" decoding=\"async\" width=\"16\" height=\"16\" alt=\"Loading\" src=\"https:\/\/sg-gueterfelde.de\/wp-content\/plugins\/page-views-count\/ajax-loader-2x.gif\" border=0 \/><\/p>\n<div class=\"pvc_clear\"><\/div>\n","protected":false},"excerpt":{"rendered":"<p>Am 08.12.2017 um 18 Uhr trafen sich die Sportfreundinnen der Gymnastik-gruppe zu ihrer schon traditionellen Weihnachtsfeier dieses Jahr in der Gast-st\u00e4tte \u201eSchleusengarten\u201c in Stahnsdorf. Nachdem alle mit Getr\u00e4nken versorgt waren und das Essen bestellt war, er\u00f6ffnete Sportfreundin Ursel Th\u00fcrmann das Fest. Sie w\u00fcnschte viel Spa\u00df f\u00fcr das gemeinsame Beisammensein und einen harmonischen Jahresausklang f\u00fcr die <span class=\"ellipsis\">&hellip;<\/span> <span class=\"more-link-wrap\"><a href=\"https:\/\/sg-gueterfelde.de\/?page_id=938\" class=\"more-link\"><span>Read More &rarr;<\/span><\/a><\/span><\/p>\n<div class=\"pvc_clear\"><\/div>\n<p id=\"pvc_stats_938\" class=\"pvc_stats all  \" data-element-id=\"938\" style=\"\"><i class=\"pvc-stats-icon small\" aria-hidden=\"true\"><svg aria-hidden=\"true\" focusable=\"false\" data-prefix=\"far\" data-icon=\"chart-bar\" role=\"img\" xmlns=\"http:\/\/www.w3.org\/2000\/svg\" viewBox=\"0 0 512 512\" class=\"svg-inline--fa fa-chart-bar fa-w-16 fa-2x\"><path fill=\"currentColor\" d=\"M396.8 352h22.4c6.4 0 12.8-6.4 12.8-12.8V108.8c0-6.4-6.4-12.8-12.8-12.8h-22.4c-6.4 0-12.8 6.4-12.8 12.8v230.4c0 6.4 6.4 12.8 12.8 12.8zm-192 0h22.4c6.4 0 12.8-6.4 12.8-12.8V140.8c0-6.4-6.4-12.8-12.8-12.8h-22.4c-6.4 0-12.8 6.4-12.8 12.8v198.4c0 6.4 6.4 12.8 12.8 12.8zm96 0h22.4c6.4 0 12.8-6.4 12.8-12.8V204.8c0-6.4-6.4-12.8-12.8-12.8h-22.4c-6.4 0-12.8 6.4-12.8 12.8v134.4c0 6.4 6.4 12.8 12.8 12.8zM496 400H48V80c0-8.84-7.16-16-16-16H16C7.16 64 0 71.16 0 80v336c0 17.67 14.33 32 32 32h464c8.84 0 16-7.16 16-16v-16c0-8.84-7.16-16-16-16zm-387.2-48h22.4c6.4 0 12.8-6.4 12.8-12.8v-70.4c0-6.4-6.4-12.8-12.8-12.8h-22.4c-6.4 0-12.8 6.4-12.8 12.8v70.4c0 6.4 6.4 12.8 12.8 12.8z\" class=\"\"><\/path><\/svg><\/i> <img loading=\"lazy\" decoding=\"async\" width=\"16\" height=\"16\" alt=\"Loading\" src=\"https:\/\/sg-gueterfelde.de\/wp-content\/plugins\/page-views-count\/ajax-loader-2x.gif\" border=0 \/><\/p>\n<div class=\"pvc_clear\"><\/div>\n","protected":false},"author":1,"featured_media":0,"parent":0,"menu_order":0,"comment_status":"closed","ping_status":"closed","template":"","meta":{"ngg_post_thumbnail":0,"footnotes":"","_links_to":"","_links_to_target":""},"class_list":["post-938","page","type-page","status-publish","hentry"],"_links":{"self":[{"href":"https:\/\/sg-gueterfelde.de\/index.php?rest_route=\/wp\/v2\/pages\/938","targetHints":{"allow":["GET"]}}],"collection":[{"href":"https:\/\/sg-gueterfelde.de\/index.php?rest_route=\/wp\/v2\/pages"}],"about":[{"href":"https:\/\/sg-gueterfelde.de\/index.php?rest_route=\/wp\/v2\/types\/page"}],"author":[{"embeddable":true,"href":"https:\/\/sg-gueterfelde.de\/index.php?rest_route=\/wp\/v2\/users\/1"}],"replies":[{"embeddable":true,"href":"https:\/\/sg-gueterfelde.de\/index.php?rest_route=%2Fwp%2Fv2%2Fcomments&post=938"}],"version-history":[{"count":2,"href":"https:\/\/sg-gueterfelde.de\/index.php?rest_route=\/wp\/v2\/pages\/938\/revisions"}],"predecessor-version":[{"id":1452,"href":"https:\/\/sg-gueterfelde.de\/index.php?rest_route=\/wp\/v2\/pages\/938\/revisions\/1452"}],"wp:attachment":[{"href":"https:\/\/sg-gueterfelde.de\/index.php?rest_route=%2Fwp%2Fv2%2Fmedia&parent=938"}],"curies":[{"name":"wp","href":"https:\/\/api.w.org\/{rel}","templated":true}]}}