{"id":944,"date":"2018-02-01T11:02:37","date_gmt":"2018-02-01T11:02:37","guid":{"rendered":"http:\/\/sg-gueterfelde.de\/?page_id=944"},"modified":"2018-02-01T11:02:37","modified_gmt":"2018-02-01T11:02:37","slug":"herbstputz-und-weihnachtsfeier-der-sektion-handball","status":"publish","type":"page","link":"https:\/\/sg-gueterfelde.de\/?page_id=944","title":{"rendered":"Herbstputz und Weihnachtsfeier der Sektion Handball"},"content":{"rendered":"<p><span style=\"font-size: 12px; font-family: verdana, geneva, sans-serif;\">Wie jedes Jahr haben wir unseren Handballplatz von Bl\u00e4ttern und altem Gras befreit und anschlie\u00dfend mit frischer gesiebter Erde eingeebnet. Wir wollen unseren G\u00e4sten zum Pfingstturnier wieder einen halbwegs vern\u00fcnftigen Rasenplatz bieten<\/span><\/p>\n<p><span style=\"font-size: 12px; font-family: verdana, geneva, sans-serif;\"><a href=\"https:\/\/sg-gueterfelde.de\/wp-content\/uploads\/2018\/02\/handball_2017.jpg\"><img loading=\"lazy\" decoding=\"async\" class=\"aligncenter size-full wp-image-945\" src=\"https:\/\/sg-gueterfelde.de\/wp-content\/uploads\/2018\/02\/handball_2017.jpg\" alt=\"\" width=\"750\" height=\"423\" srcset=\"https:\/\/sg-gueterfelde.de\/wp-content\/uploads\/2018\/02\/handball_2017.jpg 750w, https:\/\/sg-gueterfelde.de\/wp-content\/uploads\/2018\/02\/handball_2017-300x169.jpg 300w\" sizes=\"auto, (max-width: 750px) 100vw, 750px\" \/><\/a><\/span><\/p>\n<p><span style=\"font-size: 12px; font-family: verdana, geneva, sans-serif;\"> <a href=\"https:\/\/sg-gueterfelde.de\/wp-content\/uploads\/2018\/02\/handball_2017_1.jpg\"><img loading=\"lazy\" decoding=\"async\" class=\"aligncenter size-large wp-image-946\" src=\"https:\/\/sg-gueterfelde.de\/wp-content\/uploads\/2018\/02\/handball_2017_1.jpg\" alt=\"\" width=\"580\" height=\"327\" srcset=\"https:\/\/sg-gueterfelde.de\/wp-content\/uploads\/2018\/02\/handball_2017_1.jpg 750w, https:\/\/sg-gueterfelde.de\/wp-content\/uploads\/2018\/02\/handball_2017_1-300x169.jpg 300w\" sizes=\"auto, (max-width: 580px) 100vw, 580px\" \/><\/a><\/span><\/p>\n<p><span style=\"font-size: 12px; font-family: verdana, geneva, sans-serif;\">Unsere Weihnachtsfeier im Kulturraum der Fa. L&amp;F<\/span><\/p>\n<p><span style=\"font-size: 12px; font-family: verdana, geneva, sans-serif;\"><a href=\"https:\/\/sg-gueterfelde.de\/wp-content\/uploads\/2018\/02\/handball_2017_3.jpg\"><img loading=\"lazy\" decoding=\"async\" class=\"aligncenter size-full wp-image-947\" src=\"https:\/\/sg-gueterfelde.de\/wp-content\/uploads\/2018\/02\/handball_2017_3.jpg\" alt=\"\" width=\"750\" height=\"562\" srcset=\"https:\/\/sg-gueterfelde.de\/wp-content\/uploads\/2018\/02\/handball_2017_3.jpg 750w, https:\/\/sg-gueterfelde.de\/wp-content\/uploads\/2018\/02\/handball_2017_3-300x225.jpg 300w\" sizes=\"auto, (max-width: 750px) 100vw, 750px\" \/><\/a><\/span><\/p>\n<p><span style=\"font-size: 12px; font-family: verdana, geneva, sans-serif;\"> <a href=\"https:\/\/sg-gueterfelde.de\/wp-content\/uploads\/2018\/02\/handball_2017_2.jpg\"><img loading=\"lazy\" decoding=\"async\" class=\"aligncenter size-large wp-image-948\" src=\"https:\/\/sg-gueterfelde.de\/wp-content\/uploads\/2018\/02\/handball_2017_2.jpg\" alt=\"\" width=\"580\" height=\"435\" srcset=\"https:\/\/sg-gueterfelde.de\/wp-content\/uploads\/2018\/02\/handball_2017_2.jpg 750w, https:\/\/sg-gueterfelde.de\/wp-content\/uploads\/2018\/02\/handball_2017_2-300x225.jpg 300w\" sizes=\"auto, (max-width: 580px) 100vw, 580px\" \/><\/a><\/span><\/p>\n<p><span style=\"font-size: 12px; font-family: verdana, geneva, sans-serif;\"><a href=\"https:\/\/sg-gueterfelde.de\/wp-content\/uploads\/2018\/02\/handball_2017_4.jpg\"><img loading=\"lazy\" decoding=\"async\" class=\"aligncenter size-large wp-image-949\" src=\"https:\/\/sg-gueterfelde.de\/wp-content\/uploads\/2018\/02\/handball_2017_4.jpg\" alt=\"\" width=\"580\" height=\"435\" srcset=\"https:\/\/sg-gueterfelde.de\/wp-content\/uploads\/2018\/02\/handball_2017_4.jpg 750w, https:\/\/sg-gueterfelde.de\/wp-content\/uploads\/2018\/02\/handball_2017_4-300x225.jpg 300w\" sizes=\"auto, (max-width: 580px) 100vw, 580px\" \/><\/a><\/span><\/p>\n<div class=\"pvc_clear\"><\/div>\n<p id=\"pvc_stats_944\" class=\"pvc_stats all  \" data-element-id=\"944\" style=\"\"><i class=\"pvc-stats-icon small\" aria-hidden=\"true\"><svg aria-hidden=\"true\" focusable=\"false\" data-prefix=\"far\" data-icon=\"chart-bar\" role=\"img\" xmlns=\"http:\/\/www.w3.org\/2000\/svg\" viewBox=\"0 0 512 512\" class=\"svg-inline--fa fa-chart-bar fa-w-16 fa-2x\"><path fill=\"currentColor\" d=\"M396.8 352h22.4c6.4 0 12.8-6.4 12.8-12.8V108.8c0-6.4-6.4-12.8-12.8-12.8h-22.4c-6.4 0-12.8 6.4-12.8 12.8v230.4c0 6.4 6.4 12.8 12.8 12.8zm-192 0h22.4c6.4 0 12.8-6.4 12.8-12.8V140.8c0-6.4-6.4-12.8-12.8-12.8h-22.4c-6.4 0-12.8 6.4-12.8 12.8v198.4c0 6.4 6.4 12.8 12.8 12.8zm96 0h22.4c6.4 0 12.8-6.4 12.8-12.8V204.8c0-6.4-6.4-12.8-12.8-12.8h-22.4c-6.4 0-12.8 6.4-12.8 12.8v134.4c0 6.4 6.4 12.8 12.8 12.8zM496 400H48V80c0-8.84-7.16-16-16-16H16C7.16 64 0 71.16 0 80v336c0 17.67 14.33 32 32 32h464c8.84 0 16-7.16 16-16v-16c0-8.84-7.16-16-16-16zm-387.2-48h22.4c6.4 0 12.8-6.4 12.8-12.8v-70.4c0-6.4-6.4-12.8-12.8-12.8h-22.4c-6.4 0-12.8 6.4-12.8 12.8v70.4c0 6.4 6.4 12.8 12.8 12.8z\" class=\"\"><\/path><\/svg><\/i> <img loading=\"lazy\" decoding=\"async\" width=\"16\" height=\"16\" alt=\"Loading\" src=\"https:\/\/sg-gueterfelde.de\/wp-content\/plugins\/page-views-count\/ajax-loader-2x.gif\" border=0 \/><\/p>\n<div class=\"pvc_clear\"><\/div>\n","protected":false},"excerpt":{"rendered":"<p>Wie jedes Jahr haben wir unseren Handballplatz von Bl\u00e4ttern und altem Gras befreit und anschlie\u00dfend mit frischer gesiebter Erde eingeebnet. Wir wollen unseren G\u00e4sten zum Pfingstturnier wieder einen halbwegs vern\u00fcnftigen Rasenplatz bieten Unsere Weihnachtsfeier im Kulturraum der Fa. L&amp;F<\/p>\n<div class=\"pvc_clear\"><\/div>\n<p id=\"pvc_stats_944\" class=\"pvc_stats all  \" data-element-id=\"944\" style=\"\"><i class=\"pvc-stats-icon small\" aria-hidden=\"true\"><svg aria-hidden=\"true\" focusable=\"false\" data-prefix=\"far\" data-icon=\"chart-bar\" role=\"img\" xmlns=\"http:\/\/www.w3.org\/2000\/svg\" viewBox=\"0 0 512 512\" class=\"svg-inline--fa fa-chart-bar fa-w-16 fa-2x\"><path fill=\"currentColor\" d=\"M396.8 352h22.4c6.4 0 12.8-6.4 12.8-12.8V108.8c0-6.4-6.4-12.8-12.8-12.8h-22.4c-6.4 0-12.8 6.4-12.8 12.8v230.4c0 6.4 6.4 12.8 12.8 12.8zm-192 0h22.4c6.4 0 12.8-6.4 12.8-12.8V140.8c0-6.4-6.4-12.8-12.8-12.8h-22.4c-6.4 0-12.8 6.4-12.8 12.8v198.4c0 6.4 6.4 12.8 12.8 12.8zm96 0h22.4c6.4 0 12.8-6.4 12.8-12.8V204.8c0-6.4-6.4-12.8-12.8-12.8h-22.4c-6.4 0-12.8 6.4-12.8 12.8v134.4c0 6.4 6.4 12.8 12.8 12.8zM496 400H48V80c0-8.84-7.16-16-16-16H16C7.16 64 0 71.16 0 80v336c0 17.67 14.33 32 32 32h464c8.84 0 16-7.16 16-16v-16c0-8.84-7.16-16-16-16zm-387.2-48h22.4c6.4 0 12.8-6.4 12.8-12.8v-70.4c0-6.4-6.4-12.8-12.8-12.8h-22.4c-6.4 0-12.8 6.4-12.8 12.8v70.4c0 6.4 6.4 12.8 12.8 12.8z\" class=\"\"><\/path><\/svg><\/i> <img loading=\"lazy\" decoding=\"async\" width=\"16\" height=\"16\" alt=\"Loading\" src=\"https:\/\/sg-gueterfelde.de\/wp-content\/plugins\/page-views-count\/ajax-loader-2x.gif\" border=0 \/><\/p>\n<div class=\"pvc_clear\"><\/div>\n","protected":false},"author":1,"featured_media":0,"parent":0,"menu_order":0,"comment_status":"closed","ping_status":"closed","template":"","meta":{"ngg_post_thumbnail":0,"footnotes":"","_links_to":"","_links_to_target":""},"class_list":["post-944","page","type-page","status-publish","hentry"],"_links":{"self":[{"href":"https:\/\/sg-gueterfelde.de\/index.php?rest_route=\/wp\/v2\/pages\/944","targetHints":{"allow":["GET"]}}],"collection":[{"href":"https:\/\/sg-gueterfelde.de\/index.php?rest_route=\/wp\/v2\/pages"}],"about":[{"href":"https:\/\/sg-gueterfelde.de\/index.php?rest_route=\/wp\/v2\/types\/page"}],"author":[{"embeddable":true,"href":"https:\/\/sg-gueterfelde.de\/index.php?rest_route=\/wp\/v2\/users\/1"}],"replies":[{"embeddable":true,"href":"https:\/\/sg-gueterfelde.de\/index.php?rest_route=%2Fwp%2Fv2%2Fcomments&post=944"}],"version-history":[{"count":1,"href":"https:\/\/sg-gueterfelde.de\/index.php?rest_route=\/wp\/v2\/pages\/944\/revisions"}],"predecessor-version":[{"id":950,"href":"https:\/\/sg-gueterfelde.de\/index.php?rest_route=\/wp\/v2\/pages\/944\/revisions\/950"}],"wp:attachment":[{"href":"https:\/\/sg-gueterfelde.de\/index.php?rest_route=%2Fwp%2Fv2%2Fmedia&parent=944"}],"curies":[{"name":"wp","href":"https:\/\/api.w.org\/{rel}","templated":true}]}}