{"id":958,"date":"2018-04-16T09:09:13","date_gmt":"2018-04-16T09:09:13","guid":{"rendered":"http:\/\/sg-gueterfelde.de\/?page_id=958"},"modified":"2018-04-16T09:09:13","modified_gmt":"2018-04-16T09:09:13","slug":"protokoll-der-jahreshauptversammlung-der-sg-gueterfelde-1910-e-v-vom-17-03-2018","status":"publish","type":"page","link":"https:\/\/sg-gueterfelde.de\/?page_id=958","title":{"rendered":"Protokoll der Jahreshauptversammlung der SG G\u00fcterfelde 1910 e.V.  vom 17.03.2018"},"content":{"rendered":"<p><span style=\"font-size: 12px; font-family: verdana, geneva, sans-serif;\"><b>Tagesordnung:<\/b><\/span><\/p>\n<ol>\n<li><span style=\"font-size: 12px; font-family: verdana, geneva, sans-serif;\"><b>Begr\u00fc\u00dfung und Feststellung der Anwesenheit<\/b><\/span><\/li>\n<li><span style=\"font-size: 12px; font-family: verdana, geneva, sans-serif;\"><b>Best\u00e4tigung \/ Erg\u00e4nzung der TO \/ Wahl des Versammlungsleiters<\/b><\/span><\/li>\n<li><span style=\"font-size: 12px; font-family: verdana, geneva, sans-serif;\"><b>Rechenschaftsbericht des Vorstandes<\/b><\/span><\/li>\n<li><span style=\"font-size: 12px; font-family: verdana, geneva, sans-serif;\"><b>Berichte aus den Abteilungen<\/b><\/span><\/li>\n<li><span style=\"font-size: 12px; font-family: verdana, geneva, sans-serif;\"><b>Kassenbericht \/ Kassenpr\u00fcfungsbericht<\/b><\/span><\/li>\n<li><span style=\"font-size: 12px; font-family: verdana, geneva, sans-serif;\"><b>Diskussion zu TOP 3,4 und 5 \/Entlastung des Vorstandes<\/b><\/span><\/li>\n<li><span style=\"font-size: 12px; font-family: verdana, geneva, sans-serif;\"><b>Auszeichnungen<\/b><\/span><\/li>\n<li><span style=\"font-size: 12px; font-family: verdana, geneva, sans-serif;\"><b>Sonstiges<\/b><\/span><\/li>\n<li><span style=\"font-size: 12px; font-family: verdana, geneva, sans-serif;\"><b>Schlusswort<\/b><\/span><\/li>\n<\/ol>\n<p><span style=\"font-family: verdana, geneva, sans-serif; font-size: 12px;\"><b>Zu 1.: Begr\u00fc\u00dfung<\/b><\/span><\/p>\n<ul>\n<li><span style=\"font-family: verdana, geneva, sans-serif; font-size: 12px;\">Die Anwesenden wurden durch die Vorsitzende begr\u00fc\u00dft und sie sprach ihren Dank aus an alle, die zum Gelingen dieser Veranstaltung einen Beitrag geleistet haben<\/span><\/li>\n<li><span style=\"font-family: verdana, geneva, sans-serif; font-size: 12px;\">Dank f\u00fcr die Bereitstellung von Kuchen und Br\u00f6tchen, das Kochen des Kaffees, der Bereitstellung des Geschirrs und f\u00fcr die Deko des Raumes<\/span><\/li>\n<li><span style=\"font-family: verdana, geneva, sans-serif; font-size: 12px;\">als Dankesch\u00f6n d\u00fcrfen sich diese Sportfreundinnen und Sportfreunde einen Primeltopf mit nach Hause nehmen<\/span><\/li>\n<li><span style=\"font-family: verdana, geneva, sans-serif; font-size: 12px;\">zur Einstimmung erfreute uns die Vorsitzende mit einem Fr\u00fchlingsgedicht<\/span><\/li>\n<li><span style=\"font-family: verdana, geneva, sans-serif; font-size: 12px;\">die Anwesenheit wurde erfasst, es nahmen 52 Mitglieder teil, die sich wie folgt auf die Abteilungen verteilen: Seniorinnen 6, Handball 7, Fu\u00dfball 2, Frauenfitness 4, Aerobic 13, Power-Frauen 12 und 8 Passive<\/span><\/li>\n<li><\/li>\n<\/ul>\n<p><span style=\"font-family: verdana, geneva, sans-serif; font-size: 12px;\"><b>Zu 2.: Tagesordnung und Versammlungsleiter<\/b><\/span><\/p>\n<ul>\n<li><span style=\"font-family: verdana, geneva, sans-serif; font-size: 12px;\">die Tagesordnung wurde vorgetragen, es gab keine Erg\u00e4nzungsw\u00fcnsche, so dass die TO best\u00e4tigt wurde<\/span><\/li>\n<li><span style=\"font-family: verdana, geneva, sans-serif; font-size: 12px;\">als Versammlungsleiter wurde Uwe Ihlefeldt einstimmig gew\u00e4hlt<\/span><\/li>\n<\/ul>\n<p><span style=\"font-family: verdana, geneva, sans-serif; font-size: 12px;\"><b>Zu 3.: Rechenschaftsbericht des Vorstandes<\/b><\/span><\/p>\n<ul>\n<li><span style=\"font-family: verdana, geneva, sans-serif; font-size: 12px;\">die Vorsitzende hat unterst\u00fctzt von einer Power-Point-Pr\u00e4sentation das vergangene Jahr Revue passieren lassen und anschlie\u00dfend den schriftlichen Bericht verlesen<\/span><\/li>\n<li><span style=\"font-family: verdana, geneva, sans-serif; font-size: 12px;\">der Bericht liegt als Anlage 1 vor <\/span><\/li>\n<\/ul>\n<p><span style=\"font-family: verdana, geneva, sans-serif; font-size: 12px;\"><b>Zu 4.: Berichte aus den Abteilungen<\/b><\/span><\/p>\n<p><span style=\"font-family: verdana, geneva, sans-serif; font-size: 12px;\"><b>Seniorinnen &#8211; Verena Schnell:<\/b><\/span><\/p>\n<ul>\n<li><span style=\"font-family: verdana, geneva, sans-serif; font-size: 12px;\">die Abteilung besteht seit Mai 2005, es wird seit nunmehr 13 Jahren altersgerecht und lustbetont geturnt<\/span><\/li>\n<li><span style=\"font-family: verdana, geneva, sans-serif; font-size: 12px;\">die Gruppe umfasst inzwischen 30 Mitglieder im Alter von 68 \u2013 92 Jahren<\/span><\/li>\n<li><span style=\"font-family: verdana, geneva, sans-serif; font-size: 12px;\">Verena bedankt sich f\u00fcr die Unterst\u00fctzung von Elvira M\u00fcller und Elvira Waldmann, die w\u00e4hrend ihrer Abwesenheit die Gruppe angeleitet haben<\/span><\/li>\n<li><span style=\"font-family: verdana, geneva, sans-serif; font-size: 12px;\">die Frauen haben sich bei der Organisation und Durchf\u00fchrung von Veranstaltungen engagiert <\/span><\/li>\n<\/ul>\n<p><span style=\"font-family: verdana, geneva, sans-serif; font-size: 12px;\"><b>Frauen-Power \u2013 Elvira M\u00fcller:<\/b><\/span><\/p>\n<ul>\n<li><span style=\"font-family: verdana, geneva, sans-serif; font-size: 12px;\">die Gruppe wird von 2 \u00dcL (Elvira M\u00fcller und Elvira Waldmann) im Wechsel betreut<\/span><\/li>\n<li><span style=\"font-family: verdana, geneva, sans-serif; font-size: 12px;\">als Vertretung sind Heidrun M\u00fcller und Gisela Frankenh\u00e4user eingesprungen<\/span><\/li>\n<li><span style=\"font-family: verdana, geneva, sans-serif; font-size: 12px;\">bei den \u00dcbungsstunden werden Elemente von Yoga, Pilates, Gymnastik und auch Entspannungs\u00fcbungen angeboten<\/span><\/li>\n<li><span style=\"font-family: verdana, geneva, sans-serif; font-size: 12px;\">die Gruppe umfasst 35 Sportfreundinnen von denen im Schnitt 15 &#8211; 20 am Montag- abend anwesend sind<\/span><\/li>\n<li><span style=\"font-family: verdana, geneva, sans-serif; font-size: 12px;\">beim Pfingstkonzert, Sommerfest und dem \u201eLebendigen Adventskalender\u201c waren die Frauen aktiv beteiligt, benannt wurden dabei die Sportfreundinnen Schult, Frankenh\u00e4user, Schnell, M\u00fcller und Th\u00fcrmann<\/span><\/li>\n<li><span style=\"font-family: verdana, geneva, sans-serif; font-size: 12px;\">eine Weihnachtsfeier beim Kroaten fand statt, die Ingrid Kloss organisierte,Ursel Th\u00fcrmann hatte kleine Pr\u00e4sente vorbereitet und \u00fcberreicht, den \u00dcbungsleiterinnen wurde gedankt<\/span><\/li>\n<\/ul>\n<p><span style=\"font-family: verdana, geneva, sans-serif; font-size: 12px;\"><b>Aerobic \u2013 Andrea Rasch:<\/b><\/span><\/p>\n<ul>\n<li><span style=\"font-family: verdana, geneva, sans-serif; font-size: 12px;\">zur Abteilung geh\u00f6ren 58 Frauen im Alter zwischen 30 und 66 Jahren<\/span><\/li>\n<li><span style=\"font-family: verdana, geneva, sans-serif; font-size: 12px;\">die \u00dcbungsstunden werden Dienstags und Donnerstags in 3 Gruppen angeboten<\/span><\/li>\n<li><span style=\"font-family: verdana, geneva, sans-serif; font-size: 12px;\">im Sommer fand ein Fitnesswochenende mit 25 Teilnehmerinnen in Lindow statt<\/span><\/li>\n<li><span style=\"font-family: verdana, geneva, sans-serif; font-size: 12px;\">die Weihnachtsfeier wurde im Tick-Tack ausgerichtet<\/span><\/li>\n<li><span style=\"font-family: verdana, geneva, sans-serif; font-size: 12px;\">als Vertretung f\u00fcr Eila Wehle fungieren Katrin Braune und Katrin Krause<\/span><\/li>\n<\/ul>\n<p><span style=\"font-family: verdana, geneva, sans-serif; font-size: 12px;\"><b>Fu\u00dfball \u2013 Bernd Keller:<\/b><\/span><\/p>\n<ul>\n<li><span style=\"font-family: verdana, geneva, sans-serif; font-size: 12px;\">da Thomas Rubin nicht anwesend sein konnte und die 2 anwesenden Sportfreunde nicht informiert waren, konnte nicht Bericht erstattet werden<\/span><\/li>\n<li><span style=\"font-family: verdana, geneva, sans-serif; font-size: 12px;\">der Sportfreund Assmann bietet Freitags 18 Uhr auf dem Sportplatz einen Frauenm\u00e4hkurs mit dem neu bereitgestellten Rasentraktor an<\/span><\/li>\n<\/ul>\n<p><span style=\"font-family: verdana, geneva, sans-serif; font-size: 12px;\"><b>Handball \u2013 Harald Krehl: <\/b><\/span><\/p>\n<ul>\n<li><span style=\"font-family: verdana, geneva, sans-serif; font-size: 12px;\">unterst\u00fctzt durch einen PPP-Vortrag informierte Harald \u00fcber die H\u00f6hepunkte des Sportjahres (Pfingstturnier, Herrentag, Angeln in M\u00e4rtensm\u00fchle mit anschlie\u00dfendem Grillfest, Weihnachtsfeier bei L&amp;F)<\/span><\/li>\n<li><span style=\"font-family: verdana, geneva, sans-serif; font-size: 12px;\">die Handballer \u00fcbernehmen die Pflege des Sportplatzes und werden auch durch Nichtmitglieder unterst\u00fctzt<\/span><\/li>\n<li><span style=\"font-family: verdana, geneva, sans-serif; font-size: 12px;\">die Frauen der Handballer beteiligen sich vor allem beim Pfingstturnier durch die Reinigung der St\u00fchle und den Verkauf von Kaffee und selbst gebackenem Kuchen<\/span><\/li>\n<li><span style=\"font-family: verdana, geneva, sans-serif; font-size: 12px;\">die Altersstruktur der Handballer wird immer \u00e4lter, Harald appelliert an die Sportfrauen, ihre M\u00e4nner \u00fcber das Angebot zu informieren und f\u00fcr den Baaklsport zu werben<\/span><\/li>\n<\/ul>\n<p><span style=\"font-family: verdana, geneva, sans-serif; font-size: 12px;\"><b>Zu 5.: Kassenbericht \/ Kassenpr\u00fcfungsbericht<\/b><\/span><\/p>\n<ul>\n<li><span style=\"font-family: verdana, geneva, sans-serif; font-size: 12px;\">der Kassenbericht wurde durch Andreas Sieke vorgetragen, er konnte f\u00fcr das vergangene Jahr eine positive Bilanz ziehen<\/span><\/li>\n<li><span style=\"font-family: verdana, geneva, sans-serif; font-size: 12px;\">der Bericht liegt als Anlage 2 schriftlich vor<\/span><\/li>\n<li><span style=\"font-family: verdana, geneva, sans-serif; font-size: 12px;\">der Kassenpr\u00fcfungsbericht wurde von Judith Schaer vorgetragen<\/span><\/li>\n<li><span style=\"font-family: verdana, geneva, sans-serif; font-size: 12px;\">die Kassenpr\u00fcfung erfolgte am 09.02.2018, die B\u00fccher sind ordnungsgem\u00e4\u00df gef\u00fchrt und alle Belege wurden vorgelegt<\/span><\/li>\n<li><span style=\"font-family: verdana, geneva, sans-serif; font-size: 12px;\">der Bericht wird als Anlage 3 beigef\u00fcgt<\/span><\/li>\n<\/ul>\n<p><span style=\"font-family: verdana, geneva, sans-serif; font-size: 12px;\"><b>Zu 6.: Diskussion und Best\u00e4tigung der Berichte<\/b><\/span><\/p>\n<ul>\n<li><span style=\"font-family: verdana, geneva, sans-serif; font-size: 12px;\">Es gab eine Tischgruppenarbeit, bei der sich die Mitglieder zu zwei Fragen verst\u00e4ndigen konnten und die Ergebnisse auf unterschiedlich farbigen Karten festhalten sollten, um dem Vorstand so eine R\u00fcckmeldung zur Arbeit zu geben und Erfolge und anstehende Aufgaben\/ Herausforderungen f\u00fcr die Sportgemeinschaft heraus zu arbeiten. Die Zettel wurden nach ca. 20 Minuten eingesammelt, werden im Vorstand ausgewertet und es erfolgt eine R\u00fcckmeldung an die einzelnen Abteilungen<\/span><\/li>\n<li><span style=\"font-family: verdana, geneva, sans-serif; font-size: 12px;\">Zu den Berichten gab es keine weiteren Diskussionsbeitr\u00e4ge, die Berichte des Vorstandes und der Abteilungen wurden einstimmig angenommen.<\/span><\/li>\n<li><span style=\"font-family: verdana, geneva, sans-serif; font-size: 12px;\">Der Vorstand konnte damit f\u00fcr die Arbeit im vergangenen Berichtszeitraum entlastet werden<\/span><\/li>\n<\/ul>\n<p><span style=\"font-family: verdana, geneva, sans-serif; font-size: 12px;\"><b>Zu 7.: Auszeichnungen und Ehrungen<\/b><\/span><\/p>\n<p><span style=\"font-family: verdana, geneva, sans-serif; font-size: 12px;\"><b>Ehrungen Mitgliedschaft<\/b><\/span><\/p>\n<ul>\n<li><span style=\"font-family: verdana, geneva, sans-serif; font-size: 12px;\">10 Jahre Elvira Bl\u00f6tz (Frauenpower) Urkunde, Blume, Nadel<\/span><\/li>\n<li><span style=\"font-family: verdana, geneva, sans-serif; font-size: 12px;\">10 Jahre Thomas Brauner (Handball) Urkunde, Blume, Nadel<\/span><\/li>\n<li><span style=\"font-family: verdana, geneva, sans-serif; font-size: 12px;\">25 Jahre Judith Schaer (Fit) Urkunde, Blume, Nadel<\/span><\/li>\n<li><span style=\"font-family: verdana, geneva, sans-serif; font-size: 12px;\">25 Jahre Janina Gehrmann (Frauenpower) Urkunde, Blume, Nadel<\/span><\/li>\n<li><span style=\"font-family: verdana, geneva, sans-serif; font-size: 12px;\">25 Jahre Martina Kohl (Fit) Urkunde, Blume, Nadel<\/span><\/li>\n<li><span style=\"font-family: verdana, geneva, sans-serif; font-size: 12px;\">25 Jahre Michael Kohl (Allg. Sport) Urkunde, Blume, Nadel<\/span><\/li>\n<li><span style=\"font-family: verdana, geneva, sans-serif; font-size: 12px;\">30 Jahre Jutta Wludarczyk (Frauenpower) Urkunde, Blume,<\/span><\/li>\n<li><span style=\"font-family: verdana, geneva, sans-serif; font-size: 12px;\">30 Jahre Elvira M\u00fcller (Frauenpower) Urkunde, Blume, <\/span><\/li>\n<li><span style=\"font-family: verdana, geneva, sans-serif; font-size: 12px;\">50 Jahre Wolfram St\u00fcrmer (Handball) Urkunde, Blume, Gutschein (25,00 \u20ac)<\/span><\/li>\n<li><span style=\"font-family: verdana, geneva, sans-serif; font-size: 12px;\">50 Jahre Klaus Scholz Urkunde, Blume, Gutschein (25,00 \u20ac)<\/span><\/li>\n<\/ul>\n<p><span style=\"font-family: verdana, geneva, sans-serif; font-size: 12px;\"><b>Auszeichnung f\u00fcr ehrenamtliche Unterst\u00fctzung der SG<\/b><\/span><\/p>\n<ul>\n<li><span style=\"font-family: verdana, geneva, sans-serif; font-size: 12px;\">Harald Krehl (Handball) Blume, Gutschein 20,00 \u20ac<\/span><\/li>\n<li><span style=\"font-family: verdana, geneva, sans-serif; font-size: 12px;\">Thomas Rubin (Fu\u00dfball) Blume, Gutschein 20,00 \u20ac<\/span><\/li>\n<li><span style=\"font-family: verdana, geneva, sans-serif; font-size: 12px;\">Verena Schnell (Seniorinnen) Blume, Gutschein 20,00 \u20ac<\/span><\/li>\n<li><span style=\"font-family: verdana, geneva, sans-serif; font-size: 12px;\">Elvira M\u00fcller (Frauenpower) Blume, Gutschein 20,00 \u20ac<\/span><\/li>\n<li><span style=\"font-family: verdana, geneva, sans-serif; font-size: 12px;\">Elvira Waldmann (Frauenpower) Blume, Gutschein 20,00 \u20ac<\/span><\/li>\n<li><span style=\"font-family: verdana, geneva, sans-serif; font-size: 12px;\">Heidrun M\u00fcller (Fitness) Blume, Gutschein 20,00 \u20ac<\/span><\/li>\n<li><span style=\"font-family: verdana, geneva, sans-serif; font-size: 12px;\">Eila Wehle (Aerobic) Blume, Gutschein 20,00 \u20ac<\/span><\/li>\n<li><span style=\"font-family: verdana, geneva, sans-serif; font-size: 12px;\">Sandra May (Aerobic) Blume, Gutschein 20,00 \u20ac<\/span><\/li>\n<li><span style=\"font-family: verdana, geneva, sans-serif; font-size: 12px;\">Dieter Nordmeier (Handball) Blume, Gutschein 15,00 \u20ac<\/span><\/li>\n<li><span style=\"font-family: verdana, geneva, sans-serif; font-size: 12px;\">Michael Tiekwe (Handball) Blume, Gutschein 15,00 \u20ac<\/span><\/li>\n<li><span style=\"font-family: verdana, geneva, sans-serif; font-size: 12px;\">Wolfgang Klemp (Handballer) Blume, Gutschein 15,00 \u20ac<\/span><\/li>\n<li><span style=\"font-family: verdana, geneva, sans-serif; font-size: 12px;\">Gisela Frankenh\u00e4user (Frauenpower) Blume, Gutschein 15,00 \u20ac<\/span><\/li>\n<li><span style=\"font-family: verdana, geneva, sans-serif; font-size: 12px;\">Jutta Wludarczyk (Frauenpower) Blume, Gutschein 15,00 \u20ac<\/span><\/li>\n<li><span style=\"font-family: verdana, geneva, sans-serif; font-size: 12px;\">Gerlind Schult (Frauenpower) Blume, Gutschein 15,00 \u20ac<\/span><\/li>\n<li><span style=\"font-family: verdana, geneva, sans-serif; font-size: 12px;\">Sabine Kiekebusch (Frauenpower) Blume, Gutschein 15,00 \u20ac<\/span><\/li>\n<li><span style=\"font-family: verdana, geneva, sans-serif; font-size: 12px;\">Ursel Th\u00fcrmann (Vorstand) Blume, Gutschein 20,00 \u20ac<\/span><\/li>\n<li><span style=\"font-family: verdana, geneva, sans-serif; font-size: 12px;\">Andreas Sieke (Vorstand) Blume, Gutschein 20,00 \u20ac<\/span><\/li>\n<li><span style=\"font-family: verdana, geneva, sans-serif; font-size: 12px;\">Roland Loeper (Vorstand) Blume, Gutschein 20,00 \u20ac<\/span><\/li>\n<li><span style=\"font-family: verdana, geneva, sans-serif; font-size: 12px;\">J\u00fcrgen Hitschke (Schaukasten; Fotos) Blume Gutschein 15,00 \u20ac<\/span><\/li>\n<\/ul>\n<p><span style=\"font-family: verdana, geneva, sans-serif; font-size: 12px;\"><b>Zu 8. Sonstiges<\/b><\/span><\/p>\n<ul>\n<li><span style=\"font-family: verdana, geneva, sans-serif; font-size: 12px;\">Judith Schaer war durch die Leitung beauftragt \u00fcber den Fortgang unserer Bauma\u00dfnahmen am Sportplatz zu berichten.<\/span><\/li>\n<li><span style=\"font-family: verdana, geneva, sans-serif; font-size: 12px;\">Die Gemeinde hat f\u00fcr 2019 (100 T\u20ac) und 2020 (220 T\u20ac)Geld in den Haushalt f\u00fcr den Ersatzneubau von Sanit\u00e4ranlagen und Lagerfl\u00e4chen eingestellt<\/span><\/li>\n<li><span style=\"font-family: verdana, geneva, sans-serif; font-size: 12px;\">am 6.3.18 fand mit Frau H\u00f6hne (K\u00e4mmerin der Gemeinde) ein Gespr\u00e4ch mit der Leitung der SG dazu statt, die Vorsitzende erstellte einen schriftlichen Gespr\u00e4chsvermerk<\/span><\/li>\n<li><span style=\"font-family: verdana, geneva, sans-serif; font-size: 12px;\">Es ist die Bebauung von 306 m\u00b2 geplant, Erweiterungen sind m\u00f6glich<\/span><\/li>\n<li><span style=\"font-family: verdana, geneva, sans-serif; font-size: 12px;\">Die \u00c4nderung des B-Planes f\u00fcr den Au\u00dfenbereich ist in Arbeit <\/span><\/li>\n<\/ul>\n<p><span style=\"font-family: verdana, geneva, sans-serif; font-size: 12px;\"><b>Zu 9.: Schlu\u00dfwort<\/b><\/span><\/p>\n<p><span style=\"font-family: verdana, geneva, sans-serif; font-size: 12px;\">Die Vorsitzende bedankte sich f\u00fcr die Teilnahme an der Veranstaltung, sprach allen flei\u00dfigen Helfern nochmals ihren Dank aus und w\u00fcnschte allen ein aktives und erlebnisreiches Sportjahr.<\/span><\/p>\n<p><span style=\"font-family: verdana, geneva, sans-serif; font-size: 12px;\">Die Versammlung endete mit dem gemeinsamen Singen des Liedes \u201eDer Fr\u00fchling hat sich eingestellt\u201c<\/span><\/p>\n<p><span style=\"font-family: verdana, geneva, sans-serif; font-size: 12px;\">Alle Berichte \u00fcber die Aktivit\u00e4ten des Jahres und die anstehenden Termine standen zur Ansicht bereit, pr\u00e4sentiert auf Stelltafeln. Von dieser Informationsm\u00f6glichkeit wurde zu Beginn der Veranstaltung rege Gebrauch gemacht.<\/span><\/p>\n<p><span style=\"font-family: verdana, geneva, sans-serif; font-size: 12px;\"><i>Bericht: Ursel Th\u00fcrmann, Schriftf\u00fchrerin <\/i><\/span><\/p>\n<p><span style=\"font-family: verdana, geneva, sans-serif; font-size: 12px;\"><i>gez. : Dr. Elvira Waldmann, Vorsitzende der SG<\/i><\/span><\/p>\n<div class=\"pvc_clear\"><\/div>\n<p id=\"pvc_stats_958\" class=\"pvc_stats all  \" data-element-id=\"958\" style=\"\"><i class=\"pvc-stats-icon small\" aria-hidden=\"true\"><svg aria-hidden=\"true\" focusable=\"false\" data-prefix=\"far\" data-icon=\"chart-bar\" role=\"img\" xmlns=\"http:\/\/www.w3.org\/2000\/svg\" viewBox=\"0 0 512 512\" class=\"svg-inline--fa fa-chart-bar fa-w-16 fa-2x\"><path fill=\"currentColor\" d=\"M396.8 352h22.4c6.4 0 12.8-6.4 12.8-12.8V108.8c0-6.4-6.4-12.8-12.8-12.8h-22.4c-6.4 0-12.8 6.4-12.8 12.8v230.4c0 6.4 6.4 12.8 12.8 12.8zm-192 0h22.4c6.4 0 12.8-6.4 12.8-12.8V140.8c0-6.4-6.4-12.8-12.8-12.8h-22.4c-6.4 0-12.8 6.4-12.8 12.8v198.4c0 6.4 6.4 12.8 12.8 12.8zm96 0h22.4c6.4 0 12.8-6.4 12.8-12.8V204.8c0-6.4-6.4-12.8-12.8-12.8h-22.4c-6.4 0-12.8 6.4-12.8 12.8v134.4c0 6.4 6.4 12.8 12.8 12.8zM496 400H48V80c0-8.84-7.16-16-16-16H16C7.16 64 0 71.16 0 80v336c0 17.67 14.33 32 32 32h464c8.84 0 16-7.16 16-16v-16c0-8.84-7.16-16-16-16zm-387.2-48h22.4c6.4 0 12.8-6.4 12.8-12.8v-70.4c0-6.4-6.4-12.8-12.8-12.8h-22.4c-6.4 0-12.8 6.4-12.8 12.8v70.4c0 6.4 6.4 12.8 12.8 12.8z\" class=\"\"><\/path><\/svg><\/i> <img loading=\"lazy\" decoding=\"async\" width=\"16\" height=\"16\" alt=\"Loading\" src=\"https:\/\/sg-gueterfelde.de\/wp-content\/plugins\/page-views-count\/ajax-loader-2x.gif\" border=0 \/><\/p>\n<div class=\"pvc_clear\"><\/div>\n","protected":false},"excerpt":{"rendered":"<p>Tagesordnung: Begr\u00fc\u00dfung und Feststellung der Anwesenheit Best\u00e4tigung \/ Erg\u00e4nzung der TO \/ Wahl des Versammlungsleiters Rechenschaftsbericht des Vorstandes Berichte aus den Abteilungen Kassenbericht \/ Kassenpr\u00fcfungsbericht Diskussion zu TOP 3,4 und 5 \/Entlastung des Vorstandes Auszeichnungen Sonstiges Schlusswort Zu 1.: Begr\u00fc\u00dfung Die Anwesenden wurden durch die Vorsitzende begr\u00fc\u00dft und sie sprach ihren Dank aus an alle, <span class=\"ellipsis\">&hellip;<\/span> <span class=\"more-link-wrap\"><a href=\"https:\/\/sg-gueterfelde.de\/?page_id=958\" class=\"more-link\"><span>Read More &rarr;<\/span><\/a><\/span><\/p>\n<div class=\"pvc_clear\"><\/div>\n<p id=\"pvc_stats_958\" class=\"pvc_stats all  \" data-element-id=\"958\" style=\"\"><i class=\"pvc-stats-icon small\" aria-hidden=\"true\"><svg aria-hidden=\"true\" focusable=\"false\" data-prefix=\"far\" data-icon=\"chart-bar\" role=\"img\" xmlns=\"http:\/\/www.w3.org\/2000\/svg\" viewBox=\"0 0 512 512\" class=\"svg-inline--fa fa-chart-bar fa-w-16 fa-2x\"><path fill=\"currentColor\" d=\"M396.8 352h22.4c6.4 0 12.8-6.4 12.8-12.8V108.8c0-6.4-6.4-12.8-12.8-12.8h-22.4c-6.4 0-12.8 6.4-12.8 12.8v230.4c0 6.4 6.4 12.8 12.8 12.8zm-192 0h22.4c6.4 0 12.8-6.4 12.8-12.8V140.8c0-6.4-6.4-12.8-12.8-12.8h-22.4c-6.4 0-12.8 6.4-12.8 12.8v198.4c0 6.4 6.4 12.8 12.8 12.8zm96 0h22.4c6.4 0 12.8-6.4 12.8-12.8V204.8c0-6.4-6.4-12.8-12.8-12.8h-22.4c-6.4 0-12.8 6.4-12.8 12.8v134.4c0 6.4 6.4 12.8 12.8 12.8zM496 400H48V80c0-8.84-7.16-16-16-16H16C7.16 64 0 71.16 0 80v336c0 17.67 14.33 32 32 32h464c8.84 0 16-7.16 16-16v-16c0-8.84-7.16-16-16-16zm-387.2-48h22.4c6.4 0 12.8-6.4 12.8-12.8v-70.4c0-6.4-6.4-12.8-12.8-12.8h-22.4c-6.4 0-12.8 6.4-12.8 12.8v70.4c0 6.4 6.4 12.8 12.8 12.8z\" class=\"\"><\/path><\/svg><\/i> <img loading=\"lazy\" decoding=\"async\" width=\"16\" height=\"16\" alt=\"Loading\" src=\"https:\/\/sg-gueterfelde.de\/wp-content\/plugins\/page-views-count\/ajax-loader-2x.gif\" border=0 \/><\/p>\n<div class=\"pvc_clear\"><\/div>\n","protected":false},"author":1,"featured_media":0,"parent":0,"menu_order":0,"comment_status":"closed","ping_status":"closed","template":"","meta":{"ngg_post_thumbnail":0,"footnotes":"","_links_to":"","_links_to_target":""},"class_list":["post-958","page","type-page","status-publish","hentry"],"_links":{"self":[{"href":"https:\/\/sg-gueterfelde.de\/index.php?rest_route=\/wp\/v2\/pages\/958","targetHints":{"allow":["GET"]}}],"collection":[{"href":"https:\/\/sg-gueterfelde.de\/index.php?rest_route=\/wp\/v2\/pages"}],"about":[{"href":"https:\/\/sg-gueterfelde.de\/index.php?rest_route=\/wp\/v2\/types\/page"}],"author":[{"embeddable":true,"href":"https:\/\/sg-gueterfelde.de\/index.php?rest_route=\/wp\/v2\/users\/1"}],"replies":[{"embeddable":true,"href":"https:\/\/sg-gueterfelde.de\/index.php?rest_route=%2Fwp%2Fv2%2Fcomments&post=958"}],"version-history":[{"count":1,"href":"https:\/\/sg-gueterfelde.de\/index.php?rest_route=\/wp\/v2\/pages\/958\/revisions"}],"predecessor-version":[{"id":959,"href":"https:\/\/sg-gueterfelde.de\/index.php?rest_route=\/wp\/v2\/pages\/958\/revisions\/959"}],"wp:attachment":[{"href":"https:\/\/sg-gueterfelde.de\/index.php?rest_route=%2Fwp%2Fv2%2Fmedia&parent=958"}],"curies":[{"name":"wp","href":"https:\/\/api.w.org\/{rel}","templated":true}]}}