{"id":962,"date":"2018-04-30T08:25:03","date_gmt":"2018-04-30T08:25:03","guid":{"rendered":"http:\/\/sg-gueterfelde.de\/?page_id=962"},"modified":"2018-04-30T08:25:03","modified_gmt":"2018-04-30T08:25:03","slug":"bericht-ueber-die-jahreshauptversammlung-am-17-maerz-2018","status":"publish","type":"page","link":"https:\/\/sg-gueterfelde.de\/?page_id=962","title":{"rendered":"Bericht \u00fcber die Jahreshauptversammlung am 17. M\u00e4rz 2018"},"content":{"rendered":"<p align=\"JUSTIFY\"><span style=\"font-family: verdana, geneva, sans-serif; font-size: 12px;\">Die Jahreshauptversammlung mit dem R\u00fcckblick auf die sportlichen und gemeinschaftlichen Ereignisse der SG G\u00fcterfelde vom M\u00e4rz 2017 bis zum M\u00e4rz 2018 fand auch in diesem Jahr wieder im Plenarsaal der Gemeindeverwaltung in angenehm organisierter Umgebung statt. <\/span><\/p>\n<p align=\"JUSTIFY\"><span style=\"font-size: 12px; font-family: verdana, geneva, sans-serif;\"><a href=\"https:\/\/sg-gueterfelde.de\/wp-content\/uploads\/2018\/04\/sgg_jahrh_2018_1.jpg\"><img loading=\"lazy\" decoding=\"async\" class=\"aligncenter size-full wp-image-963\" src=\"https:\/\/sg-gueterfelde.de\/wp-content\/uploads\/2018\/04\/sgg_jahrh_2018_1.jpg\" alt=\"\" width=\"750\" height=\"422\" srcset=\"https:\/\/sg-gueterfelde.de\/wp-content\/uploads\/2018\/04\/sgg_jahrh_2018_1.jpg 750w, https:\/\/sg-gueterfelde.de\/wp-content\/uploads\/2018\/04\/sgg_jahrh_2018_1-300x169.jpg 300w\" sizes=\"auto, (max-width: 750px) 100vw, 750px\" \/><\/a><\/span><\/p>\n<p align=\"JUSTIFY\"><span style=\"font-family: verdana, geneva, sans-serif; font-size: 12px;\">Umrahmt wurde die zweieinhalbst\u00fcndige Veranstaltung von einem selbst bereitgestellten B\u00fcfett mit Kaffee und Kuchen, Br\u00f6tchen und weiteren Getr\u00e4nken. Zusammen mit dem Blumenschmuck trug das zu einer angenehmen Atmosph\u00e4re bei. Die Berichte aus dem Jahr \u00fcber die vielf\u00e4ltigen einzelnen Ereignisse waren anschaulich auf Stelltafeln pr\u00e4sentiert und finden sich auch jeweils aktuell im Schaukasten oder auf der Webseite. <\/span><\/p>\n<p align=\"JUSTIFY\"><span style=\"font-family: verdana, geneva, sans-serif; font-size: 12px;\">Es nahmen an der Versammlung zweiundf\u00fcnfzig Sportfreunde teil, aus Krankheitsgr\u00fcnden etwas weniger als im letzten Jahr.<\/span><\/p>\n<p align=\"JUSTIFY\"><span style=\"font-size: 12px; font-family: verdana, geneva, sans-serif;\"><a href=\"https:\/\/sg-gueterfelde.de\/wp-content\/uploads\/2018\/04\/sgg_jahrh_2018_2.jpg\"><img loading=\"lazy\" decoding=\"async\" class=\"aligncenter size-full wp-image-964\" src=\"https:\/\/sg-gueterfelde.de\/wp-content\/uploads\/2018\/04\/sgg_jahrh_2018_2.jpg\" alt=\"\" width=\"750\" height=\"422\" srcset=\"https:\/\/sg-gueterfelde.de\/wp-content\/uploads\/2018\/04\/sgg_jahrh_2018_2.jpg 750w, https:\/\/sg-gueterfelde.de\/wp-content\/uploads\/2018\/04\/sgg_jahrh_2018_2-300x169.jpg 300w\" sizes=\"auto, (max-width: 750px) 100vw, 750px\" \/><\/a><\/span><\/p>\n<p align=\"JUSTIFY\"><span style=\"font-family: verdana, geneva, sans-serif; font-size: 12px;\">In verschiedenen Formen wurde \u00fcber die kontinuierlichen Aktivit\u00e4ten im Sport f\u00fcr M\u00e4nner, Frauen und Kinder sowie \u00fcber Veranstaltungen, Geselligkeiten, Kulturveranstaltungen und Feiern f\u00fcr die Mitglieder und f\u00fcr das Gemeinwesen berichtet.<\/span><\/p>\n<p align=\"JUSTIFY\"><span style=\"font-size: 12px; font-family: verdana, geneva, sans-serif;\"><a href=\"https:\/\/sg-gueterfelde.de\/wp-content\/uploads\/2018\/04\/sgg_jahrh_2018_3.jpg\"><img loading=\"lazy\" decoding=\"async\" class=\"aligncenter size-full wp-image-965\" src=\"https:\/\/sg-gueterfelde.de\/wp-content\/uploads\/2018\/04\/sgg_jahrh_2018_3.jpg\" alt=\"\" width=\"750\" height=\"422\" srcset=\"https:\/\/sg-gueterfelde.de\/wp-content\/uploads\/2018\/04\/sgg_jahrh_2018_3.jpg 750w, https:\/\/sg-gueterfelde.de\/wp-content\/uploads\/2018\/04\/sgg_jahrh_2018_3-300x169.jpg 300w\" sizes=\"auto, (max-width: 750px) 100vw, 750px\" \/><\/a> <\/span><\/p>\n<p align=\"JUSTIFY\"><span style=\"font-family: verdana, geneva, sans-serif; font-size: 12px;\">Der Jahresbericht wurde anschaulich durch eine Powerpoint \u2013 Fotoschau und durch den Vortrag der schriftlichen Fassung durch die Vorsitzende, Dr. Elvira Waldmann, gegeben. Erg\u00e4nzt wurde der R\u00fcckblick durch Berichte von \u00dcbungsleiterinnen und Abteilungsleitern \u00fcber die Arbeit einiger Gruppen.<\/span><\/p>\n<p align=\"JUSTIFY\"><span style=\"font-size: 12px; font-family: verdana, geneva, sans-serif;\"><a href=\"https:\/\/sg-gueterfelde.de\/wp-content\/uploads\/2018\/04\/sgg_jahrh_2018_4.jpg\"><img loading=\"lazy\" decoding=\"async\" class=\"aligncenter size-full wp-image-966\" src=\"https:\/\/sg-gueterfelde.de\/wp-content\/uploads\/2018\/04\/sgg_jahrh_2018_4.jpg\" alt=\"\" width=\"750\" height=\"563\" srcset=\"https:\/\/sg-gueterfelde.de\/wp-content\/uploads\/2018\/04\/sgg_jahrh_2018_4.jpg 750w, https:\/\/sg-gueterfelde.de\/wp-content\/uploads\/2018\/04\/sgg_jahrh_2018_4-300x225.jpg 300w\" sizes=\"auto, (max-width: 750px) 100vw, 750px\" \/><\/a> <\/span><\/p>\n<p align=\"JUSTIFY\"><span style=\"font-size: 12px; font-family: verdana, geneva, sans-serif;\">Im Kassenbericht wurde durch den Hauptkassierer, Andreas Sieke, eine genaue Darstellung der Ausgaben und Einnahmen vorgelegt und deren Verwendung dargelegt und sparsame Haushaltsf\u00fchrung verdeutlicht.<\/span><\/p>\n<p align=\"JUSTIFY\"><span style=\"font-family: verdana, geneva, sans-serif; font-size: 12px;\">Der schriftliche Jahresbericht steht auf der Webseite bereit. <\/span><\/p>\n<p align=\"JUSTIFY\"><span style=\"font-size: 12px; font-family: verdana, geneva, sans-serif;\">Durch eine vorbereitete Arbeitsgruppenphase konnten die Teilnehmen-den aktiv in den Tischgruppen diskutieren und die Ergebnisse auf Farbk\u00e4rtchen festhalten. So konnte sowohl <i>die Erfolge<\/i> der SG als auch <i>die Aufgaben <\/i>und zuk\u00fcnftigen<i> <\/i>Herausforderungen aus der Sicht der Mitglieder heraus gearbeitet werden. <\/span><\/p>\n<p align=\"JUSTIFY\"><span style=\"font-size: 12px; font-family: verdana, geneva, sans-serif;\"><a href=\"https:\/\/sg-gueterfelde.de\/wp-content\/uploads\/2018\/04\/sgg_jahrh_2018_5.jpg\"><img loading=\"lazy\" decoding=\"async\" class=\"aligncenter size-full wp-image-967\" src=\"https:\/\/sg-gueterfelde.de\/wp-content\/uploads\/2018\/04\/sgg_jahrh_2018_5.jpg\" alt=\"\" width=\"750\" height=\"422\" srcset=\"https:\/\/sg-gueterfelde.de\/wp-content\/uploads\/2018\/04\/sgg_jahrh_2018_5.jpg 750w, https:\/\/sg-gueterfelde.de\/wp-content\/uploads\/2018\/04\/sgg_jahrh_2018_5-300x169.jpg 300w\" sizes=\"auto, (max-width: 750px) 100vw, 750px\" \/><\/a><\/span><\/p>\n<p align=\"JUSTIFY\"><span style=\"font-family: verdana, geneva, sans-serif; font-size: 12px;\">Das war zwar eine ungewohntere Form der Diskussion, aber von gutem Erfolg, weil alle mitmachen konnten. Dadurch hat der Vorstand Meinungen zur Arbeit der SG vorliegen und kann diese auswerten und f\u00fcr die weitere Arbeit einbeziehen. <\/span><\/p>\n<p align=\"JUSTIFY\"><span style=\"font-family: verdana, geneva, sans-serif; font-size: 12px;\">Es gab dar\u00fcber hinaus auch einen Ausblick auf die geplanten neuen Vorhaben. Die Situation zum Bauvorhaben konnte nochmals ausf\u00fchrlicher aufgegriffen werden. <\/span><\/p>\n<p align=\"JUSTIFY\"><span style=\"font-family: verdana, geneva, sans-serif; font-size: 12px;\">\u00dcber Ehrungen wegen langer Mitgliedschaft konnten sich freuen:<\/span><\/p>\n<p align=\"JUSTIFY\"><span style=\"font-family: verdana, geneva, sans-serif; font-size: 12px;\"><i>Elvira Bl\u00f6tz (10) Thomas Brauner (10), Judith Schaer (25), Janina Gehrmann (25), Martina Kohl (25), Michael Kohl (25), Jutta Wludarcyk (30),Elvira M\u00fcller (30), Wolfram St\u00fcrmer (50), Klaus Scholz (50).<\/i><\/span><\/p>\n<p align=\"JUSTIFY\"><span style=\"font-family: verdana, geneva, sans-serif; font-size: 12px;\">Ein besonderes Dankesch\u00f6n erhielt au\u00dferdem ein Kern von immer wieder unterst\u00fctzenden Sportfreund-Innen und ehrenamtlich T\u00e4tigen, ohne die die Aufgaben nicht zu schaffen w\u00e4ren. <\/span><\/p>\n<p align=\"JUSTIFY\"><span style=\"font-family: verdana, geneva, sans-serif; font-size: 12px;\">Alle die vielf\u00e4ltigen Ereignisse werden in der Sportgemeinschaft dokumentiert und auf der Webseite und im Schaukasten auch zum Nachlesen zur Verf\u00fcgung gestellt. <\/span><\/p>\n<p align=\"JUSTIFY\"><span style=\"font-family: verdana, geneva, sans-serif; font-size: 12px;\"><i>Bericht und Fotos: E. Waldmann<\/i><\/span><\/p>\n<div class=\"pvc_clear\"><\/div>\n<p id=\"pvc_stats_962\" class=\"pvc_stats all  \" data-element-id=\"962\" style=\"\"><i class=\"pvc-stats-icon small\" aria-hidden=\"true\"><svg aria-hidden=\"true\" focusable=\"false\" data-prefix=\"far\" data-icon=\"chart-bar\" role=\"img\" xmlns=\"http:\/\/www.w3.org\/2000\/svg\" viewBox=\"0 0 512 512\" class=\"svg-inline--fa fa-chart-bar fa-w-16 fa-2x\"><path fill=\"currentColor\" d=\"M396.8 352h22.4c6.4 0 12.8-6.4 12.8-12.8V108.8c0-6.4-6.4-12.8-12.8-12.8h-22.4c-6.4 0-12.8 6.4-12.8 12.8v230.4c0 6.4 6.4 12.8 12.8 12.8zm-192 0h22.4c6.4 0 12.8-6.4 12.8-12.8V140.8c0-6.4-6.4-12.8-12.8-12.8h-22.4c-6.4 0-12.8 6.4-12.8 12.8v198.4c0 6.4 6.4 12.8 12.8 12.8zm96 0h22.4c6.4 0 12.8-6.4 12.8-12.8V204.8c0-6.4-6.4-12.8-12.8-12.8h-22.4c-6.4 0-12.8 6.4-12.8 12.8v134.4c0 6.4 6.4 12.8 12.8 12.8zM496 400H48V80c0-8.84-7.16-16-16-16H16C7.16 64 0 71.16 0 80v336c0 17.67 14.33 32 32 32h464c8.84 0 16-7.16 16-16v-16c0-8.84-7.16-16-16-16zm-387.2-48h22.4c6.4 0 12.8-6.4 12.8-12.8v-70.4c0-6.4-6.4-12.8-12.8-12.8h-22.4c-6.4 0-12.8 6.4-12.8 12.8v70.4c0 6.4 6.4 12.8 12.8 12.8z\" class=\"\"><\/path><\/svg><\/i> <img loading=\"lazy\" decoding=\"async\" width=\"16\" height=\"16\" alt=\"Loading\" src=\"https:\/\/sg-gueterfelde.de\/wp-content\/plugins\/page-views-count\/ajax-loader-2x.gif\" border=0 \/><\/p>\n<div class=\"pvc_clear\"><\/div>\n","protected":false},"excerpt":{"rendered":"<p>Die Jahreshauptversammlung mit dem R\u00fcckblick auf die sportlichen und gemeinschaftlichen Ereignisse der SG G\u00fcterfelde vom M\u00e4rz 2017 bis zum M\u00e4rz 2018 fand auch in diesem Jahr wieder im Plenarsaal der Gemeindeverwaltung in angenehm organisierter Umgebung statt. Umrahmt wurde die zweieinhalbst\u00fcndige Veranstaltung von einem selbst bereitgestellten B\u00fcfett mit Kaffee und Kuchen, Br\u00f6tchen und weiteren Getr\u00e4nken. Zusammen <span class=\"ellipsis\">&hellip;<\/span> <span class=\"more-link-wrap\"><a href=\"https:\/\/sg-gueterfelde.de\/?page_id=962\" class=\"more-link\"><span>Read More &rarr;<\/span><\/a><\/span><\/p>\n<div class=\"pvc_clear\"><\/div>\n<p id=\"pvc_stats_962\" class=\"pvc_stats all  \" data-element-id=\"962\" style=\"\"><i class=\"pvc-stats-icon small\" aria-hidden=\"true\"><svg aria-hidden=\"true\" focusable=\"false\" data-prefix=\"far\" data-icon=\"chart-bar\" role=\"img\" xmlns=\"http:\/\/www.w3.org\/2000\/svg\" viewBox=\"0 0 512 512\" class=\"svg-inline--fa fa-chart-bar fa-w-16 fa-2x\"><path fill=\"currentColor\" d=\"M396.8 352h22.4c6.4 0 12.8-6.4 12.8-12.8V108.8c0-6.4-6.4-12.8-12.8-12.8h-22.4c-6.4 0-12.8 6.4-12.8 12.8v230.4c0 6.4 6.4 12.8 12.8 12.8zm-192 0h22.4c6.4 0 12.8-6.4 12.8-12.8V140.8c0-6.4-6.4-12.8-12.8-12.8h-22.4c-6.4 0-12.8 6.4-12.8 12.8v198.4c0 6.4 6.4 12.8 12.8 12.8zm96 0h22.4c6.4 0 12.8-6.4 12.8-12.8V204.8c0-6.4-6.4-12.8-12.8-12.8h-22.4c-6.4 0-12.8 6.4-12.8 12.8v134.4c0 6.4 6.4 12.8 12.8 12.8zM496 400H48V80c0-8.84-7.16-16-16-16H16C7.16 64 0 71.16 0 80v336c0 17.67 14.33 32 32 32h464c8.84 0 16-7.16 16-16v-16c0-8.84-7.16-16-16-16zm-387.2-48h22.4c6.4 0 12.8-6.4 12.8-12.8v-70.4c0-6.4-6.4-12.8-12.8-12.8h-22.4c-6.4 0-12.8 6.4-12.8 12.8v70.4c0 6.4 6.4 12.8 12.8 12.8z\" class=\"\"><\/path><\/svg><\/i> <img loading=\"lazy\" decoding=\"async\" width=\"16\" height=\"16\" alt=\"Loading\" src=\"https:\/\/sg-gueterfelde.de\/wp-content\/plugins\/page-views-count\/ajax-loader-2x.gif\" border=0 \/><\/p>\n<div class=\"pvc_clear\"><\/div>\n","protected":false},"author":1,"featured_media":0,"parent":0,"menu_order":0,"comment_status":"closed","ping_status":"closed","template":"","meta":{"ngg_post_thumbnail":0,"footnotes":"","_links_to":"","_links_to_target":""},"class_list":["post-962","page","type-page","status-publish","hentry"],"_links":{"self":[{"href":"https:\/\/sg-gueterfelde.de\/index.php?rest_route=\/wp\/v2\/pages\/962","targetHints":{"allow":["GET"]}}],"collection":[{"href":"https:\/\/sg-gueterfelde.de\/index.php?rest_route=\/wp\/v2\/pages"}],"about":[{"href":"https:\/\/sg-gueterfelde.de\/index.php?rest_route=\/wp\/v2\/types\/page"}],"author":[{"embeddable":true,"href":"https:\/\/sg-gueterfelde.de\/index.php?rest_route=\/wp\/v2\/users\/1"}],"replies":[{"embeddable":true,"href":"https:\/\/sg-gueterfelde.de\/index.php?rest_route=%2Fwp%2Fv2%2Fcomments&post=962"}],"version-history":[{"count":1,"href":"https:\/\/sg-gueterfelde.de\/index.php?rest_route=\/wp\/v2\/pages\/962\/revisions"}],"predecessor-version":[{"id":968,"href":"https:\/\/sg-gueterfelde.de\/index.php?rest_route=\/wp\/v2\/pages\/962\/revisions\/968"}],"wp:attachment":[{"href":"https:\/\/sg-gueterfelde.de\/index.php?rest_route=%2Fwp%2Fv2%2Fmedia&parent=962"}],"curies":[{"name":"wp","href":"https:\/\/api.w.org\/{rel}","templated":true}]}}